{"id":628,"date":"2023-07-01T10:34:06","date_gmt":"2023-07-01T10:34:06","guid":{"rendered":"https:\/\/kanakydesign.com\/?post_type=product&#038;p=628"},"modified":"2026-02-07T23:51:13","modified_gmt":"2026-02-07T23:51:13","slug":"conexiones-4mm","status":"publish","type":"product","link":"https:\/\/kanakydesign.com\/de\/produkt\/conexiones-4mm\/","title":{"rendered":"Anschl\u00fcsse 4mm"},"content":{"rendered":"<p data-start=\"178\" data-end=\"599\">Die <strong data-start=\"182\" data-end=\"235\">4mm Verbinder f\u00fcr Terrarienregensystem<\/strong> sind unverzichtbare Teile f\u00fcr den Aufbau, die Erweiterung oder die Reparatur eines Spr\u00fchkreislaufs, wenn Sie mehrere Leitungen mit <strong data-start=\"361\" data-end=\"379\">eine einzige Pumpe<\/strong>. Mit diesen <strong data-start=\"391\" data-end=\"435\">4mm Regensystem-Anschlussteile<\/strong> k\u00f6nnen Sie ein sauberes, effizientes und pflegeleichtes Bew\u00e4sserungssystem entwerfen, indem Sie den Schlauchverlauf an die Form des Terrariums und die Bereiche, in denen Sie mehr Feuchtigkeit ben\u00f6tigen, anpassen.<\/p>\n<p data-start=\"601\" data-end=\"1013\">In einer gut geplanten Beregnungsanlage sind Verbindungsst\u00fccke ebenso wichtig wie die Pumpe und die D\u00fcsen: Sie erm\u00f6glichen saubere Kurven, teilen den Durchfluss auf verschiedene Terrarien oder Sektoren auf und halten die Schl\u00e4uche ohne druckmindernde Knicke stabil. Wenn Sie ein tropisches Terrarium, ein Paludarium oder mehrere Gehege an dieselbe Pumpe angeschlossen haben, helfen Ihnen diese Teile, einen stabilen und professionellen Kreislauf zu schaffen.<\/p>\n<h2 data-start=\"1015\" data-end=\"1072\">\u2705 Gr\u00f6\u00dfe 4mm: zur Organisation von Leitungen mit nur einer Pumpe<\/h2>\n<p data-start=\"1073\" data-end=\"1208\">Diese Teile sind konzipiert f\u00fcr <strong data-start=\"1117\" data-end=\"1124\">4mm<\/strong>, Die Bew\u00e4sserungs- und Vernebelungssysteme sind sehr h\u00e4ufig in kompakten Bew\u00e4sserungs- und Vernebelungssystemen zu finden. Sie sind ideal f\u00fcr:<\/p>\n<ul data-start=\"1209\" data-end=\"1406\">\n<li data-start=\"1209\" data-end=\"1254\">\n<p data-start=\"1211\" data-end=\"1254\">Verteilen Sie das Wasser auf mehrere D\u00fcsen<\/p>\n<\/li>\n<li data-start=\"1255\" data-end=\"1302\">\n<p data-start=\"1257\" data-end=\"1302\">mehrere Terrarien an die gleiche Leitung anschlie\u00dfen<\/p>\n<\/li>\n<li data-start=\"1303\" data-end=\"1345\">\n<p data-start=\"1305\" data-end=\"1345\">Erneuerung von verschlissenen oder undichten Stellen<\/p>\n<\/li>\n<li data-start=\"1346\" data-end=\"1406\">\n<p data-start=\"1348\" data-end=\"1406\">die Ordnung der Schaltung zu verbessern und die Wartung zu erleichtern<\/p>\n<\/li>\n<\/ul>\n<p data-start=\"1408\" data-end=\"1515\">\ud83d\udc49 Sie k\u00f6nnen die Montage mit D\u00fcsen, Pumpen und Ersatzteilen von <strong data-start=\"1479\" data-end=\"1514\"><a class=\"decorated-link\" href=\"https:\/\/kanakydesign.com\/de\/categoria\/accesorios\/sistemas-de-lluvia\/\" target=\"_new\" rel=\"noopener\" data-start=\"1481\" data-end=\"1512\">https:\/\/www.kanakydesign.com\/<\/a><\/strong>.<\/p>\n<h2 data-start=\"1517\" data-end=\"1569\">\ud83e\udde9 4 Modelle verf\u00fcgbar (w\u00e4hlen Sie das, was Sie brauchen)<\/h2>\n<p data-start=\"1570\" data-end=\"1625\">Je nach Aufbau Ihrer Schaltung stehen Ihnen vier Formate zur Verf\u00fcgung:<\/p>\n<h3 data-start=\"1627\" data-end=\"1651\">\ud83d\udd39 Ellenbogenanschluss (L)<\/h3>\n<p data-start=\"1652\" data-end=\"1783\">Perfekt f\u00fcr 90\u00b0-Drehungen um Ecken oder Richtungswechsel, ohne den Schlauch zu belasten. Reduziert Knicke und hilft, einen guten Druck aufrechtzuerhalten.<\/p>\n<h3 data-start=\"1785\" data-end=\"1805\">\ud83d\udd39 T-Verbindungsst\u00fcck<\/h3>\n<p data-start=\"1806\" data-end=\"1921\">F\u00fcr <strong data-start=\"1811\" data-end=\"1839\">eine Zeile in zwei Teile teilen<\/strong>, Das System kann verwendet werden, um Abzweigungen zu verschiedenen Bereichen oder D\u00fcsen zu schaffen und dabei ein sauberes Layout beizubehalten.<\/p>\n<h3 data-start=\"1923\" data-end=\"1943\">\ud83d\udd39 Y-Verbindungsst\u00fcck<\/h3>\n<p data-start=\"1944\" data-end=\"2064\">Eine sehr n\u00fctzliche Alternative, wenn Sie eine \u201cweichere\u201d Gabel mit einem progressiven Fluss in zwei Richtungen w\u00fcnschen.<\/p>\n<h3 data-start=\"2066\" data-end=\"2087\">\ud83d\udd39 Gerader Stecker<\/h3>\n<p data-start=\"2088\" data-end=\"2170\">F\u00fcr <strong data-start=\"2093\" data-end=\"2124\">Verbindung von zwei 4mm-Rohrst\u00fccken<\/strong> oder eine Leitung schnell und sicher zu verl\u00e4ngern.<\/p>\n<h2 data-start=\"2172\" data-end=\"2224\">\ud83d\udca1 Tipps f\u00fcr ein stabileres Regenwassersystem<\/h2>\n<ul data-start=\"2225\" data-end=\"2557\">\n<li data-start=\"2225\" data-end=\"2314\">\n<p data-start=\"2227\" data-end=\"2314\">Planen Sie den Verlauf, bevor Sie das Rohr schneiden: weniger Verbindungen = weniger Leckstellen.<\/p>\n<\/li>\n<li data-start=\"2315\" data-end=\"2377\">\n<p data-start=\"2317\" data-end=\"2377\">Vermeiden Sie scharfe Biegungen des Rohrs; verwenden Sie <strong data-start=\"2344\" data-end=\"2355\">Ellbogen L<\/strong> f\u00fcr saubere Kurven.<\/p>\n<\/li>\n<li data-start=\"2378\" data-end=\"2476\">\n<p data-start=\"2380\" data-end=\"2476\">Wenn Sie einen niedrigen Druck feststellen, \u00fcberpr\u00fcfen Sie die D\u00fcsen auf Verstopfungen und minimieren Sie unn\u00f6tige Byp\u00e4sse.<\/p>\n<\/li>\n<li data-start=\"2477\" data-end=\"2557\">\n<p data-start=\"2479\" data-end=\"2557\">Bei gro\u00dfen Anlagen sollten die D\u00fcsen entlang der Leitungen verteilt werden, um den Durchfluss auszugleichen.<\/p>\n<\/li>\n<\/ul>","protected":false},"excerpt":{"rendered":"<p>Teile des 4mm-Regensystems, das notwendig ist, um die Bew\u00e4sserung unserer Terrarien mit einer einzigen Pumpe zu organisieren.<\/p>","protected":false},"featured_media":1107,"template":"","meta":[],"product_brand":[],"product_cat":[23,27],"product_tag":[399,395,398,396,397,392,394,400,402,393,403,401],"class_list":{"0":"post-628","1":"product","2":"type-product","3":"status-publish","4":"has-post-thumbnail","6":"product_cat-accesorios","7":"product_cat-sistemas-de-lluvia","8":"product_tag-accesorios-sistema-de-lluvia-terrario","9":"product_tag-codo-l-4mm","10":"product_tag-conector-recto-4mm","11":"product_tag-conector-t-4mm","12":"product_tag-conector-y-4mm","13":"product_tag-conectores-4mm-sistema-lluvia","14":"product_tag-conectores-4mm-terrario","15":"product_tag-conexiones-riego-terrario","16":"product_tag-distribucion-riego-terrarios","17":"product_tag-piezas-conexion-sistema-de-lluvia","18":"product_tag-repuestos-sistema-lluvia","19":"product_tag-tuberia-4mm-nebulizacion","20":"product_shipping_class-accesorios","22":"first","23":"instock","24":"taxable","25":"shipping-taxable","26":"purchasable","27":"product-type-variable"},"yoast_head":"<!-- This site is optimized with the Yoast SEO plugin v27.4 - https:\/\/yoast.com\/product\/yoast-seo-wordpress\/ -->\n<title>Conexiones 4mm | KanakyDesign Enclosures<\/title>\n<meta name=\"description\" content=\"Conectores 4mm sistema lluvia terrario para organizar el riego con una sola bomba. Modelos: codo L, T, Y y recto. Ideal para montar y reparar.\" \/>\n<meta name=\"robots\" content=\"index, follow, max-snippet:-1, max-image-preview:large, max-video-preview:-1\" \/>\n<link rel=\"canonical\" href=\"https:\/\/kanakydesign.com\/de\/produkt\/conexiones-4mm\/\" \/>\n<meta property=\"og:locale\" content=\"de_DE\" \/>\n<meta property=\"og:type\" content=\"article\" \/>\n<meta property=\"og:title\" content=\"Conexiones 4mm | KanakyDesign Enclosures\" \/>\n<meta property=\"og:description\" content=\"Conectores 4mm sistema lluvia terrario para organizar el riego con una sola bomba. Modelos: codo L, T, Y y recto. Ideal para montar y reparar.\" \/>\n<meta property=\"og:url\" content=\"https:\/\/kanakydesign.com\/de\/produkt\/conexiones-4mm\/\" \/>\n<meta property=\"og:site_name\" content=\"KanakyDesign Enclosures\" \/>\n<meta property=\"article:modified_time\" content=\"2026-02-07T23:51:13+00:00\" \/>\n<meta property=\"og:image\" content=\"https:\/\/kanakydesign.com\/wp-content\/uploads\/2023\/09\/DSC2863-scaled.jpg\" \/>\n\t<meta property=\"og:image:width\" content=\"2560\" \/>\n\t<meta property=\"og:image:height\" content=\"2560\" \/>\n\t<meta property=\"og:image:type\" content=\"image\/jpeg\" \/>\n<meta name=\"twitter:card\" content=\"summary_large_image\" \/>\n<meta name=\"twitter:label1\" content=\"Gesch\u00e4tzte Lesezeit\" \/>\n\t<meta name=\"twitter:data1\" content=\"2\u00a0Minuten\" \/>\n<script type=\"application\/ld+json\" class=\"yoast-schema-graph\">{\"@context\":\"https:\\\/\\\/schema.org\",\"@graph\":[{\"@type\":\"WebPage\",\"@id\":\"https:\\\/\\\/kanakydesign.com\\\/producto\\\/conexiones-4mm\\\/\",\"url\":\"https:\\\/\\\/kanakydesign.com\\\/producto\\\/conexiones-4mm\\\/\",\"name\":\"Conexiones 4mm | KanakyDesign Enclosures\",\"isPartOf\":{\"@id\":\"https:\\\/\\\/kanakydesign.com\\\/#website\"},\"primaryImageOfPage\":{\"@id\":\"https:\\\/\\\/kanakydesign.com\\\/producto\\\/conexiones-4mm\\\/#primaryimage\"},\"image\":{\"@id\":\"https:\\\/\\\/kanakydesign.com\\\/producto\\\/conexiones-4mm\\\/#primaryimage\"},\"thumbnailUrl\":\"https:\\\/\\\/kanakydesign.com\\\/wp-content\\\/uploads\\\/2023\\\/09\\\/DSC2863-scaled.jpg\",\"datePublished\":\"2023-07-01T10:34:06+00:00\",\"dateModified\":\"2026-02-07T23:51:13+00:00\",\"description\":\"Conectores 4mm sistema lluvia terrario para organizar el riego con una sola bomba. Modelos: codo L, T, Y y recto. Ideal para montar y reparar.\",\"breadcrumb\":{\"@id\":\"https:\\\/\\\/kanakydesign.com\\\/producto\\\/conexiones-4mm\\\/#breadcrumb\"},\"inLanguage\":\"de\",\"potentialAction\":[{\"@type\":\"ReadAction\",\"target\":[\"https:\\\/\\\/kanakydesign.com\\\/producto\\\/conexiones-4mm\\\/\"]}]},{\"@type\":\"ImageObject\",\"inLanguage\":\"de\",\"@id\":\"https:\\\/\\\/kanakydesign.com\\\/producto\\\/conexiones-4mm\\\/#primaryimage\",\"url\":\"https:\\\/\\\/kanakydesign.com\\\/wp-content\\\/uploads\\\/2023\\\/09\\\/DSC2863-scaled.jpg\",\"contentUrl\":\"https:\\\/\\\/kanakydesign.com\\\/wp-content\\\/uploads\\\/2023\\\/09\\\/DSC2863-scaled.jpg\",\"width\":2560,\"height\":2560},{\"@type\":\"BreadcrumbList\",\"@id\":\"https:\\\/\\\/kanakydesign.com\\\/producto\\\/conexiones-4mm\\\/#breadcrumb\",\"itemListElement\":[{\"@type\":\"ListItem\",\"position\":1,\"name\":\"Portada\",\"item\":\"https:\\\/\\\/kanakydesign.com\\\/\"},{\"@type\":\"ListItem\",\"position\":2,\"name\":\"Tienda\",\"item\":\"https:\\\/\\\/kanakydesign.com\\\/tienda\\\/\"},{\"@type\":\"ListItem\",\"position\":3,\"name\":\"Conexiones 4mm\"}]},{\"@type\":\"WebSite\",\"@id\":\"https:\\\/\\\/kanakydesign.com\\\/#website\",\"url\":\"https:\\\/\\\/kanakydesign.com\\\/\",\"name\":\"KanakyDesign Enclosures\",\"description\":\"Become a professional keeper\",\"publisher\":{\"@id\":\"https:\\\/\\\/kanakydesign.com\\\/#organization\"},\"alternateName\":\"KanakyDesign\",\"potentialAction\":[{\"@type\":\"SearchAction\",\"target\":{\"@type\":\"EntryPoint\",\"urlTemplate\":\"https:\\\/\\\/kanakydesign.com\\\/?s={search_term_string}\"},\"query-input\":{\"@type\":\"PropertyValueSpecification\",\"valueRequired\":true,\"valueName\":\"search_term_string\"}}],\"inLanguage\":\"de\"},{\"@type\":\"Organization\",\"@id\":\"https:\\\/\\\/kanakydesign.com\\\/#organization\",\"name\":\"KanakyDesign Enclosures\",\"alternateName\":\"KanakyDesign\",\"url\":\"https:\\\/\\\/kanakydesign.com\\\/\",\"logo\":{\"@type\":\"ImageObject\",\"inLanguage\":\"de\",\"@id\":\"https:\\\/\\\/kanakydesign.com\\\/#\\\/schema\\\/logo\\\/image\\\/\",\"url\":\"https:\\\/\\\/kanakydesign.com\\\/wp-content\\\/uploads\\\/2023\\\/06\\\/Logo-KanakyDesign-circular-negro-1.png\",\"contentUrl\":\"https:\\\/\\\/kanakydesign.com\\\/wp-content\\\/uploads\\\/2023\\\/06\\\/Logo-KanakyDesign-circular-negro-1.png\",\"width\":2000,\"height\":2000,\"caption\":\"KanakyDesign Enclosures\"},\"image\":{\"@id\":\"https:\\\/\\\/kanakydesign.com\\\/#\\\/schema\\\/logo\\\/image\\\/\"}}]}<\/script>\n<!-- \/ Yoast SEO plugin. -->","yoast_head_json":{"title":"Anschl\u00fcsse 4mm | KanakyDesign-Geh\u00e4use","description":"4mm-Verbindungsst\u00fccke f\u00fcr das Terrarium-Regensystem, um die Bew\u00e4sserung mit einer einzigen Pumpe zu organisieren. Modelle: L, T, Y und gerader Kr\u00fcmmer. Ideal f\u00fcr Montage und Reparatur.","robots":{"index":"index","follow":"follow","max-snippet":"max-snippet:-1","max-image-preview":"max-image-preview:large","max-video-preview":"max-video-preview:-1"},"canonical":"https:\/\/kanakydesign.com\/de\/produkt\/conexiones-4mm\/","og_locale":"de_DE","og_type":"article","og_title":"Conexiones 4mm | KanakyDesign Enclosures","og_description":"Conectores 4mm sistema lluvia terrario para organizar el riego con una sola bomba. Modelos: codo L, T, Y y recto. Ideal para montar y reparar.","og_url":"https:\/\/kanakydesign.com\/de\/produkt\/conexiones-4mm\/","og_site_name":"KanakyDesign Enclosures","article_modified_time":"2026-02-07T23:51:13+00:00","og_image":[{"width":2560,"height":2560,"url":"https:\/\/kanakydesign.com\/wp-content\/uploads\/2023\/09\/DSC2863-scaled.jpg","type":"image\/jpeg"}],"twitter_card":"summary_large_image","twitter_misc":{"Gesch\u00e4tzte Lesezeit":"2\u00a0Minuten"},"schema":{"@context":"https:\/\/schema.org","@graph":[{"@type":"WebPage","@id":"https:\/\/kanakydesign.com\/producto\/conexiones-4mm\/","url":"https:\/\/kanakydesign.com\/producto\/conexiones-4mm\/","name":"Anschl\u00fcsse 4mm | KanakyDesign-Geh\u00e4use","isPartOf":{"@id":"https:\/\/kanakydesign.com\/#website"},"primaryImageOfPage":{"@id":"https:\/\/kanakydesign.com\/producto\/conexiones-4mm\/#primaryimage"},"image":{"@id":"https:\/\/kanakydesign.com\/producto\/conexiones-4mm\/#primaryimage"},"thumbnailUrl":"https:\/\/kanakydesign.com\/wp-content\/uploads\/2023\/09\/DSC2863-scaled.jpg","datePublished":"2023-07-01T10:34:06+00:00","dateModified":"2026-02-07T23:51:13+00:00","description":"4mm-Verbindungsst\u00fccke f\u00fcr das Terrarium-Regensystem, um die Bew\u00e4sserung mit einer einzigen Pumpe zu organisieren. Modelle: L, T, Y und gerader Kr\u00fcmmer. Ideal f\u00fcr Montage und Reparatur.","breadcrumb":{"@id":"https:\/\/kanakydesign.com\/producto\/conexiones-4mm\/#breadcrumb"},"inLanguage":"de","potentialAction":[{"@type":"ReadAction","target":["https:\/\/kanakydesign.com\/producto\/conexiones-4mm\/"]}]},{"@type":"ImageObject","inLanguage":"de","@id":"https:\/\/kanakydesign.com\/producto\/conexiones-4mm\/#primaryimage","url":"https:\/\/kanakydesign.com\/wp-content\/uploads\/2023\/09\/DSC2863-scaled.jpg","contentUrl":"https:\/\/kanakydesign.com\/wp-content\/uploads\/2023\/09\/DSC2863-scaled.jpg","width":2560,"height":2560},{"@type":"BreadcrumbList","@id":"https:\/\/kanakydesign.com\/producto\/conexiones-4mm\/#breadcrumb","itemListElement":[{"@type":"ListItem","position":1,"name":"Portada","item":"https:\/\/kanakydesign.com\/"},{"@type":"ListItem","position":2,"name":"Tienda","item":"https:\/\/kanakydesign.com\/tienda\/"},{"@type":"ListItem","position":3,"name":"Conexiones 4mm"}]},{"@type":"WebSite","@id":"https:\/\/kanakydesign.com\/#website","url":"https:\/\/kanakydesign.com\/","name":"KanakyDesign-Geh\u00e4use","description":"Become a professional keeper","publisher":{"@id":"https:\/\/kanakydesign.com\/#organization"},"alternateName":"KanakyDesign","potentialAction":[{"@type":"SearchAction","target":{"@type":"EntryPoint","urlTemplate":"https:\/\/kanakydesign.com\/?s={search_term_string}"},"query-input":{"@type":"PropertyValueSpecification","valueRequired":true,"valueName":"search_term_string"}}],"inLanguage":"de"},{"@type":"Organization","@id":"https:\/\/kanakydesign.com\/#organization","name":"KanakyDesign-Geh\u00e4use","alternateName":"KanakyDesign","url":"https:\/\/kanakydesign.com\/","logo":{"@type":"ImageObject","inLanguage":"de","@id":"https:\/\/kanakydesign.com\/#\/schema\/logo\/image\/","url":"https:\/\/kanakydesign.com\/wp-content\/uploads\/2023\/06\/Logo-KanakyDesign-circular-negro-1.png","contentUrl":"https:\/\/kanakydesign.com\/wp-content\/uploads\/2023\/06\/Logo-KanakyDesign-circular-negro-1.png","width":2000,"height":2000,"caption":"KanakyDesign Enclosures"},"image":{"@id":"https:\/\/kanakydesign.com\/#\/schema\/logo\/image\/"}}]}},"_links":{"self":[{"href":"https:\/\/kanakydesign.com\/de\/wp-json\/wp\/v2\/product\/628","targetHints":{"allow":["GET"]}}],"collection":[{"href":"https:\/\/kanakydesign.com\/de\/wp-json\/wp\/v2\/product"}],"about":[{"href":"https:\/\/kanakydesign.com\/de\/wp-json\/wp\/v2\/types\/product"}],"wp:featuredmedia":[{"embeddable":true,"href":"https:\/\/kanakydesign.com\/de\/wp-json\/wp\/v2\/media\/1107"}],"wp:attachment":[{"href":"https:\/\/kanakydesign.com\/de\/wp-json\/wp\/v2\/media?parent=628"}],"wp:term":[{"taxonomy":"product_brand","embeddable":true,"href":"https:\/\/kanakydesign.com\/de\/wp-json\/wp\/v2\/product_brand?post=628"},{"taxonomy":"product_cat","embeddable":true,"href":"https:\/\/kanakydesign.com\/de\/wp-json\/wp\/v2\/product_cat?post=628"},{"taxonomy":"product_tag","embeddable":true,"href":"https:\/\/kanakydesign.com\/de\/wp-json\/wp\/v2\/product_tag?post=628"}],"curies":[{"name":"wp","href":"https:\/\/api.w.org\/{rel}","templated":true}]}}