{"id":627,"date":"2023-07-01T10:33:36","date_gmt":"2023-07-01T10:33:36","guid":{"rendered":"https:\/\/kanakydesign.com\/?post_type=product&#038;p=627"},"modified":"2026-02-07T23:47:52","modified_gmt":"2026-02-07T23:47:52","slug":"cable-corriente-bomba-de-vibracion","status":"publish","type":"product","link":"https:\/\/kanakydesign.com\/de\/produkt\/cable-corriente-bomba-de-vibracion\/","title":{"rendered":"Netzkabel der Vibrationspumpe"},"content":{"rendered":"<p data-start=\"163\" data-end=\"583\">Die <strong data-start=\"166\" data-end=\"240\">Stromversorgungskabel f\u00fcr ULKA-Pumpe f\u00fcr Terrarien-Regenwasseranlage<\/strong> ist das perfekte Ersatzteil f\u00fcr den schnellen und sicheren Anschluss Ihrer <strong data-start=\"307\" data-end=\"334\">ULKA Vibrationspumpe<\/strong> an die Stromversorgung. Es wurde entwickelt, um die Wartung und den Austausch von Spr\u00fchanlagen zu erleichtern: Es umfasst <strong data-start=\"459\" data-end=\"480\">Faston-Verbindungen<\/strong> f\u00fcr den direkten Anschluss an die Pumpe, wodurch unn\u00f6tige Splei\u00dfe vermieden und die Montagezeit reduziert wird.<\/p>\n<p data-start=\"585\" data-end=\"898\">Wenn die Verkabelung Ihres Regensystems abgenutzt ist, wenn Sie einen sauberen Ersatz f\u00fcr eine ordentlichere Installation ben\u00f6tigen oder wenn Sie Ihre Anlage nach dem Austausch der Pumpe neu aufbauen, ist dieses <strong data-start=\"775\" data-end=\"805\">ULKA Pumpen-Netzkabel<\/strong> erm\u00f6glicht es Ihnen, das Ger\u00e4t stabil laufen zu lassen, mit einer professionelleren Verbindung.<\/p>\n<h2 data-start=\"900\" data-end=\"942\">\u2705 Schnellanschluss mit Faston-Klemmen<\/h2>\n<p data-start=\"943\" data-end=\"1131\">Die <strong data-start=\"947\" data-end=\"968\">Faston-Verbindungen<\/strong> sind f\u00fcr eine einfache Montage konzipiert: Sie werden direkt an den ULKA-Pumpenklemmen befestigt und gew\u00e4hrleisten einen festen und zuverl\u00e4ssigen Kontakt. Dies ist sehr n\u00fctzlich f\u00fcr:<\/p>\n<ul data-start=\"1132\" data-end=\"1283\">\n<li data-start=\"1132\" data-end=\"1175\">\n<p data-start=\"1134\" data-end=\"1175\">schneller Austausch im Falle einer Panne<\/p>\n<\/li>\n<li data-start=\"1176\" data-end=\"1215\">\n<p data-start=\"1178\" data-end=\"1215\">regelm\u00e4\u00dfige Wartung des Systems<\/p>\n<\/li>\n<li data-start=\"1216\" data-end=\"1283\">\n<p data-start=\"1218\" data-end=\"1283\">Installationen, bei denen eine improvisierte Verkabelung vermieden werden soll<\/p>\n<\/li>\n<\/ul>\n<h2 data-start=\"1285\" data-end=\"1337\">\ud83d\udccf L\u00e4nge 2 Meter: mehr Installationsfreiheit<\/h2>\n<p data-start=\"1338\" data-end=\"1642\">Sie umfasst eine <strong data-start=\"1349\" data-end=\"1365\">2 m Kabel<\/strong>, Die Pumpe hat eine praktische L\u00e4nge, um die Pumpe bequemer im Terrarienschrank, im Technikraum oder im Regal unterzubringen. Dies hilft, den Kreislauf aufzur\u00e4umen, den elektrischen Teil vom hydraulischen Teil zu trennen und die Zug\u00e4nglichkeit zu verbessern, wenn es an der Zeit ist, die Leitungen, den Tank oder die D\u00fcsen zu \u00fcberpr\u00fcfen.<\/p>\n<h2 data-start=\"1644\" data-end=\"1693\">\ud83e\udde9 Ideal als Ersatzteil f\u00fcr Regenwassersysteme<\/h2>\n<p data-start=\"1694\" data-end=\"2031\">Dieses Kabel ist f\u00fcr die Verwendung mit dem <strong data-start=\"1736\" data-end=\"1763\">ULKA Vibrationspumpe<\/strong> des Regensystems. Wenn Sie das System renovieren oder ein Ersatzteil f\u00fcr einen schnellen Austausch bereithalten m\u00f6chten, ist dies ein kleines Bauteil, das Spr\u00fchunterbrechungen vermeidet, was in tropischen Terrarien oder Paludarien, in denen eine stabile Luftfeuchtigkeit sehr wichtig ist, entscheidend ist.<\/p>\n<p data-start=\"2033\" data-end=\"2137\">\ud83d\udc49 Weitere Ersatzteile und Komponenten f\u00fcr Regenanlagen finden Sie unter <strong data-start=\"2101\" data-end=\"2136\"><a class=\"decorated-link\" href=\"https:\/\/kanakydesign.com\/de\/categoria\/accesorios\/sistemas-de-lluvia\/\" target=\"_new\" rel=\"noopener\" data-start=\"2103\" data-end=\"2134\">https:\/\/www.kanakydesign.com\/<\/a><\/strong>.<\/p>\n<h2 data-start=\"2139\" data-end=\"2171\">\u26a0\ufe0f Sicherheitsempfehlung<\/h2>\n<p data-start=\"2172\" data-end=\"2412\">Arbeiten Sie immer bei vom Netz getrenntem System, bevor Sie Anschl\u00fcsse vornehmen, und vermeiden Sie es, Kabel oder Klemmen direktem Wasser auszusetzen. Bei Nassinstallationen verl\u00e4ngert eine saubere und gesch\u00fctzte Montage die Lebensdauer des Ger\u00e4ts.<\/p>","protected":false},"excerpt":{"rendered":"<p>Elektrisches Kabel zur Stromversorgung der ULKA-Vibrationspumpe des Regensystems. Beinhaltet Faston-Anschl\u00fcsse zur schnellen Verbindung mit der Pumpe und ein 2m langes Kabel.<\/p>","protected":false},"featured_media":1112,"template":"","meta":[],"product_brand":[],"product_cat":[23,27],"product_tag":[390,389,381,380,387,382,386,391,384,383,388,385],"class_list":{"0":"post-627","1":"product","2":"type-product","3":"status-publish","4":"has-post-thumbnail","6":"product_cat-accesorios","7":"product_cat-sistemas-de-lluvia","8":"product_tag-alimentacion-bomba-terrario","9":"product_tag-cable-2-metros","10":"product_tag-cable-alimentacion-bomba-ulka","11":"product_tag-cable-bomba-ulka","12":"product_tag-cable-bomba-vibracion-terrario","13":"product_tag-cable-electrico-bomba-ulka","14":"product_tag-cable-sistema-de-lluvia","15":"product_tag-componentes-sistema-de-lluvia-terrario","16":"product_tag-conexiones-faston","17":"product_tag-faston-bomba-ulka","18":"product_tag-recambio-ulka","19":"product_tag-repuesto-sistema-de-lluvia-terrario","20":"product_shipping_class-accesorios","22":"first","23":"instock","24":"taxable","25":"shipping-taxable","26":"purchasable","27":"product-type-simple"},"yoast_head":"<!-- This site is optimized with the Yoast SEO plugin v27.4 - https:\/\/yoast.com\/product\/yoast-seo-wordpress\/ -->\n<title>Cable corriente bomba de vibraci\u00f3n | KanakyDesign Enclosures<\/title>\n<meta name=\"description\" content=\"Cable bomba ULKA para sistema de lluvia en terrario. Incluye conexiones faston para acople r\u00e1pido y cable de 2 m. Ideal como repuesto y montaje limpio.\" \/>\n<meta name=\"robots\" content=\"index, follow, max-snippet:-1, max-image-preview:large, max-video-preview:-1\" \/>\n<link rel=\"canonical\" href=\"https:\/\/kanakydesign.com\/de\/produkt\/cable-corriente-bomba-de-vibracion\/\" \/>\n<meta property=\"og:locale\" content=\"de_DE\" \/>\n<meta property=\"og:type\" content=\"article\" \/>\n<meta property=\"og:title\" content=\"Cable corriente bomba de vibraci\u00f3n | KanakyDesign Enclosures\" \/>\n<meta property=\"og:description\" content=\"Cable bomba ULKA para sistema de lluvia en terrario. Incluye conexiones faston para acople r\u00e1pido y cable de 2 m. Ideal como repuesto y montaje limpio.\" \/>\n<meta property=\"og:url\" content=\"https:\/\/kanakydesign.com\/de\/produkt\/cable-corriente-bomba-de-vibracion\/\" \/>\n<meta property=\"og:site_name\" content=\"KanakyDesign Enclosures\" \/>\n<meta property=\"article:modified_time\" content=\"2026-02-07T23:47:52+00:00\" \/>\n<meta property=\"og:image\" content=\"https:\/\/kanakydesign.com\/wp-content\/uploads\/2023\/09\/DSC2873-scaled.jpg\" \/>\n\t<meta property=\"og:image:width\" content=\"2560\" \/>\n\t<meta property=\"og:image:height\" content=\"2560\" \/>\n\t<meta property=\"og:image:type\" content=\"image\/jpeg\" \/>\n<meta name=\"twitter:card\" content=\"summary_large_image\" \/>\n<meta name=\"twitter:label1\" content=\"Gesch\u00e4tzte Lesezeit\" \/>\n\t<meta name=\"twitter:data1\" content=\"2\u00a0Minuten\" \/>\n<script type=\"application\/ld+json\" class=\"yoast-schema-graph\">{\"@context\":\"https:\\\/\\\/schema.org\",\"@graph\":[{\"@type\":\"WebPage\",\"@id\":\"https:\\\/\\\/kanakydesign.com\\\/producto\\\/cable-corriente-bomba-de-vibracion\\\/\",\"url\":\"https:\\\/\\\/kanakydesign.com\\\/producto\\\/cable-corriente-bomba-de-vibracion\\\/\",\"name\":\"Cable corriente bomba de vibraci\u00f3n | KanakyDesign Enclosures\",\"isPartOf\":{\"@id\":\"https:\\\/\\\/kanakydesign.com\\\/#website\"},\"primaryImageOfPage\":{\"@id\":\"https:\\\/\\\/kanakydesign.com\\\/producto\\\/cable-corriente-bomba-de-vibracion\\\/#primaryimage\"},\"image\":{\"@id\":\"https:\\\/\\\/kanakydesign.com\\\/producto\\\/cable-corriente-bomba-de-vibracion\\\/#primaryimage\"},\"thumbnailUrl\":\"https:\\\/\\\/kanakydesign.com\\\/wp-content\\\/uploads\\\/2023\\\/09\\\/DSC2873-scaled.jpg\",\"datePublished\":\"2023-07-01T10:33:36+00:00\",\"dateModified\":\"2026-02-07T23:47:52+00:00\",\"description\":\"Cable bomba ULKA para sistema de lluvia en terrario. Incluye conexiones faston para acople r\u00e1pido y cable de 2 m. Ideal como repuesto y montaje limpio.\",\"breadcrumb\":{\"@id\":\"https:\\\/\\\/kanakydesign.com\\\/producto\\\/cable-corriente-bomba-de-vibracion\\\/#breadcrumb\"},\"inLanguage\":\"de\",\"potentialAction\":[{\"@type\":\"ReadAction\",\"target\":[\"https:\\\/\\\/kanakydesign.com\\\/producto\\\/cable-corriente-bomba-de-vibracion\\\/\"]}]},{\"@type\":\"ImageObject\",\"inLanguage\":\"de\",\"@id\":\"https:\\\/\\\/kanakydesign.com\\\/producto\\\/cable-corriente-bomba-de-vibracion\\\/#primaryimage\",\"url\":\"https:\\\/\\\/kanakydesign.com\\\/wp-content\\\/uploads\\\/2023\\\/09\\\/DSC2873-scaled.jpg\",\"contentUrl\":\"https:\\\/\\\/kanakydesign.com\\\/wp-content\\\/uploads\\\/2023\\\/09\\\/DSC2873-scaled.jpg\",\"width\":2560,\"height\":2560},{\"@type\":\"BreadcrumbList\",\"@id\":\"https:\\\/\\\/kanakydesign.com\\\/producto\\\/cable-corriente-bomba-de-vibracion\\\/#breadcrumb\",\"itemListElement\":[{\"@type\":\"ListItem\",\"position\":1,\"name\":\"Portada\",\"item\":\"https:\\\/\\\/kanakydesign.com\\\/\"},{\"@type\":\"ListItem\",\"position\":2,\"name\":\"Tienda\",\"item\":\"https:\\\/\\\/kanakydesign.com\\\/tienda\\\/\"},{\"@type\":\"ListItem\",\"position\":3,\"name\":\"Cable corriente bomba de vibraci\u00f3n\"}]},{\"@type\":\"WebSite\",\"@id\":\"https:\\\/\\\/kanakydesign.com\\\/#website\",\"url\":\"https:\\\/\\\/kanakydesign.com\\\/\",\"name\":\"KanakyDesign Enclosures\",\"description\":\"Become a professional keeper\",\"publisher\":{\"@id\":\"https:\\\/\\\/kanakydesign.com\\\/#organization\"},\"alternateName\":\"KanakyDesign\",\"potentialAction\":[{\"@type\":\"SearchAction\",\"target\":{\"@type\":\"EntryPoint\",\"urlTemplate\":\"https:\\\/\\\/kanakydesign.com\\\/?s={search_term_string}\"},\"query-input\":{\"@type\":\"PropertyValueSpecification\",\"valueRequired\":true,\"valueName\":\"search_term_string\"}}],\"inLanguage\":\"de\"},{\"@type\":\"Organization\",\"@id\":\"https:\\\/\\\/kanakydesign.com\\\/#organization\",\"name\":\"KanakyDesign Enclosures\",\"alternateName\":\"KanakyDesign\",\"url\":\"https:\\\/\\\/kanakydesign.com\\\/\",\"logo\":{\"@type\":\"ImageObject\",\"inLanguage\":\"de\",\"@id\":\"https:\\\/\\\/kanakydesign.com\\\/#\\\/schema\\\/logo\\\/image\\\/\",\"url\":\"https:\\\/\\\/kanakydesign.com\\\/wp-content\\\/uploads\\\/2023\\\/06\\\/Logo-KanakyDesign-circular-negro-1.png\",\"contentUrl\":\"https:\\\/\\\/kanakydesign.com\\\/wp-content\\\/uploads\\\/2023\\\/06\\\/Logo-KanakyDesign-circular-negro-1.png\",\"width\":2000,\"height\":2000,\"caption\":\"KanakyDesign Enclosures\"},\"image\":{\"@id\":\"https:\\\/\\\/kanakydesign.com\\\/#\\\/schema\\\/logo\\\/image\\\/\"}}]}<\/script>\n<!-- \/ Yoast SEO plugin. -->","yoast_head_json":{"title":"Vibrationspumpen-Netzkabel | KanakyDesign-Geh\u00e4use","description":"ULKA-Pumpenkabel f\u00fcr Terrarienregensystem. Inklusive Faston-Anschl\u00fcsse f\u00fcr Schnellkupplung und 2 m Kabel. Ideal als Ersatzteil und zur sauberen Montage.","robots":{"index":"index","follow":"follow","max-snippet":"max-snippet:-1","max-image-preview":"max-image-preview:large","max-video-preview":"max-video-preview:-1"},"canonical":"https:\/\/kanakydesign.com\/de\/produkt\/cable-corriente-bomba-de-vibracion\/","og_locale":"de_DE","og_type":"article","og_title":"Cable corriente bomba de vibraci\u00f3n | KanakyDesign Enclosures","og_description":"Cable bomba ULKA para sistema de lluvia en terrario. Incluye conexiones faston para acople r\u00e1pido y cable de 2 m. Ideal como repuesto y montaje limpio.","og_url":"https:\/\/kanakydesign.com\/de\/produkt\/cable-corriente-bomba-de-vibracion\/","og_site_name":"KanakyDesign Enclosures","article_modified_time":"2026-02-07T23:47:52+00:00","og_image":[{"width":2560,"height":2560,"url":"https:\/\/kanakydesign.com\/wp-content\/uploads\/2023\/09\/DSC2873-scaled.jpg","type":"image\/jpeg"}],"twitter_card":"summary_large_image","twitter_misc":{"Gesch\u00e4tzte Lesezeit":"2\u00a0Minuten"},"schema":{"@context":"https:\/\/schema.org","@graph":[{"@type":"WebPage","@id":"https:\/\/kanakydesign.com\/producto\/cable-corriente-bomba-de-vibracion\/","url":"https:\/\/kanakydesign.com\/producto\/cable-corriente-bomba-de-vibracion\/","name":"Vibrationspumpen-Netzkabel | KanakyDesign-Geh\u00e4use","isPartOf":{"@id":"https:\/\/kanakydesign.com\/#website"},"primaryImageOfPage":{"@id":"https:\/\/kanakydesign.com\/producto\/cable-corriente-bomba-de-vibracion\/#primaryimage"},"image":{"@id":"https:\/\/kanakydesign.com\/producto\/cable-corriente-bomba-de-vibracion\/#primaryimage"},"thumbnailUrl":"https:\/\/kanakydesign.com\/wp-content\/uploads\/2023\/09\/DSC2873-scaled.jpg","datePublished":"2023-07-01T10:33:36+00:00","dateModified":"2026-02-07T23:47:52+00:00","description":"ULKA-Pumpenkabel f\u00fcr Terrarienregensystem. Inklusive Faston-Anschl\u00fcsse f\u00fcr Schnellkupplung und 2 m Kabel. Ideal als Ersatzteil und zur sauberen Montage.","breadcrumb":{"@id":"https:\/\/kanakydesign.com\/producto\/cable-corriente-bomba-de-vibracion\/#breadcrumb"},"inLanguage":"de","potentialAction":[{"@type":"ReadAction","target":["https:\/\/kanakydesign.com\/producto\/cable-corriente-bomba-de-vibracion\/"]}]},{"@type":"ImageObject","inLanguage":"de","@id":"https:\/\/kanakydesign.com\/producto\/cable-corriente-bomba-de-vibracion\/#primaryimage","url":"https:\/\/kanakydesign.com\/wp-content\/uploads\/2023\/09\/DSC2873-scaled.jpg","contentUrl":"https:\/\/kanakydesign.com\/wp-content\/uploads\/2023\/09\/DSC2873-scaled.jpg","width":2560,"height":2560},{"@type":"BreadcrumbList","@id":"https:\/\/kanakydesign.com\/producto\/cable-corriente-bomba-de-vibracion\/#breadcrumb","itemListElement":[{"@type":"ListItem","position":1,"name":"Portada","item":"https:\/\/kanakydesign.com\/"},{"@type":"ListItem","position":2,"name":"Tienda","item":"https:\/\/kanakydesign.com\/tienda\/"},{"@type":"ListItem","position":3,"name":"Cable corriente bomba de vibraci\u00f3n"}]},{"@type":"WebSite","@id":"https:\/\/kanakydesign.com\/#website","url":"https:\/\/kanakydesign.com\/","name":"KanakyDesign-Geh\u00e4use","description":"Become a professional keeper","publisher":{"@id":"https:\/\/kanakydesign.com\/#organization"},"alternateName":"KanakyDesign","potentialAction":[{"@type":"SearchAction","target":{"@type":"EntryPoint","urlTemplate":"https:\/\/kanakydesign.com\/?s={search_term_string}"},"query-input":{"@type":"PropertyValueSpecification","valueRequired":true,"valueName":"search_term_string"}}],"inLanguage":"de"},{"@type":"Organization","@id":"https:\/\/kanakydesign.com\/#organization","name":"KanakyDesign-Geh\u00e4use","alternateName":"KanakyDesign","url":"https:\/\/kanakydesign.com\/","logo":{"@type":"ImageObject","inLanguage":"de","@id":"https:\/\/kanakydesign.com\/#\/schema\/logo\/image\/","url":"https:\/\/kanakydesign.com\/wp-content\/uploads\/2023\/06\/Logo-KanakyDesign-circular-negro-1.png","contentUrl":"https:\/\/kanakydesign.com\/wp-content\/uploads\/2023\/06\/Logo-KanakyDesign-circular-negro-1.png","width":2000,"height":2000,"caption":"KanakyDesign Enclosures"},"image":{"@id":"https:\/\/kanakydesign.com\/#\/schema\/logo\/image\/"}}]}},"_links":{"self":[{"href":"https:\/\/kanakydesign.com\/de\/wp-json\/wp\/v2\/product\/627","targetHints":{"allow":["GET"]}}],"collection":[{"href":"https:\/\/kanakydesign.com\/de\/wp-json\/wp\/v2\/product"}],"about":[{"href":"https:\/\/kanakydesign.com\/de\/wp-json\/wp\/v2\/types\/product"}],"wp:featuredmedia":[{"embeddable":true,"href":"https:\/\/kanakydesign.com\/de\/wp-json\/wp\/v2\/media\/1112"}],"wp:attachment":[{"href":"https:\/\/kanakydesign.com\/de\/wp-json\/wp\/v2\/media?parent=627"}],"wp:term":[{"taxonomy":"product_brand","embeddable":true,"href":"https:\/\/kanakydesign.com\/de\/wp-json\/wp\/v2\/product_brand?post=627"},{"taxonomy":"product_cat","embeddable":true,"href":"https:\/\/kanakydesign.com\/de\/wp-json\/wp\/v2\/product_cat?post=627"},{"taxonomy":"product_tag","embeddable":true,"href":"https:\/\/kanakydesign.com\/de\/wp-json\/wp\/v2\/product_tag?post=627"}],"curies":[{"name":"wp","href":"https:\/\/api.w.org\/{rel}","templated":true}]}}