{"id":616,"date":"2023-07-01T10:20:02","date_gmt":"2023-07-01T10:20:02","guid":{"rendered":"https:\/\/kanakydesign.com\/?post_type=product&#038;p=616"},"modified":"2026-02-07T23:45:59","modified_gmt":"2026-02-07T23:45:59","slug":"boquilla-simple","status":"publish","type":"product","link":"https:\/\/kanakydesign.com\/de\/produkt\/boquilla-simple\/","title":{"rendered":"D\u00fcsen"},"content":{"rendered":"<p data-start=\"174\" data-end=\"634\">Die <strong data-start=\"178\" data-end=\"226\">D\u00fcsen f\u00fcr Terrarienregensystem<\/strong> sind die Schl\u00fcsselkomponente zur Erreichung eines <strong data-start=\"270\" data-end=\"303\">feines und gleichm\u00e4\u00dfiges Spr\u00fchen<\/strong> in tropischen, bioaktiven und Malaria-Assemblies. Diese <strong data-start=\"359\" data-end=\"403\">Spr\u00fchd\u00fcsen f\u00fcr 6mm Rohr<\/strong> einschlie\u00dfen. <strong data-start=\"413\" data-end=\"434\">Anti-Tropf-Spitze<\/strong>, Das Bew\u00e4sserungssystem ist ein wichtiges Detail, um das Terrarium sauber zu halten und \u00fcbersch\u00fcssiges Wasser besser zu kontrollieren: Es reduziert das Tropfen, wenn das System ausgeschaltet ist, und hilft, Pf\u00fctzen oder Flecken auf Glas und Dekoration zu vermeiden.<\/p>\n<p data-start=\"636\" data-end=\"1057\">Wenn Sie ein System von Grund auf neu entwerfen oder ein bestehendes System erweitern, sorgt die Wahl der richtigen D\u00fcse (in der Mitte oder am Ende) f\u00fcr einen geordneteren Kreislauf, eine bessere Wasserverteilung und eine geringere Belastung der Rohre. Mit diesen D\u00fcsen k\u00f6nnen Sie effiziente Spr\u00fchlinien erstellen und den Verlauf an die Form Ihres Terrariums und die Bereiche anpassen, in denen Sie mehr Feuchtigkeit w\u00fcnschen (Bodengrund, \u00c4ste, Epiphyten oder moosbewachsene W\u00e4nde).<\/p>\n<h2 data-start=\"1059\" data-end=\"1108\">\u2705 Kompatibel mit 6mm Schlauch + Antitropfspitze<\/h2>\n<p data-start=\"1109\" data-end=\"1452\">Sie sind bei <strong data-start=\"1115\" data-end=\"1164\">D\u00fcsen Terrarium Regensystem 6mm Rohr<\/strong> sind f\u00fcr Standardanschl\u00fcsse von Vernebelungs-\/Regenanlagen vorgesehen. Die <strong data-start=\"1244\" data-end=\"1265\">Anti-Tropf-Spitze<\/strong> sorgt daf\u00fcr, dass das Wasser herausspritzt, wenn die Pumpe l\u00e4uft, und minimiert die Resttropfmenge, wenn die Bew\u00e4sserung abgeschaltet wird. Dadurch wird die Feuchtigkeitsregulierung verbessert und das Terrarium bleibt \u00e4sthetisch ansprechender.<\/p>\n<h2 data-start=\"1454\" data-end=\"1512\">\ud83e\udde9 Zwei Konfigurationen: Mitteld\u00fcse und Endd\u00fcse<\/h2>\n<p data-start=\"1513\" data-end=\"1558\">Je nach Ihrer Installation ben\u00f6tigen Sie das eine oder das andere:<\/p>\n<h3 data-start=\"1560\" data-end=\"1607\">\ud83d\udd39 Mittlere D\u00fcse (f\u00fcr Zwischenst\u00fccke)<\/h3>\n<p data-start=\"1608\" data-end=\"1616\">Sie umfasst:<\/p>\n<ul data-start=\"1617\" data-end=\"1673\">\n<li data-start=\"1617\" data-end=\"1640\">\n<p data-start=\"1619\" data-end=\"1640\"><strong data-start=\"1619\" data-end=\"1640\">Anti-Tropf-Spitze<\/strong><\/p>\n<\/li>\n<li data-start=\"1641\" data-end=\"1654\">\n<p data-start=\"1643\" data-end=\"1654\"><strong data-start=\"1643\" data-end=\"1654\">2 Ellenbogen<\/strong><\/p>\n<\/li>\n<li data-start=\"1655\" data-end=\"1673\">\n<p data-start=\"1657\" data-end=\"1673\"><strong data-start=\"1657\" data-end=\"1673\">1 T-St\u00fcck<\/strong><\/p>\n<\/li>\n<\/ul>\n<p data-start=\"1675\" data-end=\"1859\">Die <strong data-start=\"1678\" data-end=\"1696\">Mitteld\u00fcse<\/strong> wird verwendet, wenn die Rohrleitung zu anderen Stutzen weitergef\u00fchrt wird. Der Teil in <strong data-start=\"1776\" data-end=\"1781\">T<\/strong> erm\u00f6glicht es, den Fluss zur Spitze umzuleiten und dem Verlauf des Kreislaufs zu folgen.<\/p>\n<h3 data-start=\"1861\" data-end=\"1900\">\ud83d\udd39 Endnippel (Leinenverschluss)<\/h3>\n<p data-start=\"1901\" data-end=\"1909\">Sie umfasst:<\/p>\n<ul data-start=\"1910\" data-end=\"1947\">\n<li data-start=\"1910\" data-end=\"1933\">\n<p data-start=\"1912\" data-end=\"1933\"><strong data-start=\"1912\" data-end=\"1933\">Anti-Tropf-Spitze<\/strong><\/p>\n<\/li>\n<li data-start=\"1934\" data-end=\"1947\">\n<p data-start=\"1936\" data-end=\"1947\"><strong data-start=\"1936\" data-end=\"1947\">3 Ellenbogen<\/strong><\/p>\n<\/li>\n<\/ul>\n<p data-start=\"1949\" data-end=\"2176\">Die <strong data-start=\"1952\" data-end=\"1970\">Endt\u00fclle<\/strong> ist konzipiert f\u00fcr die <strong data-start=\"1992\" data-end=\"2021\">letzter Punkt der Schaltung<\/strong>, wo Sie die Leitung nicht mehr zu einer anderen D\u00fcse weiterf\u00fchren m\u00fcssen. So bleibt die Leitung gut fertig und Sie k\u00f6nnen den Spr\u00fchstrahl leicht dorthin lenken, wo es Ihnen am besten passt.<\/p>\n<h2 data-start=\"2178\" data-end=\"2223\">\ud83d\udca1 Verwendungstipps f\u00fcr beste Ergebnisse<\/h2>\n<ul data-start=\"2224\" data-end=\"2507\">\n<li data-start=\"2224\" data-end=\"2336\">\n<p data-start=\"2226\" data-end=\"2336\">Richten Sie die D\u00fcsen auf Pflanzen und B\u00f6den und vermeiden Sie ein st\u00e4ndiges direktes Bespr\u00fchen des Tieres.<\/p>\n<\/li>\n<li data-start=\"2337\" data-end=\"2425\">\n<p data-start=\"2339\" data-end=\"2425\">Programm <strong data-start=\"2348\" data-end=\"2365\">Kurzbew\u00e4sserungen<\/strong> und ausgebreitet werden, um eine stabile Feuchtigkeit ohne Staun\u00e4sse zu erhalten.<\/p>\n<\/li>\n<li data-start=\"2426\" data-end=\"2507\">\n<p data-start=\"2428\" data-end=\"2507\">Pr\u00fcfen Sie regelm\u00e4\u00dfig, ob Kalk und Ablagerungen vorhanden sind: Eine saubere D\u00fcse spritzt feiner.<\/p>\n<\/li>\n<\/ul>\n<p data-start=\"2509\" data-end=\"2620\">\ud83d\udc49 Weitere Komponenten f\u00fcr Ihr Regen- und Automatisierungssystem finden Sie unter <strong data-start=\"2584\" data-end=\"2619\"><a class=\"decorated-link\" href=\"https:\/\/kanakydesign.com\/de\/categoria\/accesorios\/sistemas-de-lluvia\/\" target=\"_new\" rel=\"noopener\" data-start=\"2586\" data-end=\"2617\">https:\/\/www.kanakydesign.com\/<\/a><\/strong>.<\/p>","protected":false},"excerpt":{"rendered":"<p>Spr\u00fchd\u00fcsen f\u00fcr Regensysteme (6 mm Schlauch), einschlie\u00dflich Tropfspitze.<\/p>\n<ul>\n<li>Mittlere D\u00fcse: Spitze + 2 B\u00f6gen + T-St\u00fcck<\/li>\n<li>Endnippel: Zehe + 3 Ellenbogen<\/li>\n<\/ul>","protected":false},"featured_media":1114,"template":"","meta":[],"product_brand":[],"product_cat":[23,27],"product_tag":[377,370,373,372,376,369,368,371,378,375,379,374,363],"class_list":{"0":"post-616","1":"product","2":"type-product","3":"status-publish","4":"has-post-thumbnail","6":"product_cat-accesorios","7":"product_cat-sistemas-de-lluvia","8":"product_tag-accesorios-sistema-de-lluvia","9":"product_tag-boquilla-antigoteo-terrario","10":"product_tag-boquilla-final-sistema-lluvia","11":"product_tag-boquilla-media-sistema-lluvia","12":"product_tag-boquillas-paludario","13":"product_tag-boquillas-pulverizacion-terrario","14":"product_tag-boquillas-sistema-lluvia-terrario","15":"product_tag-boquillas-tubo-6mm","16":"product_tag-conectores-codos-t-6mm","17":"product_tag-nebulizacion-terrario","18":"product_tag-pulverizador-terrario","19":"product_tag-puntera-antigoteo","20":"product_tag-riego-automatico-terrario","21":"product_shipping_class-accesorios","23":"first","24":"instock","25":"taxable","26":"shipping-taxable","27":"purchasable","28":"product-type-variable"},"yoast_head":"<!-- This site is optimized with the Yoast SEO plugin v27.4 - https:\/\/yoast.com\/product\/yoast-seo-wordpress\/ -->\n<title>Boquillas | KanakyDesign Enclosures<\/title>\n<meta name=\"description\" content=\"Boquillas sistema lluvia terrario para tubo 6mm con puntera antigoteo. Elige boquilla media (T + 2 codos) o final (3 codos) y pulveriza fino.\" \/>\n<meta name=\"robots\" content=\"index, follow, max-snippet:-1, max-image-preview:large, max-video-preview:-1\" \/>\n<link rel=\"canonical\" href=\"https:\/\/kanakydesign.com\/de\/produkt\/boquilla-simple\/\" \/>\n<meta property=\"og:locale\" content=\"de_DE\" \/>\n<meta property=\"og:type\" content=\"article\" \/>\n<meta property=\"og:title\" content=\"Boquillas | KanakyDesign Enclosures\" \/>\n<meta property=\"og:description\" content=\"Boquillas sistema lluvia terrario para tubo 6mm con puntera antigoteo. Elige boquilla media (T + 2 codos) o final (3 codos) y pulveriza fino.\" \/>\n<meta property=\"og:url\" content=\"https:\/\/kanakydesign.com\/de\/produkt\/boquilla-simple\/\" \/>\n<meta property=\"og:site_name\" content=\"KanakyDesign Enclosures\" \/>\n<meta property=\"article:modified_time\" content=\"2026-02-07T23:45:59+00:00\" \/>\n<meta property=\"og:image\" content=\"https:\/\/kanakydesign.com\/wp-content\/uploads\/2023\/09\/DSC2880-scaled.jpg\" \/>\n\t<meta property=\"og:image:width\" content=\"2560\" \/>\n\t<meta property=\"og:image:height\" content=\"2560\" \/>\n\t<meta property=\"og:image:type\" content=\"image\/jpeg\" \/>\n<meta name=\"twitter:card\" content=\"summary_large_image\" \/>\n<meta name=\"twitter:label1\" content=\"Gesch\u00e4tzte Lesezeit\" \/>\n\t<meta name=\"twitter:data1\" content=\"2\u00a0Minuten\" \/>\n<script type=\"application\/ld+json\" class=\"yoast-schema-graph\">{\"@context\":\"https:\\\/\\\/schema.org\",\"@graph\":[{\"@type\":\"WebPage\",\"@id\":\"https:\\\/\\\/kanakydesign.com\\\/producto\\\/boquilla-simple\\\/\",\"url\":\"https:\\\/\\\/kanakydesign.com\\\/producto\\\/boquilla-simple\\\/\",\"name\":\"Boquillas | KanakyDesign Enclosures\",\"isPartOf\":{\"@id\":\"https:\\\/\\\/kanakydesign.com\\\/#website\"},\"primaryImageOfPage\":{\"@id\":\"https:\\\/\\\/kanakydesign.com\\\/producto\\\/boquilla-simple\\\/#primaryimage\"},\"image\":{\"@id\":\"https:\\\/\\\/kanakydesign.com\\\/producto\\\/boquilla-simple\\\/#primaryimage\"},\"thumbnailUrl\":\"https:\\\/\\\/kanakydesign.com\\\/wp-content\\\/uploads\\\/2023\\\/09\\\/DSC2880-scaled.jpg\",\"datePublished\":\"2023-07-01T10:20:02+00:00\",\"dateModified\":\"2026-02-07T23:45:59+00:00\",\"description\":\"Boquillas sistema lluvia terrario para tubo 6mm con puntera antigoteo. Elige boquilla media (T + 2 codos) o final (3 codos) y pulveriza fino.\",\"breadcrumb\":{\"@id\":\"https:\\\/\\\/kanakydesign.com\\\/producto\\\/boquilla-simple\\\/#breadcrumb\"},\"inLanguage\":\"de\",\"potentialAction\":[{\"@type\":\"ReadAction\",\"target\":[\"https:\\\/\\\/kanakydesign.com\\\/producto\\\/boquilla-simple\\\/\"]}]},{\"@type\":\"ImageObject\",\"inLanguage\":\"de\",\"@id\":\"https:\\\/\\\/kanakydesign.com\\\/producto\\\/boquilla-simple\\\/#primaryimage\",\"url\":\"https:\\\/\\\/kanakydesign.com\\\/wp-content\\\/uploads\\\/2023\\\/09\\\/DSC2880-scaled.jpg\",\"contentUrl\":\"https:\\\/\\\/kanakydesign.com\\\/wp-content\\\/uploads\\\/2023\\\/09\\\/DSC2880-scaled.jpg\",\"width\":2560,\"height\":2560},{\"@type\":\"BreadcrumbList\",\"@id\":\"https:\\\/\\\/kanakydesign.com\\\/producto\\\/boquilla-simple\\\/#breadcrumb\",\"itemListElement\":[{\"@type\":\"ListItem\",\"position\":1,\"name\":\"Portada\",\"item\":\"https:\\\/\\\/kanakydesign.com\\\/\"},{\"@type\":\"ListItem\",\"position\":2,\"name\":\"Tienda\",\"item\":\"https:\\\/\\\/kanakydesign.com\\\/tienda\\\/\"},{\"@type\":\"ListItem\",\"position\":3,\"name\":\"Boquillas\"}]},{\"@type\":\"WebSite\",\"@id\":\"https:\\\/\\\/kanakydesign.com\\\/#website\",\"url\":\"https:\\\/\\\/kanakydesign.com\\\/\",\"name\":\"KanakyDesign Enclosures\",\"description\":\"Become a professional keeper\",\"publisher\":{\"@id\":\"https:\\\/\\\/kanakydesign.com\\\/#organization\"},\"alternateName\":\"KanakyDesign\",\"potentialAction\":[{\"@type\":\"SearchAction\",\"target\":{\"@type\":\"EntryPoint\",\"urlTemplate\":\"https:\\\/\\\/kanakydesign.com\\\/?s={search_term_string}\"},\"query-input\":{\"@type\":\"PropertyValueSpecification\",\"valueRequired\":true,\"valueName\":\"search_term_string\"}}],\"inLanguage\":\"de\"},{\"@type\":\"Organization\",\"@id\":\"https:\\\/\\\/kanakydesign.com\\\/#organization\",\"name\":\"KanakyDesign Enclosures\",\"alternateName\":\"KanakyDesign\",\"url\":\"https:\\\/\\\/kanakydesign.com\\\/\",\"logo\":{\"@type\":\"ImageObject\",\"inLanguage\":\"de\",\"@id\":\"https:\\\/\\\/kanakydesign.com\\\/#\\\/schema\\\/logo\\\/image\\\/\",\"url\":\"https:\\\/\\\/kanakydesign.com\\\/wp-content\\\/uploads\\\/2023\\\/06\\\/Logo-KanakyDesign-circular-negro-1.png\",\"contentUrl\":\"https:\\\/\\\/kanakydesign.com\\\/wp-content\\\/uploads\\\/2023\\\/06\\\/Logo-KanakyDesign-circular-negro-1.png\",\"width\":2000,\"height\":2000,\"caption\":\"KanakyDesign Enclosures\"},\"image\":{\"@id\":\"https:\\\/\\\/kanakydesign.com\\\/#\\\/schema\\\/logo\\\/image\\\/\"}}]}<\/script>\n<!-- \/ Yoast SEO plugin. -->","yoast_head_json":{"title":"Mundst\u00fccke : KanakyDesign-Geh\u00e4use","description":"Terrarium regen System D\u00fcsen f\u00fcr 6mm Rohr mit Anti-Tropfen-Spitze. W\u00e4hlen Sie die mittlere D\u00fcse (T + 2 B\u00f6gen) oder die Endd\u00fcse (3 B\u00f6gen) und spr\u00fchen Sie fein.","robots":{"index":"index","follow":"follow","max-snippet":"max-snippet:-1","max-image-preview":"max-image-preview:large","max-video-preview":"max-video-preview:-1"},"canonical":"https:\/\/kanakydesign.com\/de\/produkt\/boquilla-simple\/","og_locale":"de_DE","og_type":"article","og_title":"Boquillas | KanakyDesign Enclosures","og_description":"Boquillas sistema lluvia terrario para tubo 6mm con puntera antigoteo. Elige boquilla media (T + 2 codos) o final (3 codos) y pulveriza fino.","og_url":"https:\/\/kanakydesign.com\/de\/produkt\/boquilla-simple\/","og_site_name":"KanakyDesign Enclosures","article_modified_time":"2026-02-07T23:45:59+00:00","og_image":[{"width":2560,"height":2560,"url":"https:\/\/kanakydesign.com\/wp-content\/uploads\/2023\/09\/DSC2880-scaled.jpg","type":"image\/jpeg"}],"twitter_card":"summary_large_image","twitter_misc":{"Gesch\u00e4tzte Lesezeit":"2\u00a0Minuten"},"schema":{"@context":"https:\/\/schema.org","@graph":[{"@type":"WebPage","@id":"https:\/\/kanakydesign.com\/producto\/boquilla-simple\/","url":"https:\/\/kanakydesign.com\/producto\/boquilla-simple\/","name":"Mundst\u00fccke : KanakyDesign-Geh\u00e4use","isPartOf":{"@id":"https:\/\/kanakydesign.com\/#website"},"primaryImageOfPage":{"@id":"https:\/\/kanakydesign.com\/producto\/boquilla-simple\/#primaryimage"},"image":{"@id":"https:\/\/kanakydesign.com\/producto\/boquilla-simple\/#primaryimage"},"thumbnailUrl":"https:\/\/kanakydesign.com\/wp-content\/uploads\/2023\/09\/DSC2880-scaled.jpg","datePublished":"2023-07-01T10:20:02+00:00","dateModified":"2026-02-07T23:45:59+00:00","description":"Terrarium regen System D\u00fcsen f\u00fcr 6mm Rohr mit Anti-Tropfen-Spitze. W\u00e4hlen Sie die mittlere D\u00fcse (T + 2 B\u00f6gen) oder die Endd\u00fcse (3 B\u00f6gen) und spr\u00fchen Sie fein.","breadcrumb":{"@id":"https:\/\/kanakydesign.com\/producto\/boquilla-simple\/#breadcrumb"},"inLanguage":"de","potentialAction":[{"@type":"ReadAction","target":["https:\/\/kanakydesign.com\/producto\/boquilla-simple\/"]}]},{"@type":"ImageObject","inLanguage":"de","@id":"https:\/\/kanakydesign.com\/producto\/boquilla-simple\/#primaryimage","url":"https:\/\/kanakydesign.com\/wp-content\/uploads\/2023\/09\/DSC2880-scaled.jpg","contentUrl":"https:\/\/kanakydesign.com\/wp-content\/uploads\/2023\/09\/DSC2880-scaled.jpg","width":2560,"height":2560},{"@type":"BreadcrumbList","@id":"https:\/\/kanakydesign.com\/producto\/boquilla-simple\/#breadcrumb","itemListElement":[{"@type":"ListItem","position":1,"name":"Portada","item":"https:\/\/kanakydesign.com\/"},{"@type":"ListItem","position":2,"name":"Tienda","item":"https:\/\/kanakydesign.com\/tienda\/"},{"@type":"ListItem","position":3,"name":"Boquillas"}]},{"@type":"WebSite","@id":"https:\/\/kanakydesign.com\/#website","url":"https:\/\/kanakydesign.com\/","name":"KanakyDesign-Geh\u00e4use","description":"Become a professional keeper","publisher":{"@id":"https:\/\/kanakydesign.com\/#organization"},"alternateName":"KanakyDesign","potentialAction":[{"@type":"SearchAction","target":{"@type":"EntryPoint","urlTemplate":"https:\/\/kanakydesign.com\/?s={search_term_string}"},"query-input":{"@type":"PropertyValueSpecification","valueRequired":true,"valueName":"search_term_string"}}],"inLanguage":"de"},{"@type":"Organization","@id":"https:\/\/kanakydesign.com\/#organization","name":"KanakyDesign-Geh\u00e4use","alternateName":"KanakyDesign","url":"https:\/\/kanakydesign.com\/","logo":{"@type":"ImageObject","inLanguage":"de","@id":"https:\/\/kanakydesign.com\/#\/schema\/logo\/image\/","url":"https:\/\/kanakydesign.com\/wp-content\/uploads\/2023\/06\/Logo-KanakyDesign-circular-negro-1.png","contentUrl":"https:\/\/kanakydesign.com\/wp-content\/uploads\/2023\/06\/Logo-KanakyDesign-circular-negro-1.png","width":2000,"height":2000,"caption":"KanakyDesign Enclosures"},"image":{"@id":"https:\/\/kanakydesign.com\/#\/schema\/logo\/image\/"}}]}},"_links":{"self":[{"href":"https:\/\/kanakydesign.com\/de\/wp-json\/wp\/v2\/product\/616","targetHints":{"allow":["GET"]}}],"collection":[{"href":"https:\/\/kanakydesign.com\/de\/wp-json\/wp\/v2\/product"}],"about":[{"href":"https:\/\/kanakydesign.com\/de\/wp-json\/wp\/v2\/types\/product"}],"wp:featuredmedia":[{"embeddable":true,"href":"https:\/\/kanakydesign.com\/de\/wp-json\/wp\/v2\/media\/1114"}],"wp:attachment":[{"href":"https:\/\/kanakydesign.com\/de\/wp-json\/wp\/v2\/media?parent=616"}],"wp:term":[{"taxonomy":"product_brand","embeddable":true,"href":"https:\/\/kanakydesign.com\/de\/wp-json\/wp\/v2\/product_brand?post=616"},{"taxonomy":"product_cat","embeddable":true,"href":"https:\/\/kanakydesign.com\/de\/wp-json\/wp\/v2\/product_cat?post=616"},{"taxonomy":"product_tag","embeddable":true,"href":"https:\/\/kanakydesign.com\/de\/wp-json\/wp\/v2\/product_tag?post=616"}],"curies":[{"name":"wp","href":"https:\/\/api.w.org\/{rel}","templated":true}]}}