{"id":614,"date":"2023-07-01T10:15:58","date_gmt":"2023-07-01T10:15:58","guid":{"rendered":"https:\/\/kanakydesign.com\/?post_type=product&#038;p=614"},"modified":"2026-04-06T12:56:20","modified_gmt":"2026-04-06T12:56:20","slug":"bomba-de-diafragma-basic","status":"publish","type":"product","link":"https:\/\/kanakydesign.com\/de\/produkt\/bomba-de-diafragma-basic\/","title":{"rendered":"Membranpumpe"},"content":{"rendered":"<p data-start=\"191\" data-end=\"715\">Die <strong data-start=\"194\" data-end=\"263\">professionelle Membranpumpe f\u00fcr Terrarien-Regenwassersystem<\/strong> ist das Herzst\u00fcck jeder fortschrittlichen Spr\u00fchanlage, insbesondere wenn Sie mit <strong data-start=\"364\" data-end=\"384\">viele D\u00fcsen<\/strong> und Sie brauchen einen stabilen Druck f\u00fcr einen feinen, gleichm\u00e4\u00dfigen Nebel. Diese Pumpe ist f\u00fcr anspruchsvolle Installationen konzipiert: Sie ist <strong data-start=\"498\" data-end=\"516\">sehr leise<\/strong>, Angebote <strong data-start=\"525\" data-end=\"559\">hohe Spr\u00fchkraft<\/strong> und dar\u00fcber hinaus kann sie <strong data-start=\"577\" data-end=\"612\">im Leerlauf laufen, ohne durchzubrennen<\/strong>, Dies ist ein wichtiger Vorteil in Systemen, in denen manchmal Luft eindringt oder der Kreislauf aufgrund von Wartungsarbeiten entleert wird.<\/p>\n<p data-start=\"717\" data-end=\"1145\">Wenn Sie ein tropisches Terrarium, ein Terrariumregal oder einen Zuchtraum mit mehreren Gehegen haben, macht eine gute Pumpe den Unterschied zwischen einem unregelm\u00e4\u00dfigen Spr\u00fchregen und einem feinen, gleichm\u00e4\u00dfigen und effektiven Regen. Mit dieser <strong data-start=\"930\" data-end=\"967\">Membranpumpe f\u00fcr Terrarien<\/strong>, Die D\u00fcsen arbeiten mit voller Leistung und erzeugen sehr kleine Tr\u00f6pfchen, die sich besser auf Bl\u00e4ttern, B\u00f6den und Dekoration verteilen und dazu beitragen, die Luftfeuchtigkeit ohne Pf\u00fctzenbildung stabil zu halten.<\/p>\n<h2 data-start=\"1147\" data-end=\"1193\">Hauptvorteile f\u00fcr Gro\u00dfanlagen<\/h2>\n<ul data-start=\"1194\" data-end=\"1547\">\n<li data-start=\"1194\" data-end=\"1269\">\n<p data-start=\"1196\" data-end=\"1269\"><strong data-start=\"1196\" data-end=\"1222\">Berufskategorie:<\/strong> konzipiert f\u00fcr Systeme mit vielen D\u00fcsen.<\/p>\n<\/li>\n<li data-start=\"1270\" data-end=\"1359\">\n<p data-start=\"1272\" data-end=\"1359\"><strong data-start=\"1272\" data-end=\"1299\">Sehr feiner Spr\u00fchnebel:<\/strong> ideal f\u00fcr D\u00fcsen von Regen- und Spr\u00fchsystemen.<\/p>\n<\/li>\n<li data-start=\"1360\" data-end=\"1440\">\n<p data-start=\"1362\" data-end=\"1440\"><strong data-start=\"1362\" data-end=\"1381\">Sehr ruhig:<\/strong> ideal f\u00fcr den Hausgebrauch oder f\u00fcr Inneninstallationen.<\/p>\n<\/li>\n<li data-start=\"1441\" data-end=\"1547\">\n<p data-start=\"1443\" data-end=\"1547\"><strong data-start=\"1443\" data-end=\"1485\">Er kann im Leerlauf laufen, ohne durchzubrennen:<\/strong> erh\u00f6hte Sicherheit und Haltbarkeit bei Gebrauch und Wartung.<\/p>\n<\/li>\n<\/ul>\n<h2 data-start=\"1549\" data-end=\"1595\">\ud83d\udd27 Einschlie\u00dflich Stromversorgung und Zubeh\u00f6r<\/h2>\n<p data-start=\"1596\" data-end=\"1633\">Zur Erleichterung des Zusammenbaus enth\u00e4lt es:<\/p>\n<ul data-start=\"1634\" data-end=\"1758\">\n<li data-start=\"1634\" data-end=\"1664\">\n<p data-start=\"1636\" data-end=\"1664\"><strong data-start=\"1636\" data-end=\"1662\">Stromversorgung<\/strong><\/p>\n<\/li>\n<li data-start=\"1665\" data-end=\"1713\">\n<p data-start=\"1667\" data-end=\"1713\"><strong data-start=\"1667\" data-end=\"1688\">Ansaugstutzen:<\/strong> f\u00fcr <strong data-start=\"1694\" data-end=\"1711\">10 mm Rohr<\/strong><\/p>\n<\/li>\n<li data-start=\"1714\" data-end=\"1758\">\n<p data-start=\"1716\" data-end=\"1758\"><strong data-start=\"1716\" data-end=\"1736\">Auslaufarmatur:<\/strong> f\u00fcr <strong data-start=\"1742\" data-end=\"1758\">6 mm Rohr<\/strong><\/p>\n<\/li>\n<\/ul>\n<p data-start=\"1760\" data-end=\"1895\">So k\u00f6nnen Sie es schnell in Ihre Schaltung integrieren, ganz gleich, ob Sie von Grund auf neu bauen oder ein bestehendes System aufr\u00fcsten.<\/p>\n<h2 data-start=\"1897\" data-end=\"1948\">\ud83d\udccc Verf\u00fcgbare Modelle je nach Anzahl der D\u00fcsen<\/h2>\n<p data-start=\"1949\" data-end=\"1999\">W\u00e4hlen Sie das Modell entsprechend der Gr\u00f6\u00dfe Ihrer Anlage:<\/p>\n<h3 data-start=\"2001\" data-end=\"2037\">\ud83d\udd39 Modell BASIC (8-20 D\u00fcsen)<\/h3>\n<p data-start=\"2038\" data-end=\"2185\">Empfohlen f\u00fcr mehrere Terrarien oder ein gro\u00dfes Terrarium mit mehreren Spr\u00fchleitungen. Ausgezeichnetes Verh\u00e4ltnis zwischen Leistung und Systemgr\u00f6\u00dfe.<\/p>\n<h3 data-start=\"2187\" data-end=\"2222\">\ud83d\udd39 Modell PRO (20-60 D\u00fcsen)<\/h3>\n<p data-start=\"2223\" data-end=\"2427\">Konzipiert f\u00fcr sehr gro\u00dfe Installationen: komplette Regale, Terrarienr\u00e4ume oder Systeme mit mehreren Leitungen und vielen gleichzeitig arbeitenden D\u00fcsen, die einen stabilen Druck f\u00fcr die Feinzerst\u00e4ubung aufrechterhalten.<\/p>\n<h2 data-start=\"2429\" data-end=\"2455\">\ud83e\udde9 Empfehlung f\u00fcr die Verwendung<\/h2>\n<p data-start=\"2456\" data-end=\"2686\">Um eine optimale Leistung zu erzielen, sollten Sie die Pumpe mit einer guten Planung der D\u00fcsen (Verteilung und Durchfluss) kombinieren, die Filter\/Schl\u00e4uche regelm\u00e4\u00dfig \u00fcberpr\u00fcfen und eine Zeitsteuerung verwenden, um eine stabile Regen-Photoperiode zu gew\u00e4hrleisten.<\/p>\n<p data-start=\"2688\" data-end=\"2801\">\ud83d\udc49 Vervollst\u00e4ndigen Sie Ihre Installation mit Zubeh\u00f6r f\u00fcr Regenwassernutzungssysteme unter <strong data-start=\"2765\" data-end=\"2800\"><a class=\"decorated-link\" href=\"https:\/\/kanakydesign.com\/de\/categoria\/accesorios\/sistemas-de-lluvia\/\" target=\"_new\" rel=\"noopener\" data-start=\"2767\" data-end=\"2798\">https:\/\/www.kanakydesign.com\/<\/a><\/strong>.<\/p>","protected":false},"excerpt":{"rendered":"<p>Professionelle Pumpe, f\u00fcr Anlagen mit vielen D\u00fcsen. Diese Membranpumpe ist sehr leise, kann im Leerlauf laufen, ohne durchzubrennen, und ist leistungsstark genug, um sehr feine D\u00fcsen in Ihrem Regensystem zu verspr\u00fchen. Inklusive Netzteil und Anschl\u00fcssen f\u00fcr Einlass (10-mm-Schlauch) und Auslass (6-mm-Schlauch).<\/p>\n<ul>\n<li>BASIC-Modell (8-20 D\u00fcsen)<\/li>\n<li>Modell PRO (20-60 D\u00fcsen)<\/li>\n<\/ul>\n<p>&nbsp;<\/p>\n<p>*Die empfohlene Anzahl der D\u00fcsen kann je nach Struktur Ihrer Anlage variieren.<br \/>\n**Wasseraufnahmeleitung (10mm) und Verteilerleitung zu den D\u00fcsen (6mm) nicht enthalten<\/p>","protected":false},"featured_media":1115,"template":"","meta":[],"product_brand":[],"product_cat":[23,27],"product_tag":[227,354,353,351,352,344,349,350,346,347,348,345,356,355],"class_list":{"0":"post-614","1":"product","2":"type-product","3":"status-publish","4":"has-post-thumbnail","6":"product_cat-accesorios","7":"product_cat-sistemas-de-lluvia","8":"product_tag-automatizacion-terrario","9":"product_tag-bomba-20-60-boquillas","10":"product_tag-bomba-8-20-boquillas","11":"product_tag-bomba-diafragma-basic","12":"product_tag-bomba-diafragma-pro","13":"product_tag-bomba-diafragma-sistema-lluvia","14":"product_tag-bomba-para-boquillas-terrario","15":"product_tag-bomba-para-sistema-de-lluvia","16":"product_tag-bomba-profesional-nebulizacion","17":"product_tag-bomba-pulverizacion-terrario","18":"product_tag-bomba-silenciosa-terrario","19":"product_tag-bomba-sistema-lluvia-terrario","20":"product_tag-fuente-alimentacion-bomba","21":"product_tag-racores-10mm-6mm","22":"product_shipping_class-accesorios","24":"first","25":"instock","26":"taxable","27":"shipping-taxable","28":"purchasable","29":"product-type-variable"},"yoast_head":"<!-- This site is optimized with the Yoast SEO plugin v27.4 - https:\/\/yoast.com\/product\/yoast-seo-wordpress\/ -->\n<title>Bomba de diafragma | KanakyDesign Enclosures<\/title>\n<meta name=\"description\" content=\"Bomba diafragma sistema lluvia para terrario, profesional y silenciosa. Pulveriza muy fino, funciona en vac\u00edo sin quemarse. BASIC 8\u201320 boquillas, PRO 20\u201360.\" \/>\n<meta name=\"robots\" content=\"index, follow, max-snippet:-1, max-image-preview:large, max-video-preview:-1\" \/>\n<link rel=\"canonical\" href=\"https:\/\/kanakydesign.com\/de\/produkt\/bomba-de-diafragma-basic\/\" \/>\n<meta property=\"og:locale\" content=\"de_DE\" \/>\n<meta property=\"og:type\" content=\"article\" \/>\n<meta property=\"og:title\" content=\"Bomba de diafragma | KanakyDesign Enclosures\" \/>\n<meta property=\"og:description\" content=\"Bomba diafragma sistema lluvia para terrario, profesional y silenciosa. Pulveriza muy fino, funciona en vac\u00edo sin quemarse. BASIC 8\u201320 boquillas, PRO 20\u201360.\" \/>\n<meta property=\"og:url\" content=\"https:\/\/kanakydesign.com\/de\/produkt\/bomba-de-diafragma-basic\/\" \/>\n<meta property=\"og:site_name\" content=\"KanakyDesign Enclosures\" \/>\n<meta property=\"article:modified_time\" content=\"2026-04-06T12:56:20+00:00\" \/>\n<meta property=\"og:image\" content=\"https:\/\/kanakydesign.com\/wp-content\/uploads\/2023\/09\/DSC2883-scaled.jpg\" \/>\n\t<meta property=\"og:image:width\" content=\"2560\" \/>\n\t<meta property=\"og:image:height\" content=\"2560\" \/>\n\t<meta property=\"og:image:type\" content=\"image\/jpeg\" \/>\n<meta name=\"twitter:card\" content=\"summary_large_image\" \/>\n<meta name=\"twitter:label1\" content=\"Gesch\u00e4tzte Lesezeit\" \/>\n\t<meta name=\"twitter:data1\" content=\"2\u00a0Minuten\" \/>\n<script type=\"application\/ld+json\" class=\"yoast-schema-graph\">{\"@context\":\"https:\\\/\\\/schema.org\",\"@graph\":[{\"@type\":\"WebPage\",\"@id\":\"https:\\\/\\\/kanakydesign.com\\\/producto\\\/bomba-de-diafragma-basic\\\/\",\"url\":\"https:\\\/\\\/kanakydesign.com\\\/producto\\\/bomba-de-diafragma-basic\\\/\",\"name\":\"Bomba de diafragma | KanakyDesign Enclosures\",\"isPartOf\":{\"@id\":\"https:\\\/\\\/kanakydesign.com\\\/#website\"},\"primaryImageOfPage\":{\"@id\":\"https:\\\/\\\/kanakydesign.com\\\/producto\\\/bomba-de-diafragma-basic\\\/#primaryimage\"},\"image\":{\"@id\":\"https:\\\/\\\/kanakydesign.com\\\/producto\\\/bomba-de-diafragma-basic\\\/#primaryimage\"},\"thumbnailUrl\":\"https:\\\/\\\/kanakydesign.com\\\/wp-content\\\/uploads\\\/2023\\\/09\\\/DSC2883-scaled.jpg\",\"datePublished\":\"2023-07-01T10:15:58+00:00\",\"dateModified\":\"2026-04-06T12:56:20+00:00\",\"description\":\"Bomba diafragma sistema lluvia para terrario, profesional y silenciosa. Pulveriza muy fino, funciona en vac\u00edo sin quemarse. BASIC 8\u201320 boquillas, PRO 20\u201360.\",\"breadcrumb\":{\"@id\":\"https:\\\/\\\/kanakydesign.com\\\/producto\\\/bomba-de-diafragma-basic\\\/#breadcrumb\"},\"inLanguage\":\"de\",\"potentialAction\":[{\"@type\":\"ReadAction\",\"target\":[\"https:\\\/\\\/kanakydesign.com\\\/producto\\\/bomba-de-diafragma-basic\\\/\"]}]},{\"@type\":\"ImageObject\",\"inLanguage\":\"de\",\"@id\":\"https:\\\/\\\/kanakydesign.com\\\/producto\\\/bomba-de-diafragma-basic\\\/#primaryimage\",\"url\":\"https:\\\/\\\/kanakydesign.com\\\/wp-content\\\/uploads\\\/2023\\\/09\\\/DSC2883-scaled.jpg\",\"contentUrl\":\"https:\\\/\\\/kanakydesign.com\\\/wp-content\\\/uploads\\\/2023\\\/09\\\/DSC2883-scaled.jpg\",\"width\":2560,\"height\":2560},{\"@type\":\"BreadcrumbList\",\"@id\":\"https:\\\/\\\/kanakydesign.com\\\/producto\\\/bomba-de-diafragma-basic\\\/#breadcrumb\",\"itemListElement\":[{\"@type\":\"ListItem\",\"position\":1,\"name\":\"Portada\",\"item\":\"https:\\\/\\\/kanakydesign.com\\\/\"},{\"@type\":\"ListItem\",\"position\":2,\"name\":\"Tienda\",\"item\":\"https:\\\/\\\/kanakydesign.com\\\/tienda\\\/\"},{\"@type\":\"ListItem\",\"position\":3,\"name\":\"Bomba de diafragma\"}]},{\"@type\":\"WebSite\",\"@id\":\"https:\\\/\\\/kanakydesign.com\\\/#website\",\"url\":\"https:\\\/\\\/kanakydesign.com\\\/\",\"name\":\"KanakyDesign Enclosures\",\"description\":\"Become a professional keeper\",\"publisher\":{\"@id\":\"https:\\\/\\\/kanakydesign.com\\\/#organization\"},\"alternateName\":\"KanakyDesign\",\"potentialAction\":[{\"@type\":\"SearchAction\",\"target\":{\"@type\":\"EntryPoint\",\"urlTemplate\":\"https:\\\/\\\/kanakydesign.com\\\/?s={search_term_string}\"},\"query-input\":{\"@type\":\"PropertyValueSpecification\",\"valueRequired\":true,\"valueName\":\"search_term_string\"}}],\"inLanguage\":\"de\"},{\"@type\":\"Organization\",\"@id\":\"https:\\\/\\\/kanakydesign.com\\\/#organization\",\"name\":\"KanakyDesign Enclosures\",\"alternateName\":\"KanakyDesign\",\"url\":\"https:\\\/\\\/kanakydesign.com\\\/\",\"logo\":{\"@type\":\"ImageObject\",\"inLanguage\":\"de\",\"@id\":\"https:\\\/\\\/kanakydesign.com\\\/#\\\/schema\\\/logo\\\/image\\\/\",\"url\":\"https:\\\/\\\/kanakydesign.com\\\/wp-content\\\/uploads\\\/2023\\\/06\\\/Logo-KanakyDesign-circular-negro-1.png\",\"contentUrl\":\"https:\\\/\\\/kanakydesign.com\\\/wp-content\\\/uploads\\\/2023\\\/06\\\/Logo-KanakyDesign-circular-negro-1.png\",\"width\":2000,\"height\":2000,\"caption\":\"KanakyDesign Enclosures\"},\"image\":{\"@id\":\"https:\\\/\\\/kanakydesign.com\\\/#\\\/schema\\\/logo\\\/image\\\/\"}}]}<\/script>\n<!-- \/ Yoast SEO plugin. -->","yoast_head_json":{"title":"Membranpumpe : KanakyDesign-Geh\u00e4use","description":"Professionelle und ger\u00e4uscharme Membranpumpe f\u00fcr Terrarien-Regensysteme. Spr\u00fcht sehr fein, arbeitet im Vakuum ohne zu brennen. BASIC 8-20 D\u00fcsen, PRO 20-60.","robots":{"index":"index","follow":"follow","max-snippet":"max-snippet:-1","max-image-preview":"max-image-preview:large","max-video-preview":"max-video-preview:-1"},"canonical":"https:\/\/kanakydesign.com\/de\/produkt\/bomba-de-diafragma-basic\/","og_locale":"de_DE","og_type":"article","og_title":"Bomba de diafragma | KanakyDesign Enclosures","og_description":"Bomba diafragma sistema lluvia para terrario, profesional y silenciosa. Pulveriza muy fino, funciona en vac\u00edo sin quemarse. BASIC 8\u201320 boquillas, PRO 20\u201360.","og_url":"https:\/\/kanakydesign.com\/de\/produkt\/bomba-de-diafragma-basic\/","og_site_name":"KanakyDesign Enclosures","article_modified_time":"2026-04-06T12:56:20+00:00","og_image":[{"width":2560,"height":2560,"url":"https:\/\/kanakydesign.com\/wp-content\/uploads\/2023\/09\/DSC2883-scaled.jpg","type":"image\/jpeg"}],"twitter_card":"summary_large_image","twitter_misc":{"Gesch\u00e4tzte Lesezeit":"2\u00a0Minuten"},"schema":{"@context":"https:\/\/schema.org","@graph":[{"@type":"WebPage","@id":"https:\/\/kanakydesign.com\/producto\/bomba-de-diafragma-basic\/","url":"https:\/\/kanakydesign.com\/producto\/bomba-de-diafragma-basic\/","name":"Membranpumpe : KanakyDesign-Geh\u00e4use","isPartOf":{"@id":"https:\/\/kanakydesign.com\/#website"},"primaryImageOfPage":{"@id":"https:\/\/kanakydesign.com\/producto\/bomba-de-diafragma-basic\/#primaryimage"},"image":{"@id":"https:\/\/kanakydesign.com\/producto\/bomba-de-diafragma-basic\/#primaryimage"},"thumbnailUrl":"https:\/\/kanakydesign.com\/wp-content\/uploads\/2023\/09\/DSC2883-scaled.jpg","datePublished":"2023-07-01T10:15:58+00:00","dateModified":"2026-04-06T12:56:20+00:00","description":"Professionelle und ger\u00e4uscharme Membranpumpe f\u00fcr Terrarien-Regensysteme. Spr\u00fcht sehr fein, arbeitet im Vakuum ohne zu brennen. BASIC 8-20 D\u00fcsen, PRO 20-60.","breadcrumb":{"@id":"https:\/\/kanakydesign.com\/producto\/bomba-de-diafragma-basic\/#breadcrumb"},"inLanguage":"de","potentialAction":[{"@type":"ReadAction","target":["https:\/\/kanakydesign.com\/producto\/bomba-de-diafragma-basic\/"]}]},{"@type":"ImageObject","inLanguage":"de","@id":"https:\/\/kanakydesign.com\/producto\/bomba-de-diafragma-basic\/#primaryimage","url":"https:\/\/kanakydesign.com\/wp-content\/uploads\/2023\/09\/DSC2883-scaled.jpg","contentUrl":"https:\/\/kanakydesign.com\/wp-content\/uploads\/2023\/09\/DSC2883-scaled.jpg","width":2560,"height":2560},{"@type":"BreadcrumbList","@id":"https:\/\/kanakydesign.com\/producto\/bomba-de-diafragma-basic\/#breadcrumb","itemListElement":[{"@type":"ListItem","position":1,"name":"Portada","item":"https:\/\/kanakydesign.com\/"},{"@type":"ListItem","position":2,"name":"Tienda","item":"https:\/\/kanakydesign.com\/tienda\/"},{"@type":"ListItem","position":3,"name":"Bomba de diafragma"}]},{"@type":"WebSite","@id":"https:\/\/kanakydesign.com\/#website","url":"https:\/\/kanakydesign.com\/","name":"KanakyDesign-Geh\u00e4use","description":"Become a professional keeper","publisher":{"@id":"https:\/\/kanakydesign.com\/#organization"},"alternateName":"KanakyDesign","potentialAction":[{"@type":"SearchAction","target":{"@type":"EntryPoint","urlTemplate":"https:\/\/kanakydesign.com\/?s={search_term_string}"},"query-input":{"@type":"PropertyValueSpecification","valueRequired":true,"valueName":"search_term_string"}}],"inLanguage":"de"},{"@type":"Organization","@id":"https:\/\/kanakydesign.com\/#organization","name":"KanakyDesign-Geh\u00e4use","alternateName":"KanakyDesign","url":"https:\/\/kanakydesign.com\/","logo":{"@type":"ImageObject","inLanguage":"de","@id":"https:\/\/kanakydesign.com\/#\/schema\/logo\/image\/","url":"https:\/\/kanakydesign.com\/wp-content\/uploads\/2023\/06\/Logo-KanakyDesign-circular-negro-1.png","contentUrl":"https:\/\/kanakydesign.com\/wp-content\/uploads\/2023\/06\/Logo-KanakyDesign-circular-negro-1.png","width":2000,"height":2000,"caption":"KanakyDesign Enclosures"},"image":{"@id":"https:\/\/kanakydesign.com\/#\/schema\/logo\/image\/"}}]}},"_links":{"self":[{"href":"https:\/\/kanakydesign.com\/de\/wp-json\/wp\/v2\/product\/614","targetHints":{"allow":["GET"]}}],"collection":[{"href":"https:\/\/kanakydesign.com\/de\/wp-json\/wp\/v2\/product"}],"about":[{"href":"https:\/\/kanakydesign.com\/de\/wp-json\/wp\/v2\/types\/product"}],"wp:featuredmedia":[{"embeddable":true,"href":"https:\/\/kanakydesign.com\/de\/wp-json\/wp\/v2\/media\/1115"}],"wp:attachment":[{"href":"https:\/\/kanakydesign.com\/de\/wp-json\/wp\/v2\/media?parent=614"}],"wp:term":[{"taxonomy":"product_brand","embeddable":true,"href":"https:\/\/kanakydesign.com\/de\/wp-json\/wp\/v2\/product_brand?post=614"},{"taxonomy":"product_cat","embeddable":true,"href":"https:\/\/kanakydesign.com\/de\/wp-json\/wp\/v2\/product_cat?post=614"},{"taxonomy":"product_tag","embeddable":true,"href":"https:\/\/kanakydesign.com\/de\/wp-json\/wp\/v2\/product_tag?post=614"}],"curies":[{"name":"wp","href":"https:\/\/api.w.org\/{rel}","templated":true}]}}