{"id":612,"date":"2023-07-01T10:15:19","date_gmt":"2023-07-01T10:15:19","guid":{"rendered":"https:\/\/kanakydesign.com\/?post_type=product&#038;p=612"},"modified":"2026-03-26T13:14:50","modified_gmt":"2026-03-26T13:14:50","slug":"bomba-de-vibracion","status":"publish","type":"product","link":"https:\/\/kanakydesign.com\/de\/produkt\/bomba-de-vibracion\/","title":{"rendered":"Vibrationspumpe"},"content":{"rendered":"<p data-start=\"179\" data-end=\"570\">Die <strong data-start=\"182\" data-end=\"244\">ULKA Vibrationspumpe f\u00fcr Terrarienregenanlage<\/strong> ist eine <strong data-start=\"251\" data-end=\"263\">Ersatzteil<\/strong> Die ULKA-Pumpen sind f\u00fcr die Wiederherstellung oder Aufrechterhaltung des Betriebs von Spr\u00fch-\/Nebelanlagen konzipiert, die mit diesem Pumpentyp arbeiten. ULKA-Pumpen werden h\u00e4ufig in kompakten Drucksystemen eingesetzt und erm\u00f6glichen in Terrarien eine effiziente Bespr\u00fchung, wenn sie mit geeigneten Zyklen programmiert werden.<\/p>\n<h2 data-start=\"572\" data-end=\"633\">Empfohlener Einsatz: kurze Bew\u00e4sserungen zur Verl\u00e4ngerung der Nutzungsdauer<\/h2>\n<p data-start=\"634\" data-end=\"1104\">Diese Art von <strong data-start=\"647\" data-end=\"692\">Vibrationspumpe f\u00fcr Regenwassersystem<\/strong> ist nicht f\u00fcr den Dauerbetrieb \u00fcber l\u00e4ngere Zeitr\u00e4ume ausgelegt. Um Fehlfunktionen zu vermeiden, <strong data-start=\"789\" data-end=\"847\">Halten Sie es nicht l\u00e4nger als 30-45 Sekunden an.<\/strong>, Dies w\u00fcrde das Risiko von \u00dcberhitzung und vorzeitigem Verschlei\u00df erh\u00f6hen. Stattdessen ist es ideal, die <strong data-start=\"954\" data-end=\"982\">10-20 Sekunden Bew\u00e4sserung<\/strong>, Das Terrarium ist mit einer Vielzahl von Arten best\u00fcckt, die sich \u00fcber den Tag verteilen, je nach Bel\u00fcftung, Temperatur und Feuchtigkeit der Umgebung, in der das Terrarium aufgestellt ist.<\/p>\n<p data-start=\"1106\" data-end=\"1148\">Typische Beispiele f\u00fcr die Verwendung (indikativ):<\/p>\n<ul data-start=\"1149\" data-end=\"1359\">\n<li data-start=\"1149\" data-end=\"1221\">\n<p data-start=\"1151\" data-end=\"1221\">Tropisches Terrarium mit guter Bel\u00fcftung: mehrere kurze Zyklen pro Tag<\/p>\n<\/li>\n<li data-start=\"1222\" data-end=\"1291\">\n<p data-start=\"1224\" data-end=\"1291\">Trockene Umgebung oder starke Erw\u00e4rmung: etwas h\u00e4ufigere Zyklen<\/p>\n<\/li>\n<li data-start=\"1292\" data-end=\"1359\">\n<p data-start=\"1294\" data-end=\"1359\">Terrarien bereits stabil und bioaktiv: weniger Zyklen, aber immer noch konstant<\/p>\n<\/li>\n<\/ul>\n<blockquote data-start=\"1361\" data-end=\"1530\">\n<p data-start=\"1363\" data-end=\"1530\">Tipp: Wenn Sie l\u00e4ngere Spr\u00fchzeiten oder viele D\u00fcsen ben\u00f6tigen, ist es in der Regel besser, eine <strong data-start=\"1451\" data-end=\"1473\">Membranpumpe<\/strong> um sicherer zu arbeiten.<\/p>\n<\/blockquote>\n<h2 data-start=\"1532\" data-end=\"1579\">\ud83d\udca7 Ideal als Ersatzteil in Regenwassersystemen<\/h2>\n<p data-start=\"1580\" data-end=\"1802\">Diese <strong data-start=\"1585\" data-end=\"1613\">ULKA Terrarienpumpe<\/strong> ist auf Ersatz und Wartung ausgerichtet: Es ist eine praktische Option f\u00fcr diejenigen, die das System bereits installiert haben und seine urspr\u00fcngliche Leistung wiederherstellen m\u00fcssen, ohne die gesamte Anlage zu ver\u00e4ndern.<\/p>\n<h2 data-start=\"1804\" data-end=\"1866\">\u26a0\ufe0f Wichtig: Ersatzprodukt (Zubeh\u00f6r nicht enthalten)<\/h2>\n<p data-start=\"1867\" data-end=\"1940\">Bitte beachten Sie, dass dieser Artikel <strong data-start=\"1902\" data-end=\"1919\">nur die Pumpe<\/strong>.<br data-start=\"1920\" data-end=\"1923\" \/><strong data-start=\"1923\" data-end=\"1938\">Nicht enthalten:<\/strong><\/p>\n<ul data-start=\"1941\" data-end=\"1975\">\n<li data-start=\"1941\" data-end=\"1952\">\n<p data-start=\"1943\" data-end=\"1952\">kupplungen<\/p>\n<\/li>\n<li data-start=\"1953\" data-end=\"1962\">\n<p data-start=\"1955\" data-end=\"1962\">Kabel<\/p>\n<\/li>\n<li data-start=\"1963\" data-end=\"1975\">\n<p data-start=\"1965\" data-end=\"1975\">unterst\u00fctzt<\/p>\n<\/li>\n<\/ul>\n<p data-start=\"1977\" data-end=\"2127\">Dies ist beabsichtigt, um den Austausch in bestehenden Installationen zu erleichtern, in denen Sie diese Elemente bereits haben oder die Originale wiederverwenden m\u00fcssen.<\/p>\n<h2 data-start=\"2129\" data-end=\"2173\">\ud83e\udde9 Empfehlungen f\u00fcr eine zuverl\u00e4ssige Montage<\/h2>\n<p data-start=\"2174\" data-end=\"2233\">Um die Systemstabilit\u00e4t zu verbessern und Probleme zu vermeiden:<\/p>\n<ul data-start=\"2234\" data-end=\"2457\">\n<li data-start=\"2234\" data-end=\"2295\">\n<p data-start=\"2236\" data-end=\"2295\">Verwenden Sie kurze Zyklen (10-20 s) und lassen Sie Pausen zwischen den Bew\u00e4sserungen.<\/p>\n<\/li>\n<li data-start=\"2296\" data-end=\"2378\">\n<p data-start=\"2298\" data-end=\"2378\">Kontrolle der Rohre und D\u00fcsen auf Verstopfung (erh\u00f6ht den Arbeitsaufwand)<\/p>\n<\/li>\n<li data-start=\"2379\" data-end=\"2457\">\n<p data-start=\"2381\" data-end=\"2457\">Wenn die Pumpe ungew\u00f6hnliche Ger\u00e4usche macht oder einen niedrigen Druck erzeugt, \u00fcberpr\u00fcfen Sie die Filter und Anschl\u00fcsse.<\/p>\n<\/li>\n<\/ul>\n<p data-start=\"2459\" data-end=\"2576\">\ud83d\udc49 Ersatzteile und Komponenten f\u00fcr Automatisierungs- und Regensysteme finden Sie unter <strong data-start=\"2540\" data-end=\"2575\"><a class=\"decorated-link\" href=\"https:\/\/kanakydesign.com\/de\/categoria\/accesorios\/sistemas-de-lluvia\/\" target=\"_new\" rel=\"noopener\" data-start=\"2542\" data-end=\"2573\">https:\/\/www.kanakydesign.com\/<\/a><\/strong>.<\/p>","protected":false},"excerpt":{"rendered":"<p>Vibrationspumpe der Marke ULKA f\u00fcr das Regensystem. Es ist nicht ratsam, die Pumpe l\u00e4nger als 30-45 Sekunden laufen zu lassen, da die Gefahr besteht, dass sie besch\u00e4digt wird. Ideal sind 10-20 Sekunden Bew\u00e4sserung \u00fcber den Tag verteilt, je nach der Umgebung, in der das Terrarium aufgestellt ist.<\/p>\n<p>*Dies ist ein Ersatzprodukt, das keine Armatur, kein Kabel und keine Halterungen enth\u00e4lt.<\/p>","protected":false},"featured_media":1110,"template":"","meta":[],"product_brand":[],"product_cat":[23,27],"product_tag":[365,358,362,347,364,359,360,357,367,366,361,363,141],"class_list":{"0":"post-612","1":"product","2":"type-product","3":"status-publish","4":"has-post-thumbnail","6":"product_cat-accesorios","7":"product_cat-sistemas-de-lluvia","8":"product_tag-bomba-10-20-segundos","9":"product_tag-bomba-de-vibracion-terrario","10":"product_tag-bomba-nebulizacion-terrario","11":"product_tag-bomba-pulverizacion-terrario","12":"product_tag-bomba-riegos-cortos","13":"product_tag-bomba-sistema-de-lluvia-terrario","14":"product_tag-bomba-ulka-sistema-lluvia","15":"product_tag-bomba-vibracion-ulka","16":"product_tag-componentes-sistema-lluvia-terrario","17":"product_tag-recambio-sistema-lluvia","18":"product_tag-repuesto-bomba-ulka","19":"product_tag-riego-automatico-terrario","20":"product_tag-ulka","21":"product_shipping_class-accesorios","23":"first","24":"instock","25":"taxable","26":"shipping-taxable","27":"purchasable","28":"product-type-simple"},"yoast_head":"<!-- This site is optimized with the Yoast SEO plugin v27.4 - https:\/\/yoast.com\/product\/yoast-seo-wordpress\/ -->\n<title>Bomba de vibraci\u00f3n | KanakyDesign Enclosures<\/title>\n<meta name=\"description\" content=\"Bomba vibraci\u00f3n ULKA para sistema de lluvia en terrario (repuesto). Recomendada para riegos de 10\u201320 s; no usar m\u00e1s de 30\u201345 s seguidos.\" \/>\n<meta name=\"robots\" content=\"index, follow, max-snippet:-1, max-image-preview:large, max-video-preview:-1\" \/>\n<link rel=\"canonical\" href=\"https:\/\/kanakydesign.com\/de\/produkt\/bomba-de-vibracion\/\" \/>\n<meta property=\"og:locale\" content=\"de_DE\" \/>\n<meta property=\"og:type\" content=\"article\" \/>\n<meta property=\"og:title\" content=\"Bomba de vibraci\u00f3n | KanakyDesign Enclosures\" \/>\n<meta property=\"og:description\" content=\"Bomba vibraci\u00f3n ULKA para sistema de lluvia en terrario (repuesto). Recomendada para riegos de 10\u201320 s; no usar m\u00e1s de 30\u201345 s seguidos.\" \/>\n<meta property=\"og:url\" content=\"https:\/\/kanakydesign.com\/de\/produkt\/bomba-de-vibracion\/\" \/>\n<meta property=\"og:site_name\" content=\"KanakyDesign Enclosures\" \/>\n<meta property=\"article:modified_time\" content=\"2026-03-26T13:14:50+00:00\" \/>\n<meta property=\"og:image\" content=\"https:\/\/kanakydesign.com\/wp-content\/uploads\/2023\/09\/DSC2870-scaled.jpg\" \/>\n\t<meta property=\"og:image:width\" content=\"2560\" \/>\n\t<meta property=\"og:image:height\" content=\"2560\" \/>\n\t<meta property=\"og:image:type\" content=\"image\/jpeg\" \/>\n<meta name=\"twitter:card\" content=\"summary_large_image\" \/>\n<meta name=\"twitter:label1\" content=\"Gesch\u00e4tzte Lesezeit\" \/>\n\t<meta name=\"twitter:data1\" content=\"2\u00a0Minuten\" \/>\n<script type=\"application\/ld+json\" class=\"yoast-schema-graph\">{\"@context\":\"https:\\\/\\\/schema.org\",\"@graph\":[{\"@type\":\"WebPage\",\"@id\":\"https:\\\/\\\/kanakydesign.com\\\/producto\\\/bomba-de-vibracion\\\/\",\"url\":\"https:\\\/\\\/kanakydesign.com\\\/producto\\\/bomba-de-vibracion\\\/\",\"name\":\"Bomba de vibraci\u00f3n | KanakyDesign Enclosures\",\"isPartOf\":{\"@id\":\"https:\\\/\\\/kanakydesign.com\\\/#website\"},\"primaryImageOfPage\":{\"@id\":\"https:\\\/\\\/kanakydesign.com\\\/producto\\\/bomba-de-vibracion\\\/#primaryimage\"},\"image\":{\"@id\":\"https:\\\/\\\/kanakydesign.com\\\/producto\\\/bomba-de-vibracion\\\/#primaryimage\"},\"thumbnailUrl\":\"https:\\\/\\\/kanakydesign.com\\\/wp-content\\\/uploads\\\/2023\\\/09\\\/DSC2870-scaled.jpg\",\"datePublished\":\"2023-07-01T10:15:19+00:00\",\"dateModified\":\"2026-03-26T13:14:50+00:00\",\"description\":\"Bomba vibraci\u00f3n ULKA para sistema de lluvia en terrario (repuesto). Recomendada para riegos de 10\u201320 s; no usar m\u00e1s de 30\u201345 s seguidos.\",\"breadcrumb\":{\"@id\":\"https:\\\/\\\/kanakydesign.com\\\/producto\\\/bomba-de-vibracion\\\/#breadcrumb\"},\"inLanguage\":\"de\",\"potentialAction\":[{\"@type\":\"ReadAction\",\"target\":[\"https:\\\/\\\/kanakydesign.com\\\/producto\\\/bomba-de-vibracion\\\/\"]}]},{\"@type\":\"ImageObject\",\"inLanguage\":\"de\",\"@id\":\"https:\\\/\\\/kanakydesign.com\\\/producto\\\/bomba-de-vibracion\\\/#primaryimage\",\"url\":\"https:\\\/\\\/kanakydesign.com\\\/wp-content\\\/uploads\\\/2023\\\/09\\\/DSC2870-scaled.jpg\",\"contentUrl\":\"https:\\\/\\\/kanakydesign.com\\\/wp-content\\\/uploads\\\/2023\\\/09\\\/DSC2870-scaled.jpg\",\"width\":2560,\"height\":2560},{\"@type\":\"BreadcrumbList\",\"@id\":\"https:\\\/\\\/kanakydesign.com\\\/producto\\\/bomba-de-vibracion\\\/#breadcrumb\",\"itemListElement\":[{\"@type\":\"ListItem\",\"position\":1,\"name\":\"Portada\",\"item\":\"https:\\\/\\\/kanakydesign.com\\\/\"},{\"@type\":\"ListItem\",\"position\":2,\"name\":\"Tienda\",\"item\":\"https:\\\/\\\/kanakydesign.com\\\/tienda\\\/\"},{\"@type\":\"ListItem\",\"position\":3,\"name\":\"Bomba de vibraci\u00f3n\"}]},{\"@type\":\"WebSite\",\"@id\":\"https:\\\/\\\/kanakydesign.com\\\/#website\",\"url\":\"https:\\\/\\\/kanakydesign.com\\\/\",\"name\":\"KanakyDesign Enclosures\",\"description\":\"Become a professional keeper\",\"publisher\":{\"@id\":\"https:\\\/\\\/kanakydesign.com\\\/#organization\"},\"alternateName\":\"KanakyDesign\",\"potentialAction\":[{\"@type\":\"SearchAction\",\"target\":{\"@type\":\"EntryPoint\",\"urlTemplate\":\"https:\\\/\\\/kanakydesign.com\\\/?s={search_term_string}\"},\"query-input\":{\"@type\":\"PropertyValueSpecification\",\"valueRequired\":true,\"valueName\":\"search_term_string\"}}],\"inLanguage\":\"de\"},{\"@type\":\"Organization\",\"@id\":\"https:\\\/\\\/kanakydesign.com\\\/#organization\",\"name\":\"KanakyDesign Enclosures\",\"alternateName\":\"KanakyDesign\",\"url\":\"https:\\\/\\\/kanakydesign.com\\\/\",\"logo\":{\"@type\":\"ImageObject\",\"inLanguage\":\"de\",\"@id\":\"https:\\\/\\\/kanakydesign.com\\\/#\\\/schema\\\/logo\\\/image\\\/\",\"url\":\"https:\\\/\\\/kanakydesign.com\\\/wp-content\\\/uploads\\\/2023\\\/06\\\/Logo-KanakyDesign-circular-negro-1.png\",\"contentUrl\":\"https:\\\/\\\/kanakydesign.com\\\/wp-content\\\/uploads\\\/2023\\\/06\\\/Logo-KanakyDesign-circular-negro-1.png\",\"width\":2000,\"height\":2000,\"caption\":\"KanakyDesign Enclosures\"},\"image\":{\"@id\":\"https:\\\/\\\/kanakydesign.com\\\/#\\\/schema\\\/logo\\\/image\\\/\"}}]}<\/script>\n<!-- \/ Yoast SEO plugin. -->","yoast_head_json":{"title":"Vibrationspumpe : KanakyDesign-Geh\u00e4use","description":"ULKA Vibrationspumpe f\u00fcr Terrarienregensystem (Ersatzteil). Empfohlen f\u00fcr 10-20 s Bew\u00e4sserung; nicht mehr als 30-45 s auf einmal verwenden.","robots":{"index":"index","follow":"follow","max-snippet":"max-snippet:-1","max-image-preview":"max-image-preview:large","max-video-preview":"max-video-preview:-1"},"canonical":"https:\/\/kanakydesign.com\/de\/produkt\/bomba-de-vibracion\/","og_locale":"de_DE","og_type":"article","og_title":"Bomba de vibraci\u00f3n | KanakyDesign Enclosures","og_description":"Bomba vibraci\u00f3n ULKA para sistema de lluvia en terrario (repuesto). Recomendada para riegos de 10\u201320 s; no usar m\u00e1s de 30\u201345 s seguidos.","og_url":"https:\/\/kanakydesign.com\/de\/produkt\/bomba-de-vibracion\/","og_site_name":"KanakyDesign Enclosures","article_modified_time":"2026-03-26T13:14:50+00:00","og_image":[{"width":2560,"height":2560,"url":"https:\/\/kanakydesign.com\/wp-content\/uploads\/2023\/09\/DSC2870-scaled.jpg","type":"image\/jpeg"}],"twitter_card":"summary_large_image","twitter_misc":{"Gesch\u00e4tzte Lesezeit":"2\u00a0Minuten"},"schema":{"@context":"https:\/\/schema.org","@graph":[{"@type":"WebPage","@id":"https:\/\/kanakydesign.com\/producto\/bomba-de-vibracion\/","url":"https:\/\/kanakydesign.com\/producto\/bomba-de-vibracion\/","name":"Vibrationspumpe : KanakyDesign-Geh\u00e4use","isPartOf":{"@id":"https:\/\/kanakydesign.com\/#website"},"primaryImageOfPage":{"@id":"https:\/\/kanakydesign.com\/producto\/bomba-de-vibracion\/#primaryimage"},"image":{"@id":"https:\/\/kanakydesign.com\/producto\/bomba-de-vibracion\/#primaryimage"},"thumbnailUrl":"https:\/\/kanakydesign.com\/wp-content\/uploads\/2023\/09\/DSC2870-scaled.jpg","datePublished":"2023-07-01T10:15:19+00:00","dateModified":"2026-03-26T13:14:50+00:00","description":"ULKA Vibrationspumpe f\u00fcr Terrarienregensystem (Ersatzteil). Empfohlen f\u00fcr 10-20 s Bew\u00e4sserung; nicht mehr als 30-45 s auf einmal verwenden.","breadcrumb":{"@id":"https:\/\/kanakydesign.com\/producto\/bomba-de-vibracion\/#breadcrumb"},"inLanguage":"de","potentialAction":[{"@type":"ReadAction","target":["https:\/\/kanakydesign.com\/producto\/bomba-de-vibracion\/"]}]},{"@type":"ImageObject","inLanguage":"de","@id":"https:\/\/kanakydesign.com\/producto\/bomba-de-vibracion\/#primaryimage","url":"https:\/\/kanakydesign.com\/wp-content\/uploads\/2023\/09\/DSC2870-scaled.jpg","contentUrl":"https:\/\/kanakydesign.com\/wp-content\/uploads\/2023\/09\/DSC2870-scaled.jpg","width":2560,"height":2560},{"@type":"BreadcrumbList","@id":"https:\/\/kanakydesign.com\/producto\/bomba-de-vibracion\/#breadcrumb","itemListElement":[{"@type":"ListItem","position":1,"name":"Portada","item":"https:\/\/kanakydesign.com\/"},{"@type":"ListItem","position":2,"name":"Tienda","item":"https:\/\/kanakydesign.com\/tienda\/"},{"@type":"ListItem","position":3,"name":"Bomba de vibraci\u00f3n"}]},{"@type":"WebSite","@id":"https:\/\/kanakydesign.com\/#website","url":"https:\/\/kanakydesign.com\/","name":"KanakyDesign-Geh\u00e4use","description":"Become a professional keeper","publisher":{"@id":"https:\/\/kanakydesign.com\/#organization"},"alternateName":"KanakyDesign","potentialAction":[{"@type":"SearchAction","target":{"@type":"EntryPoint","urlTemplate":"https:\/\/kanakydesign.com\/?s={search_term_string}"},"query-input":{"@type":"PropertyValueSpecification","valueRequired":true,"valueName":"search_term_string"}}],"inLanguage":"de"},{"@type":"Organization","@id":"https:\/\/kanakydesign.com\/#organization","name":"KanakyDesign-Geh\u00e4use","alternateName":"KanakyDesign","url":"https:\/\/kanakydesign.com\/","logo":{"@type":"ImageObject","inLanguage":"de","@id":"https:\/\/kanakydesign.com\/#\/schema\/logo\/image\/","url":"https:\/\/kanakydesign.com\/wp-content\/uploads\/2023\/06\/Logo-KanakyDesign-circular-negro-1.png","contentUrl":"https:\/\/kanakydesign.com\/wp-content\/uploads\/2023\/06\/Logo-KanakyDesign-circular-negro-1.png","width":2000,"height":2000,"caption":"KanakyDesign Enclosures"},"image":{"@id":"https:\/\/kanakydesign.com\/#\/schema\/logo\/image\/"}}]}},"_links":{"self":[{"href":"https:\/\/kanakydesign.com\/de\/wp-json\/wp\/v2\/product\/612","targetHints":{"allow":["GET"]}}],"collection":[{"href":"https:\/\/kanakydesign.com\/de\/wp-json\/wp\/v2\/product"}],"about":[{"href":"https:\/\/kanakydesign.com\/de\/wp-json\/wp\/v2\/types\/product"}],"wp:featuredmedia":[{"embeddable":true,"href":"https:\/\/kanakydesign.com\/de\/wp-json\/wp\/v2\/media\/1110"}],"wp:attachment":[{"href":"https:\/\/kanakydesign.com\/de\/wp-json\/wp\/v2\/media?parent=612"}],"wp:term":[{"taxonomy":"product_brand","embeddable":true,"href":"https:\/\/kanakydesign.com\/de\/wp-json\/wp\/v2\/product_brand?post=612"},{"taxonomy":"product_cat","embeddable":true,"href":"https:\/\/kanakydesign.com\/de\/wp-json\/wp\/v2\/product_cat?post=612"},{"taxonomy":"product_tag","embeddable":true,"href":"https:\/\/kanakydesign.com\/de\/wp-json\/wp\/v2\/product_tag?post=612"}],"curies":[{"name":"wp","href":"https:\/\/api.w.org\/{rel}","templated":true}]}}