{"id":601,"date":"2023-07-01T10:11:05","date_gmt":"2023-07-01T10:11:05","guid":{"rendered":"https:\/\/kanakydesign.com\/?post_type=product&#038;p=601"},"modified":"2026-03-26T13:13:29","modified_gmt":"2026-03-26T13:13:29","slug":"jaula-protectora-casquillo","status":"publish","type":"product","link":"https:\/\/kanakydesign.com\/de\/produkt\/jaula-protectora-casquillo\/","title":{"rendered":"Schutzk\u00e4fig Buchse"},"content":{"rendered":"<p data-start=\"176\" data-end=\"673\">Die <strong data-start=\"179\" data-end=\"235\">Sicherheitsk\u00e4fig f\u00fcr W\u00e4rmelampe im Terrarium<\/strong> <strong data-start=\"236\" data-end=\"269\">ARCADIA W\u00e4rmelampe Sicherheitsk\u00e4fig<\/strong> ist das unverzichtbare Zubeh\u00f6r, wenn Sie <strong data-start=\"313\" data-end=\"357\">Oberheizung im Terrarium<\/strong>. Seine Funktion ist einfach und entscheidend: <strong data-start=\"391\" data-end=\"477\">Reptilien und andere exotische Tiere vor dem direkten Kontakt mit der Gl\u00fchbirne sch\u00fctzen.<\/strong>, Dadurch wird die Gefahr von Verbrennungen verringert, ohne dass die thermische Leistung \u201certr\u00e4nkt\u201d wird. Wenn Sie von einer \u201crichtigen\u201d Montage zu einer wirklich \"richtigen\" Montage \u00fcbergehen wollen <strong data-start=\"616\" data-end=\"640\">sicher und professionell<\/strong>, Dieser K\u00e4fig macht den Unterschied aus.<\/p>\n<h2 data-start=\"675\" data-end=\"720\">\u2705 Sicherheit ohne Verlust der thermischen Effizienz<\/h2>\n<p data-start=\"721\" data-end=\"1061\">Die Gestaltung der <strong data-start=\"734\" data-end=\"763\">Metalldrahtk\u00e4fig<\/strong> schafft eine physische Barriere um die Lampe und die Lampenhalterung, so dass sich die W\u00e4rme auf nat\u00fcrliche Weise ausbreiten kann. Dadurch wird verhindert, dass sich die Tiere an die W\u00e4rmequelle (Spots, Keramik oder Strahler) lehnen, klettern oder reiben, wodurch das Terrarium sicherer wird, ohne dass die Heizung beeintr\u00e4chtigt wird.<\/p>\n<h2 data-start=\"1063\" data-end=\"1107\">\ud83d\udd27 Bequemer Zugang f\u00fcr den Gl\u00fchlampenwechsel<\/h2>\n<p data-start=\"1108\" data-end=\"1392\">Sie umfasst eine <strong data-start=\"1120\" data-end=\"1142\">Fl\u00fcgelt\u00fcr<\/strong> was einen einfachen Austausch der Lampe erm\u00f6glicht. Dies ist besonders n\u00fctzlich, wenn Sie mit Sonnenlichtlampen oder keramischen Strahlern arbeiten und nicht bei jeder Wartung das Terrariumdach abbauen m\u00f6chten. Das Auswechseln der Gl\u00fchbirne ist schnell, bequem und sauber.<\/p>\n<h2 data-start=\"1394\" data-end=\"1454\">\ud83d\udd25 Kompatibel mit mehreren W\u00e4rmequellen (bis zu 150 W)<\/h2>\n<p data-start=\"1455\" data-end=\"1766\">Diese <strong data-start=\"1460\" data-end=\"1505\">K\u00e4fig f\u00fcr Terrarienw\u00e4rmelampen<\/strong> ist mit verschiedenen Heizl\u00f6sungen innerhalb des empfohlenen Bereichs kompatibel, darunter Arcadia-Systeme wie <strong data-start=\"1624\" data-end=\"1647\">Tiefenw\u00e4rme-Projektor<\/strong>, Lampen <strong data-start=\"1658\" data-end=\"1671\">Halogen<\/strong>, <strong data-start=\"1673\" data-end=\"1695\">Keramikstrahler<\/strong> y <strong data-start=\"1698\" data-end=\"1717\">Sonnenlichtquellen<\/strong>, Die maximal zul\u00e4ssige Leistung wird immer eingehalten.<\/p>\n<h2 data-start=\"1768\" data-end=\"1799\">\ud83d\udccf Technische Daten<\/h2>\n<ul data-start=\"1800\" data-end=\"2105\">\n<li data-start=\"1800\" data-end=\"1847\">\n<p data-start=\"1802\" data-end=\"1847\"><strong data-start=\"1802\" data-end=\"1815\">Produkt:<\/strong> ARCADIA W\u00e4rmelampe Sicherheitsk\u00e4fig<\/p>\n<\/li>\n<li data-start=\"1848\" data-end=\"1925\">\n<p data-start=\"1850\" data-end=\"1925\"><strong data-start=\"1850\" data-end=\"1858\">Verwendung:<\/strong> Schutz f\u00fcr die im Terrarium installierten W\u00e4rmelampen<\/p>\n<\/li>\n<li data-start=\"1926\" data-end=\"1969\">\n<p data-start=\"1928\" data-end=\"1969\"><strong data-start=\"1928\" data-end=\"1952\">Kompatible Leistung:<\/strong> <strong data-start=\"1953\" data-end=\"1967\">bis zu 150W<\/strong><\/p>\n<\/li>\n<li data-start=\"1970\" data-end=\"2034\">\n<p data-start=\"1972\" data-end=\"2034\"><strong data-start=\"1972\" data-end=\"1988\">Abmessungen:<\/strong> <strong data-start=\"1989\" data-end=\"2032\">220 mm (H\u00f6he) x 120 mm (Breite\/Durchmesser)<\/strong><\/p>\n<\/li>\n<li data-start=\"2035\" data-end=\"2105\">\n<p data-start=\"2037\" data-end=\"2105\"><strong data-start=\"2037\" data-end=\"2050\">Reparieren:<\/strong> flache \u00d6sen f\u00fcr Schrauben (feste und stabile Befestigung)<\/p>\n<\/li>\n<\/ul>\n<h2 data-start=\"2107\" data-end=\"2159\">\ud83e\udde9 Empfehlung f\u00fcr Ihre Einrichtung (interne Links)<\/h2>\n<p data-start=\"2160\" data-end=\"2211\">F\u00fcr ein abgerundetes und selbstbewusstes Ensemble, kombinieren Sie es mit:<\/p>\n<ul data-start=\"2212\" data-end=\"2423\">\n<li data-start=\"2212\" data-end=\"2299\">\n<p data-start=\"2214\" data-end=\"2299\"><strong data-start=\"2214\" data-end=\"2240\">Gerade Buchse<\/strong>: <a class=\"decorated-link\" href=\"https:\/\/kanakydesign.com\/de\/produkt\/casquillo-recto\/\" target=\"_new\" rel=\"noopener\" data-start=\"2242\" data-end=\"2297\">https:\/\/kanakydesign.com\/<\/a><\/p>\n<\/li>\n<li data-start=\"2300\" data-end=\"2423\">\n<p data-start=\"2302\" data-end=\"2423\"><strong data-start=\"2302\" data-end=\"2333\">Thermostat<\/strong>\u00a0um die Temperatur zu regulieren: <a class=\"decorated-link\" href=\"https:\/\/kanakydesign.com\/de\/produkt\/termostato-dia-noche\/\" target=\"_new\" rel=\"noopener\" data-start=\"2363\" data-end=\"2423\">https:\/\/kanakydesign.com<\/a><\/p>\n<\/li>\n<\/ul>\n<p data-start=\"2425\" data-end=\"2603\"><strong data-start=\"2425\" data-end=\"2448\">Wichtiger Hinweis:<\/strong> mit jeder W\u00e4rmequelle, verwenden Sie eine <strong data-start=\"2488\" data-end=\"2502\">Thermostat<\/strong> hilft, das Terrarium stabil zu halten, verhindert \u00dcberhitzung und verbessert die langfristige Sicherheit.<\/p>","protected":false},"excerpt":{"rendered":"<p>Der Schutzk\u00e4fig wird mit Hilfe von Schrauben \u00fcber Gl\u00fchbirnen und Fassungen montiert. Er hat einen abschlie\u00dfbaren Deckel f\u00fcr einen einfachen Zugang zum Inneren. Ma\u00dfe 13x18cm. Ideal, um Verbrennungen im Inneren des Terrariums zu vermeiden.<\/p>","protected":false},"featured_media":1626,"template":"","meta":[],"product_brand":[],"product_cat":[23,26,25],"product_tag":[218,193,260,258,251,254,252,257,256,253,255,259],"class_list":{"0":"post-601","1":"product","2":"type-product","3":"status-publish","4":"has-post-thumbnail","6":"product_cat-accesorios","7":"product_cat-calefaccion","8":"product_cat-iluminacion","9":"product_tag-accesorios-terrario","10":"product_tag-arcadia","11":"product_tag-calefaccion-terrario-segura","12":"product_tag-deep-heat-projector-arcadia","13":"product_tag-heat-lamp-safety-cage","14":"product_tag-jaula-de-seguridad-terrario","15":"product_tag-jaula-lampara-calor-terrario","16":"product_tag-jaula-para-ceramica-terrario","17":"product_tag-jaula-para-foco-terrario","18":"product_tag-protector-bombilla-terrario","19":"product_tag-protector-lampara-terrario","20":"product_tag-seguridad-reptiles-terrario","21":"product_shipping_class-accesorios","23":"first","24":"instock","25":"taxable","26":"shipping-taxable","27":"purchasable","28":"product-type-simple"},"yoast_head":"<!-- This site is optimized with the Yoast SEO plugin v27.4 - https:\/\/yoast.com\/product\/yoast-seo-wordpress\/ -->\n<title>Jaula protectora Casquillo | KanakyDesign Enclosures<\/title>\n<meta name=\"description\" content=\"Jaula l\u00e1mpara calor terrario Arcadia Heat Lamp Safety Cage (hasta 150W). Evita quemaduras, deja pasar el calor y facilita el cambio de bombilla.\" \/>\n<meta name=\"robots\" content=\"index, follow, max-snippet:-1, max-image-preview:large, max-video-preview:-1\" \/>\n<link rel=\"canonical\" href=\"https:\/\/kanakydesign.com\/de\/produkt\/jaula-protectora-casquillo\/\" \/>\n<meta property=\"og:locale\" content=\"de_DE\" \/>\n<meta property=\"og:type\" content=\"article\" \/>\n<meta property=\"og:title\" content=\"Jaula protectora Casquillo | KanakyDesign Enclosures\" \/>\n<meta property=\"og:description\" content=\"Jaula l\u00e1mpara calor terrario Arcadia Heat Lamp Safety Cage (hasta 150W). Evita quemaduras, deja pasar el calor y facilita el cambio de bombilla.\" \/>\n<meta property=\"og:url\" content=\"https:\/\/kanakydesign.com\/de\/produkt\/jaula-protectora-casquillo\/\" \/>\n<meta property=\"og:site_name\" content=\"KanakyDesign Enclosures\" \/>\n<meta property=\"article:modified_time\" content=\"2026-03-26T13:13:29+00:00\" \/>\n<meta property=\"og:image\" content=\"https:\/\/kanakydesign.com\/wp-content\/uploads\/2026\/02\/Jaula.png\" \/>\n\t<meta property=\"og:image:width\" content=\"940\" \/>\n\t<meta property=\"og:image:height\" content=\"788\" \/>\n\t<meta property=\"og:image:type\" content=\"image\/png\" \/>\n<meta name=\"twitter:card\" content=\"summary_large_image\" \/>\n<meta name=\"twitter:label1\" content=\"Gesch\u00e4tzte Lesezeit\" \/>\n\t<meta name=\"twitter:data1\" content=\"2\u00a0Minuten\" \/>\n<script type=\"application\/ld+json\" class=\"yoast-schema-graph\">{\"@context\":\"https:\\\/\\\/schema.org\",\"@graph\":[{\"@type\":\"WebPage\",\"@id\":\"https:\\\/\\\/kanakydesign.com\\\/producto\\\/jaula-protectora-casquillo\\\/\",\"url\":\"https:\\\/\\\/kanakydesign.com\\\/producto\\\/jaula-protectora-casquillo\\\/\",\"name\":\"Jaula protectora Casquillo | KanakyDesign Enclosures\",\"isPartOf\":{\"@id\":\"https:\\\/\\\/kanakydesign.com\\\/#website\"},\"primaryImageOfPage\":{\"@id\":\"https:\\\/\\\/kanakydesign.com\\\/producto\\\/jaula-protectora-casquillo\\\/#primaryimage\"},\"image\":{\"@id\":\"https:\\\/\\\/kanakydesign.com\\\/producto\\\/jaula-protectora-casquillo\\\/#primaryimage\"},\"thumbnailUrl\":\"https:\\\/\\\/kanakydesign.com\\\/wp-content\\\/uploads\\\/2026\\\/02\\\/Jaula.png\",\"datePublished\":\"2023-07-01T10:11:05+00:00\",\"dateModified\":\"2026-03-26T13:13:29+00:00\",\"description\":\"Jaula l\u00e1mpara calor terrario Arcadia Heat Lamp Safety Cage (hasta 150W). Evita quemaduras, deja pasar el calor y facilita el cambio de bombilla.\",\"breadcrumb\":{\"@id\":\"https:\\\/\\\/kanakydesign.com\\\/producto\\\/jaula-protectora-casquillo\\\/#breadcrumb\"},\"inLanguage\":\"de\",\"potentialAction\":[{\"@type\":\"ReadAction\",\"target\":[\"https:\\\/\\\/kanakydesign.com\\\/producto\\\/jaula-protectora-casquillo\\\/\"]}]},{\"@type\":\"ImageObject\",\"inLanguage\":\"de\",\"@id\":\"https:\\\/\\\/kanakydesign.com\\\/producto\\\/jaula-protectora-casquillo\\\/#primaryimage\",\"url\":\"https:\\\/\\\/kanakydesign.com\\\/wp-content\\\/uploads\\\/2026\\\/02\\\/Jaula.png\",\"contentUrl\":\"https:\\\/\\\/kanakydesign.com\\\/wp-content\\\/uploads\\\/2026\\\/02\\\/Jaula.png\",\"width\":940,\"height\":788},{\"@type\":\"BreadcrumbList\",\"@id\":\"https:\\\/\\\/kanakydesign.com\\\/producto\\\/jaula-protectora-casquillo\\\/#breadcrumb\",\"itemListElement\":[{\"@type\":\"ListItem\",\"position\":1,\"name\":\"Portada\",\"item\":\"https:\\\/\\\/kanakydesign.com\\\/\"},{\"@type\":\"ListItem\",\"position\":2,\"name\":\"Tienda\",\"item\":\"https:\\\/\\\/kanakydesign.com\\\/tienda\\\/\"},{\"@type\":\"ListItem\",\"position\":3,\"name\":\"Jaula protectora Casquillo\"}]},{\"@type\":\"WebSite\",\"@id\":\"https:\\\/\\\/kanakydesign.com\\\/#website\",\"url\":\"https:\\\/\\\/kanakydesign.com\\\/\",\"name\":\"KanakyDesign Enclosures\",\"description\":\"Become a professional keeper\",\"publisher\":{\"@id\":\"https:\\\/\\\/kanakydesign.com\\\/#organization\"},\"alternateName\":\"KanakyDesign\",\"potentialAction\":[{\"@type\":\"SearchAction\",\"target\":{\"@type\":\"EntryPoint\",\"urlTemplate\":\"https:\\\/\\\/kanakydesign.com\\\/?s={search_term_string}\"},\"query-input\":{\"@type\":\"PropertyValueSpecification\",\"valueRequired\":true,\"valueName\":\"search_term_string\"}}],\"inLanguage\":\"de\"},{\"@type\":\"Organization\",\"@id\":\"https:\\\/\\\/kanakydesign.com\\\/#organization\",\"name\":\"KanakyDesign Enclosures\",\"alternateName\":\"KanakyDesign\",\"url\":\"https:\\\/\\\/kanakydesign.com\\\/\",\"logo\":{\"@type\":\"ImageObject\",\"inLanguage\":\"de\",\"@id\":\"https:\\\/\\\/kanakydesign.com\\\/#\\\/schema\\\/logo\\\/image\\\/\",\"url\":\"https:\\\/\\\/kanakydesign.com\\\/wp-content\\\/uploads\\\/2023\\\/06\\\/Logo-KanakyDesign-circular-negro-1.png\",\"contentUrl\":\"https:\\\/\\\/kanakydesign.com\\\/wp-content\\\/uploads\\\/2023\\\/06\\\/Logo-KanakyDesign-circular-negro-1.png\",\"width\":2000,\"height\":2000,\"caption\":\"KanakyDesign Enclosures\"},\"image\":{\"@id\":\"https:\\\/\\\/kanakydesign.com\\\/#\\\/schema\\\/logo\\\/image\\\/\"}}]}<\/script>\n<!-- \/ Yoast SEO plugin. -->","yoast_head_json":{"title":"Schutzk\u00e4fig Casquillo | KanakyDesign Enclosures","description":"Arcadia W\u00e4rmelampen-Sicherheitsk\u00e4fig (bis zu 150 W). Verhindert Verbrennungen, l\u00e4sst die W\u00e4rme durch und erleichtert den Gl\u00fchbirnenwechsel.","robots":{"index":"index","follow":"follow","max-snippet":"max-snippet:-1","max-image-preview":"max-image-preview:large","max-video-preview":"max-video-preview:-1"},"canonical":"https:\/\/kanakydesign.com\/de\/produkt\/jaula-protectora-casquillo\/","og_locale":"de_DE","og_type":"article","og_title":"Jaula protectora Casquillo | KanakyDesign Enclosures","og_description":"Jaula l\u00e1mpara calor terrario Arcadia Heat Lamp Safety Cage (hasta 150W). Evita quemaduras, deja pasar el calor y facilita el cambio de bombilla.","og_url":"https:\/\/kanakydesign.com\/de\/produkt\/jaula-protectora-casquillo\/","og_site_name":"KanakyDesign Enclosures","article_modified_time":"2026-03-26T13:13:29+00:00","og_image":[{"width":940,"height":788,"url":"https:\/\/kanakydesign.com\/wp-content\/uploads\/2026\/02\/Jaula.png","type":"image\/png"}],"twitter_card":"summary_large_image","twitter_misc":{"Gesch\u00e4tzte Lesezeit":"2\u00a0Minuten"},"schema":{"@context":"https:\/\/schema.org","@graph":[{"@type":"WebPage","@id":"https:\/\/kanakydesign.com\/producto\/jaula-protectora-casquillo\/","url":"https:\/\/kanakydesign.com\/producto\/jaula-protectora-casquillo\/","name":"Schutzk\u00e4fig Casquillo | KanakyDesign Enclosures","isPartOf":{"@id":"https:\/\/kanakydesign.com\/#website"},"primaryImageOfPage":{"@id":"https:\/\/kanakydesign.com\/producto\/jaula-protectora-casquillo\/#primaryimage"},"image":{"@id":"https:\/\/kanakydesign.com\/producto\/jaula-protectora-casquillo\/#primaryimage"},"thumbnailUrl":"https:\/\/kanakydesign.com\/wp-content\/uploads\/2026\/02\/Jaula.png","datePublished":"2023-07-01T10:11:05+00:00","dateModified":"2026-03-26T13:13:29+00:00","description":"Arcadia W\u00e4rmelampen-Sicherheitsk\u00e4fig (bis zu 150 W). Verhindert Verbrennungen, l\u00e4sst die W\u00e4rme durch und erleichtert den Gl\u00fchbirnenwechsel.","breadcrumb":{"@id":"https:\/\/kanakydesign.com\/producto\/jaula-protectora-casquillo\/#breadcrumb"},"inLanguage":"de","potentialAction":[{"@type":"ReadAction","target":["https:\/\/kanakydesign.com\/producto\/jaula-protectora-casquillo\/"]}]},{"@type":"ImageObject","inLanguage":"de","@id":"https:\/\/kanakydesign.com\/producto\/jaula-protectora-casquillo\/#primaryimage","url":"https:\/\/kanakydesign.com\/wp-content\/uploads\/2026\/02\/Jaula.png","contentUrl":"https:\/\/kanakydesign.com\/wp-content\/uploads\/2026\/02\/Jaula.png","width":940,"height":788},{"@type":"BreadcrumbList","@id":"https:\/\/kanakydesign.com\/producto\/jaula-protectora-casquillo\/#breadcrumb","itemListElement":[{"@type":"ListItem","position":1,"name":"Portada","item":"https:\/\/kanakydesign.com\/"},{"@type":"ListItem","position":2,"name":"Tienda","item":"https:\/\/kanakydesign.com\/tienda\/"},{"@type":"ListItem","position":3,"name":"Jaula protectora Casquillo"}]},{"@type":"WebSite","@id":"https:\/\/kanakydesign.com\/#website","url":"https:\/\/kanakydesign.com\/","name":"KanakyDesign-Geh\u00e4use","description":"Become a professional keeper","publisher":{"@id":"https:\/\/kanakydesign.com\/#organization"},"alternateName":"KanakyDesign","potentialAction":[{"@type":"SearchAction","target":{"@type":"EntryPoint","urlTemplate":"https:\/\/kanakydesign.com\/?s={search_term_string}"},"query-input":{"@type":"PropertyValueSpecification","valueRequired":true,"valueName":"search_term_string"}}],"inLanguage":"de"},{"@type":"Organization","@id":"https:\/\/kanakydesign.com\/#organization","name":"KanakyDesign-Geh\u00e4use","alternateName":"KanakyDesign","url":"https:\/\/kanakydesign.com\/","logo":{"@type":"ImageObject","inLanguage":"de","@id":"https:\/\/kanakydesign.com\/#\/schema\/logo\/image\/","url":"https:\/\/kanakydesign.com\/wp-content\/uploads\/2023\/06\/Logo-KanakyDesign-circular-negro-1.png","contentUrl":"https:\/\/kanakydesign.com\/wp-content\/uploads\/2023\/06\/Logo-KanakyDesign-circular-negro-1.png","width":2000,"height":2000,"caption":"KanakyDesign Enclosures"},"image":{"@id":"https:\/\/kanakydesign.com\/#\/schema\/logo\/image\/"}}]}},"_links":{"self":[{"href":"https:\/\/kanakydesign.com\/de\/wp-json\/wp\/v2\/product\/601","targetHints":{"allow":["GET"]}}],"collection":[{"href":"https:\/\/kanakydesign.com\/de\/wp-json\/wp\/v2\/product"}],"about":[{"href":"https:\/\/kanakydesign.com\/de\/wp-json\/wp\/v2\/types\/product"}],"wp:featuredmedia":[{"embeddable":true,"href":"https:\/\/kanakydesign.com\/de\/wp-json\/wp\/v2\/media\/1626"}],"wp:attachment":[{"href":"https:\/\/kanakydesign.com\/de\/wp-json\/wp\/v2\/media?parent=601"}],"wp:term":[{"taxonomy":"product_brand","embeddable":true,"href":"https:\/\/kanakydesign.com\/de\/wp-json\/wp\/v2\/product_brand?post=601"},{"taxonomy":"product_cat","embeddable":true,"href":"https:\/\/kanakydesign.com\/de\/wp-json\/wp\/v2\/product_cat?post=601"},{"taxonomy":"product_tag","embeddable":true,"href":"https:\/\/kanakydesign.com\/de\/wp-json\/wp\/v2\/product_tag?post=601"}],"curies":[{"name":"wp","href":"https:\/\/api.w.org\/{rel}","templated":true}]}}