{"id":561,"date":"2023-07-01T09:49:59","date_gmt":"2023-07-01T09:49:59","guid":{"rendered":"https:\/\/kanakydesign.com\/?post_type=product&#038;p=561"},"modified":"2026-02-27T10:43:42","modified_gmt":"2026-02-27T10:43:42","slug":"jaula-protectora-pantalla-uvb","status":"publish","type":"product","link":"https:\/\/kanakydesign.com\/de\/produkt\/jaula-protectora-pantalla-uvb\/","title":{"rendered":"Schutzk\u00e4fig UVB-Schirm"},"content":{"rendered":"<p data-start=\"169\" data-end=\"684\">Die <strong data-start=\"172\" data-end=\"221\">Schutzk\u00e4fig Arcadia UVB T5 f\u00fcr Terrarien<\/strong> ist ein unerl\u00e4ssliches Sicherheitszubeh\u00f6r, wenn Sie einen Bildschirm installieren. <strong data-start=\"291\" data-end=\"309\">Arkadien UVB T5<\/strong> im Inneren des Terrariums oder in Bereichen, in denen sich das Tier n\u00e4hern kann. In Terrarien mit kletternden oder sehr aktiven Arten ist der Schutz der Beleuchtung kein \u201cExtra\u201d: Er ist ein wesentlicher Bestandteil der Einrichtung. Dieser K\u00e4fig bildet eine physische Barriere, die dazu beitr\u00e4gt, St\u00f6\u00dfe, Kratzer und direkten Kontakt mit den Ger\u00e4ten zu vermeiden und so eine sicherere Umgebung aufrechtzuerhalten, ohne die Wirksamkeit der Beleuchtung zu beeintr\u00e4chtigen.<\/p>\n<h2 data-start=\"686\" data-end=\"718\">\u2705 Lassen Sie 85% das Licht passieren<\/h2>\n<p data-start=\"719\" data-end=\"1075\">Dieser Schutz ist so konzipiert, dass er funktionell ist, ohne die Beleuchtung zu beeintr\u00e4chtigen: <strong data-start=\"797\" data-end=\"862\">l\u00e4sst etwa 85% Licht in das Terrarium<\/strong>, Dies bedeutet, dass Sie eine sehr effiziente Versorgung mit UVB und sichtbarem Licht aufrechterhalten k\u00f6nnen. Dies ist besonders wichtig bei Aufstellungen, bei denen das UVB-Licht den Sonnenbereich und den Aktivit\u00e4tsbereich des Tieres richtig erreichen muss.<\/p>\n<h2 data-start=\"1077\" data-end=\"1123\">\ud83d\udd27 Scharniere f\u00fcr schnellen Lampenwechsel<\/h2>\n<p data-start=\"1124\" data-end=\"1360\">Enth\u00e4lt <strong data-start=\"1132\" data-end=\"1144\">Scharniere<\/strong> die den Zugang zum Bildschirm f\u00fcr <strong data-start=\"1188\" data-end=\"1210\">die T5-R\u00f6hre ersetzen<\/strong> ohne dass die gesamte Anlage demontiert werden muss. Dies spart Zeit bei der Wartung und verringert das Risiko von Bewegungen oder St\u00f6\u00dfen bei der Handhabung der Leinwand.<\/p>\n<h2 data-start=\"1362\" data-end=\"1412\">\ud83d\udee1\ufe0f Edelstahlverkleidungen und Kabelausl\u00e4sse<\/h2>\n<p data-start=\"1413\" data-end=\"1716\">Der K\u00e4fig hat <strong data-start=\"1433\" data-end=\"1461\">Edelstahl-Verkleidung<\/strong>, Sie ist so konzipiert, dass sie einer l\u00e4ngeren Verwendung in Terrarien, auch in Umgebungen mit einer gewissen Feuchtigkeit, standh\u00e4lt. Dar\u00fcber hinaus enth\u00e4lt es <strong data-start=\"1576\" data-end=\"1604\">mehrere Kabelanschl\u00fcsse<\/strong>, Dies ist sehr n\u00fctzlich, um eine saubere, sichere und geordnete Montage zu gew\u00e4hrleisten und Spannungen an Steckern und Kabeln zu vermeiden.<\/p>\n<h2 data-start=\"1718\" data-end=\"1775\">\ud83d\udccf Verf\u00fcgbare Gr\u00f6\u00dfen (je nach Bildschirmleistung)<\/h2>\n<p data-start=\"1776\" data-end=\"1837\">W\u00e4hlen Sie den Schutzkorb passend zu Ihrem Arcadia UV T5 Bildschirm:<\/p>\n<ul data-start=\"1839\" data-end=\"1906\">\n<li data-start=\"1839\" data-end=\"1861\">\n<p data-start=\"1841\" data-end=\"1861\"><strong data-start=\"1841\" data-end=\"1849\">24W:<\/strong> <strong data-start=\"1850\" data-end=\"1859\">66 cm<\/strong><\/p>\n<\/li>\n<li data-start=\"1862\" data-end=\"1884\">\n<p data-start=\"1864\" data-end=\"1884\"><strong data-start=\"1864\" data-end=\"1872\">39W:<\/strong> <strong data-start=\"1873\" data-end=\"1882\">96 cm<\/strong><\/p>\n<\/li>\n<li data-start=\"1885\" data-end=\"1906\">\n<p data-start=\"1887\" data-end=\"1906\"><strong data-start=\"1887\" data-end=\"1895\">54W:<\/strong> <strong data-start=\"1896\" data-end=\"1906\">126 cm<\/strong><\/p>\n<\/li>\n<\/ul>\n<h2 data-start=\"1908\" data-end=\"1974\">\ud83e\udde9 Empfehlung f\u00fcr ein sichereres Terrarium<\/h2>\n<p data-start=\"1975\" data-end=\"2075\">Wenn Sie Ihre Einrichtung optimieren wollen, kombinieren Sie den K\u00e4fig mit anderem Zubeh\u00f6r und der Terrariensteuerung:<\/p>\n<ul data-start=\"2076\" data-end=\"2307\">\n<li data-start=\"2076\" data-end=\"2178\">\n<p data-start=\"2078\" data-end=\"2178\">Arcadia-Beleuchtung und -Ersatzteile: <strong data-start=\"2141\" data-end=\"2176\"><a class=\"decorated-link\" href=\"https:\/\/kanakydesign.com\/de\/produkt\/pantalla-uvb\/\" target=\"_new\" rel=\"noopener\" data-start=\"2143\" data-end=\"2174\">https:\/\/www.kanakydesign.com\/<\/a><\/strong><\/p>\n<\/li>\n<li data-start=\"2179\" data-end=\"2307\">\n<p data-start=\"2181\" data-end=\"2307\">Steuerger\u00e4te (f\u00fcr Photoperiode und Automatisierung): <a class=\"decorated-link\" href=\"https:\/\/kanakydesign.com\/de\/produkt\/termostato-dia-noche\/\" target=\"_new\" rel=\"noopener\" data-start=\"2247\" data-end=\"2307\">https:\/\/kanakydesign.com\/<\/a><\/p>\n<\/li>\n<\/ul>\n<p data-start=\"2309\" data-end=\"2529\"><strong data-start=\"2309\" data-end=\"2321\">Rat:<\/strong> Obwohl dieser K\u00e4fig dazu beitr\u00e4gt, die Ger\u00e4te und die Tiere zu sch\u00fctzen, sollten Sie immer den empfohlenen Besonnungsabstand f\u00fcr Ihre Tierart \u00fcberpr\u00fcfen und sicherstellen, dass die UVB-Strahlung den Zielbereich ohne zus\u00e4tzliche Hindernisse erreicht.<\/p>","protected":false},"excerpt":{"rendered":"<p>Es ist wichtig, dass wir unseren Tieren Schutz vor allen m\u00f6glichen Gefahrenquellen bieten. Dieser Schutz erm\u00f6glicht es der 85%, von der Lampe in das Terrarium zu gelangen. Mit Scharnieren f\u00fcr einen einfachen Lampenwechsel. Geh\u00e4use aus rostfreiem Stahl und mehrere Kabelausl\u00e4sse.<\/p>\n<p>Die Messungen sind:<\/p>\n<p>- 24b: 66cm<\/p>\n<p>- 39b: 96cm<\/p>\n<p>- 54w: 126cm<\/p>\n<p>&nbsp;<\/p>","protected":false},"featured_media":1102,"template":"","meta":[],"product_brand":[],"product_cat":[23,25],"product_tag":[330,193,327,328,326,323,321,331,329,322,324,325],"class_list":{"0":"post-561","1":"product","2":"type-product","3":"status-publish","4":"has-post-thumbnail","6":"product_cat-accesorios","7":"product_cat-iluminacion","8":"product_tag-accesorios-arcadia-terrario","9":"product_tag-arcadia","10":"product_tag-arcadia-uvb-t5-guard","11":"product_tag-jaula-con-bisagras-terrario","12":"product_tag-jaula-pantalla-uvb","13":"product_tag-jaula-proteccion-uvb-terrario","14":"product_tag-jaula-protectora-arcadia-uvb-t5","15":"product_tag-proteccion-reptiles-terrario","16":"product_tag-protector-deja-pasar-85-luz","17":"product_tag-protector-pantalla-arcadia-t5","18":"product_tag-protector-tubo-t5-terrario","19":"product_tag-seguridad-iluminacion-terrario","20":"product_shipping_class-accesorios","22":"first","23":"instock","24":"taxable","25":"shipping-taxable","26":"purchasable","27":"product-type-variable"},"yoast_head":"<!-- This site is optimized with the Yoast SEO plugin v27.4 - https:\/\/yoast.com\/product\/yoast-seo-wordpress\/ -->\n<title>Jaula protectora Pantalla UVB | KanakyDesign Enclosures<\/title>\n<meta name=\"description\" content=\"Jaula protectora Arcadia UVB T5 para terrario: deja pasar 85% de la luz, bisagras para cambiar el tubo y revestimiento inoxidable. 66\/96\/126 cm.\" \/>\n<meta name=\"robots\" content=\"index, follow, max-snippet:-1, max-image-preview:large, max-video-preview:-1\" \/>\n<link rel=\"canonical\" href=\"https:\/\/kanakydesign.com\/de\/produkt\/jaula-protectora-pantalla-uvb\/\" \/>\n<meta property=\"og:locale\" content=\"de_DE\" \/>\n<meta property=\"og:type\" content=\"article\" \/>\n<meta property=\"og:title\" content=\"Jaula protectora Pantalla UVB | KanakyDesign Enclosures\" \/>\n<meta property=\"og:description\" content=\"Jaula protectora Arcadia UVB T5 para terrario: deja pasar 85% de la luz, bisagras para cambiar el tubo y revestimiento inoxidable. 66\/96\/126 cm.\" \/>\n<meta property=\"og:url\" content=\"https:\/\/kanakydesign.com\/de\/produkt\/jaula-protectora-pantalla-uvb\/\" \/>\n<meta property=\"og:site_name\" content=\"KanakyDesign Enclosures\" \/>\n<meta property=\"article:modified_time\" content=\"2026-02-27T10:43:42+00:00\" \/>\n<meta property=\"og:image\" content=\"https:\/\/kanakydesign.com\/wp-content\/uploads\/2023\/09\/DSC2849-scaled.jpg\" \/>\n\t<meta property=\"og:image:width\" content=\"2560\" \/>\n\t<meta property=\"og:image:height\" content=\"2560\" \/>\n\t<meta property=\"og:image:type\" content=\"image\/jpeg\" \/>\n<meta name=\"twitter:card\" content=\"summary_large_image\" \/>\n<meta name=\"twitter:label1\" content=\"Gesch\u00e4tzte Lesezeit\" \/>\n\t<meta name=\"twitter:data1\" content=\"2\u00a0Minuten\" \/>\n<script type=\"application\/ld+json\" class=\"yoast-schema-graph\">{\"@context\":\"https:\\\/\\\/schema.org\",\"@graph\":[{\"@type\":\"WebPage\",\"@id\":\"https:\\\/\\\/kanakydesign.com\\\/producto\\\/jaula-protectora-pantalla-uvb\\\/\",\"url\":\"https:\\\/\\\/kanakydesign.com\\\/producto\\\/jaula-protectora-pantalla-uvb\\\/\",\"name\":\"Jaula protectora Pantalla UVB | KanakyDesign Enclosures\",\"isPartOf\":{\"@id\":\"https:\\\/\\\/kanakydesign.com\\\/#website\"},\"primaryImageOfPage\":{\"@id\":\"https:\\\/\\\/kanakydesign.com\\\/producto\\\/jaula-protectora-pantalla-uvb\\\/#primaryimage\"},\"image\":{\"@id\":\"https:\\\/\\\/kanakydesign.com\\\/producto\\\/jaula-protectora-pantalla-uvb\\\/#primaryimage\"},\"thumbnailUrl\":\"https:\\\/\\\/kanakydesign.com\\\/wp-content\\\/uploads\\\/2023\\\/09\\\/DSC2849-scaled.jpg\",\"datePublished\":\"2023-07-01T09:49:59+00:00\",\"dateModified\":\"2026-02-27T10:43:42+00:00\",\"description\":\"Jaula protectora Arcadia UVB T5 para terrario: deja pasar 85% de la luz, bisagras para cambiar el tubo y revestimiento inoxidable. 66\\\/96\\\/126 cm.\",\"breadcrumb\":{\"@id\":\"https:\\\/\\\/kanakydesign.com\\\/producto\\\/jaula-protectora-pantalla-uvb\\\/#breadcrumb\"},\"inLanguage\":\"de\",\"potentialAction\":[{\"@type\":\"ReadAction\",\"target\":[\"https:\\\/\\\/kanakydesign.com\\\/producto\\\/jaula-protectora-pantalla-uvb\\\/\"]}]},{\"@type\":\"ImageObject\",\"inLanguage\":\"de\",\"@id\":\"https:\\\/\\\/kanakydesign.com\\\/producto\\\/jaula-protectora-pantalla-uvb\\\/#primaryimage\",\"url\":\"https:\\\/\\\/kanakydesign.com\\\/wp-content\\\/uploads\\\/2023\\\/09\\\/DSC2849-scaled.jpg\",\"contentUrl\":\"https:\\\/\\\/kanakydesign.com\\\/wp-content\\\/uploads\\\/2023\\\/09\\\/DSC2849-scaled.jpg\",\"width\":2560,\"height\":2560},{\"@type\":\"BreadcrumbList\",\"@id\":\"https:\\\/\\\/kanakydesign.com\\\/producto\\\/jaula-protectora-pantalla-uvb\\\/#breadcrumb\",\"itemListElement\":[{\"@type\":\"ListItem\",\"position\":1,\"name\":\"Portada\",\"item\":\"https:\\\/\\\/kanakydesign.com\\\/\"},{\"@type\":\"ListItem\",\"position\":2,\"name\":\"Tienda\",\"item\":\"https:\\\/\\\/kanakydesign.com\\\/tienda\\\/\"},{\"@type\":\"ListItem\",\"position\":3,\"name\":\"Jaula protectora Pantalla UVB\"}]},{\"@type\":\"WebSite\",\"@id\":\"https:\\\/\\\/kanakydesign.com\\\/#website\",\"url\":\"https:\\\/\\\/kanakydesign.com\\\/\",\"name\":\"KanakyDesign Enclosures\",\"description\":\"Become a professional keeper\",\"publisher\":{\"@id\":\"https:\\\/\\\/kanakydesign.com\\\/#organization\"},\"alternateName\":\"KanakyDesign\",\"potentialAction\":[{\"@type\":\"SearchAction\",\"target\":{\"@type\":\"EntryPoint\",\"urlTemplate\":\"https:\\\/\\\/kanakydesign.com\\\/?s={search_term_string}\"},\"query-input\":{\"@type\":\"PropertyValueSpecification\",\"valueRequired\":true,\"valueName\":\"search_term_string\"}}],\"inLanguage\":\"de\"},{\"@type\":\"Organization\",\"@id\":\"https:\\\/\\\/kanakydesign.com\\\/#organization\",\"name\":\"KanakyDesign Enclosures\",\"alternateName\":\"KanakyDesign\",\"url\":\"https:\\\/\\\/kanakydesign.com\\\/\",\"logo\":{\"@type\":\"ImageObject\",\"inLanguage\":\"de\",\"@id\":\"https:\\\/\\\/kanakydesign.com\\\/#\\\/schema\\\/logo\\\/image\\\/\",\"url\":\"https:\\\/\\\/kanakydesign.com\\\/wp-content\\\/uploads\\\/2023\\\/06\\\/Logo-KanakyDesign-circular-negro-1.png\",\"contentUrl\":\"https:\\\/\\\/kanakydesign.com\\\/wp-content\\\/uploads\\\/2023\\\/06\\\/Logo-KanakyDesign-circular-negro-1.png\",\"width\":2000,\"height\":2000,\"caption\":\"KanakyDesign Enclosures\"},\"image\":{\"@id\":\"https:\\\/\\\/kanakydesign.com\\\/#\\\/schema\\\/logo\\\/image\\\/\"}}]}<\/script>\n<!-- \/ Yoast SEO plugin. -->","yoast_head_json":{"title":"Schutzk\u00e4fig UVB-Bildschirm | KanakyDesign Enclosures","description":"Schutzk\u00e4fig Arcadia UVB T5 f\u00fcr Terrarien: 85% Lichtdurchl\u00e4ssigkeit, Scharniere, um die R\u00f6hre und Edelstahlbeschichtung zu \u00e4ndern. 66\/96\/126 cm.","robots":{"index":"index","follow":"follow","max-snippet":"max-snippet:-1","max-image-preview":"max-image-preview:large","max-video-preview":"max-video-preview:-1"},"canonical":"https:\/\/kanakydesign.com\/de\/produkt\/jaula-protectora-pantalla-uvb\/","og_locale":"de_DE","og_type":"article","og_title":"Jaula protectora Pantalla UVB | KanakyDesign Enclosures","og_description":"Jaula protectora Arcadia UVB T5 para terrario: deja pasar 85% de la luz, bisagras para cambiar el tubo y revestimiento inoxidable. 66\/96\/126 cm.","og_url":"https:\/\/kanakydesign.com\/de\/produkt\/jaula-protectora-pantalla-uvb\/","og_site_name":"KanakyDesign Enclosures","article_modified_time":"2026-02-27T10:43:42+00:00","og_image":[{"width":2560,"height":2560,"url":"https:\/\/kanakydesign.com\/wp-content\/uploads\/2023\/09\/DSC2849-scaled.jpg","type":"image\/jpeg"}],"twitter_card":"summary_large_image","twitter_misc":{"Gesch\u00e4tzte Lesezeit":"2\u00a0Minuten"},"schema":{"@context":"https:\/\/schema.org","@graph":[{"@type":"WebPage","@id":"https:\/\/kanakydesign.com\/producto\/jaula-protectora-pantalla-uvb\/","url":"https:\/\/kanakydesign.com\/producto\/jaula-protectora-pantalla-uvb\/","name":"Schutzk\u00e4fig UVB-Bildschirm | KanakyDesign Enclosures","isPartOf":{"@id":"https:\/\/kanakydesign.com\/#website"},"primaryImageOfPage":{"@id":"https:\/\/kanakydesign.com\/producto\/jaula-protectora-pantalla-uvb\/#primaryimage"},"image":{"@id":"https:\/\/kanakydesign.com\/producto\/jaula-protectora-pantalla-uvb\/#primaryimage"},"thumbnailUrl":"https:\/\/kanakydesign.com\/wp-content\/uploads\/2023\/09\/DSC2849-scaled.jpg","datePublished":"2023-07-01T09:49:59+00:00","dateModified":"2026-02-27T10:43:42+00:00","description":"Schutzk\u00e4fig Arcadia UVB T5 f\u00fcr Terrarien: 85% Lichtdurchl\u00e4ssigkeit, Scharniere, um die R\u00f6hre und Edelstahlbeschichtung zu \u00e4ndern. 66\/96\/126 cm.","breadcrumb":{"@id":"https:\/\/kanakydesign.com\/producto\/jaula-protectora-pantalla-uvb\/#breadcrumb"},"inLanguage":"de","potentialAction":[{"@type":"ReadAction","target":["https:\/\/kanakydesign.com\/producto\/jaula-protectora-pantalla-uvb\/"]}]},{"@type":"ImageObject","inLanguage":"de","@id":"https:\/\/kanakydesign.com\/producto\/jaula-protectora-pantalla-uvb\/#primaryimage","url":"https:\/\/kanakydesign.com\/wp-content\/uploads\/2023\/09\/DSC2849-scaled.jpg","contentUrl":"https:\/\/kanakydesign.com\/wp-content\/uploads\/2023\/09\/DSC2849-scaled.jpg","width":2560,"height":2560},{"@type":"BreadcrumbList","@id":"https:\/\/kanakydesign.com\/producto\/jaula-protectora-pantalla-uvb\/#breadcrumb","itemListElement":[{"@type":"ListItem","position":1,"name":"Portada","item":"https:\/\/kanakydesign.com\/"},{"@type":"ListItem","position":2,"name":"Tienda","item":"https:\/\/kanakydesign.com\/tienda\/"},{"@type":"ListItem","position":3,"name":"Jaula protectora Pantalla UVB"}]},{"@type":"WebSite","@id":"https:\/\/kanakydesign.com\/#website","url":"https:\/\/kanakydesign.com\/","name":"KanakyDesign-Geh\u00e4use","description":"Become a professional keeper","publisher":{"@id":"https:\/\/kanakydesign.com\/#organization"},"alternateName":"KanakyDesign","potentialAction":[{"@type":"SearchAction","target":{"@type":"EntryPoint","urlTemplate":"https:\/\/kanakydesign.com\/?s={search_term_string}"},"query-input":{"@type":"PropertyValueSpecification","valueRequired":true,"valueName":"search_term_string"}}],"inLanguage":"de"},{"@type":"Organization","@id":"https:\/\/kanakydesign.com\/#organization","name":"KanakyDesign-Geh\u00e4use","alternateName":"KanakyDesign","url":"https:\/\/kanakydesign.com\/","logo":{"@type":"ImageObject","inLanguage":"de","@id":"https:\/\/kanakydesign.com\/#\/schema\/logo\/image\/","url":"https:\/\/kanakydesign.com\/wp-content\/uploads\/2023\/06\/Logo-KanakyDesign-circular-negro-1.png","contentUrl":"https:\/\/kanakydesign.com\/wp-content\/uploads\/2023\/06\/Logo-KanakyDesign-circular-negro-1.png","width":2000,"height":2000,"caption":"KanakyDesign Enclosures"},"image":{"@id":"https:\/\/kanakydesign.com\/#\/schema\/logo\/image\/"}}]}},"_links":{"self":[{"href":"https:\/\/kanakydesign.com\/de\/wp-json\/wp\/v2\/product\/561","targetHints":{"allow":["GET"]}}],"collection":[{"href":"https:\/\/kanakydesign.com\/de\/wp-json\/wp\/v2\/product"}],"about":[{"href":"https:\/\/kanakydesign.com\/de\/wp-json\/wp\/v2\/types\/product"}],"wp:featuredmedia":[{"embeddable":true,"href":"https:\/\/kanakydesign.com\/de\/wp-json\/wp\/v2\/media\/1102"}],"wp:attachment":[{"href":"https:\/\/kanakydesign.com\/de\/wp-json\/wp\/v2\/media?parent=561"}],"wp:term":[{"taxonomy":"product_brand","embeddable":true,"href":"https:\/\/kanakydesign.com\/de\/wp-json\/wp\/v2\/product_brand?post=561"},{"taxonomy":"product_cat","embeddable":true,"href":"https:\/\/kanakydesign.com\/de\/wp-json\/wp\/v2\/product_cat?post=561"},{"taxonomy":"product_tag","embeddable":true,"href":"https:\/\/kanakydesign.com\/de\/wp-json\/wp\/v2\/product_tag?post=561"}],"curies":[{"name":"wp","href":"https:\/\/api.w.org\/{rel}","templated":true}]}}