{"id":560,"date":"2023-07-01T09:48:24","date_gmt":"2023-07-01T09:48:24","guid":{"rendered":"https:\/\/kanakydesign.com\/?post_type=product&#038;p=560"},"modified":"2026-02-08T01:06:12","modified_gmt":"2026-02-08T01:06:12","slug":"tapa-pasacables","status":"publish","type":"product","link":"https:\/\/kanakydesign.com\/de\/produkt\/tapa-pasacables\/","title":{"rendered":"Abdeckung der Kabeldurchf\u00fchrung"},"content":{"rendered":"<p data-start=\"175\" data-end=\"670\">Die <strong data-start=\"178\" data-end=\"220\">Kanaky Design Terrarium T\u00fcllenabdeckung<\/strong> mit <strong data-start=\"225\" data-end=\"240\">3 L\u00f6cher<\/strong> ist die perfekte L\u00f6sung, um Kabel aus dem Inneren des Terrariums zu ziehen, ohne gro\u00dfe L\u00fccken zu hinterlassen, durch die Tiere entkommen oder Lebendfutter eindringen kann. Wenn Sie Beleuchtungs-, Heizungs-, Bel\u00fcftungs-, Sensor- oder Regensysteme verwenden, ben\u00f6tigen Sie fr\u00fcher oder sp\u00e4ter einen gut durchdachten Kabeldurchgang: Mit dieser Abdeckung k\u00f6nnen Sie Ihre Einrichtung an Ort und Stelle halten. <strong data-start=\"580\" data-end=\"628\">sicher, sauber und wasserdicht auf \u201cLoch\u201d-Ebene\u201d<\/strong> (ohne gef\u00e4hrliche Bereiche in der Platte zu \u00f6ffnen).<\/p>\n<p data-start=\"672\" data-end=\"975\">Sie k\u00f6nnen besuchen <strong data-start=\"677\" data-end=\"694\">3D-gedruckt<\/strong> mit einer <strong data-start=\"702\" data-end=\"725\">strukturierte Oberfl\u00e4che<\/strong> so konzipiert, dass <strong data-start=\"743\" data-end=\"782\">keine Druckzeilen sichtbar sind<\/strong>, Das Ergebnis ist professioneller und diskreter auf der Vorderseite des Terrariums. Dar\u00fcber hinaus, <strong data-start=\"877\" data-end=\"910\">einschlie\u00dflich Befestigungsschrauben<\/strong>, Die Installation kann fest und sicher durchgef\u00fchrt werden.<\/p>\n<h4 data-start=\"977\" data-end=\"1023\">\u2705 3 Kabelausl\u00e4sse (keine gro\u00dfen \u00d6ffnungen)<\/h4>\n<p data-start=\"1024\" data-end=\"1252\">Der Deckel enth\u00e4lt <strong data-start=\"1042\" data-end=\"1056\">drei Schritte<\/strong> die es erm\u00f6glichen, verschiedene Kabel zu organisieren (z. B. Lampenkabel, Thermostatf\u00fchler, Ventilatoren oder Sensoren) und das typische \u201cimprovisierte Loch\u201d zu vermeiden, das am Ende eine undichte Stelle darstellt.<\/p>\n<h4 data-start=\"1254\" data-end=\"1300\">\ud83e\udde9 Abnehmbare Wimpern (leicht zu adaptieren)<\/h4>\n<p data-start=\"1301\" data-end=\"1463\">Sie werden sehen, dass das St\u00fcck einige <strong data-start=\"1335\" data-end=\"1347\">Wimpern<\/strong> mit einer leichten Befestigung am Hauptdeckel. Sie sind so konzipiert, dass Sie <strong data-start=\"1421\" data-end=\"1442\">das Loch \u00f6ffnen<\/strong> wenn Sie es brauchen:<\/p>\n<ul data-start=\"1464\" data-end=\"1552\">\n<li data-start=\"1464\" data-end=\"1496\">\n<p data-start=\"1466\" data-end=\"1496\">kann zur\u00fcckgezogen werden <strong data-start=\"1484\" data-end=\"1494\">von Hand<\/strong> o<\/p>\n<\/li>\n<li data-start=\"1497\" data-end=\"1552\">\n<p data-start=\"1499\" data-end=\"1552\">mit einer <strong data-start=\"1506\" data-end=\"1528\">scharfer Kartonschneider<\/strong> f\u00fcr einen sauberen Schnitt.<\/p>\n<\/li>\n<\/ul>\n<p data-start=\"1554\" data-end=\"1657\">Auf diese Weise bleibt die \u00d6ffnung geschlossen, wenn sie nicht gebraucht wird, und wird nur dann freigegeben, wenn ein Kabel verlegt werden soll.<\/p>\n<h4 data-start=\"1659\" data-end=\"1693\">\u267b\ufe0f Wichtig: es handelt sich um ein Ersatzteil<\/h4>\n<p data-start=\"1694\" data-end=\"1921\">Die <strong data-start=\"1698\" data-end=\"1738\">Terrarien gekauft bei Kanaky Design<\/strong> Die entsprechenden Kabeldurchf\u00fchrungen sind bereits enthalten. Dieses Produkt ist gedacht als <strong data-start=\"1822\" data-end=\"1834\">Ersatzteil<\/strong>, f\u00fcr den Fall, dass eine Abdeckung bricht, verloren geht oder Sie sie ersetzen m\u00f6chten, um die Baugruppe zu erneuern.<\/p>\n<p data-start=\"1923\" data-end=\"2007\">\ud83d\udc49 Mehr Zubeh\u00f6r und Ersatzteile f\u00fcr Terrarien: <strong data-start=\"1972\" data-end=\"2007\"><a class=\"decorated-link\" href=\"https:\/\/kanakydesign.com\/de\/produkt\/tapa-pasacables\/\" target=\"_new\" rel=\"noopener\" data-start=\"1974\" data-end=\"2005\">https:\/\/www.kanakydesign.com\/<\/a><\/strong><\/p>","protected":false},"excerpt":{"rendered":"<p>Kabeldurchf\u00fchrungsabdeckung mit 3 L\u00f6chern, geeignet f\u00fcr das Ziehen von Kabeln aus dem Inneren des Terrariums, um gro\u00dfe L\u00fccken zu vermeiden, durch die Tiere oder Lebendfutter entweichen k\u00f6nnen. Inklusive Befestigungsschrauben.<\/p>","protected":false},"featured_media":1096,"template":"","meta":[],"product_brand":[],"product_cat":[23,28],"product_tag":[560,565,555,558,562,557,561,559,564,563,556,554],"class_list":{"0":"post-560","1":"product","2":"type-product","3":"status-publish","4":"has-post-thumbnail","6":"product_cat-accesorios","7":"product_cat-complementos","8":"product_tag-accesorio-terrario-kanaky","9":"product_tag-evitar-escapes-terrario","10":"product_tag-pasacables-terrario","11":"product_tag-pasamuros-cables-terrario","12":"product_tag-pieza-impresa-3d-terrario","13":"product_tag-repuesto-pasacables","14":"product_tag-repuestos-terrario","15":"product_tag-salida-de-cables-terrario","16":"product_tag-seguridad-terrario","17":"product_tag-tapa-3-orificios-cables","18":"product_tag-tapa-pasacables-kanaky-design","19":"product_tag-tapa-pasacables-terrario","20":"product_shipping_class-accesorios","22":"first","23":"instock","24":"taxable","25":"shipping-taxable","26":"purchasable","27":"product-type-simple"},"yoast_head":"<!-- This site is optimized with the Yoast SEO plugin v27.4 - https:\/\/yoast.com\/product\/yoast-seo-wordpress\/ -->\n<title>Tapa pasacables | KanakyDesign Enclosures<\/title>\n<meta name=\"description\" content=\"Tapa pasacables terrario Kanaky Design con 3 salidas y tornillos. Evita huecos y escapes. Impresa 3D con acabado texturizado. Repuesto.\" \/>\n<meta name=\"robots\" content=\"index, follow, max-snippet:-1, max-image-preview:large, max-video-preview:-1\" \/>\n<link rel=\"canonical\" href=\"https:\/\/kanakydesign.com\/de\/produkt\/tapa-pasacables\/\" \/>\n<meta property=\"og:locale\" content=\"de_DE\" \/>\n<meta property=\"og:type\" content=\"article\" \/>\n<meta property=\"og:title\" content=\"Tapa pasacables | KanakyDesign Enclosures\" \/>\n<meta property=\"og:description\" content=\"Tapa pasacables terrario Kanaky Design con 3 salidas y tornillos. Evita huecos y escapes. Impresa 3D con acabado texturizado. Repuesto.\" \/>\n<meta property=\"og:url\" content=\"https:\/\/kanakydesign.com\/de\/produkt\/tapa-pasacables\/\" \/>\n<meta property=\"og:site_name\" content=\"KanakyDesign Enclosures\" \/>\n<meta property=\"article:modified_time\" content=\"2026-02-08T01:06:12+00:00\" \/>\n<meta property=\"og:image\" content=\"https:\/\/kanakydesign.com\/wp-content\/uploads\/2023\/09\/DSC2831.jpg\" \/>\n\t<meta property=\"og:image:width\" content=\"1870\" \/>\n\t<meta property=\"og:image:height\" content=\"1870\" \/>\n\t<meta property=\"og:image:type\" content=\"image\/jpeg\" \/>\n<meta name=\"twitter:card\" content=\"summary_large_image\" \/>\n<meta name=\"twitter:label1\" content=\"Gesch\u00e4tzte Lesezeit\" \/>\n\t<meta name=\"twitter:data1\" content=\"2\u00a0Minuten\" \/>\n<script type=\"application\/ld+json\" class=\"yoast-schema-graph\">{\"@context\":\"https:\\\/\\\/schema.org\",\"@graph\":[{\"@type\":\"WebPage\",\"@id\":\"https:\\\/\\\/kanakydesign.com\\\/producto\\\/tapa-pasacables\\\/\",\"url\":\"https:\\\/\\\/kanakydesign.com\\\/producto\\\/tapa-pasacables\\\/\",\"name\":\"Tapa pasacables | KanakyDesign Enclosures\",\"isPartOf\":{\"@id\":\"https:\\\/\\\/kanakydesign.com\\\/#website\"},\"primaryImageOfPage\":{\"@id\":\"https:\\\/\\\/kanakydesign.com\\\/producto\\\/tapa-pasacables\\\/#primaryimage\"},\"image\":{\"@id\":\"https:\\\/\\\/kanakydesign.com\\\/producto\\\/tapa-pasacables\\\/#primaryimage\"},\"thumbnailUrl\":\"https:\\\/\\\/kanakydesign.com\\\/wp-content\\\/uploads\\\/2023\\\/09\\\/DSC2831.jpg\",\"datePublished\":\"2023-07-01T09:48:24+00:00\",\"dateModified\":\"2026-02-08T01:06:12+00:00\",\"description\":\"Tapa pasacables terrario Kanaky Design con 3 salidas y tornillos. Evita huecos y escapes. Impresa 3D con acabado texturizado. Repuesto.\",\"breadcrumb\":{\"@id\":\"https:\\\/\\\/kanakydesign.com\\\/producto\\\/tapa-pasacables\\\/#breadcrumb\"},\"inLanguage\":\"de\",\"potentialAction\":[{\"@type\":\"ReadAction\",\"target\":[\"https:\\\/\\\/kanakydesign.com\\\/producto\\\/tapa-pasacables\\\/\"]}]},{\"@type\":\"ImageObject\",\"inLanguage\":\"de\",\"@id\":\"https:\\\/\\\/kanakydesign.com\\\/producto\\\/tapa-pasacables\\\/#primaryimage\",\"url\":\"https:\\\/\\\/kanakydesign.com\\\/wp-content\\\/uploads\\\/2023\\\/09\\\/DSC2831.jpg\",\"contentUrl\":\"https:\\\/\\\/kanakydesign.com\\\/wp-content\\\/uploads\\\/2023\\\/09\\\/DSC2831.jpg\",\"width\":1870,\"height\":1870},{\"@type\":\"BreadcrumbList\",\"@id\":\"https:\\\/\\\/kanakydesign.com\\\/producto\\\/tapa-pasacables\\\/#breadcrumb\",\"itemListElement\":[{\"@type\":\"ListItem\",\"position\":1,\"name\":\"Portada\",\"item\":\"https:\\\/\\\/kanakydesign.com\\\/\"},{\"@type\":\"ListItem\",\"position\":2,\"name\":\"Tienda\",\"item\":\"https:\\\/\\\/kanakydesign.com\\\/tienda\\\/\"},{\"@type\":\"ListItem\",\"position\":3,\"name\":\"Tapa pasacables\"}]},{\"@type\":\"WebSite\",\"@id\":\"https:\\\/\\\/kanakydesign.com\\\/#website\",\"url\":\"https:\\\/\\\/kanakydesign.com\\\/\",\"name\":\"KanakyDesign Enclosures\",\"description\":\"Become a professional keeper\",\"publisher\":{\"@id\":\"https:\\\/\\\/kanakydesign.com\\\/#organization\"},\"alternateName\":\"KanakyDesign\",\"potentialAction\":[{\"@type\":\"SearchAction\",\"target\":{\"@type\":\"EntryPoint\",\"urlTemplate\":\"https:\\\/\\\/kanakydesign.com\\\/?s={search_term_string}\"},\"query-input\":{\"@type\":\"PropertyValueSpecification\",\"valueRequired\":true,\"valueName\":\"search_term_string\"}}],\"inLanguage\":\"de\"},{\"@type\":\"Organization\",\"@id\":\"https:\\\/\\\/kanakydesign.com\\\/#organization\",\"name\":\"KanakyDesign Enclosures\",\"alternateName\":\"KanakyDesign\",\"url\":\"https:\\\/\\\/kanakydesign.com\\\/\",\"logo\":{\"@type\":\"ImageObject\",\"inLanguage\":\"de\",\"@id\":\"https:\\\/\\\/kanakydesign.com\\\/#\\\/schema\\\/logo\\\/image\\\/\",\"url\":\"https:\\\/\\\/kanakydesign.com\\\/wp-content\\\/uploads\\\/2023\\\/06\\\/Logo-KanakyDesign-circular-negro-1.png\",\"contentUrl\":\"https:\\\/\\\/kanakydesign.com\\\/wp-content\\\/uploads\\\/2023\\\/06\\\/Logo-KanakyDesign-circular-negro-1.png\",\"width\":2000,\"height\":2000,\"caption\":\"KanakyDesign Enclosures\"},\"image\":{\"@id\":\"https:\\\/\\\/kanakydesign.com\\\/#\\\/schema\\\/logo\\\/image\\\/\"}}]}<\/script>\n<!-- \/ Yoast SEO plugin. -->","yoast_head_json":{"title":"Abdeckung der Kabeldurchf\u00fchrung : KanakyDesign Enclosures","description":"Kanaky Design Terrarienabdeckung mit 3 Ausl\u00e4ssen und Schrauben. Verhindert L\u00fccken und Lecks. 3D-gedruckt mit strukturierter Oberfl\u00e4che. Ersatzteil.","robots":{"index":"index","follow":"follow","max-snippet":"max-snippet:-1","max-image-preview":"max-image-preview:large","max-video-preview":"max-video-preview:-1"},"canonical":"https:\/\/kanakydesign.com\/de\/produkt\/tapa-pasacables\/","og_locale":"de_DE","og_type":"article","og_title":"Tapa pasacables | KanakyDesign Enclosures","og_description":"Tapa pasacables terrario Kanaky Design con 3 salidas y tornillos. Evita huecos y escapes. Impresa 3D con acabado texturizado. Repuesto.","og_url":"https:\/\/kanakydesign.com\/de\/produkt\/tapa-pasacables\/","og_site_name":"KanakyDesign Enclosures","article_modified_time":"2026-02-08T01:06:12+00:00","og_image":[{"width":1870,"height":1870,"url":"https:\/\/kanakydesign.com\/wp-content\/uploads\/2023\/09\/DSC2831.jpg","type":"image\/jpeg"}],"twitter_card":"summary_large_image","twitter_misc":{"Gesch\u00e4tzte Lesezeit":"2\u00a0Minuten"},"schema":{"@context":"https:\/\/schema.org","@graph":[{"@type":"WebPage","@id":"https:\/\/kanakydesign.com\/producto\/tapa-pasacables\/","url":"https:\/\/kanakydesign.com\/producto\/tapa-pasacables\/","name":"Abdeckung der Kabeldurchf\u00fchrung : KanakyDesign Enclosures","isPartOf":{"@id":"https:\/\/kanakydesign.com\/#website"},"primaryImageOfPage":{"@id":"https:\/\/kanakydesign.com\/producto\/tapa-pasacables\/#primaryimage"},"image":{"@id":"https:\/\/kanakydesign.com\/producto\/tapa-pasacables\/#primaryimage"},"thumbnailUrl":"https:\/\/kanakydesign.com\/wp-content\/uploads\/2023\/09\/DSC2831.jpg","datePublished":"2023-07-01T09:48:24+00:00","dateModified":"2026-02-08T01:06:12+00:00","description":"Kanaky Design Terrarienabdeckung mit 3 Ausl\u00e4ssen und Schrauben. Verhindert L\u00fccken und Lecks. 3D-gedruckt mit strukturierter Oberfl\u00e4che. Ersatzteil.","breadcrumb":{"@id":"https:\/\/kanakydesign.com\/producto\/tapa-pasacables\/#breadcrumb"},"inLanguage":"de","potentialAction":[{"@type":"ReadAction","target":["https:\/\/kanakydesign.com\/producto\/tapa-pasacables\/"]}]},{"@type":"ImageObject","inLanguage":"de","@id":"https:\/\/kanakydesign.com\/producto\/tapa-pasacables\/#primaryimage","url":"https:\/\/kanakydesign.com\/wp-content\/uploads\/2023\/09\/DSC2831.jpg","contentUrl":"https:\/\/kanakydesign.com\/wp-content\/uploads\/2023\/09\/DSC2831.jpg","width":1870,"height":1870},{"@type":"BreadcrumbList","@id":"https:\/\/kanakydesign.com\/producto\/tapa-pasacables\/#breadcrumb","itemListElement":[{"@type":"ListItem","position":1,"name":"Portada","item":"https:\/\/kanakydesign.com\/"},{"@type":"ListItem","position":2,"name":"Tienda","item":"https:\/\/kanakydesign.com\/tienda\/"},{"@type":"ListItem","position":3,"name":"Tapa pasacables"}]},{"@type":"WebSite","@id":"https:\/\/kanakydesign.com\/#website","url":"https:\/\/kanakydesign.com\/","name":"KanakyDesign-Geh\u00e4use","description":"Become a professional keeper","publisher":{"@id":"https:\/\/kanakydesign.com\/#organization"},"alternateName":"KanakyDesign","potentialAction":[{"@type":"SearchAction","target":{"@type":"EntryPoint","urlTemplate":"https:\/\/kanakydesign.com\/?s={search_term_string}"},"query-input":{"@type":"PropertyValueSpecification","valueRequired":true,"valueName":"search_term_string"}}],"inLanguage":"de"},{"@type":"Organization","@id":"https:\/\/kanakydesign.com\/#organization","name":"KanakyDesign-Geh\u00e4use","alternateName":"KanakyDesign","url":"https:\/\/kanakydesign.com\/","logo":{"@type":"ImageObject","inLanguage":"de","@id":"https:\/\/kanakydesign.com\/#\/schema\/logo\/image\/","url":"https:\/\/kanakydesign.com\/wp-content\/uploads\/2023\/06\/Logo-KanakyDesign-circular-negro-1.png","contentUrl":"https:\/\/kanakydesign.com\/wp-content\/uploads\/2023\/06\/Logo-KanakyDesign-circular-negro-1.png","width":2000,"height":2000,"caption":"KanakyDesign Enclosures"},"image":{"@id":"https:\/\/kanakydesign.com\/#\/schema\/logo\/image\/"}}]}},"_links":{"self":[{"href":"https:\/\/kanakydesign.com\/de\/wp-json\/wp\/v2\/product\/560","targetHints":{"allow":["GET"]}}],"collection":[{"href":"https:\/\/kanakydesign.com\/de\/wp-json\/wp\/v2\/product"}],"about":[{"href":"https:\/\/kanakydesign.com\/de\/wp-json\/wp\/v2\/types\/product"}],"wp:featuredmedia":[{"embeddable":true,"href":"https:\/\/kanakydesign.com\/de\/wp-json\/wp\/v2\/media\/1096"}],"wp:attachment":[{"href":"https:\/\/kanakydesign.com\/de\/wp-json\/wp\/v2\/media?parent=560"}],"wp:term":[{"taxonomy":"product_brand","embeddable":true,"href":"https:\/\/kanakydesign.com\/de\/wp-json\/wp\/v2\/product_brand?post=560"},{"taxonomy":"product_cat","embeddable":true,"href":"https:\/\/kanakydesign.com\/de\/wp-json\/wp\/v2\/product_cat?post=560"},{"taxonomy":"product_tag","embeddable":true,"href":"https:\/\/kanakydesign.com\/de\/wp-json\/wp\/v2\/product_tag?post=560"}],"curies":[{"name":"wp","href":"https:\/\/api.w.org\/{rel}","templated":true}]}}