{"id":548,"date":"2023-07-01T09:45:34","date_gmt":"2023-07-01T09:45:34","guid":{"rendered":"https:\/\/kanakydesign.com\/?post_type=product&#038;p=548"},"modified":"2026-02-08T00:48:40","modified_gmt":"2026-02-08T00:48:40","slug":"percha-pvc-blanco","status":"publish","type":"product","link":"https:\/\/kanakydesign.com\/de\/produkt\/percha-pvc-blanco\/","title":{"rendered":"PVC-Aufh\u00e4nger"},"content":{"rendered":"<p data-start=\"179\" data-end=\"628\">Die <strong data-start=\"182\" data-end=\"227\">PVC Sitzstange f\u00fcr Baumschlangen<\/strong> ist eine praktische und dauerhafte Alternative zu nat\u00fcrlichen \u00c4sten, wenn Sie eine Sitzstange suchen. <strong data-start=\"315\" data-end=\"356\">stabil, hygienisch und leicht zu reinigen<\/strong>. Es ist speziell f\u00fcr Arten wie die folgenden konzipiert <strong data-start=\"404\" data-end=\"440\">Corallus caninus (Smaragdboa)<\/strong> y <strong data-start=\"443\" data-end=\"487\">Morelia viridis (Gr\u00fcner Baumpython)<\/strong>, die einen gro\u00dfen Teil ihres Lebens in der H\u00f6he verbringen und einen sicheren Halt brauchen, um sich auszuruhen, zu thermoregulieren und eine nat\u00fcrliche Ruhestellung einzunehmen.<\/p>\n<p data-start=\"630\" data-end=\"995\">Im Gegensatz zu organischen Materialien zersetzt sich PVC nicht mit der Feuchtigkeit im Terrarium, splittert nicht und erm\u00f6glicht es Ihnen, eine Sitzstange auch in tropischen oder bioaktiven Einrichtungen mit h\u00e4ufigem Bespr\u00fchen so fest wie immer zu halten. Es ist eine sehr n\u00fctzliche Option, wenn Sie ein funktionelles, pflegeleichtes Terrarium mit Sitzstangen w\u00fcnschen, die Sie schnell desinfizieren und wieder einsetzen k\u00f6nnen.<\/p>\n<h2 data-start=\"997\" data-end=\"1056\">\u2705 Ideal f\u00fcr Baumv\u00f6gel: stabile und best\u00e4ndige Sitzstangen<\/h2>\n<p data-start=\"1057\" data-end=\"1212\">Bei baumbewohnenden Arten ist eine stabile Sitzstange der Schl\u00fcssel zum Stressabbau und zur Verbesserung des nat\u00fcrlichen Verhaltens. Diese <strong data-start=\"1172\" data-end=\"1203\">PVC-Terrarienaufh\u00e4nger<\/strong> Beihilfe zu:<\/p>\n<ul data-start=\"1213\" data-end=\"1471\">\n<li data-start=\"1213\" data-end=\"1263\">\n<p data-start=\"1215\" data-end=\"1263\">Schaffung eines Hauptruhepunkts in der H\u00f6he<\/p>\n<\/li>\n<li data-start=\"1264\" data-end=\"1329\">\n<p data-start=\"1266\" data-end=\"1329\">Gestaltung von Bewegungswegen zwischen \u00c4sten, Reben und Plattformen<\/p>\n<\/li>\n<li data-start=\"1330\" data-end=\"1389\">\n<p data-start=\"1332\" data-end=\"1389\">eine regelm\u00e4\u00dfige Unterst\u00fctzung, die sich im Laufe der Zeit nicht \u00e4ndert<\/p>\n<\/li>\n<li data-start=\"1390\" data-end=\"1471\">\n<p data-start=\"1392\" data-end=\"1471\">zur Erleichterung der Organisation von Terrarien in Zucht- oder Pflegeeinrichtungen<\/p>\n<\/li>\n<\/ul>\n<h2 data-start=\"1473\" data-end=\"1508\">\ud83e\uddfc Leicht zu reinigen und wiederzuverwenden<\/h2>\n<p data-start=\"1509\" data-end=\"1786\">Einer der gro\u00dfen Pluspunkte von PVC ist die Pflege: Sie k\u00f6nnen die Sitzstangen leicht entfernen, reinigen und desinfizieren (unter Beachtung sicherer Praktiken) und ersetzen, ohne dass sie ihre Eigenschaften verlieren. In Terrarien mit hoher Luftfeuchtigkeit macht sich dies auf lange Sicht sehr bemerkbar.<\/p>\n<h2 data-start=\"1788\" data-end=\"1811\">\ud83d\udee0\ufe0f Ideen f\u00fcr die Montage<\/h2>\n<ul data-start=\"1812\" data-end=\"2089\">\n<li data-start=\"1812\" data-end=\"1882\">\n<p data-start=\"1814\" data-end=\"1882\">Platzieren Sie ihn im oberen Drittel des Terrariums als Hauptbarsch.<\/p>\n<\/li>\n<li data-start=\"1883\" data-end=\"1969\">\n<p data-start=\"1885\" data-end=\"1969\">Kombinieren Sie ihn mit einem weiteren Kleiderb\u00fcgel in einer anderen H\u00f6he, um mehr Schlafm\u00f6glichkeiten zu haben.<\/p>\n<\/li>\n<li data-start=\"1970\" data-end=\"2089\">\n<p data-start=\"1972\" data-end=\"2089\">Sichern Sie die Fixierung mit geeigneten St\u00fctzen, um ein Verdrehen oder Verrutschen zu verhindern, insbesondere bei erwachsenen Exemplaren.<\/p>\n<\/li>\n<\/ul>\n<p data-start=\"2091\" data-end=\"2215\">\ud83d\udc49 Mehr Zubeh\u00f6r und Kleiderb\u00fcgel finden Sie unter <strong data-start=\"2146\" data-end=\"2181\"><a class=\"decorated-link\" href=\"https:\/\/kanakydesign.com\/de\/categoria\/accesorios\/complementos\/\" target=\"_new\" rel=\"noopener\" data-start=\"2148\" data-end=\"2179\">https:\/\/www.kanakydesign.com\/<\/a><\/strong> und vervollst\u00e4ndigen Sie Ihre Baumschuleinrichtung.<\/p>","protected":false},"excerpt":{"rendered":"<p>PVC-Rohre, die speziell f\u00fcr Baumschlangenarten wie <em>Hornkraut (Corallus caninus)<\/em> o <em>Morelia viridis<\/em>.<\/p>","protected":false},"featured_media":1095,"template":"","meta":[],"product_brand":[],"product_cat":[23,28],"product_tag":[496,527,493,492,524,523,519,521,526,522,525,520],"class_list":{"0":"post-548","1":"product","2":"type-product","3":"status-publish","4":"has-post-thumbnail","6":"product_cat-accesorios","7":"product_cat-complementos","8":"product_tag-accesorio-terrario-arboricola","9":"product_tag-decoracion-funcional-terrario","10":"product_tag-percha-corallus-caninus","11":"product_tag-percha-morelia-viridis","12":"product_tag-percha-para-boa-esmeralda","13":"product_tag-percha-para-piton-verde","14":"product_tag-percha-pvc-terrario","15":"product_tag-percha-serpientes-arboricolas","16":"product_tag-perchas-para-serpientes","17":"product_tag-posadero-pvc-terrario","18":"product_tag-rama-artificial-pvc-terrario","19":"product_tag-tubo-pvc-terrario","21":"first","22":"instock","23":"taxable","24":"shipping-taxable","25":"purchasable","26":"product-type-variable"},"yoast_head":"<!-- This site is optimized with the Yoast SEO plugin v27.4 - https:\/\/yoast.com\/product\/yoast-seo-wordpress\/ -->\n<title>Percha PVC | KanakyDesign Enclosures<\/title>\n<meta name=\"description\" content=\"Percha PVC terrario para serpientes arbor\u00edcolas (Corallus caninus, Morelia viridis). Posadero estable, duradero y f\u00e1cil de limpiar en terrarios h\u00famedos.\" \/>\n<meta name=\"robots\" content=\"index, follow, max-snippet:-1, max-image-preview:large, max-video-preview:-1\" \/>\n<link rel=\"canonical\" href=\"https:\/\/kanakydesign.com\/de\/produkt\/percha-pvc-blanco\/\" \/>\n<meta property=\"og:locale\" content=\"de_DE\" \/>\n<meta property=\"og:type\" content=\"article\" \/>\n<meta property=\"og:title\" content=\"Percha PVC | KanakyDesign Enclosures\" \/>\n<meta property=\"og:description\" content=\"Percha PVC terrario para serpientes arbor\u00edcolas (Corallus caninus, Morelia viridis). Posadero estable, duradero y f\u00e1cil de limpiar en terrarios h\u00famedos.\" \/>\n<meta property=\"og:url\" content=\"https:\/\/kanakydesign.com\/de\/produkt\/percha-pvc-blanco\/\" \/>\n<meta property=\"og:site_name\" content=\"KanakyDesign Enclosures\" \/>\n<meta property=\"article:modified_time\" content=\"2026-02-08T00:48:40+00:00\" \/>\n<meta property=\"og:image\" content=\"https:\/\/kanakydesign.com\/wp-content\/uploads\/2023\/09\/DSC2830-scaled.jpg\" \/>\n\t<meta property=\"og:image:width\" content=\"2560\" \/>\n\t<meta property=\"og:image:height\" content=\"2560\" \/>\n\t<meta property=\"og:image:type\" content=\"image\/jpeg\" \/>\n<meta name=\"twitter:card\" content=\"summary_large_image\" \/>\n<meta name=\"twitter:label1\" content=\"Gesch\u00e4tzte Lesezeit\" \/>\n\t<meta name=\"twitter:data1\" content=\"2\u00a0Minuten\" \/>\n<script type=\"application\/ld+json\" class=\"yoast-schema-graph\">{\"@context\":\"https:\\\/\\\/schema.org\",\"@graph\":[{\"@type\":\"WebPage\",\"@id\":\"https:\\\/\\\/kanakydesign.com\\\/producto\\\/percha-pvc-blanco\\\/\",\"url\":\"https:\\\/\\\/kanakydesign.com\\\/producto\\\/percha-pvc-blanco\\\/\",\"name\":\"Percha PVC | KanakyDesign Enclosures\",\"isPartOf\":{\"@id\":\"https:\\\/\\\/kanakydesign.com\\\/#website\"},\"primaryImageOfPage\":{\"@id\":\"https:\\\/\\\/kanakydesign.com\\\/producto\\\/percha-pvc-blanco\\\/#primaryimage\"},\"image\":{\"@id\":\"https:\\\/\\\/kanakydesign.com\\\/producto\\\/percha-pvc-blanco\\\/#primaryimage\"},\"thumbnailUrl\":\"https:\\\/\\\/kanakydesign.com\\\/wp-content\\\/uploads\\\/2023\\\/09\\\/DSC2830-scaled.jpg\",\"datePublished\":\"2023-07-01T09:45:34+00:00\",\"dateModified\":\"2026-02-08T00:48:40+00:00\",\"description\":\"Percha PVC terrario para serpientes arbor\u00edcolas (Corallus caninus, Morelia viridis). Posadero estable, duradero y f\u00e1cil de limpiar en terrarios h\u00famedos.\",\"breadcrumb\":{\"@id\":\"https:\\\/\\\/kanakydesign.com\\\/producto\\\/percha-pvc-blanco\\\/#breadcrumb\"},\"inLanguage\":\"de\",\"potentialAction\":[{\"@type\":\"ReadAction\",\"target\":[\"https:\\\/\\\/kanakydesign.com\\\/producto\\\/percha-pvc-blanco\\\/\"]}]},{\"@type\":\"ImageObject\",\"inLanguage\":\"de\",\"@id\":\"https:\\\/\\\/kanakydesign.com\\\/producto\\\/percha-pvc-blanco\\\/#primaryimage\",\"url\":\"https:\\\/\\\/kanakydesign.com\\\/wp-content\\\/uploads\\\/2023\\\/09\\\/DSC2830-scaled.jpg\",\"contentUrl\":\"https:\\\/\\\/kanakydesign.com\\\/wp-content\\\/uploads\\\/2023\\\/09\\\/DSC2830-scaled.jpg\",\"width\":2560,\"height\":2560},{\"@type\":\"BreadcrumbList\",\"@id\":\"https:\\\/\\\/kanakydesign.com\\\/producto\\\/percha-pvc-blanco\\\/#breadcrumb\",\"itemListElement\":[{\"@type\":\"ListItem\",\"position\":1,\"name\":\"Portada\",\"item\":\"https:\\\/\\\/kanakydesign.com\\\/\"},{\"@type\":\"ListItem\",\"position\":2,\"name\":\"Tienda\",\"item\":\"https:\\\/\\\/kanakydesign.com\\\/tienda\\\/\"},{\"@type\":\"ListItem\",\"position\":3,\"name\":\"Percha PVC\"}]},{\"@type\":\"WebSite\",\"@id\":\"https:\\\/\\\/kanakydesign.com\\\/#website\",\"url\":\"https:\\\/\\\/kanakydesign.com\\\/\",\"name\":\"KanakyDesign Enclosures\",\"description\":\"Become a professional keeper\",\"publisher\":{\"@id\":\"https:\\\/\\\/kanakydesign.com\\\/#organization\"},\"alternateName\":\"KanakyDesign\",\"potentialAction\":[{\"@type\":\"SearchAction\",\"target\":{\"@type\":\"EntryPoint\",\"urlTemplate\":\"https:\\\/\\\/kanakydesign.com\\\/?s={search_term_string}\"},\"query-input\":{\"@type\":\"PropertyValueSpecification\",\"valueRequired\":true,\"valueName\":\"search_term_string\"}}],\"inLanguage\":\"de\"},{\"@type\":\"Organization\",\"@id\":\"https:\\\/\\\/kanakydesign.com\\\/#organization\",\"name\":\"KanakyDesign Enclosures\",\"alternateName\":\"KanakyDesign\",\"url\":\"https:\\\/\\\/kanakydesign.com\\\/\",\"logo\":{\"@type\":\"ImageObject\",\"inLanguage\":\"de\",\"@id\":\"https:\\\/\\\/kanakydesign.com\\\/#\\\/schema\\\/logo\\\/image\\\/\",\"url\":\"https:\\\/\\\/kanakydesign.com\\\/wp-content\\\/uploads\\\/2023\\\/06\\\/Logo-KanakyDesign-circular-negro-1.png\",\"contentUrl\":\"https:\\\/\\\/kanakydesign.com\\\/wp-content\\\/uploads\\\/2023\\\/06\\\/Logo-KanakyDesign-circular-negro-1.png\",\"width\":2000,\"height\":2000,\"caption\":\"KanakyDesign Enclosures\"},\"image\":{\"@id\":\"https:\\\/\\\/kanakydesign.com\\\/#\\\/schema\\\/logo\\\/image\\\/\"}}]}<\/script>\n<!-- \/ Yoast SEO plugin. -->","yoast_head_json":{"title":"PVC-Aufh\u00e4nger : KanakyDesign Enclosures","description":"PVC-Terrarienbarsch f\u00fcr Baumschlangen (Corallus caninus, Morelia viridis). Stabile, langlebige und leicht zu reinigende Sitzstange f\u00fcr Feuchtterrarien.","robots":{"index":"index","follow":"follow","max-snippet":"max-snippet:-1","max-image-preview":"max-image-preview:large","max-video-preview":"max-video-preview:-1"},"canonical":"https:\/\/kanakydesign.com\/de\/produkt\/percha-pvc-blanco\/","og_locale":"de_DE","og_type":"article","og_title":"Percha PVC | KanakyDesign Enclosures","og_description":"Percha PVC terrario para serpientes arbor\u00edcolas (Corallus caninus, Morelia viridis). Posadero estable, duradero y f\u00e1cil de limpiar en terrarios h\u00famedos.","og_url":"https:\/\/kanakydesign.com\/de\/produkt\/percha-pvc-blanco\/","og_site_name":"KanakyDesign Enclosures","article_modified_time":"2026-02-08T00:48:40+00:00","og_image":[{"width":2560,"height":2560,"url":"https:\/\/kanakydesign.com\/wp-content\/uploads\/2023\/09\/DSC2830-scaled.jpg","type":"image\/jpeg"}],"twitter_card":"summary_large_image","twitter_misc":{"Gesch\u00e4tzte Lesezeit":"2\u00a0Minuten"},"schema":{"@context":"https:\/\/schema.org","@graph":[{"@type":"WebPage","@id":"https:\/\/kanakydesign.com\/producto\/percha-pvc-blanco\/","url":"https:\/\/kanakydesign.com\/producto\/percha-pvc-blanco\/","name":"PVC-Aufh\u00e4nger : KanakyDesign Enclosures","isPartOf":{"@id":"https:\/\/kanakydesign.com\/#website"},"primaryImageOfPage":{"@id":"https:\/\/kanakydesign.com\/producto\/percha-pvc-blanco\/#primaryimage"},"image":{"@id":"https:\/\/kanakydesign.com\/producto\/percha-pvc-blanco\/#primaryimage"},"thumbnailUrl":"https:\/\/kanakydesign.com\/wp-content\/uploads\/2023\/09\/DSC2830-scaled.jpg","datePublished":"2023-07-01T09:45:34+00:00","dateModified":"2026-02-08T00:48:40+00:00","description":"PVC-Terrarienbarsch f\u00fcr Baumschlangen (Corallus caninus, Morelia viridis). Stabile, langlebige und leicht zu reinigende Sitzstange f\u00fcr Feuchtterrarien.","breadcrumb":{"@id":"https:\/\/kanakydesign.com\/producto\/percha-pvc-blanco\/#breadcrumb"},"inLanguage":"de","potentialAction":[{"@type":"ReadAction","target":["https:\/\/kanakydesign.com\/producto\/percha-pvc-blanco\/"]}]},{"@type":"ImageObject","inLanguage":"de","@id":"https:\/\/kanakydesign.com\/producto\/percha-pvc-blanco\/#primaryimage","url":"https:\/\/kanakydesign.com\/wp-content\/uploads\/2023\/09\/DSC2830-scaled.jpg","contentUrl":"https:\/\/kanakydesign.com\/wp-content\/uploads\/2023\/09\/DSC2830-scaled.jpg","width":2560,"height":2560},{"@type":"BreadcrumbList","@id":"https:\/\/kanakydesign.com\/producto\/percha-pvc-blanco\/#breadcrumb","itemListElement":[{"@type":"ListItem","position":1,"name":"Portada","item":"https:\/\/kanakydesign.com\/"},{"@type":"ListItem","position":2,"name":"Tienda","item":"https:\/\/kanakydesign.com\/tienda\/"},{"@type":"ListItem","position":3,"name":"Percha PVC"}]},{"@type":"WebSite","@id":"https:\/\/kanakydesign.com\/#website","url":"https:\/\/kanakydesign.com\/","name":"KanakyDesign-Geh\u00e4use","description":"Become a professional keeper","publisher":{"@id":"https:\/\/kanakydesign.com\/#organization"},"alternateName":"KanakyDesign","potentialAction":[{"@type":"SearchAction","target":{"@type":"EntryPoint","urlTemplate":"https:\/\/kanakydesign.com\/?s={search_term_string}"},"query-input":{"@type":"PropertyValueSpecification","valueRequired":true,"valueName":"search_term_string"}}],"inLanguage":"de"},{"@type":"Organization","@id":"https:\/\/kanakydesign.com\/#organization","name":"KanakyDesign-Geh\u00e4use","alternateName":"KanakyDesign","url":"https:\/\/kanakydesign.com\/","logo":{"@type":"ImageObject","inLanguage":"de","@id":"https:\/\/kanakydesign.com\/#\/schema\/logo\/image\/","url":"https:\/\/kanakydesign.com\/wp-content\/uploads\/2023\/06\/Logo-KanakyDesign-circular-negro-1.png","contentUrl":"https:\/\/kanakydesign.com\/wp-content\/uploads\/2023\/06\/Logo-KanakyDesign-circular-negro-1.png","width":2000,"height":2000,"caption":"KanakyDesign Enclosures"},"image":{"@id":"https:\/\/kanakydesign.com\/#\/schema\/logo\/image\/"}}]}},"_links":{"self":[{"href":"https:\/\/kanakydesign.com\/de\/wp-json\/wp\/v2\/product\/548","targetHints":{"allow":["GET"]}}],"collection":[{"href":"https:\/\/kanakydesign.com\/de\/wp-json\/wp\/v2\/product"}],"about":[{"href":"https:\/\/kanakydesign.com\/de\/wp-json\/wp\/v2\/types\/product"}],"wp:featuredmedia":[{"embeddable":true,"href":"https:\/\/kanakydesign.com\/de\/wp-json\/wp\/v2\/media\/1095"}],"wp:attachment":[{"href":"https:\/\/kanakydesign.com\/de\/wp-json\/wp\/v2\/media?parent=548"}],"wp:term":[{"taxonomy":"product_brand","embeddable":true,"href":"https:\/\/kanakydesign.com\/de\/wp-json\/wp\/v2\/product_brand?post=548"},{"taxonomy":"product_cat","embeddable":true,"href":"https:\/\/kanakydesign.com\/de\/wp-json\/wp\/v2\/product_cat?post=548"},{"taxonomy":"product_tag","embeddable":true,"href":"https:\/\/kanakydesign.com\/de\/wp-json\/wp\/v2\/product_tag?post=548"}],"curies":[{"name":"wp","href":"https:\/\/api.w.org\/{rel}","templated":true}]}}