{"id":486,"date":"2023-06-29T17:20:37","date_gmt":"2023-06-29T17:20:37","guid":{"rendered":"https:\/\/kanakydesign.com\/?post_type=product&#038;p=486"},"modified":"2026-03-30T10:01:18","modified_gmt":"2026-03-30T10:01:18","slug":"bombilla-ceramica","status":"publish","type":"product","link":"https:\/\/kanakydesign.com\/de\/produkt\/bombilla-ceramica\/","title":{"rendered":"Keramische Gl\u00fchbirne"},"content":{"rendered":"<p data-start=\"172\" data-end=\"724\">Die <strong data-start=\"175\" data-end=\"225\">Keramik-W\u00e4rmestrahler Arcadia f\u00fcr Terrarien<\/strong> ist eine zuverl\u00e4ssige und vielseitige Heizquelle f\u00fcr <strong data-start=\"282\" data-end=\"308\">alle Arten von Terrarien<\/strong>. Im Gegensatz zu herk\u00f6mmlichen Scheinwerfern, <strong data-start=\"352\" data-end=\"376\">sendet kein sichtbares Licht aus<\/strong>: erzeugt <strong data-start=\"385\" data-end=\"419\">W\u00e4rme durch Infrarotstrahlung<\/strong>, Das macht sie zu einer hervorragenden Wahl f\u00fcr die Temperaturerhaltung. <strong data-start=\"491\" data-end=\"532\">tags\u00fcber und auch nachts<\/strong> ohne den Hell-Dunkel-Zyklus von Reptilien, Amphibien und Wirbellosen zu st\u00f6ren. Es ist besonders n\u00fctzlich, wenn Sie eine konstante W\u00e4rmeversorgung oder eine stabile \u201cHintergrundw\u00e4rme\u201d im Terrarium ben\u00f6tigen.<\/p>\n<h2 data-start=\"726\" data-end=\"768\">\u2705 W\u00e4rme ohne Licht: perfekt f\u00fcr den 24\/7-Einsatz<\/h2>\n<p data-start=\"769\" data-end=\"1057\">Da sie kein Licht produzieren, ist die <strong data-start=\"792\" data-end=\"819\">Keramikstrahler Arcadia<\/strong> erm\u00f6glicht es Ihnen, f\u00fcr W\u00e4rme zu sorgen, ohne die Nacht des Tieres zu \u201cverschmutzen\u201d. Deshalb wird es h\u00e4ufig verwendet, um die Nachttemperatur zu unterst\u00fctzen oder in kalten R\u00e4umen einen stabilen Bereich aufrechtzuerhalten, wobei es immer korrekt mit der Temperaturkontrolle eingestellt wird.<\/p>\n<h2 data-start=\"1059\" data-end=\"1097\">\ud83c\udf21\ufe0f Infrarot- und W\u00e4rmeempfindung<\/h2>\n<p data-start=\"1098\" data-end=\"1725\">Die <strong data-start=\"1102\" data-end=\"1124\">Keramikstrahler<\/strong> sind in der Regel mit einer gleichm\u00e4\u00dfigeren Umgebungsw\u00e4rme verbunden (sehr n\u00fctzlich, um das Terrarium stabil zu halten). Im Vergleich dazu sind Technologien wie die <strong data-start=\"1274\" data-end=\"1297\">Tiefenw\u00e4rme-Projektor<\/strong> Arcadia's sind so konzipiert, dass sie <strong data-start=\"1337\" data-end=\"1356\">Infra-Netz A und B<\/strong>, Die Keramiklampen, die als eine \u201ctiefere\u201d W\u00e4rme wahrgenommen werden, sind sehr interessant, wenn man einen intensiveren W\u00e4rmepunkt ohne Licht sucht. Dies ist nicht von der Keramik ablenken: die <strong data-start=\"1513\" data-end=\"1549\">Keramik-W\u00e4rmestrahler Arcadia<\/strong> bleibt eine sehr gute Option f\u00fcr <strong data-start=\"1590\" data-end=\"1613\">allgemeine Erhitzung<\/strong>, Die neue, n\u00e4chtliche Unterst\u00fctzung und thermische Stabilit\u00e4t in einer Vielzahl von Halterungen.<\/p>\n<h2 data-start=\"1727\" data-end=\"1779\">\ud83d\udd25 Sicherheitsempfehlungen (sehr wichtig)<\/h2>\n<ul data-start=\"1780\" data-end=\"2081\">\n<li data-start=\"1780\" data-end=\"1854\">\n<p data-start=\"1782\" data-end=\"1854\"><strong data-start=\"1782\" data-end=\"1845\">Immer mit einer hitzebest\u00e4ndigen Keramikbuchse verwenden.<\/strong> (E27).<\/p>\n<\/li>\n<li data-start=\"1855\" data-end=\"1970\">\n<p data-start=\"1857\" data-end=\"1970\"><strong data-start=\"1857\" data-end=\"1896\">Es wird dringend empfohlen, einen Thermostat zu verwenden.<\/strong> um die Temperatur zu kontrollieren und eine \u00dcberhitzung des Lebensraums zu verhindern.<\/p>\n<\/li>\n<li data-start=\"1971\" data-end=\"2081\">\n<p data-start=\"1973\" data-end=\"2081\">Wenn der Sender ausf\u00e4llt <strong data-start=\"1989\" data-end=\"1999\">innerhalb<\/strong> des Terrariums, f\u00fcgen Sie eine <strong data-start=\"2024\" data-end=\"2044\">Schutzk\u00e4fig<\/strong> um Kontaktverbrennungen zu vermeiden.<\/p>\n<\/li>\n<\/ul>\n<h2 data-start=\"2299\" data-end=\"2326\">\ud83e\udde9 F\u00fcr wen ist es ideal?<\/h2>\n<ul data-start=\"2327\" data-end=\"2511\">\n<li data-start=\"2327\" data-end=\"2394\">\n<p data-start=\"2329\" data-end=\"2394\">Terrarien, die Sie ben\u00f6tigen <strong data-start=\"2355\" data-end=\"2380\">stabile W\u00e4rme ohne Licht<\/strong> (Tag\/Nacht)<\/p>\n<\/li>\n<li data-start=\"2395\" data-end=\"2452\">\n<p data-start=\"2397\" data-end=\"2452\">Thermische Unterst\u00fctzung bei Nacht f\u00fcr lichtempfindliche Arten<\/p>\n<\/li>\n<li data-start=\"2453\" data-end=\"2511\">\n<p data-start=\"2455\" data-end=\"2511\">Versammlungen, in denen Sie suchen <strong data-start=\"2477\" data-end=\"2501\">Umgebungstemperatur<\/strong> homogen<\/p>\n<\/li>\n<\/ul>","protected":false},"excerpt":{"rendered":"<p>Keramische W\u00e4rmestrahler sind f\u00fcr alle Arten von Terrarien geeignet. Sie strahlen kein Licht aus, sondern erzeugen W\u00e4rme durch Infrarotstrahlung. Das macht sie sehr n\u00fctzlich f\u00fcr einen 24-Stunden-Betrieb, der die Tag- und Nachtzyklen unserer Tiere nicht beeintr\u00e4chtigt. Verwenden Sie sie immer auf einer hitzebest\u00e4ndigen Keramikkappe, und es wird dringend empfohlen, Thermostate zur Temperaturkontrolle zu verwenden.<\/p>","protected":false},"featured_media":1627,"template":"","meta":[],"product_brand":[],"product_cat":[23,26],"product_tag":[193,279,284,283,280,281,286,285,282,277,278,287,220],"class_list":{"0":"post-486","1":"product","2":"type-product","3":"status-publish","4":"has-post-thumbnail","6":"product_cat-accesorios","7":"product_cat-calefaccion","8":"product_tag-arcadia","9":"product_tag-bombilla-ceramica-terrario","10":"product_tag-calefaccion-24h-terrario","11":"product_tag-calefaccion-nocturna-terrario","12":"product_tag-calefaccion-terrario-sin-luz","13":"product_tag-calor-infrarrojo-terrario","14":"product_tag-casquillo-ceramico-e27","15":"product_tag-emisor-ceramico-arcadia","16":"product_tag-emisor-ceramico-reptiles","17":"product_tag-emisor-ceramico-terrario","18":"product_tag-emisor-de-calor-ceramico","19":"product_tag-jaula-lampara-calor","20":"product_tag-termostato-terrario","22":"first","23":"instock","24":"taxable","25":"shipping-taxable","26":"purchasable","27":"product-type-variable"},"yoast_head":"<!-- This site is optimized with the Yoast SEO plugin v27.4 - https:\/\/yoast.com\/product\/yoast-seo-wordpress\/ -->\n<title>Bombilla cer\u00e1mica | KanakyDesign Enclosures<\/title>\n<meta name=\"description\" content=\"Emisor cer\u00e1mico terrario Arcadia: calor infrarrojo sin luz para uso 24h. Ideal para estabilidad t\u00e9rmica. Requiere casquillo cer\u00e1mico y termostato.\" \/>\n<meta name=\"robots\" content=\"index, follow, max-snippet:-1, max-image-preview:large, max-video-preview:-1\" \/>\n<link rel=\"canonical\" href=\"https:\/\/kanakydesign.com\/de\/produkt\/bombilla-ceramica\/\" \/>\n<meta property=\"og:locale\" content=\"de_DE\" \/>\n<meta property=\"og:type\" content=\"article\" \/>\n<meta property=\"og:title\" content=\"Bombilla cer\u00e1mica | KanakyDesign Enclosures\" \/>\n<meta property=\"og:description\" content=\"Emisor cer\u00e1mico terrario Arcadia: calor infrarrojo sin luz para uso 24h. Ideal para estabilidad t\u00e9rmica. Requiere casquillo cer\u00e1mico y termostato.\" \/>\n<meta property=\"og:url\" content=\"https:\/\/kanakydesign.com\/de\/produkt\/bombilla-ceramica\/\" \/>\n<meta property=\"og:site_name\" content=\"KanakyDesign Enclosures\" \/>\n<meta property=\"article:modified_time\" content=\"2026-03-30T10:01:18+00:00\" \/>\n<meta property=\"og:image\" content=\"https:\/\/kanakydesign.com\/wp-content\/uploads\/2023\/06\/Bombilla-ceramica-arcadia-IR-C.png\" \/>\n\t<meta property=\"og:image:width\" content=\"1131\" \/>\n\t<meta property=\"og:image:height\" content=\"1131\" \/>\n\t<meta property=\"og:image:type\" content=\"image\/png\" \/>\n<meta name=\"twitter:card\" content=\"summary_large_image\" \/>\n<meta name=\"twitter:label1\" content=\"Gesch\u00e4tzte Lesezeit\" \/>\n\t<meta name=\"twitter:data1\" content=\"2\u00a0Minuten\" \/>\n<script type=\"application\/ld+json\" class=\"yoast-schema-graph\">{\"@context\":\"https:\\\/\\\/schema.org\",\"@graph\":[{\"@type\":\"WebPage\",\"@id\":\"https:\\\/\\\/kanakydesign.com\\\/producto\\\/bombilla-ceramica\\\/\",\"url\":\"https:\\\/\\\/kanakydesign.com\\\/producto\\\/bombilla-ceramica\\\/\",\"name\":\"Bombilla cer\u00e1mica | KanakyDesign Enclosures\",\"isPartOf\":{\"@id\":\"https:\\\/\\\/kanakydesign.com\\\/#website\"},\"primaryImageOfPage\":{\"@id\":\"https:\\\/\\\/kanakydesign.com\\\/producto\\\/bombilla-ceramica\\\/#primaryimage\"},\"image\":{\"@id\":\"https:\\\/\\\/kanakydesign.com\\\/producto\\\/bombilla-ceramica\\\/#primaryimage\"},\"thumbnailUrl\":\"https:\\\/\\\/kanakydesign.com\\\/wp-content\\\/uploads\\\/2023\\\/06\\\/Bombilla-ceramica-arcadia-IR-C.png\",\"datePublished\":\"2023-06-29T17:20:37+00:00\",\"dateModified\":\"2026-03-30T10:01:18+00:00\",\"description\":\"Emisor cer\u00e1mico terrario Arcadia: calor infrarrojo sin luz para uso 24h. Ideal para estabilidad t\u00e9rmica. Requiere casquillo cer\u00e1mico y termostato.\",\"breadcrumb\":{\"@id\":\"https:\\\/\\\/kanakydesign.com\\\/producto\\\/bombilla-ceramica\\\/#breadcrumb\"},\"inLanguage\":\"de\",\"potentialAction\":[{\"@type\":\"ReadAction\",\"target\":[\"https:\\\/\\\/kanakydesign.com\\\/producto\\\/bombilla-ceramica\\\/\"]}]},{\"@type\":\"ImageObject\",\"inLanguage\":\"de\",\"@id\":\"https:\\\/\\\/kanakydesign.com\\\/producto\\\/bombilla-ceramica\\\/#primaryimage\",\"url\":\"https:\\\/\\\/kanakydesign.com\\\/wp-content\\\/uploads\\\/2023\\\/06\\\/Bombilla-ceramica-arcadia-IR-C.png\",\"contentUrl\":\"https:\\\/\\\/kanakydesign.com\\\/wp-content\\\/uploads\\\/2023\\\/06\\\/Bombilla-ceramica-arcadia-IR-C.png\",\"width\":1131,\"height\":1131},{\"@type\":\"BreadcrumbList\",\"@id\":\"https:\\\/\\\/kanakydesign.com\\\/producto\\\/bombilla-ceramica\\\/#breadcrumb\",\"itemListElement\":[{\"@type\":\"ListItem\",\"position\":1,\"name\":\"Portada\",\"item\":\"https:\\\/\\\/kanakydesign.com\\\/\"},{\"@type\":\"ListItem\",\"position\":2,\"name\":\"Tienda\",\"item\":\"https:\\\/\\\/kanakydesign.com\\\/tienda\\\/\"},{\"@type\":\"ListItem\",\"position\":3,\"name\":\"Bombilla cer\u00e1mica\"}]},{\"@type\":\"WebSite\",\"@id\":\"https:\\\/\\\/kanakydesign.com\\\/#website\",\"url\":\"https:\\\/\\\/kanakydesign.com\\\/\",\"name\":\"KanakyDesign Enclosures\",\"description\":\"Become a professional keeper\",\"publisher\":{\"@id\":\"https:\\\/\\\/kanakydesign.com\\\/#organization\"},\"alternateName\":\"KanakyDesign\",\"potentialAction\":[{\"@type\":\"SearchAction\",\"target\":{\"@type\":\"EntryPoint\",\"urlTemplate\":\"https:\\\/\\\/kanakydesign.com\\\/?s={search_term_string}\"},\"query-input\":{\"@type\":\"PropertyValueSpecification\",\"valueRequired\":true,\"valueName\":\"search_term_string\"}}],\"inLanguage\":\"de\"},{\"@type\":\"Organization\",\"@id\":\"https:\\\/\\\/kanakydesign.com\\\/#organization\",\"name\":\"KanakyDesign Enclosures\",\"alternateName\":\"KanakyDesign\",\"url\":\"https:\\\/\\\/kanakydesign.com\\\/\",\"logo\":{\"@type\":\"ImageObject\",\"inLanguage\":\"de\",\"@id\":\"https:\\\/\\\/kanakydesign.com\\\/#\\\/schema\\\/logo\\\/image\\\/\",\"url\":\"https:\\\/\\\/kanakydesign.com\\\/wp-content\\\/uploads\\\/2023\\\/06\\\/Logo-KanakyDesign-circular-negro-1.png\",\"contentUrl\":\"https:\\\/\\\/kanakydesign.com\\\/wp-content\\\/uploads\\\/2023\\\/06\\\/Logo-KanakyDesign-circular-negro-1.png\",\"width\":2000,\"height\":2000,\"caption\":\"KanakyDesign Enclosures\"},\"image\":{\"@id\":\"https:\\\/\\\/kanakydesign.com\\\/#\\\/schema\\\/logo\\\/image\\\/\"}}]}<\/script>\n<!-- \/ Yoast SEO plugin. -->","yoast_head_json":{"title":"Keramische Gl\u00fchbirne : KanakyDesign Enclosures","description":"Arcadia Terrarium Keramikstrahler: Infrarot-W\u00e4rme ohne Licht f\u00fcr 24 Stunden Gebrauch. Ideal f\u00fcr thermische Stabilit\u00e4t. Erfordert Keramikkappe und Thermostat.","robots":{"index":"index","follow":"follow","max-snippet":"max-snippet:-1","max-image-preview":"max-image-preview:large","max-video-preview":"max-video-preview:-1"},"canonical":"https:\/\/kanakydesign.com\/de\/produkt\/bombilla-ceramica\/","og_locale":"de_DE","og_type":"article","og_title":"Bombilla cer\u00e1mica | KanakyDesign Enclosures","og_description":"Emisor cer\u00e1mico terrario Arcadia: calor infrarrojo sin luz para uso 24h. Ideal para estabilidad t\u00e9rmica. Requiere casquillo cer\u00e1mico y termostato.","og_url":"https:\/\/kanakydesign.com\/de\/produkt\/bombilla-ceramica\/","og_site_name":"KanakyDesign Enclosures","article_modified_time":"2026-03-30T10:01:18+00:00","og_image":[{"width":1131,"height":1131,"url":"https:\/\/kanakydesign.com\/wp-content\/uploads\/2023\/06\/Bombilla-ceramica-arcadia-IR-C.png","type":"image\/png"}],"twitter_card":"summary_large_image","twitter_misc":{"Gesch\u00e4tzte Lesezeit":"2\u00a0Minuten"},"schema":{"@context":"https:\/\/schema.org","@graph":[{"@type":"WebPage","@id":"https:\/\/kanakydesign.com\/producto\/bombilla-ceramica\/","url":"https:\/\/kanakydesign.com\/producto\/bombilla-ceramica\/","name":"Keramische Gl\u00fchbirne : KanakyDesign Enclosures","isPartOf":{"@id":"https:\/\/kanakydesign.com\/#website"},"primaryImageOfPage":{"@id":"https:\/\/kanakydesign.com\/producto\/bombilla-ceramica\/#primaryimage"},"image":{"@id":"https:\/\/kanakydesign.com\/producto\/bombilla-ceramica\/#primaryimage"},"thumbnailUrl":"https:\/\/kanakydesign.com\/wp-content\/uploads\/2023\/06\/Bombilla-ceramica-arcadia-IR-C.png","datePublished":"2023-06-29T17:20:37+00:00","dateModified":"2026-03-30T10:01:18+00:00","description":"Arcadia Terrarium Keramikstrahler: Infrarot-W\u00e4rme ohne Licht f\u00fcr 24 Stunden Gebrauch. Ideal f\u00fcr thermische Stabilit\u00e4t. Erfordert Keramikkappe und Thermostat.","breadcrumb":{"@id":"https:\/\/kanakydesign.com\/producto\/bombilla-ceramica\/#breadcrumb"},"inLanguage":"de","potentialAction":[{"@type":"ReadAction","target":["https:\/\/kanakydesign.com\/producto\/bombilla-ceramica\/"]}]},{"@type":"ImageObject","inLanguage":"de","@id":"https:\/\/kanakydesign.com\/producto\/bombilla-ceramica\/#primaryimage","url":"https:\/\/kanakydesign.com\/wp-content\/uploads\/2023\/06\/Bombilla-ceramica-arcadia-IR-C.png","contentUrl":"https:\/\/kanakydesign.com\/wp-content\/uploads\/2023\/06\/Bombilla-ceramica-arcadia-IR-C.png","width":1131,"height":1131},{"@type":"BreadcrumbList","@id":"https:\/\/kanakydesign.com\/producto\/bombilla-ceramica\/#breadcrumb","itemListElement":[{"@type":"ListItem","position":1,"name":"Portada","item":"https:\/\/kanakydesign.com\/"},{"@type":"ListItem","position":2,"name":"Tienda","item":"https:\/\/kanakydesign.com\/tienda\/"},{"@type":"ListItem","position":3,"name":"Bombilla cer\u00e1mica"}]},{"@type":"WebSite","@id":"https:\/\/kanakydesign.com\/#website","url":"https:\/\/kanakydesign.com\/","name":"KanakyDesign-Geh\u00e4use","description":"Become a professional keeper","publisher":{"@id":"https:\/\/kanakydesign.com\/#organization"},"alternateName":"KanakyDesign","potentialAction":[{"@type":"SearchAction","target":{"@type":"EntryPoint","urlTemplate":"https:\/\/kanakydesign.com\/?s={search_term_string}"},"query-input":{"@type":"PropertyValueSpecification","valueRequired":true,"valueName":"search_term_string"}}],"inLanguage":"de"},{"@type":"Organization","@id":"https:\/\/kanakydesign.com\/#organization","name":"KanakyDesign-Geh\u00e4use","alternateName":"KanakyDesign","url":"https:\/\/kanakydesign.com\/","logo":{"@type":"ImageObject","inLanguage":"de","@id":"https:\/\/kanakydesign.com\/#\/schema\/logo\/image\/","url":"https:\/\/kanakydesign.com\/wp-content\/uploads\/2023\/06\/Logo-KanakyDesign-circular-negro-1.png","contentUrl":"https:\/\/kanakydesign.com\/wp-content\/uploads\/2023\/06\/Logo-KanakyDesign-circular-negro-1.png","width":2000,"height":2000,"caption":"KanakyDesign Enclosures"},"image":{"@id":"https:\/\/kanakydesign.com\/#\/schema\/logo\/image\/"}}]}},"_links":{"self":[{"href":"https:\/\/kanakydesign.com\/de\/wp-json\/wp\/v2\/product\/486","targetHints":{"allow":["GET"]}}],"collection":[{"href":"https:\/\/kanakydesign.com\/de\/wp-json\/wp\/v2\/product"}],"about":[{"href":"https:\/\/kanakydesign.com\/de\/wp-json\/wp\/v2\/types\/product"}],"wp:featuredmedia":[{"embeddable":true,"href":"https:\/\/kanakydesign.com\/de\/wp-json\/wp\/v2\/media\/1627"}],"wp:attachment":[{"href":"https:\/\/kanakydesign.com\/de\/wp-json\/wp\/v2\/media?parent=486"}],"wp:term":[{"taxonomy":"product_brand","embeddable":true,"href":"https:\/\/kanakydesign.com\/de\/wp-json\/wp\/v2\/product_brand?post=486"},{"taxonomy":"product_cat","embeddable":true,"href":"https:\/\/kanakydesign.com\/de\/wp-json\/wp\/v2\/product_cat?post=486"},{"taxonomy":"product_tag","embeddable":true,"href":"https:\/\/kanakydesign.com\/de\/wp-json\/wp\/v2\/product_tag?post=486"}],"curies":[{"name":"wp","href":"https:\/\/api.w.org\/{rel}","templated":true}]}}