{"id":248,"date":"2023-06-27T14:43:20","date_gmt":"2023-06-27T14:43:20","guid":{"rendered":"https:\/\/kanakydesign.com\/?post_type=product&#038;p=248"},"modified":"2026-02-07T22:57:03","modified_gmt":"2026-02-07T22:57:03","slug":"casquillo-recto","status":"publish","type":"product","link":"https:\/\/kanakydesign.com\/de\/produkt\/casquillo-recto\/","title":{"rendered":"Gerade Keramikbuchse"},"content":{"rendered":"<p data-start=\"168\" data-end=\"625\">Die <strong data-start=\"171\" data-end=\"224\">Keramikfassung E27 gerade f\u00fcr Terrarien <\/strong>der Marke <strong data-start=\"171\" data-end=\"224\">Trixie<\/strong> ist ein fest installierter Sockel, der f\u00fcr die Montage <strong data-start=\"277\" data-end=\"312\">W\u00e4rmelampen oder Beleuchtung<\/strong> sicher im Inneren des Terrariums (normalerweise an der Decke). Durch die Einbeziehung einer <strong data-start=\"398\" data-end=\"444\">Hochwertige Porzellanfassungen f\u00fcr Lampen<\/strong> und eine <strong data-start=\"450\" data-end=\"493\">Kabel mit europ\u00e4ischem Stecker und Schalter<\/strong>, ist eine praktische und zuverl\u00e4ssige L\u00f6sung f\u00fcr die Haltung von Reptilien und anderen exotischen Tieren, die eine stabile und gut befestigte Ausr\u00fcstung ben\u00f6tigen.<\/p>\n<h2 data-start=\"627\" data-end=\"681\">\u2705 Porzellan f\u00fcr thermische Sicherheit<\/h2>\n<p data-start=\"682\" data-end=\"1029\">Im Gegensatz zu Kunststoffbuchsen ist diese <strong data-start=\"725\" data-end=\"751\">Keramik-Lampenfassung<\/strong> ist so konzipiert, dass es am besten bei h\u00f6heren Temperaturen funktioniert. Deshalb ist es eine empfehlenswerte Option f\u00fcr die Verwendung von <strong data-start=\"865\" data-end=\"886\">W\u00e4rmelampen<\/strong> oder Strahler, die den Bereich der Lampenfassung erw\u00e4rmen k\u00f6nnen. Das Ergebnis: eine sicherere und haltbarere Installation f\u00fcr den t\u00e4glichen Gebrauch in Terrarien.<\/p>\n<h2 data-start=\"1031\" data-end=\"1076\">\ud83d\udd0c Europ\u00e4ischer Stecker + integrierter Schalter<\/h2>\n<p data-start=\"1077\" data-end=\"1352\">Das Netzkabel enth\u00e4lt <strong data-start=\"1110\" data-end=\"1129\">Europ\u00e4ischer Stecker<\/strong> und eine <strong data-start=\"1135\" data-end=\"1150\">Schalter<\/strong> bequem ein- und auszuschalten, ohne mit Zeitschaltuhren oder Steckdosenleisten hantieren zu m\u00fcssen. Dies ist sehr n\u00fctzlich bei der Wartung, dem Austausch von Gl\u00fchbirnen oder der Anpassung der Dekoration, um ein versehentliches Einschalten zu vermeiden.<\/p>\n<h2 data-start=\"1354\" data-end=\"1394\">\ud83d\udd25 Kompatibel mit Lampen bis zu 150 W<\/h2>\n<p data-start=\"1395\" data-end=\"1792\">Die <strong data-start=\"1398\" data-end=\"1433\">gerade Keramikbuchse <\/strong>der Marke<strong data-start=\"1398\" data-end=\"1433\"> Trixie<\/strong> ist geeignet f\u00fcr <strong data-start=\"1451\" data-end=\"1478\">Lampen bis zu 150 W<\/strong>, Sie ist daher f\u00fcr viele g\u00e4ngige Terrariensysteme geeignet: Sonnenlichtlampen, Halogenlampen, Keramikstrahler und andere kompatible Einschraublampen. <strong data-start=\"1630\" data-end=\"1637\">E27<\/strong> (immer innerhalb der Leistungsgrenze). Wenn Sie eine robuste Steckdose f\u00fcr eine feste Installation suchen, deckt dieses Modell die meisten h\u00e4uslichen Bed\u00fcrfnisse ab.<\/p>\n<h2 data-start=\"1794\" data-end=\"1855\">\ud83d\udee0\ufe0f Festinstallation zur Verschraubung an der Terrariendecke<\/h2>\n<p data-start=\"1856\" data-end=\"2139\">Diese Buchse ist <strong data-start=\"1874\" data-end=\"1882\">fest<\/strong>, konzipiert f\u00fcr <strong data-start=\"1897\" data-end=\"1913\">Schraube<\/strong> an der Decke des Terrariums befestigen und die Lampe fest in Position halten. Bei Einrichtungen mit kletternden oder aktiven Tieren ist eine solide Installation wichtig, um Bewegungen, St\u00fcrze oder unerw\u00fcnschten Kontakt mit der W\u00e4rmequelle zu vermeiden.<\/p>\n<h2 data-start=\"2141\" data-end=\"2206\">\ud83e\udde9 Empfehlung f\u00fcr einen sichereren Einbau<\/h2>\n<p data-start=\"2207\" data-end=\"2261\">Zur Verbesserung der Sicherheit und Kontrolle des Terrariums:<\/p>\n<ul data-start=\"2262\" data-end=\"2604\">\n<li data-start=\"2262\" data-end=\"2476\">\n<p data-start=\"2264\" data-end=\"2476\">Hinzuf\u00fcgen einer <strong data-start=\"2274\" data-end=\"2308\">Schutzk\u00e4fig f\u00fcr Lampen<\/strong> wenn die Gl\u00fchbirne ins Innere des Terrariums kommt: <a class=\"decorated-link\" href=\"https:\/\/kanakydesign.com\/de\/produkt\/jaula-protectora-casquillo\/\" target=\"_new\" rel=\"noopener\" data-start=\"2348\" data-end=\"2403\">https:\/\/kanakydesign.com<\/a><\/p>\n<\/li>\n<li data-start=\"2477\" data-end=\"2604\">\n<p data-start=\"2479\" data-end=\"2604\">Verwenden Sie eine <strong data-start=\"2486\" data-end=\"2512\">Thermostat <\/strong>um die Temperatur zu regulieren: <a class=\"decorated-link\" href=\"https:\/\/kanakydesign.com\/de\/produkt\/termostato-dia-noche\/\" target=\"_new\" rel=\"noopener\" data-start=\"2542\" data-end=\"2602\">https:\/\/kanakydesign.com<\/a><\/p>\n<\/li>\n<\/ul>","protected":false},"excerpt":{"rendered":"<p>Enth\u00e4lt eine hochwertige Porzellanfassung und ein Netzkabel mit europ\u00e4ischem Stecker und Schalter. Die Fassung ist f\u00fcr Lampen bis zu 150W geeignet. Es handelt sich um eine feste Fassung, die an die Decke des Terrariums geschraubt wird.<\/p>","protected":false},"featured_media":1071,"template":"","meta":[],"product_brand":[],"product_cat":[23,26,25],"product_tag":[272,230,263,262,268,265,270,267,269,271,264,266,261],"class_list":{"0":"post-248","1":"product","2":"type-product","3":"status-publish","4":"has-post-thumbnail","6":"product_cat-accesorios","7":"product_cat-calefaccion","8":"product_cat-iluminacion","9":"product_tag-accesorios-iluminacion-terrario","10":"product_tag-calefaccion-terrario","11":"product_tag-casquillo-ceramico-e27-terrario","12":"product_tag-casquillo-ceramico-terrario","13":"product_tag-casquillo-con-interruptor-terrario","14":"product_tag-casquillo-e27-reptiles","15":"product_tag-casquillo-hasta-150w","16":"product_tag-casquillo-recto-terrario","17":"product_tag-enchufe-europeo-terrario","18":"product_tag-instalacion-techo-terrario","19":"product_tag-portalamparas-porcelana-terrario","20":"product_tag-soporte-lampara-terrario","21":"product_tag-trixie","23":"first","24":"instock","25":"taxable","26":"shipping-taxable","27":"purchasable","28":"product-type-simple"},"yoast_head":"<!-- This site is optimized with the Yoast SEO plugin v27.3 - https:\/\/yoast.com\/product\/yoast-seo-wordpress\/ -->\n<title>Casquillo cer\u00e1mico recto | KanakyDesign Enclosures<\/title>\n<meta name=\"description\" content=\"Casquillo cer\u00e1mico E27 terrario Trixie recto con porcelana, cable con enchufe europeo e interruptor. Instalaci\u00f3n fija al techo. Hasta 150W.\" \/>\n<meta name=\"robots\" content=\"index, follow, max-snippet:-1, max-image-preview:large, max-video-preview:-1\" \/>\n<link rel=\"canonical\" href=\"https:\/\/kanakydesign.com\/de\/produkt\/casquillo-recto\/\" \/>\n<meta property=\"og:locale\" content=\"de_DE\" \/>\n<meta property=\"og:type\" content=\"article\" \/>\n<meta property=\"og:title\" content=\"Casquillo cer\u00e1mico recto | KanakyDesign Enclosures\" \/>\n<meta property=\"og:description\" content=\"Casquillo cer\u00e1mico E27 terrario Trixie recto con porcelana, cable con enchufe europeo e interruptor. Instalaci\u00f3n fija al techo. Hasta 150W.\" \/>\n<meta property=\"og:url\" content=\"https:\/\/kanakydesign.com\/de\/produkt\/casquillo-recto\/\" \/>\n<meta property=\"og:site_name\" content=\"KanakyDesign Enclosures\" \/>\n<meta property=\"article:modified_time\" content=\"2026-02-07T22:57:03+00:00\" \/>\n<meta property=\"og:image\" content=\"https:\/\/kanakydesign.com\/wp-content\/uploads\/2023\/09\/DSC2786-scaled.jpg\" \/>\n\t<meta property=\"og:image:width\" content=\"2560\" \/>\n\t<meta property=\"og:image:height\" content=\"2560\" \/>\n\t<meta property=\"og:image:type\" content=\"image\/jpeg\" \/>\n<meta name=\"twitter:card\" content=\"summary_large_image\" \/>\n<meta name=\"twitter:label1\" content=\"Gesch\u00e4tzte Lesezeit\" \/>\n\t<meta name=\"twitter:data1\" content=\"2\u00a0Minuten\" \/>\n<script type=\"application\/ld+json\" class=\"yoast-schema-graph\">{\"@context\":\"https:\\\/\\\/schema.org\",\"@graph\":[{\"@type\":\"WebPage\",\"@id\":\"https:\\\/\\\/kanakydesign.com\\\/producto\\\/casquillo-recto\\\/\",\"url\":\"https:\\\/\\\/kanakydesign.com\\\/producto\\\/casquillo-recto\\\/\",\"name\":\"Casquillo cer\u00e1mico recto | KanakyDesign Enclosures\",\"isPartOf\":{\"@id\":\"https:\\\/\\\/kanakydesign.com\\\/#website\"},\"primaryImageOfPage\":{\"@id\":\"https:\\\/\\\/kanakydesign.com\\\/producto\\\/casquillo-recto\\\/#primaryimage\"},\"image\":{\"@id\":\"https:\\\/\\\/kanakydesign.com\\\/producto\\\/casquillo-recto\\\/#primaryimage\"},\"thumbnailUrl\":\"https:\\\/\\\/kanakydesign.com\\\/wp-content\\\/uploads\\\/2023\\\/09\\\/DSC2786-scaled.jpg\",\"datePublished\":\"2023-06-27T14:43:20+00:00\",\"dateModified\":\"2026-02-07T22:57:03+00:00\",\"description\":\"Casquillo cer\u00e1mico E27 terrario Trixie recto con porcelana, cable con enchufe europeo e interruptor. Instalaci\u00f3n fija al techo. Hasta 150W.\",\"breadcrumb\":{\"@id\":\"https:\\\/\\\/kanakydesign.com\\\/producto\\\/casquillo-recto\\\/#breadcrumb\"},\"inLanguage\":\"de\",\"potentialAction\":[{\"@type\":\"ReadAction\",\"target\":[\"https:\\\/\\\/kanakydesign.com\\\/producto\\\/casquillo-recto\\\/\"]}]},{\"@type\":\"ImageObject\",\"inLanguage\":\"de\",\"@id\":\"https:\\\/\\\/kanakydesign.com\\\/producto\\\/casquillo-recto\\\/#primaryimage\",\"url\":\"https:\\\/\\\/kanakydesign.com\\\/wp-content\\\/uploads\\\/2023\\\/09\\\/DSC2786-scaled.jpg\",\"contentUrl\":\"https:\\\/\\\/kanakydesign.com\\\/wp-content\\\/uploads\\\/2023\\\/09\\\/DSC2786-scaled.jpg\",\"width\":2560,\"height\":2560},{\"@type\":\"BreadcrumbList\",\"@id\":\"https:\\\/\\\/kanakydesign.com\\\/producto\\\/casquillo-recto\\\/#breadcrumb\",\"itemListElement\":[{\"@type\":\"ListItem\",\"position\":1,\"name\":\"Portada\",\"item\":\"https:\\\/\\\/kanakydesign.com\\\/\"},{\"@type\":\"ListItem\",\"position\":2,\"name\":\"Tienda\",\"item\":\"https:\\\/\\\/kanakydesign.com\\\/tienda\\\/\"},{\"@type\":\"ListItem\",\"position\":3,\"name\":\"Casquillo cer\u00e1mico recto\"}]},{\"@type\":\"WebSite\",\"@id\":\"https:\\\/\\\/kanakydesign.com\\\/#website\",\"url\":\"https:\\\/\\\/kanakydesign.com\\\/\",\"name\":\"KanakyDesign Enclosures\",\"description\":\"Become a professional keeper\",\"publisher\":{\"@id\":\"https:\\\/\\\/kanakydesign.com\\\/#organization\"},\"alternateName\":\"KanakyDesign\",\"potentialAction\":[{\"@type\":\"SearchAction\",\"target\":{\"@type\":\"EntryPoint\",\"urlTemplate\":\"https:\\\/\\\/kanakydesign.com\\\/?s={search_term_string}\"},\"query-input\":{\"@type\":\"PropertyValueSpecification\",\"valueRequired\":true,\"valueName\":\"search_term_string\"}}],\"inLanguage\":\"de\"},{\"@type\":\"Organization\",\"@id\":\"https:\\\/\\\/kanakydesign.com\\\/#organization\",\"name\":\"KanakyDesign Enclosures\",\"alternateName\":\"KanakyDesign\",\"url\":\"https:\\\/\\\/kanakydesign.com\\\/\",\"logo\":{\"@type\":\"ImageObject\",\"inLanguage\":\"de\",\"@id\":\"https:\\\/\\\/kanakydesign.com\\\/#\\\/schema\\\/logo\\\/image\\\/\",\"url\":\"https:\\\/\\\/kanakydesign.com\\\/wp-content\\\/uploads\\\/2023\\\/06\\\/Logo-KanakyDesign-circular-negro-1.png\",\"contentUrl\":\"https:\\\/\\\/kanakydesign.com\\\/wp-content\\\/uploads\\\/2023\\\/06\\\/Logo-KanakyDesign-circular-negro-1.png\",\"width\":2000,\"height\":2000,\"caption\":\"KanakyDesign Enclosures\"},\"image\":{\"@id\":\"https:\\\/\\\/kanakydesign.com\\\/#\\\/schema\\\/logo\\\/image\\\/\"}}]}<\/script>\n<!-- \/ Yoast SEO plugin. -->","yoast_head_json":{"title":"Gerade Keramikbuchse : KanakyDesign Enclosures","description":"E27 Keramikfassung Trixie Terrarium gerade mit Porzellan, Kabel mit europ\u00e4ischem Stecker und Schalter. Festinstallation an der Decke. Bis zu 150W.","robots":{"index":"index","follow":"follow","max-snippet":"max-snippet:-1","max-image-preview":"max-image-preview:large","max-video-preview":"max-video-preview:-1"},"canonical":"https:\/\/kanakydesign.com\/de\/produkt\/casquillo-recto\/","og_locale":"de_DE","og_type":"article","og_title":"Casquillo cer\u00e1mico recto | KanakyDesign Enclosures","og_description":"Casquillo cer\u00e1mico E27 terrario Trixie recto con porcelana, cable con enchufe europeo e interruptor. Instalaci\u00f3n fija al techo. Hasta 150W.","og_url":"https:\/\/kanakydesign.com\/de\/produkt\/casquillo-recto\/","og_site_name":"KanakyDesign Enclosures","article_modified_time":"2026-02-07T22:57:03+00:00","og_image":[{"width":2560,"height":2560,"url":"https:\/\/kanakydesign.com\/wp-content\/uploads\/2023\/09\/DSC2786-scaled.jpg","type":"image\/jpeg"}],"twitter_card":"summary_large_image","twitter_misc":{"Gesch\u00e4tzte Lesezeit":"2\u00a0Minuten"},"schema":{"@context":"https:\/\/schema.org","@graph":[{"@type":"WebPage","@id":"https:\/\/kanakydesign.com\/producto\/casquillo-recto\/","url":"https:\/\/kanakydesign.com\/producto\/casquillo-recto\/","name":"Gerade Keramikbuchse : KanakyDesign Enclosures","isPartOf":{"@id":"https:\/\/kanakydesign.com\/#website"},"primaryImageOfPage":{"@id":"https:\/\/kanakydesign.com\/producto\/casquillo-recto\/#primaryimage"},"image":{"@id":"https:\/\/kanakydesign.com\/producto\/casquillo-recto\/#primaryimage"},"thumbnailUrl":"https:\/\/kanakydesign.com\/wp-content\/uploads\/2023\/09\/DSC2786-scaled.jpg","datePublished":"2023-06-27T14:43:20+00:00","dateModified":"2026-02-07T22:57:03+00:00","description":"E27 Keramikfassung Trixie Terrarium gerade mit Porzellan, Kabel mit europ\u00e4ischem Stecker und Schalter. Festinstallation an der Decke. Bis zu 150W.","breadcrumb":{"@id":"https:\/\/kanakydesign.com\/producto\/casquillo-recto\/#breadcrumb"},"inLanguage":"de","potentialAction":[{"@type":"ReadAction","target":["https:\/\/kanakydesign.com\/producto\/casquillo-recto\/"]}]},{"@type":"ImageObject","inLanguage":"de","@id":"https:\/\/kanakydesign.com\/producto\/casquillo-recto\/#primaryimage","url":"https:\/\/kanakydesign.com\/wp-content\/uploads\/2023\/09\/DSC2786-scaled.jpg","contentUrl":"https:\/\/kanakydesign.com\/wp-content\/uploads\/2023\/09\/DSC2786-scaled.jpg","width":2560,"height":2560},{"@type":"BreadcrumbList","@id":"https:\/\/kanakydesign.com\/producto\/casquillo-recto\/#breadcrumb","itemListElement":[{"@type":"ListItem","position":1,"name":"Portada","item":"https:\/\/kanakydesign.com\/"},{"@type":"ListItem","position":2,"name":"Tienda","item":"https:\/\/kanakydesign.com\/tienda\/"},{"@type":"ListItem","position":3,"name":"Casquillo cer\u00e1mico recto"}]},{"@type":"WebSite","@id":"https:\/\/kanakydesign.com\/#website","url":"https:\/\/kanakydesign.com\/","name":"KanakyDesign-Geh\u00e4use","description":"Become a professional keeper","publisher":{"@id":"https:\/\/kanakydesign.com\/#organization"},"alternateName":"KanakyDesign","potentialAction":[{"@type":"SearchAction","target":{"@type":"EntryPoint","urlTemplate":"https:\/\/kanakydesign.com\/?s={search_term_string}"},"query-input":{"@type":"PropertyValueSpecification","valueRequired":true,"valueName":"search_term_string"}}],"inLanguage":"de"},{"@type":"Organization","@id":"https:\/\/kanakydesign.com\/#organization","name":"KanakyDesign-Geh\u00e4use","alternateName":"KanakyDesign","url":"https:\/\/kanakydesign.com\/","logo":{"@type":"ImageObject","inLanguage":"de","@id":"https:\/\/kanakydesign.com\/#\/schema\/logo\/image\/","url":"https:\/\/kanakydesign.com\/wp-content\/uploads\/2023\/06\/Logo-KanakyDesign-circular-negro-1.png","contentUrl":"https:\/\/kanakydesign.com\/wp-content\/uploads\/2023\/06\/Logo-KanakyDesign-circular-negro-1.png","width":2000,"height":2000,"caption":"KanakyDesign Enclosures"},"image":{"@id":"https:\/\/kanakydesign.com\/#\/schema\/logo\/image\/"}}]}},"_links":{"self":[{"href":"https:\/\/kanakydesign.com\/de\/wp-json\/wp\/v2\/product\/248","targetHints":{"allow":["GET"]}}],"collection":[{"href":"https:\/\/kanakydesign.com\/de\/wp-json\/wp\/v2\/product"}],"about":[{"href":"https:\/\/kanakydesign.com\/de\/wp-json\/wp\/v2\/types\/product"}],"wp:featuredmedia":[{"embeddable":true,"href":"https:\/\/kanakydesign.com\/de\/wp-json\/wp\/v2\/media\/1071"}],"wp:attachment":[{"href":"https:\/\/kanakydesign.com\/de\/wp-json\/wp\/v2\/media?parent=248"}],"wp:term":[{"taxonomy":"product_brand","embeddable":true,"href":"https:\/\/kanakydesign.com\/de\/wp-json\/wp\/v2\/product_brand?post=248"},{"taxonomy":"product_cat","embeddable":true,"href":"https:\/\/kanakydesign.com\/de\/wp-json\/wp\/v2\/product_cat?post=248"},{"taxonomy":"product_tag","embeddable":true,"href":"https:\/\/kanakydesign.com\/de\/wp-json\/wp\/v2\/product_tag?post=248"}],"curies":[{"name":"wp","href":"https:\/\/api.w.org\/{rel}","templated":true}]}}