{"id":188,"date":"2023-06-27T11:24:08","date_gmt":"2023-06-27T11:24:08","guid":{"rendered":"https:\/\/kanakydesign.com\/?post_type=product&#038;p=188"},"modified":"2026-04-11T16:56:56","modified_gmt":"2026-04-11T16:56:56","slug":"termostato-dia-noche","status":"publish","type":"product","link":"https:\/\/kanakydesign.com\/de\/produkt\/termostato-dia-noche\/","title":{"rendered":"Tag\/Nacht-Thermostat"},"content":{"rendered":"<p data-start=\"159\" data-end=\"686\">Die <strong data-start=\"162\" data-end=\"214\">digitaler Thermostat Tag-Nacht <\/strong>der Marke <strong data-start=\"162\" data-end=\"214\">Giganterra<\/strong> ist ein kompletter Regler, um die Temperatur stabil zu halten und den Zyklus Ihres Terrariums sicher zu automatisieren. Es ist entworfen, um zu arbeiten mit <strong data-start=\"363\" data-end=\"384\">Strahlungsplatten<\/strong>, <strong data-start=\"386\" data-end=\"408\">Keramik-Lampen<\/strong> und andere W\u00e4rmequellen und regelt das System so, dass Ihr Tier Tag und Nacht eine konstante Umgebung hat. Wenn Sie nach einem <strong data-start=\"549\" data-end=\"590\">digitaler Thermostat Tag-Nacht <\/strong>das auch die Beleuchtung Ihres Terrariums steuert, zeichnet sich dieses Modell durch seine <strong data-start=\"655\" data-end=\"685\">2 unabh\u00e4ngige Stromkreise<\/strong>.<\/p>\n<h2 data-start=\"688\" data-end=\"741\">\u2705 2 Stromkreise: Heizung + Beleuchtung (echte Automatisierung)<\/h2>\n<p data-start=\"742\" data-end=\"768\">Dieser Thermostat umfasst:<\/p>\n<ul data-start=\"769\" data-end=\"1036\">\n<li data-start=\"769\" data-end=\"862\">\n<p data-start=\"771\" data-end=\"862\"><strong data-start=\"771\" data-end=\"800\">Kreislauf 1 (Temperatur):<\/strong> steuert die W\u00e4rmequelle, um den gew\u00fcnschten Bereich zu erhalten.<\/p>\n<\/li>\n<li data-start=\"863\" data-end=\"1036\">\n<p data-start=\"865\" data-end=\"1036\"><strong data-start=\"865\" data-end=\"888\">Kreislauf 2 (Beleuchtung):<\/strong> erm\u00f6glicht es, die Terrarienbeleuchtung separat zu steuern, so dass Tag-\/Nacht-Routinen ohne zus\u00e4tzliche Zeitschaltuhren m\u00f6glich sind. Ideal f\u00fcr die Steuerung von LED-Lichtquellen und UV-Displays, die keine W\u00e4rme abstrahlen (<strong><a href=\"https:\/\/kanakydesign.com\/de\/categoria\/accesorios\/iluminacion\/\">zur Beleuchtung gehen<\/a><\/strong>)<\/p>\n<\/li>\n<\/ul>\n<p data-start=\"1038\" data-end=\"1149\">Mit dieser Konfiguration k\u00f6nnen Sie die Steuerung des Terrariums zentralisieren und Ger\u00e4te, Kabel und manuelle Einstellungen reduzieren.<\/p>\n<h2 data-start=\"1151\" data-end=\"1192\">\ud83c\udf21\ufe0f Dauerhafte Anzeige und Bereich 0-50 \u00b0C<\/h2>\n<p data-start=\"1193\" data-end=\"1436\">Das Display zeigt kontinuierlich die <strong data-start=\"1240\" data-end=\"1263\">Innentemperatur<\/strong>, Der Status des Systems kann auf einen Blick \u00fcberpr\u00fcft werden. Funktioniert in einer Reihe von <strong data-start=\"1348\" data-end=\"1364\">0 \u00b0C bis 50 \u00b0C<\/strong>, ideal f\u00fcr die meisten tropischen, gem\u00e4\u00dfigten und W\u00fcstenterrarien.<\/p>\n<h2 data-start=\"1438\" data-end=\"1489\">\ud83d\udea8 Alarmfunktion f\u00fcr hohe oder niedrige Temperatur<\/h2>\n<p data-start=\"1490\" data-end=\"1744\">F\u00fcr zus\u00e4tzliche Sicherheit sorgt die Integration von <strong data-start=\"1524\" data-end=\"1534\">Alarm<\/strong> wenn die Temperatur au\u00dferhalb des eingestellten Bereichs ansteigt oder f\u00e4llt. Auf diese Weise k\u00f6nnen Heizungsfehler, falsch platzierte F\u00fchler oder pl\u00f6tzliche Umgebungs\u00e4nderungen erkannt werden, bevor sie zu einem Problem werden.<\/p>\n<h2 data-start=\"1746\" data-end=\"1774\">\u26a1 Maximale Leistung: 2x500W<\/h2>\n<p data-start=\"1775\" data-end=\"2029\">Seine maximale Kapazit\u00e4t betr\u00e4gt <strong data-start=\"1801\" data-end=\"1813\">2 x 500W<\/strong>, Das Heizsystem reicht aus, um die meisten g\u00e4ngigen Heizsysteme (Keramik, Heizplatten, Heizmatten, Kabel usw.) zu steuern, sowohl in Haushaltsterrarien als auch in anspruchsvolleren Anlagen.<\/p>\n<h2 data-start=\"2031\" data-end=\"2063\">\ud83d\udd0b Stromausfallspeicher<\/h2>\n<p data-start=\"2064\" data-end=\"2256\">Enth\u00e4lt <strong data-start=\"2072\" data-end=\"2091\">interne Batterie<\/strong> um die Programmierung beizubehalten, wenn der Strom ausf\u00e4llt. Wenn die Stromversorgung wiederhergestellt ist, stellt das Terrarium seine Einstellungen wieder her, ohne dass die Temperaturen oder Zyklen neu programmiert werden m\u00fcssen.<\/p>\n<p data-start=\"2064\" data-end=\"2256\">\n<p data-start=\"2388\" data-end=\"2619\"><strong data-start=\"2388\" data-end=\"2411\">Montagehinweise:<\/strong> Platzieren Sie die Sonde in dem Bereich, den Sie \u00fcberwachen m\u00f6chten (normalerweise in der N\u00e4he der hei\u00dfen Stelle, aber ohne direkten Kontakt mit der W\u00e4rmequelle), und \u00fcberpr\u00fcfen Sie den Gradienten mit einem Thermometer in einem anderen Bereich des Terrariums.<\/p>","protected":false},"excerpt":{"rendered":"<p>Der digitale Thermostat regelt die Temperatur und ist ideal f\u00fcr den Einsatz mit Heizstrahlern, Keramiklampen und anderen W\u00e4rmequellen. Er verf\u00fcgt \u00fcber 2 Schaltkreise, einen Schaltkreis zur Regelung der Temperatur und einen weiteren Schaltkreis zur Steuerung der Terrarienbeleuchtung. Die Innentemperatur kann permanent auf dem Display angezeigt werden. Der Temperaturbereich reicht von 0\u00b0C bis 50\u00b0C mit einer Alarmfunktion bei \u00dcber- oder Unterschreitung dieser Temperaturen.<\/p>\n<p>Seine maximale Leistung betr\u00e4gt 2x 500w. Er verf\u00fcgt \u00fcber eine interne Batterie, um die Programmierung im Falle eines Stromausfalls zu speichern.<\/p>","protected":false},"featured_media":1076,"template":"","meta":[],"product_brand":[],"product_cat":[23,26],"product_tag":[227,230,226,223,219,229,228,225,231,224,221,222,220],"class_list":{"0":"post-188","1":"product","2":"type-product","3":"status-publish","4":"has-post-thumbnail","6":"product_cat-accesorios","7":"product_cat-calefaccion","8":"product_tag-automatizacion-terrario","9":"product_tag-calefaccion-terrario","10":"product_tag-control-luces-terrario","11":"product_tag-controlador-temperatura-terrario","12":"product_tag-giganterra","13":"product_tag-lampara-ceramica-terrario","14":"product_tag-panel-radiante-terrario","15":"product_tag-termostato-2-circuitos","16":"product_tag-termostato-500w","17":"product_tag-termostato-con-alarma","18":"product_tag-termostato-dia-noche-terrario","19":"product_tag-termostato-digital-terrario","20":"product_tag-termostato-terrario","22":"first","23":"instock","24":"taxable","25":"shipping-taxable","26":"purchasable","27":"product-type-simple"},"yoast_head":"<!-- This site is optimized with the Yoast SEO plugin v27.4 - https:\/\/yoast.com\/product\/yoast-seo-wordpress\/ -->\n<title>Termostato d\u00eda\/noche | KanakyDesign Enclosures<\/title>\n<meta name=\"description\" content=\"Termostato d\u00eda noche terrario Giganterra con 2 circuitos (calor y luces), alarma 0\u201350\u00b0C y memoria por bater\u00eda. Potencia m\u00e1x. 2x500W.\" \/>\n<meta name=\"robots\" content=\"index, follow, max-snippet:-1, max-image-preview:large, max-video-preview:-1\" \/>\n<link rel=\"canonical\" href=\"https:\/\/kanakydesign.com\/de\/produkt\/termostato-dia-noche\/\" \/>\n<meta property=\"og:locale\" content=\"de_DE\" \/>\n<meta property=\"og:type\" content=\"article\" \/>\n<meta property=\"og:title\" content=\"Termostato d\u00eda\/noche | KanakyDesign Enclosures\" \/>\n<meta property=\"og:description\" content=\"Termostato d\u00eda noche terrario Giganterra con 2 circuitos (calor y luces), alarma 0\u201350\u00b0C y memoria por bater\u00eda. Potencia m\u00e1x. 2x500W.\" \/>\n<meta property=\"og:url\" content=\"https:\/\/kanakydesign.com\/de\/produkt\/termostato-dia-noche\/\" \/>\n<meta property=\"og:site_name\" content=\"KanakyDesign Enclosures\" \/>\n<meta property=\"article:modified_time\" content=\"2026-04-11T16:56:56+00:00\" \/>\n<meta property=\"og:image\" content=\"https:\/\/kanakydesign.com\/wp-content\/uploads\/2023\/09\/DSC2794-scaled.jpg\" \/>\n\t<meta property=\"og:image:width\" content=\"2560\" \/>\n\t<meta property=\"og:image:height\" content=\"2560\" \/>\n\t<meta property=\"og:image:type\" content=\"image\/jpeg\" \/>\n<meta name=\"twitter:card\" content=\"summary_large_image\" \/>\n<meta name=\"twitter:label1\" content=\"Gesch\u00e4tzte Lesezeit\" \/>\n\t<meta name=\"twitter:data1\" content=\"2\u00a0Minuten\" \/>\n<script type=\"application\/ld+json\" class=\"yoast-schema-graph\">{\"@context\":\"https:\\\/\\\/schema.org\",\"@graph\":[{\"@type\":\"WebPage\",\"@id\":\"https:\\\/\\\/kanakydesign.com\\\/producto\\\/termostato-dia-noche\\\/\",\"url\":\"https:\\\/\\\/kanakydesign.com\\\/producto\\\/termostato-dia-noche\\\/\",\"name\":\"Termostato d\u00eda\\\/noche | KanakyDesign Enclosures\",\"isPartOf\":{\"@id\":\"https:\\\/\\\/kanakydesign.com\\\/#website\"},\"primaryImageOfPage\":{\"@id\":\"https:\\\/\\\/kanakydesign.com\\\/producto\\\/termostato-dia-noche\\\/#primaryimage\"},\"image\":{\"@id\":\"https:\\\/\\\/kanakydesign.com\\\/producto\\\/termostato-dia-noche\\\/#primaryimage\"},\"thumbnailUrl\":\"https:\\\/\\\/kanakydesign.com\\\/wp-content\\\/uploads\\\/2023\\\/09\\\/DSC2794-scaled.jpg\",\"datePublished\":\"2023-06-27T11:24:08+00:00\",\"dateModified\":\"2026-04-11T16:56:56+00:00\",\"description\":\"Termostato d\u00eda noche terrario Giganterra con 2 circuitos (calor y luces), alarma 0\u201350\u00b0C y memoria por bater\u00eda. Potencia m\u00e1x. 2x500W.\",\"breadcrumb\":{\"@id\":\"https:\\\/\\\/kanakydesign.com\\\/producto\\\/termostato-dia-noche\\\/#breadcrumb\"},\"inLanguage\":\"de\",\"potentialAction\":[{\"@type\":\"ReadAction\",\"target\":[\"https:\\\/\\\/kanakydesign.com\\\/producto\\\/termostato-dia-noche\\\/\"]}]},{\"@type\":\"ImageObject\",\"inLanguage\":\"de\",\"@id\":\"https:\\\/\\\/kanakydesign.com\\\/producto\\\/termostato-dia-noche\\\/#primaryimage\",\"url\":\"https:\\\/\\\/kanakydesign.com\\\/wp-content\\\/uploads\\\/2023\\\/09\\\/DSC2794-scaled.jpg\",\"contentUrl\":\"https:\\\/\\\/kanakydesign.com\\\/wp-content\\\/uploads\\\/2023\\\/09\\\/DSC2794-scaled.jpg\",\"width\":2560,\"height\":2560},{\"@type\":\"BreadcrumbList\",\"@id\":\"https:\\\/\\\/kanakydesign.com\\\/producto\\\/termostato-dia-noche\\\/#breadcrumb\",\"itemListElement\":[{\"@type\":\"ListItem\",\"position\":1,\"name\":\"Portada\",\"item\":\"https:\\\/\\\/kanakydesign.com\\\/\"},{\"@type\":\"ListItem\",\"position\":2,\"name\":\"Tienda\",\"item\":\"https:\\\/\\\/kanakydesign.com\\\/tienda\\\/\"},{\"@type\":\"ListItem\",\"position\":3,\"name\":\"Termostato d\u00eda\\\/noche\"}]},{\"@type\":\"WebSite\",\"@id\":\"https:\\\/\\\/kanakydesign.com\\\/#website\",\"url\":\"https:\\\/\\\/kanakydesign.com\\\/\",\"name\":\"KanakyDesign Enclosures\",\"description\":\"Become a professional keeper\",\"publisher\":{\"@id\":\"https:\\\/\\\/kanakydesign.com\\\/#organization\"},\"alternateName\":\"KanakyDesign\",\"potentialAction\":[{\"@type\":\"SearchAction\",\"target\":{\"@type\":\"EntryPoint\",\"urlTemplate\":\"https:\\\/\\\/kanakydesign.com\\\/?s={search_term_string}\"},\"query-input\":{\"@type\":\"PropertyValueSpecification\",\"valueRequired\":true,\"valueName\":\"search_term_string\"}}],\"inLanguage\":\"de\"},{\"@type\":\"Organization\",\"@id\":\"https:\\\/\\\/kanakydesign.com\\\/#organization\",\"name\":\"KanakyDesign Enclosures\",\"alternateName\":\"KanakyDesign\",\"url\":\"https:\\\/\\\/kanakydesign.com\\\/\",\"logo\":{\"@type\":\"ImageObject\",\"inLanguage\":\"de\",\"@id\":\"https:\\\/\\\/kanakydesign.com\\\/#\\\/schema\\\/logo\\\/image\\\/\",\"url\":\"https:\\\/\\\/kanakydesign.com\\\/wp-content\\\/uploads\\\/2023\\\/06\\\/Logo-KanakyDesign-circular-negro-1.png\",\"contentUrl\":\"https:\\\/\\\/kanakydesign.com\\\/wp-content\\\/uploads\\\/2023\\\/06\\\/Logo-KanakyDesign-circular-negro-1.png\",\"width\":2000,\"height\":2000,\"caption\":\"KanakyDesign Enclosures\"},\"image\":{\"@id\":\"https:\\\/\\\/kanakydesign.com\\\/#\\\/schema\\\/logo\\\/image\\\/\"}}]}<\/script>\n<!-- \/ Yoast SEO plugin. -->","yoast_head_json":{"title":"Tag\/Nacht-Thermostat | KanakyDesign-Geh\u00e4use","description":"Giganterra Tag-Nacht-Terrarienthermostat mit 2 Kreisen (W\u00e4rme und Licht), 0-50\u00b0C Alarm und Batteriespeicher. Max. Leistung 2x500W.","robots":{"index":"index","follow":"follow","max-snippet":"max-snippet:-1","max-image-preview":"max-image-preview:large","max-video-preview":"max-video-preview:-1"},"canonical":"https:\/\/kanakydesign.com\/de\/produkt\/termostato-dia-noche\/","og_locale":"de_DE","og_type":"article","og_title":"Termostato d\u00eda\/noche | KanakyDesign Enclosures","og_description":"Termostato d\u00eda noche terrario Giganterra con 2 circuitos (calor y luces), alarma 0\u201350\u00b0C y memoria por bater\u00eda. Potencia m\u00e1x. 2x500W.","og_url":"https:\/\/kanakydesign.com\/de\/produkt\/termostato-dia-noche\/","og_site_name":"KanakyDesign Enclosures","article_modified_time":"2026-04-11T16:56:56+00:00","og_image":[{"width":2560,"height":2560,"url":"https:\/\/kanakydesign.com\/wp-content\/uploads\/2023\/09\/DSC2794-scaled.jpg","type":"image\/jpeg"}],"twitter_card":"summary_large_image","twitter_misc":{"Gesch\u00e4tzte Lesezeit":"2\u00a0Minuten"},"schema":{"@context":"https:\/\/schema.org","@graph":[{"@type":"WebPage","@id":"https:\/\/kanakydesign.com\/producto\/termostato-dia-noche\/","url":"https:\/\/kanakydesign.com\/producto\/termostato-dia-noche\/","name":"Tag\/Nacht-Thermostat | KanakyDesign-Geh\u00e4use","isPartOf":{"@id":"https:\/\/kanakydesign.com\/#website"},"primaryImageOfPage":{"@id":"https:\/\/kanakydesign.com\/producto\/termostato-dia-noche\/#primaryimage"},"image":{"@id":"https:\/\/kanakydesign.com\/producto\/termostato-dia-noche\/#primaryimage"},"thumbnailUrl":"https:\/\/kanakydesign.com\/wp-content\/uploads\/2023\/09\/DSC2794-scaled.jpg","datePublished":"2023-06-27T11:24:08+00:00","dateModified":"2026-04-11T16:56:56+00:00","description":"Giganterra Tag-Nacht-Terrarienthermostat mit 2 Kreisen (W\u00e4rme und Licht), 0-50\u00b0C Alarm und Batteriespeicher. Max. Leistung 2x500W.","breadcrumb":{"@id":"https:\/\/kanakydesign.com\/producto\/termostato-dia-noche\/#breadcrumb"},"inLanguage":"de","potentialAction":[{"@type":"ReadAction","target":["https:\/\/kanakydesign.com\/producto\/termostato-dia-noche\/"]}]},{"@type":"ImageObject","inLanguage":"de","@id":"https:\/\/kanakydesign.com\/producto\/termostato-dia-noche\/#primaryimage","url":"https:\/\/kanakydesign.com\/wp-content\/uploads\/2023\/09\/DSC2794-scaled.jpg","contentUrl":"https:\/\/kanakydesign.com\/wp-content\/uploads\/2023\/09\/DSC2794-scaled.jpg","width":2560,"height":2560},{"@type":"BreadcrumbList","@id":"https:\/\/kanakydesign.com\/producto\/termostato-dia-noche\/#breadcrumb","itemListElement":[{"@type":"ListItem","position":1,"name":"Portada","item":"https:\/\/kanakydesign.com\/"},{"@type":"ListItem","position":2,"name":"Tienda","item":"https:\/\/kanakydesign.com\/tienda\/"},{"@type":"ListItem","position":3,"name":"Termostato d\u00eda\/noche"}]},{"@type":"WebSite","@id":"https:\/\/kanakydesign.com\/#website","url":"https:\/\/kanakydesign.com\/","name":"KanakyDesign-Geh\u00e4use","description":"Become a professional keeper","publisher":{"@id":"https:\/\/kanakydesign.com\/#organization"},"alternateName":"KanakyDesign","potentialAction":[{"@type":"SearchAction","target":{"@type":"EntryPoint","urlTemplate":"https:\/\/kanakydesign.com\/?s={search_term_string}"},"query-input":{"@type":"PropertyValueSpecification","valueRequired":true,"valueName":"search_term_string"}}],"inLanguage":"de"},{"@type":"Organization","@id":"https:\/\/kanakydesign.com\/#organization","name":"KanakyDesign-Geh\u00e4use","alternateName":"KanakyDesign","url":"https:\/\/kanakydesign.com\/","logo":{"@type":"ImageObject","inLanguage":"de","@id":"https:\/\/kanakydesign.com\/#\/schema\/logo\/image\/","url":"https:\/\/kanakydesign.com\/wp-content\/uploads\/2023\/06\/Logo-KanakyDesign-circular-negro-1.png","contentUrl":"https:\/\/kanakydesign.com\/wp-content\/uploads\/2023\/06\/Logo-KanakyDesign-circular-negro-1.png","width":2000,"height":2000,"caption":"KanakyDesign Enclosures"},"image":{"@id":"https:\/\/kanakydesign.com\/#\/schema\/logo\/image\/"}}]}},"_links":{"self":[{"href":"https:\/\/kanakydesign.com\/de\/wp-json\/wp\/v2\/product\/188","targetHints":{"allow":["GET"]}}],"collection":[{"href":"https:\/\/kanakydesign.com\/de\/wp-json\/wp\/v2\/product"}],"about":[{"href":"https:\/\/kanakydesign.com\/de\/wp-json\/wp\/v2\/types\/product"}],"wp:featuredmedia":[{"embeddable":true,"href":"https:\/\/kanakydesign.com\/de\/wp-json\/wp\/v2\/media\/1076"}],"wp:attachment":[{"href":"https:\/\/kanakydesign.com\/de\/wp-json\/wp\/v2\/media?parent=188"}],"wp:term":[{"taxonomy":"product_brand","embeddable":true,"href":"https:\/\/kanakydesign.com\/de\/wp-json\/wp\/v2\/product_brand?post=188"},{"taxonomy":"product_cat","embeddable":true,"href":"https:\/\/kanakydesign.com\/de\/wp-json\/wp\/v2\/product_cat?post=188"},{"taxonomy":"product_tag","embeddable":true,"href":"https:\/\/kanakydesign.com\/de\/wp-json\/wp\/v2\/product_tag?post=188"}],"curies":[{"name":"wp","href":"https:\/\/api.w.org\/{rel}","templated":true}]}}