{"id":1824,"date":"2026-02-08T11:52:48","date_gmt":"2026-02-08T11:52:48","guid":{"rendered":"https:\/\/kanakydesign.com\/?post_type=product&#038;p=1824"},"modified":"2026-02-21T18:19:55","modified_gmt":"2026-02-21T18:19:55","slug":"terrario-60x50x80","status":"publish","type":"product","link":"https:\/\/kanakydesign.com\/de\/produkt\/terrario-60x50x80\/","title":{"rendered":"Terrarium 60x50x80"},"content":{"rendered":"<p data-start=\"169\" data-end=\"833\">Die <strong data-start=\"172\" data-end=\"215\">PVC-Terrarium 60x50x80 von Kanaky Design<\/strong> (Ma\u00dfe in cm: <strong data-start=\"232\" data-end=\"256\">L\u00e4nge x Tiefe x H\u00f6he<\/strong>) soll einen Lebensraum bieten <strong data-start=\"296\" data-end=\"336\">sicher, isolierend und leicht zu pflegen<\/strong>, ideal f\u00fcr Reptilien, Amphibien und wirbellose Tiere. Es ist hergestellt aus <strong data-start=\"418\" data-end=\"460\">12 mm hochdichtes gesch\u00e4umtes PVC<\/strong>, ein Material mit einer gro\u00dfen Kapazit\u00e4t <strong data-start=\"497\" data-end=\"509\">Isolierung<\/strong>, <strong data-start=\"511\" data-end=\"538\">feuchtigkeitsbest\u00e4ndig<\/strong> und sehr einfach zu <strong data-start=\"557\" data-end=\"582\">Reinigung und Desinfektion<\/strong>. Dar\u00fcber hinaus ist PVC <strong data-start=\"602\" data-end=\"614\">flammhemmend<\/strong> und zeichnet sich durch seine Widerstandsf\u00e4higkeit gegen St\u00f6\u00dfe und Kratzer aus. Bei Kanaky Design verwenden wir ein PVC mit <strong data-start=\"705\" data-end=\"731\">verst\u00e4rkte Au\u00dfenschicht<\/strong> das hilft <strong data-start=\"744\" data-end=\"763\">Kratzer vermeiden<\/strong>, so bleibt das Terrarium l\u00e4nger makellos.<\/p>\n<h3 data-start=\"835\" data-end=\"884\">\u2705 Doppelte Bel\u00fcftung: stabile und effiziente Str\u00f6mung<\/h3>\n<p data-start=\"885\" data-end=\"931\">Dieses Terrarium enth\u00e4lt <strong data-start=\"909\" data-end=\"930\">doppelte Bel\u00fcftung<\/strong>:<\/p>\n<ul data-start=\"932\" data-end=\"1067\">\n<li data-start=\"932\" data-end=\"990\">\n<p data-start=\"934\" data-end=\"990\"><strong data-start=\"934\" data-end=\"945\">Vorderseite<\/strong>, die sich unter den T\u00fcren befinden (Lufteinlass).<\/p>\n<\/li>\n<li data-start=\"991\" data-end=\"1067\">\n<p data-start=\"993\" data-end=\"1067\"><strong data-start=\"993\" data-end=\"1013\">Obere R\u00fcckseite<\/strong>, Die R\u00fcckwand befindet sich an der Oberseite der R\u00fcckwand (Luftauslass).<\/p>\n<\/li>\n<\/ul>\n<p data-start=\"1069\" data-end=\"1324\">Dieses Design beg\u00fcnstigt die <strong data-start=\"1093\" data-end=\"1110\">Innenstr\u00f6mung<\/strong> dank der <strong data-start=\"1122\" data-end=\"1154\">nat\u00fcrlicher Konvektionseffekt<\/strong>, Die Bel\u00fcftung unserer PVC-Terrarien ist bei der PVC-Terraristik registriert. Die Bel\u00fcftung unserer PVC-Terrarien ist mit dem <strong data-start=\"1290\" data-end=\"1323\">Gebrauchsmuster U202431886<\/strong>.<\/p>\n<h3 data-start=\"1326\" data-end=\"1371\">\ud83d\udee1\ufe0f Netz aus rostfreiem Stahl mit Auslaufschutz<\/h3>\n<p data-start=\"1372\" data-end=\"1804\">Die L\u00fcftungsschlitze enthalten <strong data-start=\"1410\" data-end=\"1439\">Edelstahlgewebe<\/strong>, entwickelt, um das Auslaufen von <strong data-start=\"1470\" data-end=\"1487\">Lebendfutter<\/strong> und verringern die Fluchtgefahr f\u00fcr die im Terrarium lebenden Kleintiere.<br data-start=\"1564\" data-end=\"1567\" \/>Standardm\u00e4\u00dfig ist das verwendete Netz <strong data-start=\"1605\" data-end=\"1632\">1,44 mm Maschenweite<\/strong>. Wenn Sie andere Netzoptionen oder ein auf eine bestimmte Art zugeschnittenes Design ben\u00f6tigen, k\u00f6nnen Sie hier ein ma\u00dfgeschneidertes Terrarium konfigurieren:<br data-start=\"1760\" data-end=\"1763\" \/><a class=\"decorated-link\" href=\"https:\/\/kanakydesign.com\/de\/diseno-a-medida\/\" target=\"_new\" rel=\"noopener\" data-start=\"1763\" data-end=\"1804\">https:\/\/kanakydesign.com\/diseno-a-medida\/<\/a><\/p>\n<h3 data-start=\"1806\" data-end=\"1868\">\ud83d\udd0c Inklusive 1 T\u00fcllenabdeckung (sauberere und sicherere Montage)<\/h3>\n<p data-start=\"1869\" data-end=\"2100\">Dieses Modell enth\u00e4lt 1<strong data-start=\"1889\" data-end=\"1911\">\u00a0Kabeleinf\u00fchrungsdeckel<\/strong>, ideal, um Kabel f\u00fcr Beleuchtung, Heizung, Sensoren oder Regensysteme aus dem Terrarium zu entfernen, ohne dass gro\u00dfe L\u00f6cher entstehen, durch die Tiere oder Lebendfutter entweichen k\u00f6nnen.<\/p>\n<h3 data-start=\"2102\" data-end=\"2154\">\ud83e\uddf1 Stapelbar: Erstellen Sie \u00e4sthetische und funktionale Module<\/h3>\n<p data-start=\"2155\" data-end=\"2355\">Der strukturelle Aufbau erm\u00f6glicht <strong data-start=\"2185\" data-end=\"2205\">Stapelterrarien<\/strong> ohne Risiko aufeinander einwirken und so <strong data-start=\"2243\" data-end=\"2254\">Module<\/strong> sehr \u00e4sthetisch und an Ihre Bed\u00fcrfnisse angepasst, perfekt um Installationen in geordneter Weise zu erweitern.<\/p>\n<h3 data-start=\"2357\" data-end=\"2409\">\ud83d\udce6 Wird zerlegt geliefert + Hardware und Anleitung<\/h3>\n<p data-start=\"2410\" data-end=\"2587\">PVC-Terrarien werden versandt <strong data-start=\"2441\" data-end=\"2456\">demontiert<\/strong>. Sie umfasst <strong data-start=\"2469\" data-end=\"2502\">alle erforderliche Hardware<\/strong> e <strong data-start=\"2505\" data-end=\"2533\">Montageanleitung<\/strong>, damit Sie ihn einfach und sicher montieren k\u00f6nnen.<\/p>","protected":false},"excerpt":{"rendered":"<p><strong>Terrarium 60x50x80 + 1 Kabelabdeckung<\/strong><\/p>\n<p>Terrarium aus 12mm hochdichtem, gesch\u00e4umtem PVC. PVC ist ein Material mit gro\u00dfer Isolierf\u00e4higkeit, resistent gegen Feuchtigkeit und sehr leicht zu reinigen und zu desinfizieren. Dar\u00fcber hinaus ist PVC feuerfest und sehr widerstandsf\u00e4hig gegen St\u00f6\u00dfe und Kratzer.<\/p>\n<p>Das Design unserer PVC-Terrarien erlaubt es, sie gefahrlos \u00fcbereinander zu stapeln. So k\u00f6nnen Sie \u00e4sthetisch ansprechende Terrarienmodule nach Ihren W\u00fcnschen zusammenstellen.<\/p>\n<p>Dieses Terrarium verf\u00fcgt \u00fcber zwei Kabeldurchf\u00fchrungen, die es Ihnen erleichtern, die Kabel des Zubeh\u00f6rs, das Sie installieren m\u00f6chten, aus dem Terrarium zu entfernen.<\/p>\n<p>Die Bel\u00fcftung unserer PVC-Terrarien ist unter dem Gebrauchsmuster U202431886 eingetragen. Sie ist so konzipiert, dass sie den internen Luftstrom dank des nat\u00fcrlichen Konvektionseffekts einer effizienten Architektur f\u00f6rdert. Die L\u00fcftungsschlitze sind mit einem Edelstahlnetz ausgestattet, das das Auslaufen von Lebendfutter oder kleinen Tieren im Terrarium verhindert.<\/p>\n<p>Die PVC-Terrarien werden zerlegt geliefert. Alle notwendigen Beschl\u00e4ge und Montageanleitungen sind im Lieferumfang enthalten.<\/p>\n<p>Ma\u00dfe in Zentimetern, in der Reihenfolge L\u00e4nge x Tiefe x H\u00f6he<\/p>","protected":false},"featured_media":1744,"template":"","meta":[],"product_brand":[],"product_cat":[81,22],"product_tag":[579,570,576,574,573,572,580,567,577,569,590,568,578,571,575],"class_list":{"0":"post-1824","1":"product","2":"type-product","3":"status-publish","4":"has-post-thumbnail","6":"product_cat-personalizados","7":"product_cat-terrarios","8":"product_tag-terrario-anfibios","9":"product_tag-terrario-apilable","10":"product_tag-terrario-con-tapas-pasacables","11":"product_tag-terrario-doble-ventilacion","12":"product_tag-terrario-facil-limpieza","13":"product_tag-terrario-ignifugo","14":"product_tag-terrario-invertebrados","15":"product_tag-terrario-kanaky-design","16":"product_tag-terrario-modular","17":"product_tag-terrario-pvc-12mm","18":"product_tag-terrario-pvc-60x50x80","19":"product_tag-terrario-pvc-espumado","20":"product_tag-terrario-reptiles","21":"product_tag-terrario-resistente-humedad","22":"product_tag-ventilacion-con-malla-inox","24":"first","25":"instock","26":"taxable","27":"shipping-taxable","28":"purchasable","29":"product-type-composite"},"yoast_head":"<!-- This site is optimized with the Yoast SEO plugin v27.4 - https:\/\/yoast.com\/product\/yoast-seo-wordpress\/ -->\n<title>Terrario 60x50x80 | KanakyDesign Enclosures<\/title>\n<meta name=\"description\" content=\"Terrario PVC 60x50x80 Kanaky Design en PVC 12mm: aislante, resistente a humedad e ign\u00edfugo. Doble ventilaci\u00f3n con malla inox y 1 tapa pasacables.\" \/>\n<meta name=\"robots\" content=\"index, follow, max-snippet:-1, max-image-preview:large, max-video-preview:-1\" \/>\n<link rel=\"canonical\" href=\"https:\/\/kanakydesign.com\/de\/produkt\/terrario-60x50x80\/\" \/>\n<meta property=\"og:locale\" content=\"de_DE\" \/>\n<meta property=\"og:type\" content=\"article\" \/>\n<meta property=\"og:title\" content=\"Terrario 60x50x80 | KanakyDesign Enclosures\" \/>\n<meta property=\"og:description\" content=\"Terrario PVC 60x50x80 Kanaky Design en PVC 12mm: aislante, resistente a humedad e ign\u00edfugo. Doble ventilaci\u00f3n con malla inox y 1 tapa pasacables.\" \/>\n<meta property=\"og:url\" content=\"https:\/\/kanakydesign.com\/de\/produkt\/terrario-60x50x80\/\" \/>\n<meta property=\"og:site_name\" content=\"KanakyDesign Enclosures\" \/>\n<meta property=\"article:modified_time\" content=\"2026-02-21T18:19:55+00:00\" \/>\n<meta property=\"og:image\" content=\"https:\/\/kanakydesign.com\/wp-content\/uploads\/2023\/08\/Terrario-PVC-60x50x80.png\" \/>\n\t<meta property=\"og:image:width\" content=\"1039\" \/>\n\t<meta property=\"og:image:height\" content=\"1039\" \/>\n\t<meta property=\"og:image:type\" content=\"image\/png\" \/>\n<meta name=\"twitter:card\" content=\"summary_large_image\" \/>\n<meta name=\"twitter:label1\" content=\"Gesch\u00e4tzte Lesezeit\" \/>\n\t<meta name=\"twitter:data1\" content=\"2\u00a0Minuten\" \/>\n<script type=\"application\/ld+json\" class=\"yoast-schema-graph\">{\"@context\":\"https:\\\/\\\/schema.org\",\"@graph\":[{\"@type\":\"WebPage\",\"@id\":\"https:\\\/\\\/kanakydesign.com\\\/producto\\\/terrario-60x50x80\\\/\",\"url\":\"https:\\\/\\\/kanakydesign.com\\\/producto\\\/terrario-60x50x80\\\/\",\"name\":\"Terrario 60x50x80 | KanakyDesign Enclosures\",\"isPartOf\":{\"@id\":\"https:\\\/\\\/kanakydesign.com\\\/#website\"},\"primaryImageOfPage\":{\"@id\":\"https:\\\/\\\/kanakydesign.com\\\/producto\\\/terrario-60x50x80\\\/#primaryimage\"},\"image\":{\"@id\":\"https:\\\/\\\/kanakydesign.com\\\/producto\\\/terrario-60x50x80\\\/#primaryimage\"},\"thumbnailUrl\":\"https:\\\/\\\/kanakydesign.com\\\/wp-content\\\/uploads\\\/2023\\\/08\\\/Terrario-PVC-60x50x80.png\",\"datePublished\":\"2026-02-08T11:52:48+00:00\",\"dateModified\":\"2026-02-21T18:19:55+00:00\",\"description\":\"Terrario PVC 60x50x80 Kanaky Design en PVC 12mm: aislante, resistente a humedad e ign\u00edfugo. Doble ventilaci\u00f3n con malla inox y 1 tapa pasacables.\",\"breadcrumb\":{\"@id\":\"https:\\\/\\\/kanakydesign.com\\\/producto\\\/terrario-60x50x80\\\/#breadcrumb\"},\"inLanguage\":\"de\",\"potentialAction\":[{\"@type\":\"ReadAction\",\"target\":[\"https:\\\/\\\/kanakydesign.com\\\/producto\\\/terrario-60x50x80\\\/\"]}]},{\"@type\":\"ImageObject\",\"inLanguage\":\"de\",\"@id\":\"https:\\\/\\\/kanakydesign.com\\\/producto\\\/terrario-60x50x80\\\/#primaryimage\",\"url\":\"https:\\\/\\\/kanakydesign.com\\\/wp-content\\\/uploads\\\/2023\\\/08\\\/Terrario-PVC-60x50x80.png\",\"contentUrl\":\"https:\\\/\\\/kanakydesign.com\\\/wp-content\\\/uploads\\\/2023\\\/08\\\/Terrario-PVC-60x50x80.png\",\"width\":1039,\"height\":1039},{\"@type\":\"BreadcrumbList\",\"@id\":\"https:\\\/\\\/kanakydesign.com\\\/producto\\\/terrario-60x50x80\\\/#breadcrumb\",\"itemListElement\":[{\"@type\":\"ListItem\",\"position\":1,\"name\":\"Portada\",\"item\":\"https:\\\/\\\/kanakydesign.com\\\/\"},{\"@type\":\"ListItem\",\"position\":2,\"name\":\"Tienda\",\"item\":\"https:\\\/\\\/kanakydesign.com\\\/tienda\\\/\"},{\"@type\":\"ListItem\",\"position\":3,\"name\":\"Terrario 60x50x80\"}]},{\"@type\":\"WebSite\",\"@id\":\"https:\\\/\\\/kanakydesign.com\\\/#website\",\"url\":\"https:\\\/\\\/kanakydesign.com\\\/\",\"name\":\"KanakyDesign Enclosures\",\"description\":\"Become a professional keeper\",\"publisher\":{\"@id\":\"https:\\\/\\\/kanakydesign.com\\\/#organization\"},\"alternateName\":\"KanakyDesign\",\"potentialAction\":[{\"@type\":\"SearchAction\",\"target\":{\"@type\":\"EntryPoint\",\"urlTemplate\":\"https:\\\/\\\/kanakydesign.com\\\/?s={search_term_string}\"},\"query-input\":{\"@type\":\"PropertyValueSpecification\",\"valueRequired\":true,\"valueName\":\"search_term_string\"}}],\"inLanguage\":\"de\"},{\"@type\":\"Organization\",\"@id\":\"https:\\\/\\\/kanakydesign.com\\\/#organization\",\"name\":\"KanakyDesign Enclosures\",\"alternateName\":\"KanakyDesign\",\"url\":\"https:\\\/\\\/kanakydesign.com\\\/\",\"logo\":{\"@type\":\"ImageObject\",\"inLanguage\":\"de\",\"@id\":\"https:\\\/\\\/kanakydesign.com\\\/#\\\/schema\\\/logo\\\/image\\\/\",\"url\":\"https:\\\/\\\/kanakydesign.com\\\/wp-content\\\/uploads\\\/2023\\\/06\\\/Logo-KanakyDesign-circular-negro-1.png\",\"contentUrl\":\"https:\\\/\\\/kanakydesign.com\\\/wp-content\\\/uploads\\\/2023\\\/06\\\/Logo-KanakyDesign-circular-negro-1.png\",\"width\":2000,\"height\":2000,\"caption\":\"KanakyDesign Enclosures\"},\"image\":{\"@id\":\"https:\\\/\\\/kanakydesign.com\\\/#\\\/schema\\\/logo\\\/image\\\/\"}}]}<\/script>\n<!-- \/ Yoast SEO plugin. -->","yoast_head_json":{"title":"Terrarium 60x50x80 | KanakyDesign Gehege","description":"PVC-Terrarium 60x50x80 Kanaky Design in PVC 12mm: isolierend, feuchtigkeitsbest\u00e4ndig und feuerfest. Doppelte Bel\u00fcftung mit Edelstahlgewebe und 1 Kabeldurchf\u00fchrung.","robots":{"index":"index","follow":"follow","max-snippet":"max-snippet:-1","max-image-preview":"max-image-preview:large","max-video-preview":"max-video-preview:-1"},"canonical":"https:\/\/kanakydesign.com\/de\/produkt\/terrario-60x50x80\/","og_locale":"de_DE","og_type":"article","og_title":"Terrario 60x50x80 | KanakyDesign Enclosures","og_description":"Terrario PVC 60x50x80 Kanaky Design en PVC 12mm: aislante, resistente a humedad e ign\u00edfugo. Doble ventilaci\u00f3n con malla inox y 1 tapa pasacables.","og_url":"https:\/\/kanakydesign.com\/de\/produkt\/terrario-60x50x80\/","og_site_name":"KanakyDesign Enclosures","article_modified_time":"2026-02-21T18:19:55+00:00","og_image":[{"width":1039,"height":1039,"url":"https:\/\/kanakydesign.com\/wp-content\/uploads\/2023\/08\/Terrario-PVC-60x50x80.png","type":"image\/png"}],"twitter_card":"summary_large_image","twitter_misc":{"Gesch\u00e4tzte Lesezeit":"2\u00a0Minuten"},"schema":{"@context":"https:\/\/schema.org","@graph":[{"@type":"WebPage","@id":"https:\/\/kanakydesign.com\/producto\/terrario-60x50x80\/","url":"https:\/\/kanakydesign.com\/producto\/terrario-60x50x80\/","name":"Terrarium 60x50x80 | KanakyDesign Gehege","isPartOf":{"@id":"https:\/\/kanakydesign.com\/#website"},"primaryImageOfPage":{"@id":"https:\/\/kanakydesign.com\/producto\/terrario-60x50x80\/#primaryimage"},"image":{"@id":"https:\/\/kanakydesign.com\/producto\/terrario-60x50x80\/#primaryimage"},"thumbnailUrl":"https:\/\/kanakydesign.com\/wp-content\/uploads\/2023\/08\/Terrario-PVC-60x50x80.png","datePublished":"2026-02-08T11:52:48+00:00","dateModified":"2026-02-21T18:19:55+00:00","description":"PVC-Terrarium 60x50x80 Kanaky Design in PVC 12mm: isolierend, feuchtigkeitsbest\u00e4ndig und feuerfest. Doppelte Bel\u00fcftung mit Edelstahlgewebe und 1 Kabeldurchf\u00fchrung.","breadcrumb":{"@id":"https:\/\/kanakydesign.com\/producto\/terrario-60x50x80\/#breadcrumb"},"inLanguage":"de","potentialAction":[{"@type":"ReadAction","target":["https:\/\/kanakydesign.com\/producto\/terrario-60x50x80\/"]}]},{"@type":"ImageObject","inLanguage":"de","@id":"https:\/\/kanakydesign.com\/producto\/terrario-60x50x80\/#primaryimage","url":"https:\/\/kanakydesign.com\/wp-content\/uploads\/2023\/08\/Terrario-PVC-60x50x80.png","contentUrl":"https:\/\/kanakydesign.com\/wp-content\/uploads\/2023\/08\/Terrario-PVC-60x50x80.png","width":1039,"height":1039},{"@type":"BreadcrumbList","@id":"https:\/\/kanakydesign.com\/producto\/terrario-60x50x80\/#breadcrumb","itemListElement":[{"@type":"ListItem","position":1,"name":"Portada","item":"https:\/\/kanakydesign.com\/"},{"@type":"ListItem","position":2,"name":"Tienda","item":"https:\/\/kanakydesign.com\/tienda\/"},{"@type":"ListItem","position":3,"name":"Terrario 60x50x80"}]},{"@type":"WebSite","@id":"https:\/\/kanakydesign.com\/#website","url":"https:\/\/kanakydesign.com\/","name":"KanakyDesign-Geh\u00e4use","description":"Become a professional keeper","publisher":{"@id":"https:\/\/kanakydesign.com\/#organization"},"alternateName":"KanakyDesign","potentialAction":[{"@type":"SearchAction","target":{"@type":"EntryPoint","urlTemplate":"https:\/\/kanakydesign.com\/?s={search_term_string}"},"query-input":{"@type":"PropertyValueSpecification","valueRequired":true,"valueName":"search_term_string"}}],"inLanguage":"de"},{"@type":"Organization","@id":"https:\/\/kanakydesign.com\/#organization","name":"KanakyDesign-Geh\u00e4use","alternateName":"KanakyDesign","url":"https:\/\/kanakydesign.com\/","logo":{"@type":"ImageObject","inLanguage":"de","@id":"https:\/\/kanakydesign.com\/#\/schema\/logo\/image\/","url":"https:\/\/kanakydesign.com\/wp-content\/uploads\/2023\/06\/Logo-KanakyDesign-circular-negro-1.png","contentUrl":"https:\/\/kanakydesign.com\/wp-content\/uploads\/2023\/06\/Logo-KanakyDesign-circular-negro-1.png","width":2000,"height":2000,"caption":"KanakyDesign Enclosures"},"image":{"@id":"https:\/\/kanakydesign.com\/#\/schema\/logo\/image\/"}}]}},"_links":{"self":[{"href":"https:\/\/kanakydesign.com\/de\/wp-json\/wp\/v2\/product\/1824","targetHints":{"allow":["GET"]}}],"collection":[{"href":"https:\/\/kanakydesign.com\/de\/wp-json\/wp\/v2\/product"}],"about":[{"href":"https:\/\/kanakydesign.com\/de\/wp-json\/wp\/v2\/types\/product"}],"wp:featuredmedia":[{"embeddable":true,"href":"https:\/\/kanakydesign.com\/de\/wp-json\/wp\/v2\/media\/1744"}],"wp:attachment":[{"href":"https:\/\/kanakydesign.com\/de\/wp-json\/wp\/v2\/media?parent=1824"}],"wp:term":[{"taxonomy":"product_brand","embeddable":true,"href":"https:\/\/kanakydesign.com\/de\/wp-json\/wp\/v2\/product_brand?post=1824"},{"taxonomy":"product_cat","embeddable":true,"href":"https:\/\/kanakydesign.com\/de\/wp-json\/wp\/v2\/product_cat?post=1824"},{"taxonomy":"product_tag","embeddable":true,"href":"https:\/\/kanakydesign.com\/de\/wp-json\/wp\/v2\/product_tag?post=1824"}],"curies":[{"name":"wp","href":"https:\/\/api.w.org\/{rel}","templated":true}]}}