{"id":1704,"date":"2026-02-07T23:10:14","date_gmt":"2026-02-07T23:10:14","guid":{"rendered":"https:\/\/kanakydesign.com\/?post_type=product&#038;p=1704"},"modified":"2026-03-17T14:20:00","modified_gmt":"2026-03-17T14:20:00","slug":"deep-heat-projector","status":"publish","type":"product","link":"https:\/\/kanakydesign.com\/de\/produkt\/deep-heat-projector\/","title":{"rendered":"Projektor f\u00fcr Tiefenw\u00e4rme"},"content":{"rendered":"<p data-start=\"186\" data-end=\"764\">Die <strong data-start=\"189\" data-end=\"250\">Arcadia Tiefenw\u00e4rme-Projektor (Tiefenw\u00e4rme-Projektor)<\/strong> ist eine der fortschrittlichsten Methoden zur Bereitstellung von <strong data-start=\"297\" data-end=\"325\">nat\u00fcrliche Infrarotw\u00e4rme<\/strong> f\u00fcr Reptilien und Amphibien <strong data-start=\"348\" data-end=\"374\">ohne sichtbares Licht zu emittieren<\/strong> (oder praktisch nichts), so dass es verwendet werden kann <strong data-start=\"427\" data-end=\"457\">Tag und Nacht<\/strong> ohne die Ruhezeiten und biologischen Rhythmen zu st\u00f6ren. Sie ist so konzipiert, dass sie mehr \u201csolare\u201d und effektive W\u00e4rme liefert als viele andere Lichtquellen, was sie zur ersten Wahl f\u00fcr Terrarien macht, in denen thermische Stabilit\u00e4t und das Wohlergehen der Tiere eine Priorit\u00e4t sind.<\/p>\n<h2 data-start=\"766\" data-end=\"832\">\u2705 W\u00e4rme ohne sichtbares Licht: 24\/7 Nutzung ohne Unterbrechung des Tag\/Nacht-Zyklus<\/h2>\n<p data-start=\"833\" data-end=\"1196\">Im Gegensatz zu Gl\u00fchbirnen, die leuchten (und die Nacht st\u00f6ren k\u00f6nnen), ist die <strong data-start=\"904\" data-end=\"927\">Tiefenw\u00e4rme-Projektor<\/strong> ist so konzipiert, dass sie W\u00e4rme spendet, ohne nennenswert zu leuchten. Dies erm\u00f6glicht eine nat\u00fcrlichere Aufrechterhaltung der n\u00e4chtlichen Temperatur oder eine kontinuierliche W\u00e4rmeunterst\u00fctzung, was besonders in kalten R\u00e4umen oder bei lichtempfindlichen Arten n\u00fctzlich ist.<\/p>\n<h2 data-start=\"1198\" data-end=\"1251\">\ud83c\udf21\ufe0f Was macht es anders? Infrarot IR-A und IR-B<\/h2>\n<p data-start=\"1252\" data-end=\"1570\">Dieser Projektor <strong data-start=\"1267\" data-end=\"1297\">Projekte Infrarot A und B<\/strong>, Die Wellenl\u00e4ngen sind mit einer \u201ctieferen\u201d und effizienteren W\u00e4rmeempfindung f\u00fcr die Thermoregulation verbunden (sehr \u00e4hnlich der solaren W\u00e4rmestrahlung). Deshalb eignet sie sich hervorragend f\u00fcr die Schaffung eines effektiveren Hotspots. <strong data-start=\"1512\" data-end=\"1531\">kein sichtbares Licht<\/strong>.<\/p>\n<blockquote data-start=\"1572\" data-end=\"1989\">\n<p data-start=\"1574\" data-end=\"1989\">Wichtig: Die <strong data-start=\"1641\" data-end=\"1663\">Keramikstrahler<\/strong> bleiben eine sehr zuverl\u00e4ssige Option f\u00fcr <strong data-start=\"1705\" data-end=\"1722\">allgemeine W\u00e4rme<\/strong> und thermische Unterst\u00fctzung (besonders nachts). Der Unterschied ist, dass die <strong data-start=\"1791\" data-end=\"1798\">DHP<\/strong> ist aufgrund seiner IR-Mischung eher auf \u201csolare\u201d W\u00e4rme ausgerichtet und wird daher von vielen Hausbesitzern gew\u00e4hlt, wenn sie eine nat\u00fcrlichere W\u00e4rmeleistung ohne Licht w\u00fcnschen.<\/p>\n<\/blockquote>\n<h2 data-start=\"1991\" data-end=\"2035\">\ud83d\udd25 Verf\u00fcgbare Leistungen und Kompatibilit\u00e4t<\/h2>\n<ul data-start=\"2036\" data-end=\"2468\">\n<li data-start=\"2036\" data-end=\"2110\">\n<p data-start=\"2038\" data-end=\"2110\"><strong data-start=\"2038\" data-end=\"2052\">Befugnisse:<\/strong> <strong data-start=\"2053\" data-end=\"2060\">50W<\/strong> y <strong data-start=\"2063\" data-end=\"2070\">80W<\/strong><\/p>\n<\/li>\n<li data-start=\"2111\" data-end=\"2300\">\n<p data-start=\"2113\" data-end=\"2300\"><strong data-start=\"2113\" data-end=\"2127\">Buchse:<\/strong> kompatibel mit Standard-Lampenfassungen (normalerweise <strong data-start=\"2181\" data-end=\"2188\">E27<\/strong> bei dieser Art von Projektoren; wenn Ihr Datenblatt ein anderes Gewinde angibt, werde ich es anpassen).<\/p>\n<\/li>\n<li data-start=\"2301\" data-end=\"2468\">\n<p data-start=\"2303\" data-end=\"2468\"><strong data-start=\"2303\" data-end=\"2332\">Empfehlung zur Kontrolle:<\/strong> Verwenden Sie es mit <strong data-start=\"2343\" data-end=\"2383\">Thermostat (am besten einstellbar\/dimmbar)<\/strong> um die Temperatur stabil und sicher zu halten.<\/p>\n<\/li>\n<\/ul>\n<h2 data-start=\"2470\" data-end=\"2503\">\ud83e\udde9 Empfehlung f\u00fcr Ihre Einrichtung<\/h2>\n<p data-start=\"2504\" data-end=\"2704\">F\u00fcr die runde Montage: <a href=\"https:\/\/kanakydesign.com\/de\/produkt\/casquillo-recto\/\"><strong data-start=\"2529\" data-end=\"2551\">Keramikbuchse<\/strong><\/a> (hitzebest\u00e4ndig), <a href=\"https:\/\/kanakydesign.com\/de\/produkt\/jaula-protectora-casquillo\/\"><strong data-start=\"2575\" data-end=\"2597\">Sicherheitsk\u00e4fig<\/strong><\/a> wenn sie sich im Terrarium befinden, und <a href=\"https:\/\/kanakydesign.com\/de\/produkt\/termostato-dia-noche\/\"><strong data-start=\"2627\" data-end=\"2641\">Thermostat<\/strong><\/a> um den Hot Spot zu kontrollieren und \u00dcberhitzung zu vermeiden.<\/p>","protected":false},"excerpt":{"rendered":"<p>Keramische W\u00e4rmestrahler sind f\u00fcr alle Arten von Terrarien geeignet. Sie strahlen kein Licht aus, sondern erzeugen W\u00e4rme durch Infrarotstrahlung. Das macht sie sehr n\u00fctzlich f\u00fcr einen 24-Stunden-Betrieb, der die Tag- und Nachtzyklen unserer Tiere nicht beeintr\u00e4chtigt. Verwenden Sie sie immer auf einer hitzebest\u00e4ndigen Keramikkappe, und es wird dringend empfohlen, Thermostate zur Temperaturkontrolle zu verwenden.<\/p>","protected":false},"featured_media":1708,"template":"","meta":[],"product_brand":[],"product_cat":[23,26],"product_tag":[193,295,291,294,292,286,215,288,296,293,289,290,297,220],"class_list":{"0":"post-1704","1":"product","2":"type-product","3":"status-publish","4":"has-post-thumbnail","6":"product_cat-accesorios","7":"product_cat-calefaccion","8":"product_tag-arcadia","9":"product_tag-calefaccion-anfibios","10":"product_tag-calefaccion-infrarroja-terrario","11":"product_tag-calefaccion-reptiles","12":"product_tag-calor-sin-luz-terrario","13":"product_tag-casquillo-ceramico-e27","14":"product_tag-control-temperatura-terrario","15":"product_tag-deep-heat-projector","16":"product_tag-emisor-infrarrojo-terrario","17":"product_tag-infrarrojo-ir-a-ir-b","18":"product_tag-proyector-calor-profundo","19":"product_tag-proyector-calor-profundo-arcadia","20":"product_tag-punto-caliente-terrario","21":"product_tag-termostato-terrario","23":"first","24":"instock","25":"taxable","26":"shipping-taxable","27":"purchasable","28":"product-type-variable"},"yoast_head":"<!-- This site is optimized with the Yoast SEO plugin v27.4 - https:\/\/yoast.com\/product\/yoast-seo-wordpress\/ -->\n<title>Deep heat proyector | KanakyDesign Enclosures<\/title>\n<meta name=\"description\" content=\"Proyector calor profundo Arcadia Deep Heat Projector 50W\/80W: IR-A+IR-B sin luz visible para d\u00eda y noche. \u00dasalo con casquillo cer\u00e1mico y termostato.\" \/>\n<meta name=\"robots\" content=\"index, follow, max-snippet:-1, max-image-preview:large, max-video-preview:-1\" \/>\n<link rel=\"canonical\" href=\"https:\/\/kanakydesign.com\/de\/produkt\/deep-heat-projector\/\" \/>\n<meta property=\"og:locale\" content=\"de_DE\" \/>\n<meta property=\"og:type\" content=\"article\" \/>\n<meta property=\"og:title\" content=\"Deep heat proyector | KanakyDesign Enclosures\" \/>\n<meta property=\"og:description\" content=\"Proyector calor profundo Arcadia Deep Heat Projector 50W\/80W: IR-A+IR-B sin luz visible para d\u00eda y noche. \u00dasalo con casquillo cer\u00e1mico y termostato.\" \/>\n<meta property=\"og:url\" content=\"https:\/\/kanakydesign.com\/de\/produkt\/deep-heat-projector\/\" \/>\n<meta property=\"og:site_name\" content=\"KanakyDesign Enclosures\" \/>\n<meta property=\"article:modified_time\" content=\"2026-03-17T14:20:00+00:00\" \/>\n<meta property=\"og:image\" content=\"https:\/\/kanakydesign.com\/wp-content\/uploads\/2026\/02\/Arcadia-deep-heat-projertor.png\" \/>\n\t<meta property=\"og:image:width\" content=\"1024\" \/>\n\t<meta property=\"og:image:height\" content=\"1024\" \/>\n\t<meta property=\"og:image:type\" content=\"image\/png\" \/>\n<meta name=\"twitter:card\" content=\"summary_large_image\" \/>\n<meta name=\"twitter:label1\" content=\"Gesch\u00e4tzte Lesezeit\" \/>\n\t<meta name=\"twitter:data1\" content=\"2\u00a0Minuten\" \/>\n<script type=\"application\/ld+json\" class=\"yoast-schema-graph\">{\"@context\":\"https:\\\/\\\/schema.org\",\"@graph\":[{\"@type\":\"WebPage\",\"@id\":\"https:\\\/\\\/kanakydesign.com\\\/producto\\\/deep-heat-projector\\\/\",\"url\":\"https:\\\/\\\/kanakydesign.com\\\/producto\\\/deep-heat-projector\\\/\",\"name\":\"Deep heat proyector | KanakyDesign Enclosures\",\"isPartOf\":{\"@id\":\"https:\\\/\\\/kanakydesign.com\\\/#website\"},\"primaryImageOfPage\":{\"@id\":\"https:\\\/\\\/kanakydesign.com\\\/producto\\\/deep-heat-projector\\\/#primaryimage\"},\"image\":{\"@id\":\"https:\\\/\\\/kanakydesign.com\\\/producto\\\/deep-heat-projector\\\/#primaryimage\"},\"thumbnailUrl\":\"https:\\\/\\\/kanakydesign.com\\\/wp-content\\\/uploads\\\/2026\\\/02\\\/Arcadia-deep-heat-projertor.png\",\"datePublished\":\"2026-02-07T23:10:14+00:00\",\"dateModified\":\"2026-03-17T14:20:00+00:00\",\"description\":\"Proyector calor profundo Arcadia Deep Heat Projector 50W\\\/80W: IR-A+IR-B sin luz visible para d\u00eda y noche. \u00dasalo con casquillo cer\u00e1mico y termostato.\",\"breadcrumb\":{\"@id\":\"https:\\\/\\\/kanakydesign.com\\\/producto\\\/deep-heat-projector\\\/#breadcrumb\"},\"inLanguage\":\"de\",\"potentialAction\":[{\"@type\":\"ReadAction\",\"target\":[\"https:\\\/\\\/kanakydesign.com\\\/producto\\\/deep-heat-projector\\\/\"]}]},{\"@type\":\"ImageObject\",\"inLanguage\":\"de\",\"@id\":\"https:\\\/\\\/kanakydesign.com\\\/producto\\\/deep-heat-projector\\\/#primaryimage\",\"url\":\"https:\\\/\\\/kanakydesign.com\\\/wp-content\\\/uploads\\\/2026\\\/02\\\/Arcadia-deep-heat-projertor.png\",\"contentUrl\":\"https:\\\/\\\/kanakydesign.com\\\/wp-content\\\/uploads\\\/2026\\\/02\\\/Arcadia-deep-heat-projertor.png\",\"width\":1024,\"height\":1024},{\"@type\":\"BreadcrumbList\",\"@id\":\"https:\\\/\\\/kanakydesign.com\\\/producto\\\/deep-heat-projector\\\/#breadcrumb\",\"itemListElement\":[{\"@type\":\"ListItem\",\"position\":1,\"name\":\"Portada\",\"item\":\"https:\\\/\\\/kanakydesign.com\\\/\"},{\"@type\":\"ListItem\",\"position\":2,\"name\":\"Tienda\",\"item\":\"https:\\\/\\\/kanakydesign.com\\\/tienda\\\/\"},{\"@type\":\"ListItem\",\"position\":3,\"name\":\"Deep heat proyector\"}]},{\"@type\":\"WebSite\",\"@id\":\"https:\\\/\\\/kanakydesign.com\\\/#website\",\"url\":\"https:\\\/\\\/kanakydesign.com\\\/\",\"name\":\"KanakyDesign Enclosures\",\"description\":\"Become a professional keeper\",\"publisher\":{\"@id\":\"https:\\\/\\\/kanakydesign.com\\\/#organization\"},\"alternateName\":\"KanakyDesign\",\"potentialAction\":[{\"@type\":\"SearchAction\",\"target\":{\"@type\":\"EntryPoint\",\"urlTemplate\":\"https:\\\/\\\/kanakydesign.com\\\/?s={search_term_string}\"},\"query-input\":{\"@type\":\"PropertyValueSpecification\",\"valueRequired\":true,\"valueName\":\"search_term_string\"}}],\"inLanguage\":\"de\"},{\"@type\":\"Organization\",\"@id\":\"https:\\\/\\\/kanakydesign.com\\\/#organization\",\"name\":\"KanakyDesign Enclosures\",\"alternateName\":\"KanakyDesign\",\"url\":\"https:\\\/\\\/kanakydesign.com\\\/\",\"logo\":{\"@type\":\"ImageObject\",\"inLanguage\":\"de\",\"@id\":\"https:\\\/\\\/kanakydesign.com\\\/#\\\/schema\\\/logo\\\/image\\\/\",\"url\":\"https:\\\/\\\/kanakydesign.com\\\/wp-content\\\/uploads\\\/2023\\\/06\\\/Logo-KanakyDesign-circular-negro-1.png\",\"contentUrl\":\"https:\\\/\\\/kanakydesign.com\\\/wp-content\\\/uploads\\\/2023\\\/06\\\/Logo-KanakyDesign-circular-negro-1.png\",\"width\":2000,\"height\":2000,\"caption\":\"KanakyDesign Enclosures\"},\"image\":{\"@id\":\"https:\\\/\\\/kanakydesign.com\\\/#\\\/schema\\\/logo\\\/image\\\/\"}}]}<\/script>\n<!-- \/ Yoast SEO plugin. -->","yoast_head_json":{"title":"Tiefenw\u00e4rmeprojektor : KanakyDesign Enclosures","description":"Arcadia Tiefenw\u00e4rmestrahler 50W\/80W: IR-A+IR-B ohne sichtbares Licht f\u00fcr Tag und Nacht. Verwendung mit Keramikkappe und Thermostat.","robots":{"index":"index","follow":"follow","max-snippet":"max-snippet:-1","max-image-preview":"max-image-preview:large","max-video-preview":"max-video-preview:-1"},"canonical":"https:\/\/kanakydesign.com\/de\/produkt\/deep-heat-projector\/","og_locale":"de_DE","og_type":"article","og_title":"Deep heat proyector | KanakyDesign Enclosures","og_description":"Proyector calor profundo Arcadia Deep Heat Projector 50W\/80W: IR-A+IR-B sin luz visible para d\u00eda y noche. \u00dasalo con casquillo cer\u00e1mico y termostato.","og_url":"https:\/\/kanakydesign.com\/de\/produkt\/deep-heat-projector\/","og_site_name":"KanakyDesign Enclosures","article_modified_time":"2026-03-17T14:20:00+00:00","og_image":[{"width":1024,"height":1024,"url":"https:\/\/kanakydesign.com\/wp-content\/uploads\/2026\/02\/Arcadia-deep-heat-projertor.png","type":"image\/png"}],"twitter_card":"summary_large_image","twitter_misc":{"Gesch\u00e4tzte Lesezeit":"2\u00a0Minuten"},"schema":{"@context":"https:\/\/schema.org","@graph":[{"@type":"WebPage","@id":"https:\/\/kanakydesign.com\/producto\/deep-heat-projector\/","url":"https:\/\/kanakydesign.com\/producto\/deep-heat-projector\/","name":"Tiefenw\u00e4rmeprojektor : KanakyDesign Enclosures","isPartOf":{"@id":"https:\/\/kanakydesign.com\/#website"},"primaryImageOfPage":{"@id":"https:\/\/kanakydesign.com\/producto\/deep-heat-projector\/#primaryimage"},"image":{"@id":"https:\/\/kanakydesign.com\/producto\/deep-heat-projector\/#primaryimage"},"thumbnailUrl":"https:\/\/kanakydesign.com\/wp-content\/uploads\/2026\/02\/Arcadia-deep-heat-projertor.png","datePublished":"2026-02-07T23:10:14+00:00","dateModified":"2026-03-17T14:20:00+00:00","description":"Arcadia Tiefenw\u00e4rmestrahler 50W\/80W: IR-A+IR-B ohne sichtbares Licht f\u00fcr Tag und Nacht. Verwendung mit Keramikkappe und Thermostat.","breadcrumb":{"@id":"https:\/\/kanakydesign.com\/producto\/deep-heat-projector\/#breadcrumb"},"inLanguage":"de","potentialAction":[{"@type":"ReadAction","target":["https:\/\/kanakydesign.com\/producto\/deep-heat-projector\/"]}]},{"@type":"ImageObject","inLanguage":"de","@id":"https:\/\/kanakydesign.com\/producto\/deep-heat-projector\/#primaryimage","url":"https:\/\/kanakydesign.com\/wp-content\/uploads\/2026\/02\/Arcadia-deep-heat-projertor.png","contentUrl":"https:\/\/kanakydesign.com\/wp-content\/uploads\/2026\/02\/Arcadia-deep-heat-projertor.png","width":1024,"height":1024},{"@type":"BreadcrumbList","@id":"https:\/\/kanakydesign.com\/producto\/deep-heat-projector\/#breadcrumb","itemListElement":[{"@type":"ListItem","position":1,"name":"Portada","item":"https:\/\/kanakydesign.com\/"},{"@type":"ListItem","position":2,"name":"Tienda","item":"https:\/\/kanakydesign.com\/tienda\/"},{"@type":"ListItem","position":3,"name":"Deep heat proyector"}]},{"@type":"WebSite","@id":"https:\/\/kanakydesign.com\/#website","url":"https:\/\/kanakydesign.com\/","name":"KanakyDesign-Geh\u00e4use","description":"Become a professional keeper","publisher":{"@id":"https:\/\/kanakydesign.com\/#organization"},"alternateName":"KanakyDesign","potentialAction":[{"@type":"SearchAction","target":{"@type":"EntryPoint","urlTemplate":"https:\/\/kanakydesign.com\/?s={search_term_string}"},"query-input":{"@type":"PropertyValueSpecification","valueRequired":true,"valueName":"search_term_string"}}],"inLanguage":"de"},{"@type":"Organization","@id":"https:\/\/kanakydesign.com\/#organization","name":"KanakyDesign-Geh\u00e4use","alternateName":"KanakyDesign","url":"https:\/\/kanakydesign.com\/","logo":{"@type":"ImageObject","inLanguage":"de","@id":"https:\/\/kanakydesign.com\/#\/schema\/logo\/image\/","url":"https:\/\/kanakydesign.com\/wp-content\/uploads\/2023\/06\/Logo-KanakyDesign-circular-negro-1.png","contentUrl":"https:\/\/kanakydesign.com\/wp-content\/uploads\/2023\/06\/Logo-KanakyDesign-circular-negro-1.png","width":2000,"height":2000,"caption":"KanakyDesign Enclosures"},"image":{"@id":"https:\/\/kanakydesign.com\/#\/schema\/logo\/image\/"}}]}},"_links":{"self":[{"href":"https:\/\/kanakydesign.com\/de\/wp-json\/wp\/v2\/product\/1704","targetHints":{"allow":["GET"]}}],"collection":[{"href":"https:\/\/kanakydesign.com\/de\/wp-json\/wp\/v2\/product"}],"about":[{"href":"https:\/\/kanakydesign.com\/de\/wp-json\/wp\/v2\/types\/product"}],"wp:featuredmedia":[{"embeddable":true,"href":"https:\/\/kanakydesign.com\/de\/wp-json\/wp\/v2\/media\/1708"}],"wp:attachment":[{"href":"https:\/\/kanakydesign.com\/de\/wp-json\/wp\/v2\/media?parent=1704"}],"wp:term":[{"taxonomy":"product_brand","embeddable":true,"href":"https:\/\/kanakydesign.com\/de\/wp-json\/wp\/v2\/product_brand?post=1704"},{"taxonomy":"product_cat","embeddable":true,"href":"https:\/\/kanakydesign.com\/de\/wp-json\/wp\/v2\/product_cat?post=1704"},{"taxonomy":"product_tag","embeddable":true,"href":"https:\/\/kanakydesign.com\/de\/wp-json\/wp\/v2\/product_tag?post=1704"}],"curies":[{"name":"wp","href":"https:\/\/api.w.org\/{rel}","templated":true}]}}