{"id":1642,"date":"2026-02-07T20:06:51","date_gmt":"2026-02-07T20:06:51","guid":{"rendered":"https:\/\/kanakydesign.com\/?post_type=product&#038;p=1642"},"modified":"2026-03-17T14:20:00","modified_gmt":"2026-03-17T14:20:00","slug":"pantalla-led-jungle-dawn","status":"publish","type":"product","link":"https:\/\/kanakydesign.com\/de\/produkt\/pantalla-led-jungle-dawn\/","title":{"rendered":"Dschungeld\u00e4mmerung LED-Anzeige"},"content":{"rendered":"<p data-start=\"463\" data-end=\"943\">Die <strong data-start=\"466\" data-end=\"527\">LED Arcadia Jungle Dawn 22W \/ 34W f\u00fcr Terrarien<\/strong> ist eine Beleuchtungsl\u00f6sung f\u00fcr alle, die sich ein lebendigeres Terrarium w\u00fcnschen: Pflanzen mit besserer Entwicklung, aktivere Moose und eine viel nat\u00fcrlichere Oberfl\u00e4che. Vom ersten Absatz an ist das Ziel klar: Wenn Sie auf der Suche nach einer <strong data-start=\"771\" data-end=\"807\">LED-Anzeige Arcadia Jungle Dawn<\/strong> f\u00fcr ein bepflanztes oder bioaktives Terrarium ist dieses Modell so konzipiert, dass es eine stabile Photoperiode mit effizientem Verbrauch aufrechterh\u00e4lt.<\/p>\n<hr data-start=\"945\" data-end=\"948\" \/>\n<h2 data-start=\"950\" data-end=\"1013\">\ud83c\udf3f Ideale Beleuchtung f\u00fcr bepflanzte und bioaktive Terrarien<\/h2>\n<p data-start=\"1014\" data-end=\"1357\">In tropischen Terrarien, Paludarien oder dichten Anlagen macht eine hochwertige Beleuchtung den Unterschied aus. Die <strong data-start=\"1112\" data-end=\"1135\">Arcadia Dschungeld\u00e4mmerung<\/strong> verhilft den Pflanzen zu einem gleichm\u00e4\u00dfigeren Wachstum (insbesondere in Bereichen, in denen andere Lampen nicht ausreichen) und verbessert au\u00dferdem das Gesamtbild des Terrariums durch einen angenehmen, realistischen Lichtton.<\/p>\n<p data-start=\"1359\" data-end=\"1382\"><strong data-start=\"1359\" data-end=\"1380\">Empfohlen f\u00fcr:<\/strong><\/p>\n<ul data-start=\"1383\" data-end=\"1553\">\n<li data-start=\"1383\" data-end=\"1428\">\n<p data-start=\"1385\" data-end=\"1428\">Tropische Terrarien mit dichter Vegetation<\/p>\n<\/li>\n<li data-start=\"1429\" data-end=\"1488\">\n<p data-start=\"1431\" data-end=\"1488\">Bioaktive Terrarien mit Moosen und Unterwuchspflanzen<\/p>\n<\/li>\n<li data-start=\"1489\" data-end=\"1553\">\n<p data-start=\"1491\" data-end=\"1553\">Dekorative Baugruppen, bei denen Sie Texturen und Farben hervorheben m\u00f6chten<\/p>\n<\/li>\n<\/ul>\n<p>Das Vollspektrum-LED-System hat eine Gesamtfarbe von 6200 Kelvin und liegt damit im akzeptierten Bereich des nat\u00fcrlichen Sonnenlichts\u2018. Es arbeitet perfekt mit den UV-Lampen von Arcadia Reptile zusammen, um eine klare, nat\u00fcrliche Lichtversorgung f\u00fcr Sie und Ihre Tiere zu schaffen.<\/p>\n<p>Das Licht im sichtbaren Teil des Erdspektrums enth\u00e4lt die \u2018Photosynthetic Active Response Curve\u2019, d. h. die Spektralkurve, die die\u00a0<strong>Photosynthese bei Landpflanzen<\/strong>\u00a0Die JungleDawn LED BAR verwendet die neuesten Dioden, die alle sichtbaren Wellenl\u00e4ngen projizieren, von blau bis rot, ohne eine \u2018PAR-Begrenzung\u2019, separate rote und blaue Dioden zu verwenden. Daher hat die JungleDawn LED BAR einen hohen PUR-Anteil, einen hohen CRI und keinen unnat\u00fcrlichen \u2018Lila-Stich\u2019.<\/p>\n<p>Durch die Verwendung der neuesten Vollspektrumdioden sorgen wir f\u00fcr ein ausgewogenes Spektrum innerhalb einer nat\u00fcrlichen Gesamtfarbe, ohne die Lichtmenge zu verringern, die bei der Verwendung separater Farbdioden zu sehen ist.<\/p>\n<hr data-start=\"2124\" data-end=\"2127\" \/>\n<h2 data-start=\"2129\" data-end=\"2177\">\u2b50 Hinweise zur Verwendung<\/h2>\n<ul data-start=\"2178\" data-end=\"2526\">\n<li data-start=\"2178\" data-end=\"2272\">\n<p data-start=\"2180\" data-end=\"2272\"><strong data-start=\"2180\" data-end=\"2204\">Stabile Photoperiode:<\/strong> 10-12 Stunden pro Tag sind in der Regel in tropischen Terrarien sehr gut.<\/p>\n<\/li>\n<li data-start=\"2273\" data-end=\"2396\">\n<p data-start=\"2275\" data-end=\"2396\"><strong data-start=\"2275\" data-end=\"2290\">Platzierung:<\/strong> Je gr\u00f6\u00dfer die H\u00f6he des Terrariums oder je dichter die Bepflanzung ist, desto sinnvoller ist es, sich f\u00fcr eine <strong data-start=\"2386\" data-end=\"2393\">34W<\/strong>.<\/p>\n<\/li>\n<li data-start=\"2397\" data-end=\"2526\">\n<p data-start=\"2399\" data-end=\"2526\"><strong data-start=\"2399\" data-end=\"2429\">Das Gleichgewicht des \u00d6kosystems:<\/strong> gutes Licht macht sich am besten bemerkbar, wenn das Terrarium auch eine ausgewogene Luftfeuchtigkeit und Bel\u00fcftung aufweist.<\/p>\n<\/li>\n<\/ul>\n<hr data-start=\"2528\" data-end=\"2531\" \/>\n<h2 data-start=\"2533\" data-end=\"2566\">\ud83d\udccc Technische Daten<\/h2>\n<ul data-start=\"2567\" data-end=\"2715\">\n<li data-start=\"2567\" data-end=\"2589\">\n<p data-start=\"2569\" data-end=\"2589\"><strong data-start=\"2569\" data-end=\"2579\">Marke:<\/strong> Arkadien<\/p>\n<\/li>\n<li data-start=\"2590\" data-end=\"2617\">\n<p data-start=\"2592\" data-end=\"2617\"><strong data-start=\"2592\" data-end=\"2603\">Modell:<\/strong> Dschungel-D\u00e4mmerung<\/p>\n<\/li>\n<li data-start=\"2618\" data-end=\"2666\">\n<p data-start=\"2620\" data-end=\"2666\"><strong data-start=\"2620\" data-end=\"2629\">Art:<\/strong> LED-Lichtschirm f\u00fcr Terrarien<\/p>\n<\/li>\n<li data-start=\"2667\" data-end=\"2715\">\n<h3 data-start=\"1223\" data-end=\"1266\">Verf\u00fcgbare Befugnisse<\/h3>\n<ul data-start=\"1267\" data-end=\"1536\">\n<li data-start=\"1267\" data-end=\"1395\">\n<p data-start=\"1269\" data-end=\"1395\"><strong data-start=\"1269\" data-end=\"1293\">22W (47 cm)<\/strong>ideal f\u00fcr mittelgro\u00dfe Terrarien oder spezielle Pflanzbereiche.<\/p>\n<\/li>\n<li data-start=\"1396\" data-end=\"1536\">\n<p data-start=\"1398\" data-end=\"1536\"><strong data-start=\"1398\" data-end=\"1422\">34W (57 cm)<\/strong>F\u00fcr l\u00e4ngere Terrarien oder wenn Sie die Intensit\u00e4t und Abdeckung erh\u00f6hen m\u00f6chten.<\/p>\n<\/li>\n<\/ul>\n<\/li>\n<\/ul>","protected":false},"excerpt":{"rendered":"<p>Beleuchten Sie Ihr Terrarium mit dem <strong data-start=\"145\" data-end=\"181\">LED-Anzeige Arcadia Jungle Dawn<\/strong> unter <strong data-start=\"185\" data-end=\"198\">22W oder 34W<\/strong>Hochleistungslicht zur F\u00f6rderung des Pflanzenwachstums und zur Verbesserung der nat\u00fcrlichen Farben. Ideal f\u00fcr bioaktive und tropische Terrarien.<\/p>","protected":false},"featured_media":1650,"template":"","meta":[],"product_brand":[],"product_cat":[23,25],"product_tag":[193,200,197,194,203,198,196,199,204,195,202,201],"class_list":{"0":"post-1642","1":"product","2":"type-product","3":"status-publish","4":"has-post-thumbnail","6":"product_cat-accesorios","7":"product_cat-iluminacion","8":"product_tag-arcadia","9":"product_tag-iluminacion-para-plantas-de-terrario","10":"product_tag-iluminacion-terrario","11":"product_tag-jungle-dawn","12":"product_tag-lampara-led-terrario","13":"product_tag-led-para-terrarios","14":"product_tag-luz-led-terrario","15":"product_tag-luz-para-terrario-bioactivo","16":"product_tag-pantalla-arcadia","17":"product_tag-pantalla-led-terrario","18":"product_tag-terrario-plantado","19":"product_tag-terrario-tropical","21":"first","22":"instock","23":"taxable","24":"shipping-taxable","25":"purchasable","26":"product-type-variable"},"yoast_head":"<!-- This site is optimized with the Yoast SEO plugin v27.4 - https:\/\/yoast.com\/product\/yoast-seo-wordpress\/ -->\n<title>Pantalla LED Jungle Dawn | KanakyDesign Enclosures<\/title>\n<meta name=\"description\" content=\"Pantalla LED Arcadia Jungle Dawn 22W o 34W para terrarios: iluminaci\u00f3n potente para plantas, bioactivos y tropicales. Compra en kanakydesign.com\" \/>\n<meta name=\"robots\" content=\"index, follow, max-snippet:-1, max-image-preview:large, max-video-preview:-1\" \/>\n<link rel=\"canonical\" href=\"https:\/\/kanakydesign.com\/de\/produkt\/pantalla-led-jungle-dawn\/\" \/>\n<meta property=\"og:locale\" content=\"de_DE\" \/>\n<meta property=\"og:type\" content=\"article\" \/>\n<meta property=\"og:title\" content=\"Pantalla LED Jungle Dawn | KanakyDesign Enclosures\" \/>\n<meta property=\"og:description\" content=\"Pantalla LED Arcadia Jungle Dawn 22W o 34W para terrarios: iluminaci\u00f3n potente para plantas, bioactivos y tropicales. Compra en kanakydesign.com\" \/>\n<meta property=\"og:url\" content=\"https:\/\/kanakydesign.com\/de\/produkt\/pantalla-led-jungle-dawn\/\" \/>\n<meta property=\"og:site_name\" content=\"KanakyDesign Enclosures\" \/>\n<meta property=\"article:modified_time\" content=\"2026-03-17T14:20:00+00:00\" \/>\n<meta property=\"og:image\" content=\"https:\/\/kanakydesign.com\/wp-content\/uploads\/2026\/02\/jungle-dawn-2.png\" \/>\n\t<meta property=\"og:image:width\" content=\"1281\" \/>\n\t<meta property=\"og:image:height\" content=\"1281\" \/>\n\t<meta property=\"og:image:type\" content=\"image\/png\" \/>\n<meta name=\"twitter:card\" content=\"summary_large_image\" \/>\n<meta name=\"twitter:label1\" content=\"Gesch\u00e4tzte Lesezeit\" \/>\n\t<meta name=\"twitter:data1\" content=\"3\u00a0Minuten\" \/>\n<script type=\"application\/ld+json\" class=\"yoast-schema-graph\">{\"@context\":\"https:\\\/\\\/schema.org\",\"@graph\":[{\"@type\":\"WebPage\",\"@id\":\"https:\\\/\\\/kanakydesign.com\\\/producto\\\/pantalla-led-jungle-dawn\\\/\",\"url\":\"https:\\\/\\\/kanakydesign.com\\\/producto\\\/pantalla-led-jungle-dawn\\\/\",\"name\":\"Pantalla LED Jungle Dawn | KanakyDesign Enclosures\",\"isPartOf\":{\"@id\":\"https:\\\/\\\/kanakydesign.com\\\/#website\"},\"primaryImageOfPage\":{\"@id\":\"https:\\\/\\\/kanakydesign.com\\\/producto\\\/pantalla-led-jungle-dawn\\\/#primaryimage\"},\"image\":{\"@id\":\"https:\\\/\\\/kanakydesign.com\\\/producto\\\/pantalla-led-jungle-dawn\\\/#primaryimage\"},\"thumbnailUrl\":\"https:\\\/\\\/kanakydesign.com\\\/wp-content\\\/uploads\\\/2026\\\/02\\\/jungle-dawn-2.png\",\"datePublished\":\"2026-02-07T20:06:51+00:00\",\"dateModified\":\"2026-03-17T14:20:00+00:00\",\"description\":\"Pantalla LED Arcadia Jungle Dawn 22W o 34W para terrarios: iluminaci\u00f3n potente para plantas, bioactivos y tropicales. Compra en kanakydesign.com\",\"breadcrumb\":{\"@id\":\"https:\\\/\\\/kanakydesign.com\\\/producto\\\/pantalla-led-jungle-dawn\\\/#breadcrumb\"},\"inLanguage\":\"de\",\"potentialAction\":[{\"@type\":\"ReadAction\",\"target\":[\"https:\\\/\\\/kanakydesign.com\\\/producto\\\/pantalla-led-jungle-dawn\\\/\"]}]},{\"@type\":\"ImageObject\",\"inLanguage\":\"de\",\"@id\":\"https:\\\/\\\/kanakydesign.com\\\/producto\\\/pantalla-led-jungle-dawn\\\/#primaryimage\",\"url\":\"https:\\\/\\\/kanakydesign.com\\\/wp-content\\\/uploads\\\/2026\\\/02\\\/jungle-dawn-2.png\",\"contentUrl\":\"https:\\\/\\\/kanakydesign.com\\\/wp-content\\\/uploads\\\/2026\\\/02\\\/jungle-dawn-2.png\",\"width\":1281,\"height\":1281},{\"@type\":\"BreadcrumbList\",\"@id\":\"https:\\\/\\\/kanakydesign.com\\\/producto\\\/pantalla-led-jungle-dawn\\\/#breadcrumb\",\"itemListElement\":[{\"@type\":\"ListItem\",\"position\":1,\"name\":\"Portada\",\"item\":\"https:\\\/\\\/kanakydesign.com\\\/\"},{\"@type\":\"ListItem\",\"position\":2,\"name\":\"Tienda\",\"item\":\"https:\\\/\\\/kanakydesign.com\\\/tienda\\\/\"},{\"@type\":\"ListItem\",\"position\":3,\"name\":\"Pantalla LED Jungle Dawn\"}]},{\"@type\":\"WebSite\",\"@id\":\"https:\\\/\\\/kanakydesign.com\\\/#website\",\"url\":\"https:\\\/\\\/kanakydesign.com\\\/\",\"name\":\"KanakyDesign Enclosures\",\"description\":\"Become a professional keeper\",\"publisher\":{\"@id\":\"https:\\\/\\\/kanakydesign.com\\\/#organization\"},\"alternateName\":\"KanakyDesign\",\"potentialAction\":[{\"@type\":\"SearchAction\",\"target\":{\"@type\":\"EntryPoint\",\"urlTemplate\":\"https:\\\/\\\/kanakydesign.com\\\/?s={search_term_string}\"},\"query-input\":{\"@type\":\"PropertyValueSpecification\",\"valueRequired\":true,\"valueName\":\"search_term_string\"}}],\"inLanguage\":\"de\"},{\"@type\":\"Organization\",\"@id\":\"https:\\\/\\\/kanakydesign.com\\\/#organization\",\"name\":\"KanakyDesign Enclosures\",\"alternateName\":\"KanakyDesign\",\"url\":\"https:\\\/\\\/kanakydesign.com\\\/\",\"logo\":{\"@type\":\"ImageObject\",\"inLanguage\":\"de\",\"@id\":\"https:\\\/\\\/kanakydesign.com\\\/#\\\/schema\\\/logo\\\/image\\\/\",\"url\":\"https:\\\/\\\/kanakydesign.com\\\/wp-content\\\/uploads\\\/2023\\\/06\\\/Logo-KanakyDesign-circular-negro-1.png\",\"contentUrl\":\"https:\\\/\\\/kanakydesign.com\\\/wp-content\\\/uploads\\\/2023\\\/06\\\/Logo-KanakyDesign-circular-negro-1.png\",\"width\":2000,\"height\":2000,\"caption\":\"KanakyDesign Enclosures\"},\"image\":{\"@id\":\"https:\\\/\\\/kanakydesign.com\\\/#\\\/schema\\\/logo\\\/image\\\/\"}}]}<\/script>\n<!-- \/ Yoast SEO plugin. -->","yoast_head_json":{"title":"Dschungeld\u00e4mmerung LED-Anzeige | KanakyDesign-Geh\u00e4use","description":"Arcadia Jungle Dawn 22W oder 34W LED-Schirm f\u00fcr Terrarien: leistungsstarke Beleuchtung f\u00fcr Pflanzen, bioaktive und tropische Pflanzen. Kaufen bei kanakydesign.com","robots":{"index":"index","follow":"follow","max-snippet":"max-snippet:-1","max-image-preview":"max-image-preview:large","max-video-preview":"max-video-preview:-1"},"canonical":"https:\/\/kanakydesign.com\/de\/produkt\/pantalla-led-jungle-dawn\/","og_locale":"de_DE","og_type":"article","og_title":"Pantalla LED Jungle Dawn | KanakyDesign Enclosures","og_description":"Pantalla LED Arcadia Jungle Dawn 22W o 34W para terrarios: iluminaci\u00f3n potente para plantas, bioactivos y tropicales. Compra en kanakydesign.com","og_url":"https:\/\/kanakydesign.com\/de\/produkt\/pantalla-led-jungle-dawn\/","og_site_name":"KanakyDesign Enclosures","article_modified_time":"2026-03-17T14:20:00+00:00","og_image":[{"width":1281,"height":1281,"url":"https:\/\/kanakydesign.com\/wp-content\/uploads\/2026\/02\/jungle-dawn-2.png","type":"image\/png"}],"twitter_card":"summary_large_image","twitter_misc":{"Gesch\u00e4tzte Lesezeit":"3\u00a0Minuten"},"schema":{"@context":"https:\/\/schema.org","@graph":[{"@type":"WebPage","@id":"https:\/\/kanakydesign.com\/producto\/pantalla-led-jungle-dawn\/","url":"https:\/\/kanakydesign.com\/producto\/pantalla-led-jungle-dawn\/","name":"Dschungeld\u00e4mmerung LED-Anzeige | KanakyDesign-Geh\u00e4use","isPartOf":{"@id":"https:\/\/kanakydesign.com\/#website"},"primaryImageOfPage":{"@id":"https:\/\/kanakydesign.com\/producto\/pantalla-led-jungle-dawn\/#primaryimage"},"image":{"@id":"https:\/\/kanakydesign.com\/producto\/pantalla-led-jungle-dawn\/#primaryimage"},"thumbnailUrl":"https:\/\/kanakydesign.com\/wp-content\/uploads\/2026\/02\/jungle-dawn-2.png","datePublished":"2026-02-07T20:06:51+00:00","dateModified":"2026-03-17T14:20:00+00:00","description":"Arcadia Jungle Dawn 22W oder 34W LED-Schirm f\u00fcr Terrarien: leistungsstarke Beleuchtung f\u00fcr Pflanzen, bioaktive und tropische Pflanzen. Kaufen bei kanakydesign.com","breadcrumb":{"@id":"https:\/\/kanakydesign.com\/producto\/pantalla-led-jungle-dawn\/#breadcrumb"},"inLanguage":"de","potentialAction":[{"@type":"ReadAction","target":["https:\/\/kanakydesign.com\/producto\/pantalla-led-jungle-dawn\/"]}]},{"@type":"ImageObject","inLanguage":"de","@id":"https:\/\/kanakydesign.com\/producto\/pantalla-led-jungle-dawn\/#primaryimage","url":"https:\/\/kanakydesign.com\/wp-content\/uploads\/2026\/02\/jungle-dawn-2.png","contentUrl":"https:\/\/kanakydesign.com\/wp-content\/uploads\/2026\/02\/jungle-dawn-2.png","width":1281,"height":1281},{"@type":"BreadcrumbList","@id":"https:\/\/kanakydesign.com\/producto\/pantalla-led-jungle-dawn\/#breadcrumb","itemListElement":[{"@type":"ListItem","position":1,"name":"Portada","item":"https:\/\/kanakydesign.com\/"},{"@type":"ListItem","position":2,"name":"Tienda","item":"https:\/\/kanakydesign.com\/tienda\/"},{"@type":"ListItem","position":3,"name":"Pantalla LED Jungle Dawn"}]},{"@type":"WebSite","@id":"https:\/\/kanakydesign.com\/#website","url":"https:\/\/kanakydesign.com\/","name":"KanakyDesign-Geh\u00e4use","description":"Become a professional keeper","publisher":{"@id":"https:\/\/kanakydesign.com\/#organization"},"alternateName":"KanakyDesign","potentialAction":[{"@type":"SearchAction","target":{"@type":"EntryPoint","urlTemplate":"https:\/\/kanakydesign.com\/?s={search_term_string}"},"query-input":{"@type":"PropertyValueSpecification","valueRequired":true,"valueName":"search_term_string"}}],"inLanguage":"de"},{"@type":"Organization","@id":"https:\/\/kanakydesign.com\/#organization","name":"KanakyDesign-Geh\u00e4use","alternateName":"KanakyDesign","url":"https:\/\/kanakydesign.com\/","logo":{"@type":"ImageObject","inLanguage":"de","@id":"https:\/\/kanakydesign.com\/#\/schema\/logo\/image\/","url":"https:\/\/kanakydesign.com\/wp-content\/uploads\/2023\/06\/Logo-KanakyDesign-circular-negro-1.png","contentUrl":"https:\/\/kanakydesign.com\/wp-content\/uploads\/2023\/06\/Logo-KanakyDesign-circular-negro-1.png","width":2000,"height":2000,"caption":"KanakyDesign Enclosures"},"image":{"@id":"https:\/\/kanakydesign.com\/#\/schema\/logo\/image\/"}}]}},"_links":{"self":[{"href":"https:\/\/kanakydesign.com\/de\/wp-json\/wp\/v2\/product\/1642","targetHints":{"allow":["GET"]}}],"collection":[{"href":"https:\/\/kanakydesign.com\/de\/wp-json\/wp\/v2\/product"}],"about":[{"href":"https:\/\/kanakydesign.com\/de\/wp-json\/wp\/v2\/types\/product"}],"wp:featuredmedia":[{"embeddable":true,"href":"https:\/\/kanakydesign.com\/de\/wp-json\/wp\/v2\/media\/1650"}],"wp:attachment":[{"href":"https:\/\/kanakydesign.com\/de\/wp-json\/wp\/v2\/media?parent=1642"}],"wp:term":[{"taxonomy":"product_brand","embeddable":true,"href":"https:\/\/kanakydesign.com\/de\/wp-json\/wp\/v2\/product_brand?post=1642"},{"taxonomy":"product_cat","embeddable":true,"href":"https:\/\/kanakydesign.com\/de\/wp-json\/wp\/v2\/product_cat?post=1642"},{"taxonomy":"product_tag","embeddable":true,"href":"https:\/\/kanakydesign.com\/de\/wp-json\/wp\/v2\/product_tag?post=1642"}],"curies":[{"name":"wp","href":"https:\/\/api.w.org\/{rel}","templated":true}]}}