{"id":1149,"date":"2023-10-10T11:36:04","date_gmt":"2023-10-10T11:36:04","guid":{"rendered":"https:\/\/kanakydesign.com\/?post_type=product&#038;p=1149"},"modified":"2026-02-08T00:52:35","modified_gmt":"2026-02-08T00:52:35","slug":"percha-pvc-soportes","status":"publish","type":"product","link":"https:\/\/kanakydesign.com\/de\/produkt\/percha-pvc-soportes\/","title":{"rendered":"PVC-Halterungen"},"content":{"rendered":"<p data-start=\"190\" data-end=\"769\">Die <strong data-start=\"194\" data-end=\"255\">Kanaky Design PVC-Halterungen f\u00fcr PVC-Barsche im Terrarium<\/strong> sind die L\u00f6sung, die wir entwickelt haben, um eines der h\u00e4ufigsten Probleme in Baumterrarien zu l\u00f6sen: die <strong data-start=\"362\" data-end=\"387\">Drehung des Barsches<\/strong> wenn sich das Tier bewegt. Bei Arten wie <em><strong data-start=\"432\" data-end=\"451\">Morelia viridis<\/strong><\/em> o <em><strong data-start=\"454\" data-end=\"474\">Hornkraut (Corallus caninus)<\/strong><\/em>, Die Sitzstange ist st\u00e4ndigem Druck und Gewichtsver\u00e4nderungen ausgesetzt. Wenn sich das Rohr dreht, kann das Tier die Stabilit\u00e4t verlieren, die Montage wird unangenehm und die Sitzstange f\u00fchlt sich nicht mehr \u201csicher\u201d an. Deshalb ist diese <strong data-start=\"667\" data-end=\"701\">Paar Befestigungsklammern<\/strong> ist speziell so konzipiert, dass die <strong data-start=\"743\" data-end=\"768\">PVC-Aufh\u00e4nger drehen sich nicht<\/strong>.<\/p>\n<h2 data-start=\"771\" data-end=\"836\">\u2705 Verdrehsicheres Design: U + halbes U (nicht \u201cein gleiches Paar\u201d)<\/h2>\n<p data-start=\"837\" data-end=\"884\">Jedes Element der Menge ist absichtlich anders:<\/p>\n<ul data-start=\"886\" data-end=\"1103\">\n<li data-start=\"886\" data-end=\"963\">\n<p data-start=\"888\" data-end=\"963\"><strong data-start=\"888\" data-end=\"913\">U-f\u00f6rmige St\u00fctze<\/strong>: Sie umschlie\u00dft das PVC-Rohr besser.<\/p>\n<\/li>\n<li data-start=\"964\" data-end=\"1103\">\n<p data-start=\"966\" data-end=\"1103\"><strong data-start=\"966\" data-end=\"988\">Halber U-B\u00fcgel<\/strong>arbeitet in Verbindung mit dem <strong data-start=\"1017\" data-end=\"1042\">Abschneiden der Enden<\/strong> des PVC-Aufh\u00e4ngers, um eine St\u00fctze zu schaffen, die die Drehung blockiert.<\/p>\n<\/li>\n<\/ul>\n<p data-start=\"1105\" data-end=\"1292\">Dieses System sorgt in Verbindung mit der Verarbeitung des Aufh\u00e4ngers daf\u00fcr, dass das Rohr lange Zeit an seinem Platz bleibt. <strong data-start=\"1173\" data-end=\"1184\">stabil<\/strong> und wird auch dann in der richtigen Position gehalten, wenn sich das Tier bewegt, rollt oder seine Lage ver\u00e4ndert.<\/p>\n<h2 data-start=\"1294\" data-end=\"1347\">\ud83d\udee0\ufe0f Einfache und sichere Befestigung (inkl. Schrauben)<\/h2>\n<p data-start=\"1348\" data-end=\"1574\">Das Paar der <strong data-start=\"1361\" data-end=\"1397\">PVC-Tr\u00e4ger PVC-Aufh\u00e4nger PVC-Terrarium<\/strong> ist dazu bestimmt, an der <strong data-start=\"1427\" data-end=\"1452\">im Inneren des Terrariums<\/strong> und kommt mit <strong data-start=\"1465\" data-end=\"1500\">inklusive Befestigungsschrauben<\/strong>, Die Installation kann mit einer festen und sauberen Montage durchgef\u00fchrt werden. Es ist ideal f\u00fcr:<\/p>\n<ul data-start=\"1575\" data-end=\"1746\">\n<li data-start=\"1575\" data-end=\"1611\">\n<p data-start=\"1577\" data-end=\"1611\">vertikale Arboretumterrarien<\/p>\n<\/li>\n<li data-start=\"1612\" data-end=\"1682\">\n<p data-start=\"1614\" data-end=\"1682\">Installationen mit hoher Luftfeuchtigkeit, bei denen Sie widerstandsf\u00e4hige Materialien suchen<\/p>\n<\/li>\n<li data-start=\"1683\" data-end=\"1746\">\n<p data-start=\"1685\" data-end=\"1746\">Aufstellungen, bei denen die Sicherheit und Stabilit\u00e4t der Sitzstange im Vordergrund stehen<\/p>\n<\/li>\n<\/ul>\n<h2 data-start=\"1748\" data-end=\"1780\">\ud83c\udf3f Vorteile im t\u00e4glichen Leben<\/h2>\n<ul data-start=\"1781\" data-end=\"2091\">\n<li data-start=\"1781\" data-end=\"1850\">\n<p data-start=\"1783\" data-end=\"1850\"><strong data-start=\"1783\" data-end=\"1802\">Mehr Stabilit\u00e4t<\/strong> f\u00fcr das Tier: feste Sitzstange, keine \u00dcberraschungen.<\/p>\n<\/li>\n<li data-start=\"1851\" data-end=\"1946\">\n<p data-start=\"1853\" data-end=\"1946\"><strong data-start=\"1853\" data-end=\"1876\">Weniger Wartung<\/strong>Einmal installiert, m\u00fcssen Sie die B\u00fcgel nicht st\u00e4ndig neu positionieren.<\/p>\n<\/li>\n<li data-start=\"1947\" data-end=\"2016\">\n<p data-start=\"1949\" data-end=\"2016\"><strong data-start=\"1949\" data-end=\"1976\">Professionellere Montage<\/strong>eine klare, geordnete und sichere Struktur.<\/p>\n<\/li>\n<li data-start=\"2017\" data-end=\"2091\">\n<p data-start=\"2019\" data-end=\"2091\"><strong data-start=\"2019\" data-end=\"2051\">Perfekt f\u00fcr PVC-B\u00fcgel<\/strong>speziell f\u00fcr diesen Zweck entwickelt.<\/p>\n<\/li>\n<\/ul>\n<p data-start=\"2093\" data-end=\"2244\">\ud83d\udc49 Sie k\u00f6nnen diese Klammern mit unseren <strong><a href=\"https:\/\/kanakydesign.com\/de\/produkt\/percha-pvc-blanco\/\">PVC-Aufh\u00e4nger<\/a><\/strong> um ein komplettes Baumterrarium einzurichten.<\/p>","protected":false},"excerpt":{"rendered":"<p>Paar Halterungen f\u00fcr die Befestigung des PVC-H\u00e4ngers an der Innenseite des Terrariums. Inklusive Befestigungsschrauben.<\/p>","protected":false},"featured_media":1093,"template":"","meta":[],"product_brand":[],"product_cat":[23,28],"product_tag":[509,533,502,493,492,532,536,531,530,529,528,534,535],"class_list":{"0":"post-1149","1":"product","2":"type-product","3":"status-publish","4":"has-post-thumbnail","6":"product_cat-accesorios","7":"product_cat-complementos","8":"product_tag-accesorios-terrario-arboricola","9":"product_tag-fijacion-percha-terrario","10":"product_tag-kanaky-design","11":"product_tag-percha-corallus-caninus","12":"product_tag-percha-morelia-viridis","13":"product_tag-soporte-media-u-percha-pvc","14":"product_tag-soporte-posadero-pvc","15":"product_tag-soporte-u-percha-pvc","16":"product_tag-soportes-anti-rotacion-percha","17":"product_tag-soportes-percha-pvc-terrario","18":"product_tag-soportes-pvc-percha-pvc","19":"product_tag-soportes-serpientes-arboricolas","20":"product_tag-tornillos-fijacion-terrario","22":"first","23":"instock","24":"taxable","25":"shipping-taxable","26":"purchasable","27":"product-type-simple"},"yoast_head":"<!-- This site is optimized with the Yoast SEO plugin v27.4 - https:\/\/yoast.com\/product\/yoast-seo-wordpress\/ -->\n<title>Percha PVC Soportes | KanakyDesign Enclosures<\/title>\n<meta name=\"description\" content=\"Soportes PVC percha PVC Kanaky Design: pareja anti-rotaci\u00f3n con soporte en U y media U. Evita que el tubo gire al moverse el animal. Incluye tornillos.\" \/>\n<meta name=\"robots\" content=\"index, follow, max-snippet:-1, max-image-preview:large, max-video-preview:-1\" \/>\n<link rel=\"canonical\" href=\"https:\/\/kanakydesign.com\/de\/produkt\/percha-pvc-soportes\/\" \/>\n<meta property=\"og:locale\" content=\"de_DE\" \/>\n<meta property=\"og:type\" content=\"article\" \/>\n<meta property=\"og:title\" content=\"Percha PVC Soportes | KanakyDesign Enclosures\" \/>\n<meta property=\"og:description\" content=\"Soportes PVC percha PVC Kanaky Design: pareja anti-rotaci\u00f3n con soporte en U y media U. Evita que el tubo gire al moverse el animal. Incluye tornillos.\" \/>\n<meta property=\"og:url\" content=\"https:\/\/kanakydesign.com\/de\/produkt\/percha-pvc-soportes\/\" \/>\n<meta property=\"og:site_name\" content=\"KanakyDesign Enclosures\" \/>\n<meta property=\"article:modified_time\" content=\"2026-02-08T00:52:35+00:00\" \/>\n<meta property=\"og:image\" content=\"https:\/\/kanakydesign.com\/wp-content\/uploads\/2023\/09\/DSC2825-scaled.jpg\" \/>\n\t<meta property=\"og:image:width\" content=\"2560\" \/>\n\t<meta property=\"og:image:height\" content=\"2560\" \/>\n\t<meta property=\"og:image:type\" content=\"image\/jpeg\" \/>\n<meta name=\"twitter:card\" content=\"summary_large_image\" \/>\n<meta name=\"twitter:label1\" content=\"Gesch\u00e4tzte Lesezeit\" \/>\n\t<meta name=\"twitter:data1\" content=\"2\u00a0Minuten\" \/>\n<script type=\"application\/ld+json\" class=\"yoast-schema-graph\">{\"@context\":\"https:\\\/\\\/schema.org\",\"@graph\":[{\"@type\":\"WebPage\",\"@id\":\"https:\\\/\\\/kanakydesign.com\\\/producto\\\/percha-pvc-soportes\\\/\",\"url\":\"https:\\\/\\\/kanakydesign.com\\\/producto\\\/percha-pvc-soportes\\\/\",\"name\":\"Percha PVC Soportes | KanakyDesign Enclosures\",\"isPartOf\":{\"@id\":\"https:\\\/\\\/kanakydesign.com\\\/#website\"},\"primaryImageOfPage\":{\"@id\":\"https:\\\/\\\/kanakydesign.com\\\/producto\\\/percha-pvc-soportes\\\/#primaryimage\"},\"image\":{\"@id\":\"https:\\\/\\\/kanakydesign.com\\\/producto\\\/percha-pvc-soportes\\\/#primaryimage\"},\"thumbnailUrl\":\"https:\\\/\\\/kanakydesign.com\\\/wp-content\\\/uploads\\\/2023\\\/09\\\/DSC2825-scaled.jpg\",\"datePublished\":\"2023-10-10T11:36:04+00:00\",\"dateModified\":\"2026-02-08T00:52:35+00:00\",\"description\":\"Soportes PVC percha PVC Kanaky Design: pareja anti-rotaci\u00f3n con soporte en U y media U. Evita que el tubo gire al moverse el animal. Incluye tornillos.\",\"breadcrumb\":{\"@id\":\"https:\\\/\\\/kanakydesign.com\\\/producto\\\/percha-pvc-soportes\\\/#breadcrumb\"},\"inLanguage\":\"de\",\"potentialAction\":[{\"@type\":\"ReadAction\",\"target\":[\"https:\\\/\\\/kanakydesign.com\\\/producto\\\/percha-pvc-soportes\\\/\"]}]},{\"@type\":\"ImageObject\",\"inLanguage\":\"de\",\"@id\":\"https:\\\/\\\/kanakydesign.com\\\/producto\\\/percha-pvc-soportes\\\/#primaryimage\",\"url\":\"https:\\\/\\\/kanakydesign.com\\\/wp-content\\\/uploads\\\/2023\\\/09\\\/DSC2825-scaled.jpg\",\"contentUrl\":\"https:\\\/\\\/kanakydesign.com\\\/wp-content\\\/uploads\\\/2023\\\/09\\\/DSC2825-scaled.jpg\",\"width\":2560,\"height\":2560},{\"@type\":\"BreadcrumbList\",\"@id\":\"https:\\\/\\\/kanakydesign.com\\\/producto\\\/percha-pvc-soportes\\\/#breadcrumb\",\"itemListElement\":[{\"@type\":\"ListItem\",\"position\":1,\"name\":\"Portada\",\"item\":\"https:\\\/\\\/kanakydesign.com\\\/\"},{\"@type\":\"ListItem\",\"position\":2,\"name\":\"Tienda\",\"item\":\"https:\\\/\\\/kanakydesign.com\\\/tienda\\\/\"},{\"@type\":\"ListItem\",\"position\":3,\"name\":\"Percha PVC Soportes\"}]},{\"@type\":\"WebSite\",\"@id\":\"https:\\\/\\\/kanakydesign.com\\\/#website\",\"url\":\"https:\\\/\\\/kanakydesign.com\\\/\",\"name\":\"KanakyDesign Enclosures\",\"description\":\"Become a professional keeper\",\"publisher\":{\"@id\":\"https:\\\/\\\/kanakydesign.com\\\/#organization\"},\"alternateName\":\"KanakyDesign\",\"potentialAction\":[{\"@type\":\"SearchAction\",\"target\":{\"@type\":\"EntryPoint\",\"urlTemplate\":\"https:\\\/\\\/kanakydesign.com\\\/?s={search_term_string}\"},\"query-input\":{\"@type\":\"PropertyValueSpecification\",\"valueRequired\":true,\"valueName\":\"search_term_string\"}}],\"inLanguage\":\"de\"},{\"@type\":\"Organization\",\"@id\":\"https:\\\/\\\/kanakydesign.com\\\/#organization\",\"name\":\"KanakyDesign Enclosures\",\"alternateName\":\"KanakyDesign\",\"url\":\"https:\\\/\\\/kanakydesign.com\\\/\",\"logo\":{\"@type\":\"ImageObject\",\"inLanguage\":\"de\",\"@id\":\"https:\\\/\\\/kanakydesign.com\\\/#\\\/schema\\\/logo\\\/image\\\/\",\"url\":\"https:\\\/\\\/kanakydesign.com\\\/wp-content\\\/uploads\\\/2023\\\/06\\\/Logo-KanakyDesign-circular-negro-1.png\",\"contentUrl\":\"https:\\\/\\\/kanakydesign.com\\\/wp-content\\\/uploads\\\/2023\\\/06\\\/Logo-KanakyDesign-circular-negro-1.png\",\"width\":2000,\"height\":2000,\"caption\":\"KanakyDesign Enclosures\"},\"image\":{\"@id\":\"https:\\\/\\\/kanakydesign.com\\\/#\\\/schema\\\/logo\\\/image\\\/\"}}]}<\/script>\n<!-- \/ Yoast SEO plugin. -->","yoast_head_json":{"title":"PVC-Aufh\u00e4ngest\u00e4nder | KanakyDesign Geh\u00e4use","description":"Kanaky Design PVC-Halterungen: Paar mit U- und Halb-U-Halterungen, die ein Verdrehen des Rohrs verhindern, wenn sich das Tier bewegt. Inklusive Schrauben.","robots":{"index":"index","follow":"follow","max-snippet":"max-snippet:-1","max-image-preview":"max-image-preview:large","max-video-preview":"max-video-preview:-1"},"canonical":"https:\/\/kanakydesign.com\/de\/produkt\/percha-pvc-soportes\/","og_locale":"de_DE","og_type":"article","og_title":"Percha PVC Soportes | KanakyDesign Enclosures","og_description":"Soportes PVC percha PVC Kanaky Design: pareja anti-rotaci\u00f3n con soporte en U y media U. Evita que el tubo gire al moverse el animal. Incluye tornillos.","og_url":"https:\/\/kanakydesign.com\/de\/produkt\/percha-pvc-soportes\/","og_site_name":"KanakyDesign Enclosures","article_modified_time":"2026-02-08T00:52:35+00:00","og_image":[{"width":2560,"height":2560,"url":"https:\/\/kanakydesign.com\/wp-content\/uploads\/2023\/09\/DSC2825-scaled.jpg","type":"image\/jpeg"}],"twitter_card":"summary_large_image","twitter_misc":{"Gesch\u00e4tzte Lesezeit":"2\u00a0Minuten"},"schema":{"@context":"https:\/\/schema.org","@graph":[{"@type":"WebPage","@id":"https:\/\/kanakydesign.com\/producto\/percha-pvc-soportes\/","url":"https:\/\/kanakydesign.com\/producto\/percha-pvc-soportes\/","name":"PVC-Aufh\u00e4ngest\u00e4nder | KanakyDesign Geh\u00e4use","isPartOf":{"@id":"https:\/\/kanakydesign.com\/#website"},"primaryImageOfPage":{"@id":"https:\/\/kanakydesign.com\/producto\/percha-pvc-soportes\/#primaryimage"},"image":{"@id":"https:\/\/kanakydesign.com\/producto\/percha-pvc-soportes\/#primaryimage"},"thumbnailUrl":"https:\/\/kanakydesign.com\/wp-content\/uploads\/2023\/09\/DSC2825-scaled.jpg","datePublished":"2023-10-10T11:36:04+00:00","dateModified":"2026-02-08T00:52:35+00:00","description":"Kanaky Design PVC-Halterungen: Paar mit U- und Halb-U-Halterungen, die ein Verdrehen des Rohrs verhindern, wenn sich das Tier bewegt. Inklusive Schrauben.","breadcrumb":{"@id":"https:\/\/kanakydesign.com\/producto\/percha-pvc-soportes\/#breadcrumb"},"inLanguage":"de","potentialAction":[{"@type":"ReadAction","target":["https:\/\/kanakydesign.com\/producto\/percha-pvc-soportes\/"]}]},{"@type":"ImageObject","inLanguage":"de","@id":"https:\/\/kanakydesign.com\/producto\/percha-pvc-soportes\/#primaryimage","url":"https:\/\/kanakydesign.com\/wp-content\/uploads\/2023\/09\/DSC2825-scaled.jpg","contentUrl":"https:\/\/kanakydesign.com\/wp-content\/uploads\/2023\/09\/DSC2825-scaled.jpg","width":2560,"height":2560},{"@type":"BreadcrumbList","@id":"https:\/\/kanakydesign.com\/producto\/percha-pvc-soportes\/#breadcrumb","itemListElement":[{"@type":"ListItem","position":1,"name":"Portada","item":"https:\/\/kanakydesign.com\/"},{"@type":"ListItem","position":2,"name":"Tienda","item":"https:\/\/kanakydesign.com\/tienda\/"},{"@type":"ListItem","position":3,"name":"Percha PVC Soportes"}]},{"@type":"WebSite","@id":"https:\/\/kanakydesign.com\/#website","url":"https:\/\/kanakydesign.com\/","name":"KanakyDesign-Geh\u00e4use","description":"Become a professional keeper","publisher":{"@id":"https:\/\/kanakydesign.com\/#organization"},"alternateName":"KanakyDesign","potentialAction":[{"@type":"SearchAction","target":{"@type":"EntryPoint","urlTemplate":"https:\/\/kanakydesign.com\/?s={search_term_string}"},"query-input":{"@type":"PropertyValueSpecification","valueRequired":true,"valueName":"search_term_string"}}],"inLanguage":"de"},{"@type":"Organization","@id":"https:\/\/kanakydesign.com\/#organization","name":"KanakyDesign-Geh\u00e4use","alternateName":"KanakyDesign","url":"https:\/\/kanakydesign.com\/","logo":{"@type":"ImageObject","inLanguage":"de","@id":"https:\/\/kanakydesign.com\/#\/schema\/logo\/image\/","url":"https:\/\/kanakydesign.com\/wp-content\/uploads\/2023\/06\/Logo-KanakyDesign-circular-negro-1.png","contentUrl":"https:\/\/kanakydesign.com\/wp-content\/uploads\/2023\/06\/Logo-KanakyDesign-circular-negro-1.png","width":2000,"height":2000,"caption":"KanakyDesign Enclosures"},"image":{"@id":"https:\/\/kanakydesign.com\/#\/schema\/logo\/image\/"}}]}},"_links":{"self":[{"href":"https:\/\/kanakydesign.com\/de\/wp-json\/wp\/v2\/product\/1149","targetHints":{"allow":["GET"]}}],"collection":[{"href":"https:\/\/kanakydesign.com\/de\/wp-json\/wp\/v2\/product"}],"about":[{"href":"https:\/\/kanakydesign.com\/de\/wp-json\/wp\/v2\/types\/product"}],"wp:featuredmedia":[{"embeddable":true,"href":"https:\/\/kanakydesign.com\/de\/wp-json\/wp\/v2\/media\/1093"}],"wp:attachment":[{"href":"https:\/\/kanakydesign.com\/de\/wp-json\/wp\/v2\/media?parent=1149"}],"wp:term":[{"taxonomy":"product_brand","embeddable":true,"href":"https:\/\/kanakydesign.com\/de\/wp-json\/wp\/v2\/product_brand?post=1149"},{"taxonomy":"product_cat","embeddable":true,"href":"https:\/\/kanakydesign.com\/de\/wp-json\/wp\/v2\/product_cat?post=1149"},{"taxonomy":"product_tag","embeddable":true,"href":"https:\/\/kanakydesign.com\/de\/wp-json\/wp\/v2\/product_tag?post=1149"}],"curies":[{"name":"wp","href":"https:\/\/api.w.org\/{rel}","templated":true}]}}