{"id":1137,"date":"2023-10-10T11:31:46","date_gmt":"2023-10-10T11:31:46","guid":{"rendered":"https:\/\/kanakydesign.com\/?post_type=product&#038;p=1137"},"modified":"2026-02-08T00:42:28","modified_gmt":"2026-02-08T00:42:28","slug":"percha-bambu-soportes","status":"publish","type":"product","link":"https:\/\/kanakydesign.com\/de\/produkt\/percha-bambu-soportes\/","title":{"rendered":"Bambus-Halterungen"},"content":{"rendered":"<p data-start=\"174\" data-end=\"713\">Die <strong data-start=\"178\" data-end=\"230\">Kanaky Design PVC-Halterungen f\u00fcr Bambusb\u00fcgel<\/strong> sind von uns so konzipiert, dass Sie schnell, stabil und sauber eine <strong data-start=\"320\" data-end=\"339\">Bambuskleiderb\u00fcgel<\/strong> o <strong data-start=\"342\" data-end=\"365\">Rundh\u00f6lzer<\/strong> im Inneren des Terrariums, ohne die Dinge mit Flanschen, improvisierten Schrauben oder Systemen zu verkomplizieren, die bei Feuchtigkeit nachgeben. Diese <strong data-start=\"492\" data-end=\"526\">Paar Befestigungsklammern<\/strong> ist angepasst an <strong data-start=\"539\" data-end=\"558\">verschiedene Dicken<\/strong> von Zweig\/Perch und <strong data-start=\"579\" data-end=\"601\">Einpressen<\/strong>, So k\u00f6nnen Sie die Sitzstangen bei der Neugestaltung des Terrariums oder bei Wartungsarbeiten einfach umstellen.<\/p>\n<p data-start=\"715\" data-end=\"1118\">In Baumterrarien (und auch in bioaktiven Tropen-Terrarien) ist eine feste Sitzstange von entscheidender Bedeutung: Sie beeinflusst die Sicherheit, das nat\u00fcrliche Verhalten und die Nutzung des vertikalen Raums durch das Tier. Mit der <strong data-start=\"906\" data-end=\"932\">unterst\u00fctzt Kanaky Design<\/strong>, Sie k\u00f6nnen solide Sitzstangen f\u00fcr Baumschlangen, Geckos, Cham\u00e4leons oder andere kletternde Arten sowie Bewegungswege zwischen Plattformen, Lianen und Ruhepl\u00e4tzen schaffen.<\/p>\n<h2 data-start=\"1120\" data-end=\"1175\">\u2705 Presspassung und kompatibel mit verschiedenen Durchmessern<\/h2>\n<p data-start=\"1176\" data-end=\"1516\">Der gro\u00dfe Vorteil dieser <strong data-start=\"1201\" data-end=\"1245\">PVC-Halterungen f\u00fcr Terrarienaufh\u00e4ngungen<\/strong> ist sein System der <strong data-start=\"1263\" data-end=\"1285\">Presspassung<\/strong>Der B\u00fcgel: h\u00e4lt B\u00fcgel unterschiedlicher Dicke fest und erm\u00f6glicht die Wiederverwendung von Naturmaterialien (Bambus, zylindrisches Holz, geschliffene \u00c4ste), ohne dass man f\u00fcr jeden Durchmesser einen speziellen Tr\u00e4ger suchen muss. Dies gibt Ihnen die Flexibilit\u00e4t zu:<\/p>\n<ul data-start=\"1517\" data-end=\"1682\">\n<li data-start=\"1517\" data-end=\"1565\">\n<p data-start=\"1519\" data-end=\"1565\">Wechsel der Sitzstangen je nach Wachstum des Tieres<\/p>\n<\/li>\n<li data-start=\"1566\" data-end=\"1617\">\n<p data-start=\"1568\" data-end=\"1617\">wechselnde Dekorationen, ohne ein halbes Terrarium zu zerlegen<\/p>\n<\/li>\n<li data-start=\"1618\" data-end=\"1682\">\n<p data-start=\"1620\" data-end=\"1682\">einfache Einstellung der H\u00f6he oder Neigung des Sitzst\u00e4nders<\/p>\n<\/li>\n<\/ul>\n<h2 data-start=\"1684\" data-end=\"1731\">\ud83e\udde9 Entworfen f\u00fcr Bambus und zylindrische H\u00f6lzer<\/h2>\n<p data-start=\"1732\" data-end=\"1765\">Sie funktionieren besonders gut mit:<\/p>\n<ul data-start=\"1766\" data-end=\"1931\">\n<li data-start=\"1766\" data-end=\"1818\">\n<p data-start=\"1768\" data-end=\"1818\"><strong data-start=\"1768\" data-end=\"1786\">Bambusrohre<\/strong> (gerade und stabile Sitzstangen)<\/p>\n<\/li>\n<li data-start=\"1819\" data-end=\"1865\">\n<p data-start=\"1821\" data-end=\"1865\"><strong data-start=\"1821\" data-end=\"1844\">Rundh\u00f6lzer<\/strong> unterschiedlicher Herkunft<\/p>\n<\/li>\n<li data-start=\"1866\" data-end=\"1931\">\n<p data-start=\"1868\" data-end=\"1931\">normal geformte Naturb\u00fcgel (f\u00fcr einen festeren Sitz)<\/p>\n<\/li>\n<\/ul>\n<p data-start=\"1933\" data-end=\"2073\">Sie sind ideal, wenn Sie eine \u00e4sthetische und minimalistische Ausf\u00fchrung w\u00fcnschen: Die St\u00fctze bleibt diskret und der Aufh\u00e4nger wird zum Protagonisten der Montage.<\/p>\n<h2 data-start=\"2075\" data-end=\"2113\">\ud83c\udf3f Ideal f\u00fcr Arboretum-Terrarien<\/h2>\n<p data-start=\"2114\" data-end=\"2430\">Eine ordnungsgem\u00e4\u00df installierte Sitzstange erm\u00f6glicht es den Tieren, sich in der H\u00f6he auszuruhen, die Temperatur zu regulieren und sich sicher zu bewegen. F\u00fcr baumbewohnende Arten bedeutet dies weniger Stress und eine nat\u00fcrlichere Nutzung des Raums. Da sie aus PVC bestehen, sind sie au\u00dferdem leicht zu reinigen und f\u00fcr Umgebungen mit hoher Luftfeuchtigkeit geeignet.<\/p>\n<p data-start=\"2432\" data-end=\"2548\">\ud83d\udc49 Sie k\u00f6nnen diese Klammern mit unseren <strong><a href=\"https:\/\/kanakydesign.com\/de\/produkt\/percha-bambu\/\">Bambuskleiderb\u00fcgel<\/a><\/strong> und Dekoration.<\/p>","protected":false},"excerpt":{"rendered":"<p>Paar Befestigungsklammern f\u00fcr Bambus oder zylindrische H\u00f6lzer unterschiedlicher Herkunft.<\/p>","protected":false},"featured_media":1186,"template":"","meta":[],"product_brand":[],"product_cat":[23,28],"product_tag":[509,514,506,502,508,511,513,512,504,507,510,505,503],"class_list":{"0":"post-1137","1":"product","2":"type-product","3":"status-publish","4":"has-post-thumbnail","6":"product_cat-accesorios","7":"product_cat-complementos","8":"product_tag-accesorios-terrario-arboricola","9":"product_tag-decoracion-terrario-kanaky","10":"product_tag-fijacion-percha-bambu","11":"product_tag-kanaky-design","12":"product_tag-perchas-terrario-arboricola","13":"product_tag-soporte-para-ramas-terrario","14":"product_tag-soporte-percha-corallus-caninus","15":"product_tag-soporte-percha-morelia-viridis","16":"product_tag-soporte-percha-terrario","17":"product_tag-soporte-ramas-cilindricas","18":"product_tag-soportes-ajustables-por-presion","19":"product_tag-soportes-bambu-terrario","20":"product_tag-soportes-pvc-percha-bambu","22":"first","23":"instock","24":"taxable","25":"shipping-taxable","26":"purchasable","27":"product-type-simple"},"yoast_head":"<!-- This site is optimized with the Yoast SEO plugin v27.4 - https:\/\/yoast.com\/product\/yoast-seo-wordpress\/ -->\n<title>Percha Bamb\u00fa Soportes | KanakyDesign Enclosures<\/title>\n<meta name=\"description\" content=\"Soportes PVC percha bamb\u00fa Kanaky Design: pareja de fijaci\u00f3n ajustable por presi\u00f3n para varios grosores. Perfectos para perchas de bamb\u00fa y maderas cil\u00edndricas.\" \/>\n<meta name=\"robots\" content=\"index, follow, max-snippet:-1, max-image-preview:large, max-video-preview:-1\" \/>\n<link rel=\"canonical\" href=\"https:\/\/kanakydesign.com\/de\/produkt\/percha-bambu-soportes\/\" \/>\n<meta property=\"og:locale\" content=\"de_DE\" \/>\n<meta property=\"og:type\" content=\"article\" \/>\n<meta property=\"og:title\" content=\"Percha Bamb\u00fa Soportes | KanakyDesign Enclosures\" \/>\n<meta property=\"og:description\" content=\"Soportes PVC percha bamb\u00fa Kanaky Design: pareja de fijaci\u00f3n ajustable por presi\u00f3n para varios grosores. Perfectos para perchas de bamb\u00fa y maderas cil\u00edndricas.\" \/>\n<meta property=\"og:url\" content=\"https:\/\/kanakydesign.com\/de\/produkt\/percha-bambu-soportes\/\" \/>\n<meta property=\"og:site_name\" content=\"KanakyDesign Enclosures\" \/>\n<meta property=\"article:modified_time\" content=\"2026-02-08T00:42:28+00:00\" \/>\n<meta property=\"og:image\" content=\"https:\/\/kanakydesign.com\/wp-content\/uploads\/2023\/10\/DSC2819.jpg\" \/>\n\t<meta property=\"og:image:width\" content=\"2549\" \/>\n\t<meta property=\"og:image:height\" content=\"2549\" \/>\n\t<meta property=\"og:image:type\" content=\"image\/jpeg\" \/>\n<meta name=\"twitter:card\" content=\"summary_large_image\" \/>\n<meta name=\"twitter:label1\" content=\"Gesch\u00e4tzte Lesezeit\" \/>\n\t<meta name=\"twitter:data1\" content=\"2\u00a0Minuten\" \/>\n<script type=\"application\/ld+json\" class=\"yoast-schema-graph\">{\"@context\":\"https:\\\/\\\/schema.org\",\"@graph\":[{\"@type\":\"WebPage\",\"@id\":\"https:\\\/\\\/kanakydesign.com\\\/producto\\\/percha-bambu-soportes\\\/\",\"url\":\"https:\\\/\\\/kanakydesign.com\\\/producto\\\/percha-bambu-soportes\\\/\",\"name\":\"Percha Bamb\u00fa Soportes | KanakyDesign Enclosures\",\"isPartOf\":{\"@id\":\"https:\\\/\\\/kanakydesign.com\\\/#website\"},\"primaryImageOfPage\":{\"@id\":\"https:\\\/\\\/kanakydesign.com\\\/producto\\\/percha-bambu-soportes\\\/#primaryimage\"},\"image\":{\"@id\":\"https:\\\/\\\/kanakydesign.com\\\/producto\\\/percha-bambu-soportes\\\/#primaryimage\"},\"thumbnailUrl\":\"https:\\\/\\\/kanakydesign.com\\\/wp-content\\\/uploads\\\/2023\\\/10\\\/DSC2819.jpg\",\"datePublished\":\"2023-10-10T11:31:46+00:00\",\"dateModified\":\"2026-02-08T00:42:28+00:00\",\"description\":\"Soportes PVC percha bamb\u00fa Kanaky Design: pareja de fijaci\u00f3n ajustable por presi\u00f3n para varios grosores. Perfectos para perchas de bamb\u00fa y maderas cil\u00edndricas.\",\"breadcrumb\":{\"@id\":\"https:\\\/\\\/kanakydesign.com\\\/producto\\\/percha-bambu-soportes\\\/#breadcrumb\"},\"inLanguage\":\"de\",\"potentialAction\":[{\"@type\":\"ReadAction\",\"target\":[\"https:\\\/\\\/kanakydesign.com\\\/producto\\\/percha-bambu-soportes\\\/\"]}]},{\"@type\":\"ImageObject\",\"inLanguage\":\"de\",\"@id\":\"https:\\\/\\\/kanakydesign.com\\\/producto\\\/percha-bambu-soportes\\\/#primaryimage\",\"url\":\"https:\\\/\\\/kanakydesign.com\\\/wp-content\\\/uploads\\\/2023\\\/10\\\/DSC2819.jpg\",\"contentUrl\":\"https:\\\/\\\/kanakydesign.com\\\/wp-content\\\/uploads\\\/2023\\\/10\\\/DSC2819.jpg\",\"width\":2549,\"height\":2549},{\"@type\":\"BreadcrumbList\",\"@id\":\"https:\\\/\\\/kanakydesign.com\\\/producto\\\/percha-bambu-soportes\\\/#breadcrumb\",\"itemListElement\":[{\"@type\":\"ListItem\",\"position\":1,\"name\":\"Portada\",\"item\":\"https:\\\/\\\/kanakydesign.com\\\/\"},{\"@type\":\"ListItem\",\"position\":2,\"name\":\"Tienda\",\"item\":\"https:\\\/\\\/kanakydesign.com\\\/tienda\\\/\"},{\"@type\":\"ListItem\",\"position\":3,\"name\":\"Percha Bamb\u00fa Soportes\"}]},{\"@type\":\"WebSite\",\"@id\":\"https:\\\/\\\/kanakydesign.com\\\/#website\",\"url\":\"https:\\\/\\\/kanakydesign.com\\\/\",\"name\":\"KanakyDesign Enclosures\",\"description\":\"Become a professional keeper\",\"publisher\":{\"@id\":\"https:\\\/\\\/kanakydesign.com\\\/#organization\"},\"alternateName\":\"KanakyDesign\",\"potentialAction\":[{\"@type\":\"SearchAction\",\"target\":{\"@type\":\"EntryPoint\",\"urlTemplate\":\"https:\\\/\\\/kanakydesign.com\\\/?s={search_term_string}\"},\"query-input\":{\"@type\":\"PropertyValueSpecification\",\"valueRequired\":true,\"valueName\":\"search_term_string\"}}],\"inLanguage\":\"de\"},{\"@type\":\"Organization\",\"@id\":\"https:\\\/\\\/kanakydesign.com\\\/#organization\",\"name\":\"KanakyDesign Enclosures\",\"alternateName\":\"KanakyDesign\",\"url\":\"https:\\\/\\\/kanakydesign.com\\\/\",\"logo\":{\"@type\":\"ImageObject\",\"inLanguage\":\"de\",\"@id\":\"https:\\\/\\\/kanakydesign.com\\\/#\\\/schema\\\/logo\\\/image\\\/\",\"url\":\"https:\\\/\\\/kanakydesign.com\\\/wp-content\\\/uploads\\\/2023\\\/06\\\/Logo-KanakyDesign-circular-negro-1.png\",\"contentUrl\":\"https:\\\/\\\/kanakydesign.com\\\/wp-content\\\/uploads\\\/2023\\\/06\\\/Logo-KanakyDesign-circular-negro-1.png\",\"width\":2000,\"height\":2000,\"caption\":\"KanakyDesign Enclosures\"},\"image\":{\"@id\":\"https:\\\/\\\/kanakydesign.com\\\/#\\\/schema\\\/logo\\\/image\\\/\"}}]}<\/script>\n<!-- \/ Yoast SEO plugin. -->","yoast_head_json":{"title":"Bamboo Hanger Stands | KanakyDesign Schr\u00e4nke","description":"Kanaky Design PVC-Bambusaufh\u00e4nger: Druckverstellbares Befestigungspaar f\u00fcr verschiedene Dicken. Perfekt f\u00fcr Bambus und zylindrische Holzb\u00fcgel.","robots":{"index":"index","follow":"follow","max-snippet":"max-snippet:-1","max-image-preview":"max-image-preview:large","max-video-preview":"max-video-preview:-1"},"canonical":"https:\/\/kanakydesign.com\/de\/produkt\/percha-bambu-soportes\/","og_locale":"de_DE","og_type":"article","og_title":"Percha Bamb\u00fa Soportes | KanakyDesign Enclosures","og_description":"Soportes PVC percha bamb\u00fa Kanaky Design: pareja de fijaci\u00f3n ajustable por presi\u00f3n para varios grosores. Perfectos para perchas de bamb\u00fa y maderas cil\u00edndricas.","og_url":"https:\/\/kanakydesign.com\/de\/produkt\/percha-bambu-soportes\/","og_site_name":"KanakyDesign Enclosures","article_modified_time":"2026-02-08T00:42:28+00:00","og_image":[{"width":2549,"height":2549,"url":"https:\/\/kanakydesign.com\/wp-content\/uploads\/2023\/10\/DSC2819.jpg","type":"image\/jpeg"}],"twitter_card":"summary_large_image","twitter_misc":{"Gesch\u00e4tzte Lesezeit":"2\u00a0Minuten"},"schema":{"@context":"https:\/\/schema.org","@graph":[{"@type":"WebPage","@id":"https:\/\/kanakydesign.com\/producto\/percha-bambu-soportes\/","url":"https:\/\/kanakydesign.com\/producto\/percha-bambu-soportes\/","name":"Bamboo Hanger Stands | KanakyDesign Schr\u00e4nke","isPartOf":{"@id":"https:\/\/kanakydesign.com\/#website"},"primaryImageOfPage":{"@id":"https:\/\/kanakydesign.com\/producto\/percha-bambu-soportes\/#primaryimage"},"image":{"@id":"https:\/\/kanakydesign.com\/producto\/percha-bambu-soportes\/#primaryimage"},"thumbnailUrl":"https:\/\/kanakydesign.com\/wp-content\/uploads\/2023\/10\/DSC2819.jpg","datePublished":"2023-10-10T11:31:46+00:00","dateModified":"2026-02-08T00:42:28+00:00","description":"Kanaky Design PVC-Bambusaufh\u00e4nger: Druckverstellbares Befestigungspaar f\u00fcr verschiedene Dicken. Perfekt f\u00fcr Bambus und zylindrische Holzb\u00fcgel.","breadcrumb":{"@id":"https:\/\/kanakydesign.com\/producto\/percha-bambu-soportes\/#breadcrumb"},"inLanguage":"de","potentialAction":[{"@type":"ReadAction","target":["https:\/\/kanakydesign.com\/producto\/percha-bambu-soportes\/"]}]},{"@type":"ImageObject","inLanguage":"de","@id":"https:\/\/kanakydesign.com\/producto\/percha-bambu-soportes\/#primaryimage","url":"https:\/\/kanakydesign.com\/wp-content\/uploads\/2023\/10\/DSC2819.jpg","contentUrl":"https:\/\/kanakydesign.com\/wp-content\/uploads\/2023\/10\/DSC2819.jpg","width":2549,"height":2549},{"@type":"BreadcrumbList","@id":"https:\/\/kanakydesign.com\/producto\/percha-bambu-soportes\/#breadcrumb","itemListElement":[{"@type":"ListItem","position":1,"name":"Portada","item":"https:\/\/kanakydesign.com\/"},{"@type":"ListItem","position":2,"name":"Tienda","item":"https:\/\/kanakydesign.com\/tienda\/"},{"@type":"ListItem","position":3,"name":"Percha Bamb\u00fa Soportes"}]},{"@type":"WebSite","@id":"https:\/\/kanakydesign.com\/#website","url":"https:\/\/kanakydesign.com\/","name":"KanakyDesign-Geh\u00e4use","description":"Become a professional keeper","publisher":{"@id":"https:\/\/kanakydesign.com\/#organization"},"alternateName":"KanakyDesign","potentialAction":[{"@type":"SearchAction","target":{"@type":"EntryPoint","urlTemplate":"https:\/\/kanakydesign.com\/?s={search_term_string}"},"query-input":{"@type":"PropertyValueSpecification","valueRequired":true,"valueName":"search_term_string"}}],"inLanguage":"de"},{"@type":"Organization","@id":"https:\/\/kanakydesign.com\/#organization","name":"KanakyDesign-Geh\u00e4use","alternateName":"KanakyDesign","url":"https:\/\/kanakydesign.com\/","logo":{"@type":"ImageObject","inLanguage":"de","@id":"https:\/\/kanakydesign.com\/#\/schema\/logo\/image\/","url":"https:\/\/kanakydesign.com\/wp-content\/uploads\/2023\/06\/Logo-KanakyDesign-circular-negro-1.png","contentUrl":"https:\/\/kanakydesign.com\/wp-content\/uploads\/2023\/06\/Logo-KanakyDesign-circular-negro-1.png","width":2000,"height":2000,"caption":"KanakyDesign Enclosures"},"image":{"@id":"https:\/\/kanakydesign.com\/#\/schema\/logo\/image\/"}}]}},"_links":{"self":[{"href":"https:\/\/kanakydesign.com\/de\/wp-json\/wp\/v2\/product\/1137","targetHints":{"allow":["GET"]}}],"collection":[{"href":"https:\/\/kanakydesign.com\/de\/wp-json\/wp\/v2\/product"}],"about":[{"href":"https:\/\/kanakydesign.com\/de\/wp-json\/wp\/v2\/types\/product"}],"wp:featuredmedia":[{"embeddable":true,"href":"https:\/\/kanakydesign.com\/de\/wp-json\/wp\/v2\/media\/1186"}],"wp:attachment":[{"href":"https:\/\/kanakydesign.com\/de\/wp-json\/wp\/v2\/media?parent=1137"}],"wp:term":[{"taxonomy":"product_brand","embeddable":true,"href":"https:\/\/kanakydesign.com\/de\/wp-json\/wp\/v2\/product_brand?post=1137"},{"taxonomy":"product_cat","embeddable":true,"href":"https:\/\/kanakydesign.com\/de\/wp-json\/wp\/v2\/product_cat?post=1137"},{"taxonomy":"product_tag","embeddable":true,"href":"https:\/\/kanakydesign.com\/de\/wp-json\/wp\/v2\/product_tag?post=1137"}],"curies":[{"name":"wp","href":"https:\/\/api.w.org\/{rel}","templated":true}]}}