{"id":1131,"date":"2023-10-10T11:29:48","date_gmt":"2023-10-10T11:29:48","guid":{"rendered":"https:\/\/kanakydesign.com\/?post_type=product&#038;p=1131"},"modified":"2026-02-08T00:46:02","modified_gmt":"2026-02-08T00:46:02","slug":"percha-bambu-pack","status":"publish","type":"product","link":"https:\/\/kanakydesign.com\/de\/produkt\/percha-bambu-pack\/","title":{"rendered":"Bambus Kleiderb\u00fcgel Pack"},"content":{"rendered":"<p data-start=\"183\" data-end=\"666\">Die <strong data-start=\"186\" data-end=\"255\">Bambus-Terrarienaufh\u00e4nger mit PVC-Halterungen Kanaky Design<\/strong> ist der schnellste und sauberste Weg, um eine solide Sitzstange in Baum- und Tropen-Terrarien zu schaffen. Enth\u00e4lt <strong data-start=\"363\" data-end=\"390\">1 Tube Bambus natur<\/strong> y <strong data-start=\"393\" data-end=\"424\">1 Paar PVC-Halterungen<\/strong> von uns entworfen f\u00fcr die Befestigung von Bambus- oder zylindrischen Holzb\u00fcgeln mit <strong data-start=\"502\" data-end=\"524\">Presspassung<\/strong>. So ersparen Sie sich die m\u00fchsame Suche nach einzelnen kompatiblen Teilen und erzielen schon bei der ersten Montage ein stabiles, sicheres und \u00e4sthetisches Ergebnis.<\/p>\n<p data-start=\"668\" data-end=\"1075\">Dieses Paket wurde speziell f\u00fcr Terrarien entwickelt, in denen vertikaler Platz wichtig ist: Baumschlangen wie <strong data-start=\"783\" data-end=\"802\">Morelia viridis<\/strong> o <strong data-start=\"805\" data-end=\"825\">Hornkraut (Corallus caninus)<\/strong>, Die Sitzstange ist f\u00fcr Geckos, Geckos, Cham\u00e4leons und andere kletternde Arten gedacht, die hohe Ruhepunkte ben\u00f6tigen. Eine feste Sitzstange verbessert die Nutzung des Terrariums, erm\u00f6glicht nat\u00fcrliche K\u00f6rperhaltungen und hilft, Bewegungswege zwischen \u00c4sten, Pflanzen und Thermoregulationszonen zu schaffen.<\/p>\n<h2 data-start=\"1077\" data-end=\"1103\">Was enth\u00e4lt das Paket?<\/h2>\n<ul data-start=\"1104\" data-end=\"1211\">\n<li data-start=\"1104\" data-end=\"1153\">\n<p data-start=\"1106\" data-end=\"1153\"><strong data-start=\"1106\" data-end=\"1133\">1 Tube Bambus natur<\/strong> (Barsch\/Barsch)<\/p>\n<\/li>\n<li data-start=\"1154\" data-end=\"1211\">\n<p data-start=\"1156\" data-end=\"1211\"><strong data-start=\"1156\" data-end=\"1198\">1 Paar Kanaky Design PVC-Halterungen<\/strong> (Fixierung)<\/p>\n<\/li>\n<\/ul>\n<p data-start=\"1213\" data-end=\"1483\">Die Halterungen passen sich an <strong data-start=\"1239\" data-end=\"1258\">verschiedene Dicken<\/strong> und wird <strong data-start=\"1264\" data-end=\"1287\">Einpressen<\/strong>, was die Montage und Wartung erleichtert. So k\u00f6nnen Sie auch in Zukunft den Aufh\u00e4nger wechseln, ohne die Halterungen austauschen zu m\u00fcssen, wenn Sie sich f\u00fcr einen anderen Bambus oder ein \u00e4hnliches zylindrisches Holz entscheiden.<\/p>\n<h2 data-start=\"1485\" data-end=\"1531\">\ud83c\udf3f Nat\u00fcrlicher Bambus: realistisches und funktionelles Aussehen<\/h2>\n<p data-start=\"1532\" data-end=\"1777\">Bambus verleiht dem Terrarium ein sehr nat\u00fcrliches Aussehen, eignet sich hervorragend f\u00fcr tropische und bioaktive Einrichtungen und bietet Baumbewohnern einen bequemen Halt. Au\u00dferdem k\u00f6nnen Sie damit ein \u201cdschungelartiges\u201d Design schaffen, ohne auf sichtbare k\u00fcnstliche Elemente zur\u00fcckgreifen zu m\u00fcssen.<\/p>\n<h2 data-start=\"1779\" data-end=\"1837\">\ud83d\udd27 Kanaky Design PVC-Halterungen: saubere und stabile Montage<\/h2>\n<p data-start=\"1838\" data-end=\"2164\">Der gro\u00dfe Vorteil von Sitzstangenst\u00e4ndern ist, dass sie die Sitzstange fest halten und ein Verdrehen oder Verrutschen verhindern helfen. Eine stabile Sitzstange ist besonders bei Tieren wichtig, die eingerollt liegen und st\u00e4ndig Druck auf die Sitzstange aus\u00fcben. Da sie aus PVC bestehen, sind sie leicht zu reinigen und f\u00fcr Umgebungen geeignet, in denen es h\u00e4ufig feucht ist.<\/p>\n<h2 data-start=\"2166\" data-end=\"2193\">\ud83d\udee0\ufe0f Installationsideen<\/h2>\n<ul data-start=\"2194\" data-end=\"2477\">\n<li data-start=\"2194\" data-end=\"2283\">\n<p data-start=\"2196\" data-end=\"2283\">Platzieren Sie die Sitzstange im oberen Drittel des Terrariums als Hauptaufenthaltsort.<\/p>\n<\/li>\n<li data-start=\"2284\" data-end=\"2352\">\n<p data-start=\"2286\" data-end=\"2352\">Kombinieren Sie dieses Paket mit anderen \u00c4sten\/Jalousien, um verschiedene H\u00f6hen zu erzielen.<\/p>\n<\/li>\n<li data-start=\"2353\" data-end=\"2477\">\n<p data-start=\"2355\" data-end=\"2477\">Achten Sie auf einen festen Stand und \u00fcberpr\u00fcfen Sie regelm\u00e4\u00dfig die Stabilit\u00e4t, wenn das Terrarium Ersch\u00fctterungen ausgesetzt ist oder viel bewegt wird.<\/p>\n<\/li>\n<\/ul>\n<p data-start=\"2479\" data-end=\"2571\">\ud83d\udc49 Weitere Dekorationen und Zubeh\u00f6r f\u00fcr Terrarien finden Sie unter <strong data-start=\"2535\" data-end=\"2570\"><a class=\"decorated-link\" href=\"https:\/\/kanakydesign.com\/de\/categoria\/accesorios\/complementos\/\" target=\"_new\" rel=\"noopener\" data-start=\"2537\" data-end=\"2568\">https:\/\/www.kanakydesign.com\/<\/a><\/strong>.<\/p>","protected":false},"excerpt":{"rendered":"<p>Nat\u00fcrliche Bambusr\u00f6hre speziell f\u00fcr baumbewohnende Schlangenarten wie <em>Hornkraut (Corallus caninus)<\/em> o <em>Morelia viridis<\/em>. Enth\u00e4lt ein Paar Halterungen f\u00fcr die Befestigung am Terrarium.<\/p>","protected":false},"featured_media":1091,"template":"","meta":[],"product_brand":[],"product_cat":[23,28],"product_tag":[509,490,495,518,502,515,516,493,492,517,504,503,489],"class_list":{"0":"post-1131","1":"product","2":"type-product","3":"status-publish","4":"has-post-thumbnail","6":"product_cat-accesorios","7":"product_cat-complementos","8":"product_tag-accesorios-terrario-arboricola","9":"product_tag-bambu-natural-terrario","10":"product_tag-decoracion-terrario-tropical","11":"product_tag-fijacion-a-presion-percha","12":"product_tag-kanaky-design","13":"product_tag-pack-percha-bambu-terrario","14":"product_tag-percha-bambu-terrario","15":"product_tag-percha-corallus-caninus","16":"product_tag-percha-morelia-viridis","17":"product_tag-posadero-terrario-arboricola","18":"product_tag-soporte-percha-terrario","19":"product_tag-soportes-pvc-percha-bambu","20":"product_tag-tubo-de-bambu-terrario","22":"first","23":"instock","24":"taxable","25":"shipping-taxable","26":"purchasable","27":"product-type-variable"},"yoast_head":"<!-- This site is optimized with the Yoast SEO plugin v27.4 - https:\/\/yoast.com\/product\/yoast-seo-wordpress\/ -->\n<title>Percha Bamb\u00fa Pack | KanakyDesign Enclosures<\/title>\n<meta name=\"description\" content=\"Pack percha bamb\u00fa terrario: incluye 1 tubo de bamb\u00fa natural y 2 soportes PVC Kanaky Design ajustables por presi\u00f3n. Montaje limpio y estable.\" \/>\n<meta name=\"robots\" content=\"index, follow, max-snippet:-1, max-image-preview:large, max-video-preview:-1\" \/>\n<link rel=\"canonical\" href=\"https:\/\/kanakydesign.com\/de\/produkt\/percha-bambu-pack\/\" \/>\n<meta property=\"og:locale\" content=\"de_DE\" \/>\n<meta property=\"og:type\" content=\"article\" \/>\n<meta property=\"og:title\" content=\"Percha Bamb\u00fa Pack | KanakyDesign Enclosures\" \/>\n<meta property=\"og:description\" content=\"Pack percha bamb\u00fa terrario: incluye 1 tubo de bamb\u00fa natural y 2 soportes PVC Kanaky Design ajustables por presi\u00f3n. Montaje limpio y estable.\" \/>\n<meta property=\"og:url\" content=\"https:\/\/kanakydesign.com\/de\/produkt\/percha-bambu-pack\/\" \/>\n<meta property=\"og:site_name\" content=\"KanakyDesign Enclosures\" \/>\n<meta property=\"article:modified_time\" content=\"2026-02-08T00:46:02+00:00\" \/>\n<meta property=\"og:image\" content=\"https:\/\/kanakydesign.com\/wp-content\/uploads\/2023\/09\/DSC2821-scaled.jpg\" \/>\n\t<meta property=\"og:image:width\" content=\"2560\" \/>\n\t<meta property=\"og:image:height\" content=\"2560\" \/>\n\t<meta property=\"og:image:type\" content=\"image\/jpeg\" \/>\n<meta name=\"twitter:card\" content=\"summary_large_image\" \/>\n<meta name=\"twitter:label1\" content=\"Gesch\u00e4tzte Lesezeit\" \/>\n\t<meta name=\"twitter:data1\" content=\"2\u00a0Minuten\" \/>\n<script type=\"application\/ld+json\" class=\"yoast-schema-graph\">{\"@context\":\"https:\\\/\\\/schema.org\",\"@graph\":[{\"@type\":\"WebPage\",\"@id\":\"https:\\\/\\\/kanakydesign.com\\\/producto\\\/percha-bambu-pack\\\/\",\"url\":\"https:\\\/\\\/kanakydesign.com\\\/producto\\\/percha-bambu-pack\\\/\",\"name\":\"Percha Bamb\u00fa Pack | KanakyDesign Enclosures\",\"isPartOf\":{\"@id\":\"https:\\\/\\\/kanakydesign.com\\\/#website\"},\"primaryImageOfPage\":{\"@id\":\"https:\\\/\\\/kanakydesign.com\\\/producto\\\/percha-bambu-pack\\\/#primaryimage\"},\"image\":{\"@id\":\"https:\\\/\\\/kanakydesign.com\\\/producto\\\/percha-bambu-pack\\\/#primaryimage\"},\"thumbnailUrl\":\"https:\\\/\\\/kanakydesign.com\\\/wp-content\\\/uploads\\\/2023\\\/09\\\/DSC2821-scaled.jpg\",\"datePublished\":\"2023-10-10T11:29:48+00:00\",\"dateModified\":\"2026-02-08T00:46:02+00:00\",\"description\":\"Pack percha bamb\u00fa terrario: incluye 1 tubo de bamb\u00fa natural y 2 soportes PVC Kanaky Design ajustables por presi\u00f3n. Montaje limpio y estable.\",\"breadcrumb\":{\"@id\":\"https:\\\/\\\/kanakydesign.com\\\/producto\\\/percha-bambu-pack\\\/#breadcrumb\"},\"inLanguage\":\"de\",\"potentialAction\":[{\"@type\":\"ReadAction\",\"target\":[\"https:\\\/\\\/kanakydesign.com\\\/producto\\\/percha-bambu-pack\\\/\"]}]},{\"@type\":\"ImageObject\",\"inLanguage\":\"de\",\"@id\":\"https:\\\/\\\/kanakydesign.com\\\/producto\\\/percha-bambu-pack\\\/#primaryimage\",\"url\":\"https:\\\/\\\/kanakydesign.com\\\/wp-content\\\/uploads\\\/2023\\\/09\\\/DSC2821-scaled.jpg\",\"contentUrl\":\"https:\\\/\\\/kanakydesign.com\\\/wp-content\\\/uploads\\\/2023\\\/09\\\/DSC2821-scaled.jpg\",\"width\":2560,\"height\":2560},{\"@type\":\"BreadcrumbList\",\"@id\":\"https:\\\/\\\/kanakydesign.com\\\/producto\\\/percha-bambu-pack\\\/#breadcrumb\",\"itemListElement\":[{\"@type\":\"ListItem\",\"position\":1,\"name\":\"Portada\",\"item\":\"https:\\\/\\\/kanakydesign.com\\\/\"},{\"@type\":\"ListItem\",\"position\":2,\"name\":\"Tienda\",\"item\":\"https:\\\/\\\/kanakydesign.com\\\/tienda\\\/\"},{\"@type\":\"ListItem\",\"position\":3,\"name\":\"Percha Bamb\u00fa Pack\"}]},{\"@type\":\"WebSite\",\"@id\":\"https:\\\/\\\/kanakydesign.com\\\/#website\",\"url\":\"https:\\\/\\\/kanakydesign.com\\\/\",\"name\":\"KanakyDesign Enclosures\",\"description\":\"Become a professional keeper\",\"publisher\":{\"@id\":\"https:\\\/\\\/kanakydesign.com\\\/#organization\"},\"alternateName\":\"KanakyDesign\",\"potentialAction\":[{\"@type\":\"SearchAction\",\"target\":{\"@type\":\"EntryPoint\",\"urlTemplate\":\"https:\\\/\\\/kanakydesign.com\\\/?s={search_term_string}\"},\"query-input\":{\"@type\":\"PropertyValueSpecification\",\"valueRequired\":true,\"valueName\":\"search_term_string\"}}],\"inLanguage\":\"de\"},{\"@type\":\"Organization\",\"@id\":\"https:\\\/\\\/kanakydesign.com\\\/#organization\",\"name\":\"KanakyDesign Enclosures\",\"alternateName\":\"KanakyDesign\",\"url\":\"https:\\\/\\\/kanakydesign.com\\\/\",\"logo\":{\"@type\":\"ImageObject\",\"inLanguage\":\"de\",\"@id\":\"https:\\\/\\\/kanakydesign.com\\\/#\\\/schema\\\/logo\\\/image\\\/\",\"url\":\"https:\\\/\\\/kanakydesign.com\\\/wp-content\\\/uploads\\\/2023\\\/06\\\/Logo-KanakyDesign-circular-negro-1.png\",\"contentUrl\":\"https:\\\/\\\/kanakydesign.com\\\/wp-content\\\/uploads\\\/2023\\\/06\\\/Logo-KanakyDesign-circular-negro-1.png\",\"width\":2000,\"height\":2000,\"caption\":\"KanakyDesign Enclosures\"},\"image\":{\"@id\":\"https:\\\/\\\/kanakydesign.com\\\/#\\\/schema\\\/logo\\\/image\\\/\"}}]}<\/script>\n<!-- \/ Yoast SEO plugin. -->","yoast_head_json":{"title":"Bamboo Hanger Pack | KanakyDesign Enclosures","description":"Bambus-Terrarienaufh\u00e4nger-Paket: enth\u00e4lt 1 nat\u00fcrliches Bambusrohr und 2 durch Druck verstellbare PVC-Halterungen von Kanaky Design. Saubere und stabile Montage.","robots":{"index":"index","follow":"follow","max-snippet":"max-snippet:-1","max-image-preview":"max-image-preview:large","max-video-preview":"max-video-preview:-1"},"canonical":"https:\/\/kanakydesign.com\/de\/produkt\/percha-bambu-pack\/","og_locale":"de_DE","og_type":"article","og_title":"Percha Bamb\u00fa Pack | KanakyDesign Enclosures","og_description":"Pack percha bamb\u00fa terrario: incluye 1 tubo de bamb\u00fa natural y 2 soportes PVC Kanaky Design ajustables por presi\u00f3n. Montaje limpio y estable.","og_url":"https:\/\/kanakydesign.com\/de\/produkt\/percha-bambu-pack\/","og_site_name":"KanakyDesign Enclosures","article_modified_time":"2026-02-08T00:46:02+00:00","og_image":[{"width":2560,"height":2560,"url":"https:\/\/kanakydesign.com\/wp-content\/uploads\/2023\/09\/DSC2821-scaled.jpg","type":"image\/jpeg"}],"twitter_card":"summary_large_image","twitter_misc":{"Gesch\u00e4tzte Lesezeit":"2\u00a0Minuten"},"schema":{"@context":"https:\/\/schema.org","@graph":[{"@type":"WebPage","@id":"https:\/\/kanakydesign.com\/producto\/percha-bambu-pack\/","url":"https:\/\/kanakydesign.com\/producto\/percha-bambu-pack\/","name":"Bamboo Hanger Pack | KanakyDesign Enclosures","isPartOf":{"@id":"https:\/\/kanakydesign.com\/#website"},"primaryImageOfPage":{"@id":"https:\/\/kanakydesign.com\/producto\/percha-bambu-pack\/#primaryimage"},"image":{"@id":"https:\/\/kanakydesign.com\/producto\/percha-bambu-pack\/#primaryimage"},"thumbnailUrl":"https:\/\/kanakydesign.com\/wp-content\/uploads\/2023\/09\/DSC2821-scaled.jpg","datePublished":"2023-10-10T11:29:48+00:00","dateModified":"2026-02-08T00:46:02+00:00","description":"Bambus-Terrarienaufh\u00e4nger-Paket: enth\u00e4lt 1 nat\u00fcrliches Bambusrohr und 2 durch Druck verstellbare PVC-Halterungen von Kanaky Design. Saubere und stabile Montage.","breadcrumb":{"@id":"https:\/\/kanakydesign.com\/producto\/percha-bambu-pack\/#breadcrumb"},"inLanguage":"de","potentialAction":[{"@type":"ReadAction","target":["https:\/\/kanakydesign.com\/producto\/percha-bambu-pack\/"]}]},{"@type":"ImageObject","inLanguage":"de","@id":"https:\/\/kanakydesign.com\/producto\/percha-bambu-pack\/#primaryimage","url":"https:\/\/kanakydesign.com\/wp-content\/uploads\/2023\/09\/DSC2821-scaled.jpg","contentUrl":"https:\/\/kanakydesign.com\/wp-content\/uploads\/2023\/09\/DSC2821-scaled.jpg","width":2560,"height":2560},{"@type":"BreadcrumbList","@id":"https:\/\/kanakydesign.com\/producto\/percha-bambu-pack\/#breadcrumb","itemListElement":[{"@type":"ListItem","position":1,"name":"Portada","item":"https:\/\/kanakydesign.com\/"},{"@type":"ListItem","position":2,"name":"Tienda","item":"https:\/\/kanakydesign.com\/tienda\/"},{"@type":"ListItem","position":3,"name":"Percha Bamb\u00fa Pack"}]},{"@type":"WebSite","@id":"https:\/\/kanakydesign.com\/#website","url":"https:\/\/kanakydesign.com\/","name":"KanakyDesign-Geh\u00e4use","description":"Become a professional keeper","publisher":{"@id":"https:\/\/kanakydesign.com\/#organization"},"alternateName":"KanakyDesign","potentialAction":[{"@type":"SearchAction","target":{"@type":"EntryPoint","urlTemplate":"https:\/\/kanakydesign.com\/?s={search_term_string}"},"query-input":{"@type":"PropertyValueSpecification","valueRequired":true,"valueName":"search_term_string"}}],"inLanguage":"de"},{"@type":"Organization","@id":"https:\/\/kanakydesign.com\/#organization","name":"KanakyDesign-Geh\u00e4use","alternateName":"KanakyDesign","url":"https:\/\/kanakydesign.com\/","logo":{"@type":"ImageObject","inLanguage":"de","@id":"https:\/\/kanakydesign.com\/#\/schema\/logo\/image\/","url":"https:\/\/kanakydesign.com\/wp-content\/uploads\/2023\/06\/Logo-KanakyDesign-circular-negro-1.png","contentUrl":"https:\/\/kanakydesign.com\/wp-content\/uploads\/2023\/06\/Logo-KanakyDesign-circular-negro-1.png","width":2000,"height":2000,"caption":"KanakyDesign Enclosures"},"image":{"@id":"https:\/\/kanakydesign.com\/#\/schema\/logo\/image\/"}}]}},"_links":{"self":[{"href":"https:\/\/kanakydesign.com\/de\/wp-json\/wp\/v2\/product\/1131","targetHints":{"allow":["GET"]}}],"collection":[{"href":"https:\/\/kanakydesign.com\/de\/wp-json\/wp\/v2\/product"}],"about":[{"href":"https:\/\/kanakydesign.com\/de\/wp-json\/wp\/v2\/types\/product"}],"wp:featuredmedia":[{"embeddable":true,"href":"https:\/\/kanakydesign.com\/de\/wp-json\/wp\/v2\/media\/1091"}],"wp:attachment":[{"href":"https:\/\/kanakydesign.com\/de\/wp-json\/wp\/v2\/media?parent=1131"}],"wp:term":[{"taxonomy":"product_brand","embeddable":true,"href":"https:\/\/kanakydesign.com\/de\/wp-json\/wp\/v2\/product_brand?post=1131"},{"taxonomy":"product_cat","embeddable":true,"href":"https:\/\/kanakydesign.com\/de\/wp-json\/wp\/v2\/product_cat?post=1131"},{"taxonomy":"product_tag","embeddable":true,"href":"https:\/\/kanakydesign.com\/de\/wp-json\/wp\/v2\/product_tag?post=1131"}],"curies":[{"name":"wp","href":"https:\/\/api.w.org\/{rel}","templated":true}]}}