{"id":1062,"date":"2023-09-27T11:29:03","date_gmt":"2023-09-27T11:29:03","guid":{"rendered":"https:\/\/kanakydesign.com\/?post_type=product&#038;p=1062"},"modified":"2026-03-26T13:17:48","modified_gmt":"2026-03-26T13:17:48","slug":"puntera-de-aspersion","status":"publish","type":"product","link":"https:\/\/kanakydesign.com\/de\/produkt\/puntera-de-aspersion\/","title":{"rendered":"Spr\u00fchkopf"},"content":{"rendered":"<p data-start=\"175\" data-end=\"631\">Die <strong data-start=\"179\" data-end=\"252\">Spr\u00fchd\u00fcsenspitzen f\u00fcr Terrarium-Regensystemd\u00fcsen<\/strong> sind der perfekte Ersatz, wenn eine D\u00fcse verstopft ist und Sie nicht die gesamte Baugruppe austauschen wollen (oder m\u00fcssen). Bei manchen D\u00fcsen ist es normal, dass sich im Laufe der Zeit Kalk oder Ablagerungen ansammeln, insbesondere bei hartem Wasser. In vielen F\u00e4llen konzentriert sich das Problem auf die <strong data-start=\"518\" data-end=\"529\">Zehen<\/strong>, Ein Wechsel ist daher die schnellste und wirtschaftlichste Methode, um wieder ein feines, gleichm\u00e4\u00dfiges Spr\u00fchbild zu erhalten.<\/p>\n<p data-start=\"633\" data-end=\"951\">Die Substitution ist einfach: Sie m\u00fcssen nur Folgendes tun <strong data-start=\"671\" data-end=\"697\">schrauben Sie die Zehenkappe ab<\/strong> des Hauptteils (der Teil <strong data-start=\"730\" data-end=\"738\">grau<\/strong>) und setzen Sie den neuen ein. Auf diese Weise bleibt das System mit gutem Druck und ohne Leistungsverlust in Betrieb, was in tropischen, bioaktiven und Paludarium-Terrarien, in denen eine stabile Luftfeuchtigkeit den Unterschied ausmacht, entscheidend ist.<\/p>\n<h2 data-start=\"953\" data-end=\"1002\">\u2705 Schneller Austausch ohne Auswechseln der gesamten D\u00fcse<\/h2>\n<p data-start=\"1003\" data-end=\"1074\">Sie sind bei <strong data-start=\"1009\" data-end=\"1061\">Sprinklerk\u00f6pfe Terrarium Regensystem<\/strong> erm\u00f6glichen Ihnen das:<\/p>\n<ul data-start=\"1075\" data-end=\"1275\">\n<li data-start=\"1075\" data-end=\"1119\">\n<p data-start=\"1077\" data-end=\"1119\">eine verstopfte D\u00fcse in wenigen Minuten reparieren<\/p>\n<\/li>\n<li data-start=\"1120\" data-end=\"1165\">\n<p data-start=\"1122\" data-end=\"1165\">Speichern, Wiederverwenden des Hauptteils<\/p>\n<\/li>\n<li data-start=\"1166\" data-end=\"1220\">\n<p data-start=\"1168\" data-end=\"1220\">feines Spr\u00fchen auf allen Linien beibehalten<\/p>\n<\/li>\n<li data-start=\"1221\" data-end=\"1275\">\n<p data-start=\"1223\" data-end=\"1275\">Ersatzteile f\u00fcr die vorbeugende Wartung bereithalten<\/p>\n<\/li>\n<\/ul>\n<h2 data-start=\"1277\" data-end=\"1319\">\ud83c\udf27\ufe0f Zwei Spr\u00fchst\u00e4rken: 80\u00ba oder 120\u00ba.<\/h2>\n<p data-start=\"1320\" data-end=\"1384\">W\u00e4hlen Sie den Winkel entsprechend Ihrer Montage und D\u00fcsenverteilung:<\/p>\n<h3 data-start=\"1386\" data-end=\"1438\">\u26aa 80\u00b0 (wei\u00df) - gr\u00f6\u00dfere Reichweite, engerer Bogen<\/h3>\n<p data-start=\"1439\" data-end=\"1706\">Die <strong data-start=\"1443\" data-end=\"1459\">80\u00ba Spitzen<\/strong> erzeugen einen <strong data-start=\"1471\" data-end=\"1507\">Engerer Spr\u00fchbogen<\/strong>, sondern mit <strong data-start=\"1518\" data-end=\"1535\">breiterer Anwendungsbereich<\/strong>. Sie sind ideal, wenn Sie die Bew\u00e4sserung auf einen bestimmten Bereich richten wollen (z. B. einen Hintergrund, eine Mooswand oder hohe Pflanzen) oder wenn Sie den Spr\u00fchstrahl weiter reichen lassen wollen.<\/p>\n<h3 data-start=\"1708\" data-end=\"1758\">\u26ab 120\u00ba (schwarz) - gr\u00f6\u00dferer Erfassungsbereich, k\u00fcrzere Reichweite<\/h3>\n<p data-start=\"1759\" data-end=\"2028\">Die <strong data-start=\"1763\" data-end=\"1780\">120\u00ba Zehenkappen<\/strong> den Bereich zu \u00f6ffnen und eine <strong data-start=\"1810\" data-end=\"1829\">gr\u00f6\u00dferer Bogen<\/strong> mehr Fl\u00e4che (Bl\u00e4tter, Zweige und Dekoration) zu bedecken, obwohl das Spr\u00fchen <strong data-start=\"1908\" data-end=\"1930\">geht nicht so weit<\/strong> wie bei den 80\u00ba. Sie sind gro\u00dfartig f\u00fcr breite Terrarien oder wenn Sie eine allgemeine Verteilung suchen.<\/p>\n<h2 data-start=\"2030\" data-end=\"2081\">\ud83e\uddfc Empfohlene Wartung bei Verstopfung (Kalk)<\/h2>\n<p data-start=\"2082\" data-end=\"2161\">Bevor sie ausgetauscht werden, k\u00f6nnen sie oft durch eine einfache Reinigung wiederhergestellt werden:<\/p>\n<ol data-start=\"2163\" data-end=\"2440\">\n<li data-start=\"2163\" data-end=\"2253\">\n<p data-start=\"2166\" data-end=\"2253\">Entfernen Sie die Zehenkappe und <strong data-start=\"2186\" data-end=\"2209\">f\u00fcr 1-2 Stunden einweichen<\/strong> in einem kleinen Beh\u00e4lter mit <strong data-start=\"2239\" data-end=\"2250\">Anti-Kalkmittel<\/strong>.<\/p>\n<\/li>\n<li data-start=\"2254\" data-end=\"2400\">\n<p data-start=\"2257\" data-end=\"2400\">Danach, <strong data-start=\"2266\" data-end=\"2285\">kl\u00e4rt sehr gut auf<\/strong> mit sauberem Wasser, damit keine R\u00fcckst\u00e4nde zur\u00fcckbleiben (wichtig, damit keine giftigen R\u00fcckst\u00e4nde in das Terrarium gelangen).<\/p>\n<\/li>\n<li data-start=\"2401\" data-end=\"2440\">\n<p data-start=\"2404\" data-end=\"2440\">Bauen Sie das System wieder zusammen und testen Sie es.<\/p>\n<\/li>\n<\/ol>\n<p data-start=\"2442\" data-end=\"2595\">Wenn die D\u00fcse nach der Reinigung immer noch nicht richtig spr\u00fcht oder das Spr\u00fchbild unregelm\u00e4\u00dfig ist, ist es ratsam <strong data-start=\"2558\" data-end=\"2580\">Wechsel der Zehenkappe<\/strong> f\u00fcr eine neue.<\/p>\n<p data-start=\"2597\" data-end=\"2703\">\ud83d\udc49 Weitere Ersatzteile und Komponenten f\u00fcr Ihr Regensystem finden Sie unter <strong data-start=\"2667\" data-end=\"2702\"><a class=\"decorated-link\" href=\"https:\/\/kanakydesign.com\/de\/categoria\/accesorios\/sistemas-de-lluvia\/\" target=\"_new\" rel=\"noopener\" data-start=\"2669\" data-end=\"2700\">https:\/\/www.kanakydesign.com\/<\/a><\/strong>.<\/p>","protected":false},"excerpt":{"rendered":"<p>Diese Spr\u00fchk\u00f6pfe dienen als Ersatz, wenn Ihre D\u00fcse hoffnungslos verstopft ist. In solchen F\u00e4llen ist es nicht notwendig, die gesamte D\u00fcse zu ersetzen. Es gen\u00fcgt, die D\u00fcse zu ersetzen, indem man die D\u00fcse vom grauen Hauptteil abschraubt.<\/p>\n<p>Die 80\u00b0-Spr\u00fchd\u00fcse (wei\u00df) ergibt einen engeren Spr\u00fchbogen, aber eine gr\u00f6\u00dfere Reichweite, w\u00e4hrend die 120\u00b0-Spr\u00fchd\u00fcse (schwarz) einen gr\u00f6\u00dferen Bogen ergibt, aber nicht so weit reicht.<\/p>","protected":false},"featured_media":1113,"template":"","meta":[],"product_brand":[],"product_cat":[23,27],"product_tag":[423,420,422,375,424,417,416,418,414,419,413,415,421],"class_list":{"0":"post-1062","1":"product","2":"type-product","3":"status-publish","4":"has-post-thumbnail","6":"product_cat-accesorios","7":"product_cat-sistemas-de-lluvia","8":"product_tag-antical-boquillas-terrario","9":"product_tag-boquillas-riego-terrario","10":"product_tag-mantenimiento-boquillas-cal","11":"product_tag-nebulizacion-terrario","12":"product_tag-pulverizacion-terrario","13":"product_tag-puntera-aspersion-120-grados","14":"product_tag-puntera-aspersion-80-grados","15":"product_tag-puntera-blanca-80o","16":"product_tag-puntera-boquilla-terrario","17":"product_tag-puntera-negra-120o","18":"product_tag-punteras-aspersion-sistema-lluvia","19":"product_tag-recambio-boquilla-sistema-de-lluvia","20":"product_tag-repuestos-sistema-de-lluvia","21":"product_shipping_class-accesorios","23":"first","24":"instock","25":"taxable","26":"shipping-taxable","27":"purchasable","28":"product-type-variable"},"yoast_head":"<!-- This site is optimized with the Yoast SEO plugin v27.3 - https:\/\/yoast.com\/product\/yoast-seo-wordpress\/ -->\n<title>Puntera de aspersi\u00f3n | KanakyDesign Enclosures<\/title>\n<meta name=\"description\" content=\"Punteras aspersi\u00f3n sistema lluvia para terrario (recambio). 80\u00ba blancas: m\u00e1s alcance. 120\u00ba negras: m\u00e1s cobertura. Limpieza antical 1\u20132 h.\" \/>\n<meta name=\"robots\" content=\"index, follow, max-snippet:-1, max-image-preview:large, max-video-preview:-1\" \/>\n<link rel=\"canonical\" href=\"https:\/\/kanakydesign.com\/de\/produkt\/puntera-de-aspersion\/\" \/>\n<meta property=\"og:locale\" content=\"de_DE\" \/>\n<meta property=\"og:type\" content=\"article\" \/>\n<meta property=\"og:title\" content=\"Puntera de aspersi\u00f3n | KanakyDesign Enclosures\" \/>\n<meta property=\"og:description\" content=\"Punteras aspersi\u00f3n sistema lluvia para terrario (recambio). 80\u00ba blancas: m\u00e1s alcance. 120\u00ba negras: m\u00e1s cobertura. Limpieza antical 1\u20132 h.\" \/>\n<meta property=\"og:url\" content=\"https:\/\/kanakydesign.com\/de\/produkt\/puntera-de-aspersion\/\" \/>\n<meta property=\"og:site_name\" content=\"KanakyDesign Enclosures\" \/>\n<meta property=\"article:modified_time\" content=\"2026-03-26T13:17:48+00:00\" \/>\n<meta property=\"og:image\" content=\"https:\/\/kanakydesign.com\/wp-content\/uploads\/2023\/09\/DSC2876.jpg\" \/>\n\t<meta property=\"og:image:width\" content=\"2086\" \/>\n\t<meta property=\"og:image:height\" content=\"2086\" \/>\n\t<meta property=\"og:image:type\" content=\"image\/jpeg\" \/>\n<meta name=\"twitter:card\" content=\"summary_large_image\" \/>\n<meta name=\"twitter:label1\" content=\"Gesch\u00e4tzte Lesezeit\" \/>\n\t<meta name=\"twitter:data1\" content=\"2\u00a0Minuten\" \/>\n<script type=\"application\/ld+json\" class=\"yoast-schema-graph\">{\"@context\":\"https:\\\/\\\/schema.org\",\"@graph\":[{\"@type\":\"WebPage\",\"@id\":\"https:\\\/\\\/kanakydesign.com\\\/producto\\\/puntera-de-aspersion\\\/\",\"url\":\"https:\\\/\\\/kanakydesign.com\\\/producto\\\/puntera-de-aspersion\\\/\",\"name\":\"Puntera de aspersi\u00f3n | KanakyDesign Enclosures\",\"isPartOf\":{\"@id\":\"https:\\\/\\\/kanakydesign.com\\\/#website\"},\"primaryImageOfPage\":{\"@id\":\"https:\\\/\\\/kanakydesign.com\\\/producto\\\/puntera-de-aspersion\\\/#primaryimage\"},\"image\":{\"@id\":\"https:\\\/\\\/kanakydesign.com\\\/producto\\\/puntera-de-aspersion\\\/#primaryimage\"},\"thumbnailUrl\":\"https:\\\/\\\/kanakydesign.com\\\/wp-content\\\/uploads\\\/2023\\\/09\\\/DSC2876.jpg\",\"datePublished\":\"2023-09-27T11:29:03+00:00\",\"dateModified\":\"2026-03-26T13:17:48+00:00\",\"description\":\"Punteras aspersi\u00f3n sistema lluvia para terrario (recambio). 80\u00ba blancas: m\u00e1s alcance. 120\u00ba negras: m\u00e1s cobertura. Limpieza antical 1\u20132 h.\",\"breadcrumb\":{\"@id\":\"https:\\\/\\\/kanakydesign.com\\\/producto\\\/puntera-de-aspersion\\\/#breadcrumb\"},\"inLanguage\":\"de\",\"potentialAction\":[{\"@type\":\"ReadAction\",\"target\":[\"https:\\\/\\\/kanakydesign.com\\\/producto\\\/puntera-de-aspersion\\\/\"]}]},{\"@type\":\"ImageObject\",\"inLanguage\":\"de\",\"@id\":\"https:\\\/\\\/kanakydesign.com\\\/producto\\\/puntera-de-aspersion\\\/#primaryimage\",\"url\":\"https:\\\/\\\/kanakydesign.com\\\/wp-content\\\/uploads\\\/2023\\\/09\\\/DSC2876.jpg\",\"contentUrl\":\"https:\\\/\\\/kanakydesign.com\\\/wp-content\\\/uploads\\\/2023\\\/09\\\/DSC2876.jpg\",\"width\":2086,\"height\":2086},{\"@type\":\"BreadcrumbList\",\"@id\":\"https:\\\/\\\/kanakydesign.com\\\/producto\\\/puntera-de-aspersion\\\/#breadcrumb\",\"itemListElement\":[{\"@type\":\"ListItem\",\"position\":1,\"name\":\"Portada\",\"item\":\"https:\\\/\\\/kanakydesign.com\\\/\"},{\"@type\":\"ListItem\",\"position\":2,\"name\":\"Tienda\",\"item\":\"https:\\\/\\\/kanakydesign.com\\\/tienda\\\/\"},{\"@type\":\"ListItem\",\"position\":3,\"name\":\"Puntera de aspersi\u00f3n\"}]},{\"@type\":\"WebSite\",\"@id\":\"https:\\\/\\\/kanakydesign.com\\\/#website\",\"url\":\"https:\\\/\\\/kanakydesign.com\\\/\",\"name\":\"KanakyDesign Enclosures\",\"description\":\"Become a professional keeper\",\"publisher\":{\"@id\":\"https:\\\/\\\/kanakydesign.com\\\/#organization\"},\"alternateName\":\"KanakyDesign\",\"potentialAction\":[{\"@type\":\"SearchAction\",\"target\":{\"@type\":\"EntryPoint\",\"urlTemplate\":\"https:\\\/\\\/kanakydesign.com\\\/?s={search_term_string}\"},\"query-input\":{\"@type\":\"PropertyValueSpecification\",\"valueRequired\":true,\"valueName\":\"search_term_string\"}}],\"inLanguage\":\"de\"},{\"@type\":\"Organization\",\"@id\":\"https:\\\/\\\/kanakydesign.com\\\/#organization\",\"name\":\"KanakyDesign Enclosures\",\"alternateName\":\"KanakyDesign\",\"url\":\"https:\\\/\\\/kanakydesign.com\\\/\",\"logo\":{\"@type\":\"ImageObject\",\"inLanguage\":\"de\",\"@id\":\"https:\\\/\\\/kanakydesign.com\\\/#\\\/schema\\\/logo\\\/image\\\/\",\"url\":\"https:\\\/\\\/kanakydesign.com\\\/wp-content\\\/uploads\\\/2023\\\/06\\\/Logo-KanakyDesign-circular-negro-1.png\",\"contentUrl\":\"https:\\\/\\\/kanakydesign.com\\\/wp-content\\\/uploads\\\/2023\\\/06\\\/Logo-KanakyDesign-circular-negro-1.png\",\"width\":2000,\"height\":2000,\"caption\":\"KanakyDesign Enclosures\"},\"image\":{\"@id\":\"https:\\\/\\\/kanakydesign.com\\\/#\\\/schema\\\/logo\\\/image\\\/\"}}]}<\/script>\n<!-- \/ Yoast SEO plugin. -->","yoast_head_json":{"title":"Spr\u00fchspitze : KanakyDesign Enclosures","description":"Terrarium regen System Sprinkler Tipps (Ersatz). 80\u00ba wei\u00df: mehr Reichweite. 120\u00ba schwarz: mehr Reichweite. Anti-Kalk-Reinigung 1-2 h.","robots":{"index":"index","follow":"follow","max-snippet":"max-snippet:-1","max-image-preview":"max-image-preview:large","max-video-preview":"max-video-preview:-1"},"canonical":"https:\/\/kanakydesign.com\/de\/produkt\/puntera-de-aspersion\/","og_locale":"de_DE","og_type":"article","og_title":"Puntera de aspersi\u00f3n | KanakyDesign Enclosures","og_description":"Punteras aspersi\u00f3n sistema lluvia para terrario (recambio). 80\u00ba blancas: m\u00e1s alcance. 120\u00ba negras: m\u00e1s cobertura. Limpieza antical 1\u20132 h.","og_url":"https:\/\/kanakydesign.com\/de\/produkt\/puntera-de-aspersion\/","og_site_name":"KanakyDesign Enclosures","article_modified_time":"2026-03-26T13:17:48+00:00","og_image":[{"width":2086,"height":2086,"url":"https:\/\/kanakydesign.com\/wp-content\/uploads\/2023\/09\/DSC2876.jpg","type":"image\/jpeg"}],"twitter_card":"summary_large_image","twitter_misc":{"Gesch\u00e4tzte Lesezeit":"2\u00a0Minuten"},"schema":{"@context":"https:\/\/schema.org","@graph":[{"@type":"WebPage","@id":"https:\/\/kanakydesign.com\/producto\/puntera-de-aspersion\/","url":"https:\/\/kanakydesign.com\/producto\/puntera-de-aspersion\/","name":"Spr\u00fchspitze : KanakyDesign Enclosures","isPartOf":{"@id":"https:\/\/kanakydesign.com\/#website"},"primaryImageOfPage":{"@id":"https:\/\/kanakydesign.com\/producto\/puntera-de-aspersion\/#primaryimage"},"image":{"@id":"https:\/\/kanakydesign.com\/producto\/puntera-de-aspersion\/#primaryimage"},"thumbnailUrl":"https:\/\/kanakydesign.com\/wp-content\/uploads\/2023\/09\/DSC2876.jpg","datePublished":"2023-09-27T11:29:03+00:00","dateModified":"2026-03-26T13:17:48+00:00","description":"Terrarium regen System Sprinkler Tipps (Ersatz). 80\u00ba wei\u00df: mehr Reichweite. 120\u00ba schwarz: mehr Reichweite. Anti-Kalk-Reinigung 1-2 h.","breadcrumb":{"@id":"https:\/\/kanakydesign.com\/producto\/puntera-de-aspersion\/#breadcrumb"},"inLanguage":"de","potentialAction":[{"@type":"ReadAction","target":["https:\/\/kanakydesign.com\/producto\/puntera-de-aspersion\/"]}]},{"@type":"ImageObject","inLanguage":"de","@id":"https:\/\/kanakydesign.com\/producto\/puntera-de-aspersion\/#primaryimage","url":"https:\/\/kanakydesign.com\/wp-content\/uploads\/2023\/09\/DSC2876.jpg","contentUrl":"https:\/\/kanakydesign.com\/wp-content\/uploads\/2023\/09\/DSC2876.jpg","width":2086,"height":2086},{"@type":"BreadcrumbList","@id":"https:\/\/kanakydesign.com\/producto\/puntera-de-aspersion\/#breadcrumb","itemListElement":[{"@type":"ListItem","position":1,"name":"Portada","item":"https:\/\/kanakydesign.com\/"},{"@type":"ListItem","position":2,"name":"Tienda","item":"https:\/\/kanakydesign.com\/tienda\/"},{"@type":"ListItem","position":3,"name":"Puntera de aspersi\u00f3n"}]},{"@type":"WebSite","@id":"https:\/\/kanakydesign.com\/#website","url":"https:\/\/kanakydesign.com\/","name":"KanakyDesign-Geh\u00e4use","description":"Become a professional keeper","publisher":{"@id":"https:\/\/kanakydesign.com\/#organization"},"alternateName":"KanakyDesign","potentialAction":[{"@type":"SearchAction","target":{"@type":"EntryPoint","urlTemplate":"https:\/\/kanakydesign.com\/?s={search_term_string}"},"query-input":{"@type":"PropertyValueSpecification","valueRequired":true,"valueName":"search_term_string"}}],"inLanguage":"de"},{"@type":"Organization","@id":"https:\/\/kanakydesign.com\/#organization","name":"KanakyDesign-Geh\u00e4use","alternateName":"KanakyDesign","url":"https:\/\/kanakydesign.com\/","logo":{"@type":"ImageObject","inLanguage":"de","@id":"https:\/\/kanakydesign.com\/#\/schema\/logo\/image\/","url":"https:\/\/kanakydesign.com\/wp-content\/uploads\/2023\/06\/Logo-KanakyDesign-circular-negro-1.png","contentUrl":"https:\/\/kanakydesign.com\/wp-content\/uploads\/2023\/06\/Logo-KanakyDesign-circular-negro-1.png","width":2000,"height":2000,"caption":"KanakyDesign Enclosures"},"image":{"@id":"https:\/\/kanakydesign.com\/#\/schema\/logo\/image\/"}}]}},"_links":{"self":[{"href":"https:\/\/kanakydesign.com\/de\/wp-json\/wp\/v2\/product\/1062","targetHints":{"allow":["GET"]}}],"collection":[{"href":"https:\/\/kanakydesign.com\/de\/wp-json\/wp\/v2\/product"}],"about":[{"href":"https:\/\/kanakydesign.com\/de\/wp-json\/wp\/v2\/types\/product"}],"wp:featuredmedia":[{"embeddable":true,"href":"https:\/\/kanakydesign.com\/de\/wp-json\/wp\/v2\/media\/1113"}],"wp:attachment":[{"href":"https:\/\/kanakydesign.com\/de\/wp-json\/wp\/v2\/media?parent=1062"}],"wp:term":[{"taxonomy":"product_brand","embeddable":true,"href":"https:\/\/kanakydesign.com\/de\/wp-json\/wp\/v2\/product_brand?post=1062"},{"taxonomy":"product_cat","embeddable":true,"href":"https:\/\/kanakydesign.com\/de\/wp-json\/wp\/v2\/product_cat?post=1062"},{"taxonomy":"product_tag","embeddable":true,"href":"https:\/\/kanakydesign.com\/de\/wp-json\/wp\/v2\/product_tag?post=1062"}],"curies":[{"name":"wp","href":"https:\/\/api.w.org\/{rel}","templated":true}]}}