{"id":9,"date":"2023-06-16T10:03:29","date_gmt":"2023-06-16T10:03:29","guid":{"rendered":"http:\/\/kanakydesign.com\/?page_id=9"},"modified":"2026-02-08T20:20:59","modified_gmt":"2026-02-08T20:20:59","slug":"condiciones-generales","status":"publish","type":"page","link":"https:\/\/kanakydesign.com\/de\/condiciones-generales\/","title":{"rendered":"Allgemeine Gesch\u00e4ftsbedingungen"},"content":{"rendered":"<div data-elementor-type=\"wp-page\" data-elementor-id=\"9\" class=\"elementor elementor-9\" data-elementor-post-type=\"page\">\n\t\t\t\t\t\t<section class=\"elementor-section elementor-top-section elementor-element elementor-element-f36dd32 elementor-section-boxed elementor-section-height-default elementor-section-height-default\" data-id=\"f36dd32\" data-element_type=\"section\" data-e-type=\"section\" data-settings=\"{&quot;background_background&quot;:&quot;classic&quot;}\">\n\t\t\t\t\t\t<div class=\"elementor-container elementor-column-gap-default\">\n\t\t\t\t\t<div class=\"elementor-column elementor-col-100 elementor-top-column elementor-element elementor-element-84820bc\" data-id=\"84820bc\" data-element_type=\"column\" data-e-type=\"column\">\n\t\t\t<div class=\"elementor-widget-wrap elementor-element-populated\">\n\t\t\t\t\t\t<div class=\"elementor-element elementor-element-2478a23 elementor-widget elementor-widget-spacer\" data-id=\"2478a23\" data-element_type=\"widget\" data-e-type=\"widget\" data-widget_type=\"spacer.default\">\n\t\t\t\t<div class=\"elementor-widget-container\">\n\t\t\t\t\t\t\t<div class=\"elementor-spacer\">\n\t\t\t<div class=\"elementor-spacer-inner\"><\/div>\n\t\t<\/div>\n\t\t\t\t\t\t<\/div>\n\t\t\t\t<\/div>\n\t\t\t\t\t<\/div>\n\t\t<\/div>\n\t\t\t\t\t<\/div>\n\t\t<\/section>\n\t\t\t\t<section class=\"elementor-section elementor-top-section elementor-element elementor-element-ff65ad9 elementor-section-boxed elementor-section-height-default elementor-section-height-default\" data-id=\"ff65ad9\" data-element_type=\"section\" data-e-type=\"section\">\n\t\t\t\t\t\t<div class=\"elementor-container elementor-column-gap-default\">\n\t\t\t\t\t<div class=\"elementor-column elementor-col-100 elementor-top-column elementor-element elementor-element-bf0ff5a\" data-id=\"bf0ff5a\" data-element_type=\"column\" data-e-type=\"column\">\n\t\t\t<div class=\"elementor-widget-wrap elementor-element-populated\">\n\t\t\t\t\t\t<div class=\"elementor-element elementor-element-1e76f07 elementor-widget elementor-widget-text-editor\" data-id=\"1e76f07\" data-element_type=\"widget\" data-e-type=\"widget\" data-widget_type=\"text-editor.default\">\n\t\t\t\t<div class=\"elementor-widget-container\">\n\t\t\t\t\t\t\t\t\t<p><strong>FERTIGUNG<\/strong><\/p><p>Die Herstellung unserer Terrarien \u2013 sowohl Standardmodelle als auch ma\u00dfgefertigte Ausf\u00fchrungen \u2013 beginnt nach Best\u00e4tigung auf eine der folgenden Arten:<\/p><ul><li>Direkter Kauf \u00fcber die Website.<\/li><li>Nach Annahme und Bezahlung des individuellen Angebots.\u00a0<\/li><\/ul><p>Nach Eingang der Bestellung beginnt der Fertigungsprozess, der je nach Auftragsvolumen und Komplexit\u00e4t der Montage zwischen 3 und 10 Tagen dauert.<\/p><p>Sobald die Produktion abgeschlossen ist, wird der Kunde kontaktiert, um ihn \u00fcber das Versanddatum zu informieren.<\/p><p><strong>SHIPPING<\/strong><\/p><p>Die Lieferzeiten betragen 1-3 Werktage f\u00fcr das spanische und portugiesische Festland und 3-7 Werktage f\u00fcr das \u00fcbrige Europa.<\/p><p>KanakyDesign bearbeitet Bestellungen von Montag bis Freitag.<\/p><p>Die Versandkosten h\u00e4ngen vom Volumen und Gewicht der Bestellung sowie vom geografischen Gebiet der Lieferung ab. Durch Eingabe der Postleitzahl des Bestimmungsortes werden die Versandkosten angezeigt.<\/p><p>Es ist wichtig, dass eine Person an der Lieferadresse anwesend ist, um die Sendung abzuholen.<\/p><p>KanakyDesign kann nicht f\u00fcr Lieferfehler verantwortlich gemacht werden, wenn die vom Kunden angegebene Adresse falsch oder unvollst\u00e4ndig ist.<\/p><p>Wenn die Ware beim Empfang besch\u00e4digt ist oder Anzeichen von Transportsch\u00e4den aufweist, muss dies auf dem Lieferschein vermerkt werden. Andernfalls k\u00f6nnen wir den Schaden gegen\u00fcber dem Transportunternehmen nicht geltend machen.<\/p><p>Alle unsere Sendungen sind nach den Eigenschaften der Produkte verpackt, um sicherzustellen, dass das Paket immer in einwandfreiem Zustand ankommt. KanakyDesign kann nicht f\u00fcr Sch\u00e4den verantwortlich gemacht werden, die durch schlechtes Wetter verursacht werden, da diese Ursachen au\u00dferhalb unserer Kontrolle und unvorhersehbar sind.<\/p><p><strong>STORNIERUNG VON AUFTR\u00c4GEN<\/strong><\/p><p>Alle bei KanakyDesign aufgegebenen Bestellungen k\u00f6nnen innerhalb von 24 Stunden nach der Best\u00e4tigung storniert werden. Die Stornierung der Bestellung ist kostenlos.<\/p><p>Um eine Stornierung zu beantragen, senden Sie bitte eine E-Mail an info@kanakydesign.com und geben Sie die Bestellnummer an.<\/p><p>Sobald die Stornierung best\u00e4tigt ist, wird der Betrag auf demselben Weg \u00fcberwiesen, auf dem die Zahlung erfolgt ist.<\/p><p><strong>R\u00dcCKGABE<\/strong><\/p><p>Terrarien k\u00f6nnen nicht zur\u00fcckgegeben werden, da es sich um individuelle Produkte handelt. Wir empfehlen Ihnen, Ihre Bestellung sorgf\u00e4ltig zu pr\u00fcfen, bevor Sie Ihren Kauf t\u00e4tigen.<\/p><p>Die R\u00fcckgabe von gekauftem Material, das vom K\u00e4ufer nachtr\u00e4glich ver\u00e4ndert wurde, sowie von ma\u00dfgefertigten Terrarien ist ausgeschlossen.<\/p><p>Reklamationen oder R\u00fccksendungen von anderen Produkten als Terrarien k\u00f6nnen innerhalb von 8 Tagen nach der Lieferung der Ware erfolgen. Sie k\u00f6nnen die R\u00fcckgabe \u00fcber info@kanakydesign.com beantragen. Wenn Sie die Genehmigung des Unternehmens erhalten haben, m\u00fcssen Sie das Produkt zusammen mit einer Kopie des Kaufbelegs an KanakyDesign, Calle Herramientas 43A, 41006 Sevilla, Sevilla senden.<\/p><p>Sobald wir das Produkt erhalten und festgestellt haben, dass es in gutem Zustand ist, erstatten wir das Geld \u00fcber die Zahlungsmethode, die bei der Bestellung verwendet wurde.<\/p><p>R\u00fccksendungen m\u00fcssen immer frachtfrei verschickt werden.<\/p><p>KanakyDesign \u00fcbernimmt keine Verantwortung f\u00fcr die erhaltenen Waren, wenn diese Bedingung nicht erf\u00fcllt ist oder die R\u00fccksendung nicht vorher akzeptiert wurde. Die Ware muss in einwandfreiem Zustand erhalten werden.<\/p><p><strong>GARANTIEN<\/strong><\/p><p>In KanakyDesign sch\u00e4tzen wir Ihre Vorliebe f\u00fcr unsere Produkte, sind wir daran interessiert, dass unsere Kunden klar die Politik auf Produktgarantie Abdeckung kennen. Es ist wichtig, dass Sie sorgf\u00e4ltig lesen Sie die Bedienungsanleitungen in Ihren Produkten enthalten, sowie diese Verfahren und Richtlinien von KanakyDesign im Zusammenhang mit der Garantieabdeckung, da dies Unannehmlichkeiten zu vermeiden und wird uns helfen, Sie mit einer besseren Unterst\u00fctzung bieten.<\/p><p>KanakyDesign ist der urspr\u00fcngliche Garantiegeber f\u00fcr den Endverbraucher.<\/p><p>KanakyDesign garantiert seine Produkte gegen FERTIGUNGSFEHLER.<\/p><p>Die Garantie ist nicht g\u00fcltig:\u00a0<\/p><ol><li>Wenn das Produkt unter anderen als den in der Gebrauchsanweisung angegebenen Bedingungen verwendet wurde.<\/li><li>Wenn das Produkt von nicht autorisierten Personen manipuliert oder repariert wurde<\/li><li>Wenn das Produkt physisch besch\u00e4digt, verbrannt oder zerbrochen ist.<\/li><\/ol><p>Das Produkt muss sich in demselben Zustand wie zum Zeitpunkt des Kaufs befinden und alle Teile und Zubeh\u00f6rteile enthalten.<\/p><p>Um ein Produkt unter Garantie zur\u00fcckzusenden, muss es in der Originalverpackung geliefert werden.<\/p><p>Im Falle eines Garantieanspruchs sollte der Kunde eine E-Mail an das Konto info@kanakydesign.com mit den folgenden Angaben senden:<\/p><ol><li>Bestellnummer<\/li><li>Name des Produkts<\/li><li>Produktmenge<\/li><li>Beschreibung des Problems<\/li><li>Datum des Kaufs<\/li><\/ol><p>Der Supportbereich vergibt eine R\u00fccksendenummer und gibt die Schritte an, die mit dem Produkt durchzuf\u00fchren sind, oder schickt es zur Analyse an KanakyDesign.<\/p><p>Wenn das Produkt versandt werden soll, wird Ihnen eine Kontonummer des Kurierdienstes mitgeteilt, die Sie ausf\u00fcllen und zusammen mit dem Produkt versenden m\u00fcssen. Gleichzeitig werden die Daten des Kunden zur Bearbeitung aufgenommen.<\/p>\t\t\t\t\t\t\t\t<\/div>\n\t\t\t\t<\/div>\n\t\t\t\t\t<\/div>\n\t\t<\/div>\n\t\t\t\t\t<\/div>\n\t\t<\/section>\n\t\t\t\t<\/div>","protected":false},"excerpt":{"rendered":"<p>FABRICACI\u00d3N La fabricaci\u00f3n de terrarios, tanto los modelos predeterminados como los modelos a medida, comienza con la confirmaci\u00f3n de cualquiera de las siguientes formas: Compra directa en el sitio web. Tras aceptaci\u00f3n y pago de presupuesto a medida.\u00a0 Una vez recibido el pedido, comienza el periodo de fabricaci\u00f3n, que dura entre 3 y 10 d\u00edas [&hellip;]<\/p>\n","protected":false},"author":2,"featured_media":0,"parent":0,"menu_order":0,"comment_status":"closed","ping_status":"closed","template":"","meta":{"footnotes":""},"class_list":["post-9","page","type-page","status-publish","hentry"],"yoast_head":"<!-- This site is optimized with the Yoast SEO plugin v27.4 - https:\/\/yoast.com\/product\/yoast-seo-wordpress\/ -->\n<title>Condiciones Generales | KanakyDesign Enclosures<\/title>\n<meta name=\"robots\" content=\"index, follow, max-snippet:-1, max-image-preview:large, max-video-preview:-1\" \/>\n<link rel=\"canonical\" href=\"https:\/\/kanakydesign.com\/de\/condiciones-generales\/\" \/>\n<meta property=\"og:locale\" content=\"de_DE\" \/>\n<meta property=\"og:type\" content=\"article\" \/>\n<meta property=\"og:title\" content=\"Condiciones Generales | KanakyDesign Enclosures\" \/>\n<meta property=\"og:description\" content=\"FABRICACI\u00d3N La fabricaci\u00f3n de terrarios, tanto los modelos predeterminados como los modelos a medida, comienza con la confirmaci\u00f3n de cualquiera de las siguientes formas: Compra directa en el sitio web. Tras aceptaci\u00f3n y pago de presupuesto a medida.\u00a0 Una vez recibido el pedido, comienza el periodo de fabricaci\u00f3n, que dura entre 3 y 10 d\u00edas [&hellip;]\" \/>\n<meta property=\"og:url\" content=\"https:\/\/kanakydesign.com\/de\/condiciones-generales\/\" \/>\n<meta property=\"og:site_name\" content=\"KanakyDesign Enclosures\" \/>\n<meta property=\"article:modified_time\" content=\"2026-02-08T20:20:59+00:00\" \/>\n<meta property=\"og:image\" content=\"https:\/\/kanakydesign.com\/wp-content\/uploads\/2023\/06\/Logo-KanakyDesign-circular-negro-1.png\" \/>\n\t<meta property=\"og:image:width\" content=\"2000\" \/>\n\t<meta property=\"og:image:height\" content=\"2000\" \/>\n\t<meta property=\"og:image:type\" content=\"image\/png\" \/>\n<meta name=\"twitter:card\" content=\"summary_large_image\" \/>\n<meta name=\"twitter:label1\" content=\"Gesch\u00e4tzte Lesezeit\" \/>\n\t<meta name=\"twitter:data1\" content=\"4\u00a0Minuten\" \/>\n<script type=\"application\/ld+json\" class=\"yoast-schema-graph\">{\"@context\":\"https:\\\/\\\/schema.org\",\"@graph\":[{\"@type\":\"WebPage\",\"@id\":\"https:\\\/\\\/kanakydesign.com\\\/condiciones-generales\\\/\",\"url\":\"https:\\\/\\\/kanakydesign.com\\\/condiciones-generales\\\/\",\"name\":\"Condiciones Generales | KanakyDesign Enclosures\",\"isPartOf\":{\"@id\":\"https:\\\/\\\/kanakydesign.com\\\/#website\"},\"datePublished\":\"2023-06-16T10:03:29+00:00\",\"dateModified\":\"2026-02-08T20:20:59+00:00\",\"breadcrumb\":{\"@id\":\"https:\\\/\\\/kanakydesign.com\\\/condiciones-generales\\\/#breadcrumb\"},\"inLanguage\":\"de\",\"potentialAction\":[{\"@type\":\"ReadAction\",\"target\":[\"https:\\\/\\\/kanakydesign.com\\\/condiciones-generales\\\/\"]}]},{\"@type\":\"BreadcrumbList\",\"@id\":\"https:\\\/\\\/kanakydesign.com\\\/condiciones-generales\\\/#breadcrumb\",\"itemListElement\":[{\"@type\":\"ListItem\",\"position\":1,\"name\":\"Portada\",\"item\":\"https:\\\/\\\/kanakydesign.com\\\/\"},{\"@type\":\"ListItem\",\"position\":2,\"name\":\"Condiciones Generales\"}]},{\"@type\":\"WebSite\",\"@id\":\"https:\\\/\\\/kanakydesign.com\\\/#website\",\"url\":\"https:\\\/\\\/kanakydesign.com\\\/\",\"name\":\"KanakyDesign Enclosures\",\"description\":\"Become a professional keeper\",\"publisher\":{\"@id\":\"https:\\\/\\\/kanakydesign.com\\\/#organization\"},\"alternateName\":\"KanakyDesign\",\"potentialAction\":[{\"@type\":\"SearchAction\",\"target\":{\"@type\":\"EntryPoint\",\"urlTemplate\":\"https:\\\/\\\/kanakydesign.com\\\/?s={search_term_string}\"},\"query-input\":{\"@type\":\"PropertyValueSpecification\",\"valueRequired\":true,\"valueName\":\"search_term_string\"}}],\"inLanguage\":\"de\"},{\"@type\":\"Organization\",\"@id\":\"https:\\\/\\\/kanakydesign.com\\\/#organization\",\"name\":\"KanakyDesign Enclosures\",\"alternateName\":\"KanakyDesign\",\"url\":\"https:\\\/\\\/kanakydesign.com\\\/\",\"logo\":{\"@type\":\"ImageObject\",\"inLanguage\":\"de\",\"@id\":\"https:\\\/\\\/kanakydesign.com\\\/#\\\/schema\\\/logo\\\/image\\\/\",\"url\":\"https:\\\/\\\/kanakydesign.com\\\/wp-content\\\/uploads\\\/2023\\\/06\\\/Logo-KanakyDesign-circular-negro-1.png\",\"contentUrl\":\"https:\\\/\\\/kanakydesign.com\\\/wp-content\\\/uploads\\\/2023\\\/06\\\/Logo-KanakyDesign-circular-negro-1.png\",\"width\":2000,\"height\":2000,\"caption\":\"KanakyDesign Enclosures\"},\"image\":{\"@id\":\"https:\\\/\\\/kanakydesign.com\\\/#\\\/schema\\\/logo\\\/image\\\/\"}}]}<\/script>\n<!-- \/ Yoast SEO plugin. -->","yoast_head_json":{"title":"Allgemeine Gesch\u00e4ftsbedingungen : KanakyDesign Enclosures","robots":{"index":"index","follow":"follow","max-snippet":"max-snippet:-1","max-image-preview":"max-image-preview:large","max-video-preview":"max-video-preview:-1"},"canonical":"https:\/\/kanakydesign.com\/de\/condiciones-generales\/","og_locale":"de_DE","og_type":"article","og_title":"Condiciones Generales | KanakyDesign Enclosures","og_description":"FABRICACI\u00d3N La fabricaci\u00f3n de terrarios, tanto los modelos predeterminados como los modelos a medida, comienza con la confirmaci\u00f3n de cualquiera de las siguientes formas: Compra directa en el sitio web. Tras aceptaci\u00f3n y pago de presupuesto a medida.\u00a0 Una vez recibido el pedido, comienza el periodo de fabricaci\u00f3n, que dura entre 3 y 10 d\u00edas [&hellip;]","og_url":"https:\/\/kanakydesign.com\/de\/condiciones-generales\/","og_site_name":"KanakyDesign Enclosures","article_modified_time":"2026-02-08T20:20:59+00:00","og_image":[{"width":2000,"height":2000,"url":"https:\/\/kanakydesign.com\/wp-content\/uploads\/2023\/06\/Logo-KanakyDesign-circular-negro-1.png","type":"image\/png"}],"twitter_card":"summary_large_image","twitter_misc":{"Gesch\u00e4tzte Lesezeit":"4\u00a0Minuten"},"schema":{"@context":"https:\/\/schema.org","@graph":[{"@type":"WebPage","@id":"https:\/\/kanakydesign.com\/condiciones-generales\/","url":"https:\/\/kanakydesign.com\/condiciones-generales\/","name":"Allgemeine Gesch\u00e4ftsbedingungen : KanakyDesign Enclosures","isPartOf":{"@id":"https:\/\/kanakydesign.com\/#website"},"datePublished":"2023-06-16T10:03:29+00:00","dateModified":"2026-02-08T20:20:59+00:00","breadcrumb":{"@id":"https:\/\/kanakydesign.com\/condiciones-generales\/#breadcrumb"},"inLanguage":"de","potentialAction":[{"@type":"ReadAction","target":["https:\/\/kanakydesign.com\/condiciones-generales\/"]}]},{"@type":"BreadcrumbList","@id":"https:\/\/kanakydesign.com\/condiciones-generales\/#breadcrumb","itemListElement":[{"@type":"ListItem","position":1,"name":"Portada","item":"https:\/\/kanakydesign.com\/"},{"@type":"ListItem","position":2,"name":"Condiciones Generales"}]},{"@type":"WebSite","@id":"https:\/\/kanakydesign.com\/#website","url":"https:\/\/kanakydesign.com\/","name":"KanakyDesign-Geh\u00e4use","description":"Become a professional keeper","publisher":{"@id":"https:\/\/kanakydesign.com\/#organization"},"alternateName":"KanakyDesign","potentialAction":[{"@type":"SearchAction","target":{"@type":"EntryPoint","urlTemplate":"https:\/\/kanakydesign.com\/?s={search_term_string}"},"query-input":{"@type":"PropertyValueSpecification","valueRequired":true,"valueName":"search_term_string"}}],"inLanguage":"de"},{"@type":"Organization","@id":"https:\/\/kanakydesign.com\/#organization","name":"KanakyDesign-Geh\u00e4use","alternateName":"KanakyDesign","url":"https:\/\/kanakydesign.com\/","logo":{"@type":"ImageObject","inLanguage":"de","@id":"https:\/\/kanakydesign.com\/#\/schema\/logo\/image\/","url":"https:\/\/kanakydesign.com\/wp-content\/uploads\/2023\/06\/Logo-KanakyDesign-circular-negro-1.png","contentUrl":"https:\/\/kanakydesign.com\/wp-content\/uploads\/2023\/06\/Logo-KanakyDesign-circular-negro-1.png","width":2000,"height":2000,"caption":"KanakyDesign Enclosures"},"image":{"@id":"https:\/\/kanakydesign.com\/#\/schema\/logo\/image\/"}}]}},"_links":{"self":[{"href":"https:\/\/kanakydesign.com\/de\/wp-json\/wp\/v2\/pages\/9","targetHints":{"allow":["GET"]}}],"collection":[{"href":"https:\/\/kanakydesign.com\/de\/wp-json\/wp\/v2\/pages"}],"about":[{"href":"https:\/\/kanakydesign.com\/de\/wp-json\/wp\/v2\/types\/page"}],"author":[{"embeddable":true,"href":"https:\/\/kanakydesign.com\/de\/wp-json\/wp\/v2\/users\/2"}],"replies":[{"embeddable":true,"href":"https:\/\/kanakydesign.com\/de\/wp-json\/wp\/v2\/comments?post=9"}],"version-history":[{"count":11,"href":"https:\/\/kanakydesign.com\/de\/wp-json\/wp\/v2\/pages\/9\/revisions"}],"predecessor-version":[{"id":1835,"href":"https:\/\/kanakydesign.com\/de\/wp-json\/wp\/v2\/pages\/9\/revisions\/1835"}],"wp:attachment":[{"href":"https:\/\/kanakydesign.com\/de\/wp-json\/wp\/v2\/media?parent=9"}],"curies":[{"name":"wp","href":"https:\/\/api.w.org\/{rel}","templated":true}]}}