{"id":37,"date":"2023-06-27T06:05:09","date_gmt":"2023-06-27T06:05:09","guid":{"rendered":"https:\/\/kanakydesign.com\/?page_id=37"},"modified":"2023-07-01T11:27:08","modified_gmt":"2023-07-01T11:27:08","slug":"aviso-legal","status":"publish","type":"page","link":"https:\/\/kanakydesign.com\/de\/aviso-legal\/","title":{"rendered":"Rechtlicher Hinweis"},"content":{"rendered":"<div data-elementor-type=\"wp-page\" data-elementor-id=\"37\" class=\"elementor elementor-37\" data-elementor-post-type=\"page\">\n\t\t\t\t\t\t<section class=\"elementor-section elementor-top-section elementor-element elementor-element-aa92524 elementor-section-boxed elementor-section-height-default elementor-section-height-default\" data-id=\"aa92524\" data-element_type=\"section\" data-e-type=\"section\" data-settings=\"{&quot;background_background&quot;:&quot;classic&quot;}\">\n\t\t\t\t\t\t<div class=\"elementor-container elementor-column-gap-default\">\n\t\t\t\t\t<div class=\"elementor-column elementor-col-100 elementor-top-column elementor-element elementor-element-6b98d56\" data-id=\"6b98d56\" data-element_type=\"column\" data-e-type=\"column\">\n\t\t\t<div class=\"elementor-widget-wrap elementor-element-populated\">\n\t\t\t\t\t\t<div class=\"elementor-element elementor-element-e40042a elementor-widget elementor-widget-spacer\" data-id=\"e40042a\" data-element_type=\"widget\" data-e-type=\"widget\" data-widget_type=\"spacer.default\">\n\t\t\t\t<div class=\"elementor-widget-container\">\n\t\t\t\t\t\t\t<div class=\"elementor-spacer\">\n\t\t\t<div class=\"elementor-spacer-inner\"><\/div>\n\t\t<\/div>\n\t\t\t\t\t\t<\/div>\n\t\t\t\t<\/div>\n\t\t\t\t\t<\/div>\n\t\t<\/div>\n\t\t\t\t\t<\/div>\n\t\t<\/section>\n\t\t\t\t<section class=\"elementor-section elementor-top-section elementor-element elementor-element-21ee5f8 elementor-section-boxed elementor-section-height-default elementor-section-height-default\" data-id=\"21ee5f8\" data-element_type=\"section\" data-e-type=\"section\">\n\t\t\t\t\t\t<div class=\"elementor-container elementor-column-gap-default\">\n\t\t\t\t\t<div class=\"elementor-column elementor-col-100 elementor-top-column elementor-element elementor-element-da37ca9\" data-id=\"da37ca9\" data-element_type=\"column\" data-e-type=\"column\">\n\t\t\t<div class=\"elementor-widget-wrap elementor-element-populated\">\n\t\t\t\t\t\t<div class=\"elementor-element elementor-element-65384e5 elementor-widget elementor-widget-text-editor\" data-id=\"65384e5\" data-element_type=\"widget\" data-e-type=\"widget\" data-widget_type=\"text-editor.default\">\n\t\t\t\t<div class=\"elementor-widget-container\">\n\t\t\t\t\t\t\t\t\t<p><strong>IDENTIFIKATIONSDATEN<\/strong><\/p><p>In Erf\u00fcllung der Informationspflicht gem\u00e4\u00df Artikel 10 des Gesetzes 34\/2002 vom 11. Juli \u00fcber die Dienste der Informationsgesellschaft und den elektronischen Gesch\u00e4ftsverkehr werden im Folgenden die folgenden Informationen wiedergegeben: Die juristische Person, die Eigent\u00fcmerin der Web-Domain ist, ist KANAKY TERRARIA S.C. (CIF J01730506, im Folgenden KANAKYDESIGN), mit der Anschrift Calle Herramientas 43A, 41006 Sevilla, Sevilla, f\u00fcr diese Zwecke.<\/p><p>Kontakt-E-Mail: info@kanakydesign.com.<\/p><p><strong>BENUTZER<\/strong><\/p><p>Der Zugang und\/oder die Nutzung dieses Portals www.kanakydesign.com setzt voraus, dass der BENUTZER mit dem Zugang und\/oder der Nutzung die hier wiedergegebenen Allgemeinen Nutzungsbedingungen akzeptiert. Die vorgenannten Bedingungen gelten unabh\u00e4ngig von den Allgemeinen Vertragsbedingungen, die gegebenenfalls obligatorisch sind.<\/p><p><strong>NUTZUNG DES PORTALS<\/strong><\/p><p>www.kanakydesign.com bietet Zugang zu einer Vielzahl von Informationen, Dienstleistungen, Programmen oder Daten (im Folgenden \"die Inhalte\") im Internet, die KANAKYDESIGN oder seinen Lizenzgebern geh\u00f6ren und zu denen der NUTZER Zugang haben kann. Der NUTZER \u00fcbernimmt die Verantwortung f\u00fcr die Nutzung des Portals. Diese Verantwortung erstreckt sich auch auf eine eventuelle Registrierung, die f\u00fcr den Zugang zu bestimmten Dienstleistungen oder Inhalten notwendig sein kann.<\/p><p>Bei dieser Registrierung ist der BENUTZER daf\u00fcr verantwortlich, wahrheitsgem\u00e4\u00dfe und rechtm\u00e4\u00dfige Angaben zu machen. Als Folge dieser Registrierung kann dem BENUTZER ein Passwort zugeteilt werden, f\u00fcr das er verantwortlich ist und f\u00fcr dessen sorgf\u00e4ltige und vertrauliche Verwendung er sich verpflichtet. Der BENUTZER verpflichtet sich, die von KANAKYDES zur Verf\u00fcgung gestellten Inhalte und Dienste (wie z.B. Chat-Dienste, Produktbewertung etc.) angemessen zu nutzen.), die KANAKYDESIGN \u00fcber sein Portal anbietet, angemessen zu nutzen und, als Beispiel, aber ohne Einschr\u00e4nkung, diese nicht zu nutzen, um (i) an illegalen, ungesetzlichen oder gegen Treu und Glauben und die \u00f6ffentliche Ordnung versto\u00dfenden Aktivit\u00e4ten teilzunehmen; (ii) Inhalte oder Propaganda rassistischer, fremdenfeindlicher, pornografisch-illegaler Natur, zur Unterst\u00fctzung des Terrorismus oder gegen die Menschenrechte zu verbreiten; (iii) Sch\u00e4den an den physischen und logischen Systemen von KANAKYDESIGN, seinen Lieferanten oder Dritten zu verursachen, Computerviren oder andere physische oder logische Systeme einzuf\u00fchren oder zu verbreiten, die die oben genannten Sch\u00e4den verursachen k\u00f6nnen; (iv) zu versuchen, auf die E-Mail-Konten anderer Nutzer zuzugreifen und diese gegebenenfalls zu nutzen und deren Nachrichten zu ver\u00e4ndern oder zu manipulieren. KANAKYDESIGN beh\u00e4lt sich das Recht vor, alle Kommentare und Beitr\u00e4ge zu entfernen, die die Achtung der W\u00fcrde der Person verletzen, diskriminierend, fremdenfeindlich, rassistisch, pornografisch sind, die Jugend oder das Kindesalter, die \u00f6ffentliche Ordnung oder Sicherheit verletzen oder die nach Ansicht von KANAKYDESIGN nicht zur Ver\u00f6ffentlichung geeignet sind. In jedem Fall ist KANAKYDESIGN nicht f\u00fcr die Meinungen verantwortlich, die von den Nutzern durch Produktbewertungen oder andere Beteiligungsinstrumente ge\u00e4u\u00dfert werden.<\/p><p><strong>DATENSCHUTZ<\/strong><\/p><p>KANAKYDESIGN h\u00e4lt sich an die Richtlinien des Organgesetzes 15\/1999 vom 13. Dezember \u00fcber den Schutz personenbezogener Daten, des K\u00f6niglichen Dekrets 1720\/2007 vom 21. Dezember, das die Verordnungen zur Entwicklung des Organgesetzes und anderer zu einem bestimmten Zeitpunkt geltender Vorschriften genehmigt, und gew\u00e4hrleistet die korrekte Verwendung und Verarbeitung der personenbezogenen Daten der Nutzer. Zu diesem Zweck wird der Nutzer zusammen mit jedem Formular zur Erfassung personenbezogener Daten in den Dienstleistungen, die er von info@kanakydesign.com anfordern kann, \u00fcber das Vorhandensein und die Annahme der spezifischen Bedingungen f\u00fcr die Verarbeitung seiner Daten in jedem einzelnen Fall informiert, wobei er \u00fcber die Verantwortlichkeit f\u00fcr die angelegte Datei, die Adresse des Verantwortlichen, die M\u00f6glichkeit der Aus\u00fcbung seiner Rechte auf Zugang, Berichtigung, L\u00f6schung oder Widerspruch, den Zweck der Verarbeitung und die Weitergabe von Daten an Dritte, sofern zutreffend, informiert wird.<\/p><p>Ebenso informiert Sie KANAKYDESIGN, dass es das Gesetz 34\/2002 vom 11. Juli \u00fcber die Dienste der Informationsgesellschaft und den elektronischen Handel einh\u00e4lt und Sie jederzeit um Ihre Zustimmung zur Verarbeitung Ihrer E-Mail zu kommerziellen Zwecken bitten wird.<\/p><p>Wenn Sie der Ansicht sind, dass Sie bei der Aus\u00fcbung Ihrer Rechte nicht vollst\u00e4ndig zufrieden gestellt wurden, k\u00f6nnen Sie eine Beschwerde bei der nationalen Aufsichtsbeh\u00f6rde einreichen, indem Sie sich an die spanische Datenschutzbeh\u00f6rde, C\/ Jorge Juan, 6 - 28001 Madrid, wenden.<\/p><p><strong>GEISTIGES UND GEWERBLICHES EIGENTUM<\/strong><\/p><p>KANAKYDESIGN ist selbst oder als Bevollm\u00e4chtigter Eigent\u00fcmer aller geistigen und gewerblichen Eigentumsrechte seiner Webseite sowie der darin enthaltenen Elemente (einschlie\u00dflich, aber nicht beschr\u00e4nkt auf Bilder, Ton, Audio, Video, Software oder Texte; Marken oder Logos, Farbkombinationen, Struktur und Design, Auswahl der verwendeten Materialien, Computerprogramme, die f\u00fcr den Betrieb, den Zugang und die Nutzung notwendig sind, usw.), die Eigentum von KANAKYDESIGN oder seinen Lizenzgebern sind.<\/p><p>Alle Rechte vorbehalten. Gem\u00e4\u00df den Bestimmungen der Artikel 8 und 32.1, zweiter Absatz, des Gesetzes \u00fcber geistiges Eigentum sind die Vervielf\u00e4ltigung, die Verbreitung und die \u00f6ffentliche Bekanntmachung, einschlie\u00dflich der Bereitstellung, des gesamten oder eines Teils des Inhalts dieser Webseite zu kommerziellen Zwecken, auf jedem Medium und mit jedem technischen Mittel, ohne die Genehmigung von KANAKYDESIGN ausdr\u00fccklich verboten. Der NUTZER verpflichtet sich, die Rechte des geistigen und gewerblichen Eigentums von KANAKYDESIGN zu respektieren. Der NUTZER darf die Elemente des Portals ansehen und sogar ausdrucken, kopieren und auf der Festplatte seines Computers oder einem anderen physischen Medium speichern, vorausgesetzt, dies geschieht einzig und allein zu seinem pers\u00f6nlichen und privaten Gebrauch. Der NUTZER hat es zu unterlassen, die auf der KANAKYDESIGN Webseite installierten Schutzvorrichtungen oder Sicherheitssysteme zu l\u00f6schen, zu ver\u00e4ndern, zu umgehen oder zu manipulieren.<\/p><p><strong>AUSSCHLUSS VON GEW\u00c4HRLEISTUNG UND HAFTUNG<\/strong><\/p><p>KANAKYDESIGN haftet unter keinen Umst\u00e4nden f\u00fcr Sch\u00e4den jeglicher Art, die durch Fehler oder Auslassungen im Inhalt, mangelnde Verf\u00fcgbarkeit des Portals oder die \u00dcbertragung von Viren oder b\u00f6sartigen oder sch\u00e4dlichen Programmen im Inhalt verursacht werden k\u00f6nnen, obwohl alle notwendigen technischen Ma\u00dfnahmen ergriffen wurden, um dies zu verhindern.<\/p><p><strong>\u00c4NDERUNGEN<\/strong><\/p><p>KANAKYDESIGN beh\u00e4lt sich das Recht vor, ohne Vorank\u00fcndigung \u00c4nderungen an seinem Portal vorzunehmen, die es f\u00fcr angemessen h\u00e4lt, und kann sowohl den Inhalt und die Dienstleistungen, die \u00fcber das Portal angeboten werden, als auch die Art und Weise, wie sie auf dem Portal pr\u00e4sentiert werden, \u00e4ndern, l\u00f6schen oder hinzuf\u00fcgen.<\/p><p><strong>LINKS<\/strong><\/p><p>F\u00fcr den Fall, dass www.kanakydesign.com Links oder Hyperlinks zu anderen Internetseiten enth\u00e4lt, \u00fcbt KANAKYDESIGN keinerlei Kontrolle \u00fcber diese Seiten und Inhalte aus. KANAKYDESIGN \u00fcbernimmt unter keinen Umst\u00e4nden die Verantwortung f\u00fcr den Inhalt eines Links, der zu einer externen Webseite geh\u00f6rt, und garantiert auch nicht die technische Verf\u00fcgbarkeit, Qualit\u00e4t, Zuverl\u00e4ssigkeit, Genauigkeit, Vollst\u00e4ndigkeit, Wahrhaftigkeit, G\u00fcltigkeit und Verfassungsm\u00e4\u00dfigkeit des Materials oder der Informationen, die in einem der besagten Hyperlinks oder anderen Internetseiten enthalten sind.<\/p><p>Ebenso wenig bedeutet die Aufnahme dieser externen Verbindungen irgendeine Art von Assoziierung, Fusion oder Beteiligung mit den verbundenen Einrichtungen.<\/p><p><strong>RECHT AUF AUSSCHLUSS<\/strong><\/p><p>KANAKYDESIGN beh\u00e4lt sich das Recht vor, den Zugang zum Portal und\/oder zu den angebotenen Dienstleistungen ohne vorherige Ank\u00fcndigung, auf eigenen Wunsch oder auf Wunsch eines Dritten, denjenigen Nutzern zu verweigern oder zu entziehen, die sich nicht an diese Allgemeinen Nutzungsbedingungen halten.<\/p><p><strong>ALLGEMEINES<\/strong><\/p><p>KANAKYDESIGN wird jeden Versto\u00df gegen diese Bedingungen sowie jede missbr\u00e4uchliche Nutzung seines Portals mit allen zivil- und strafrechtlichen Mitteln verfolgen, die ihm gesetzlich zustehen.<\/p><p><strong>\u00c4NDERUNG DIESER BEDINGUNGEN UND DER DAUER<\/strong><\/p><p>KANAKYDESIGN kann jederzeit die hier aufgef\u00fchrten Bedingungen \u00e4ndern, die hier ordnungsgem\u00e4\u00df ver\u00f6ffentlicht werden.<\/p><p>Die G\u00fcltigkeit dieser Bedingungen h\u00e4ngt von ihrer Exposition ab und bleibt in Kraft, bis sie durch andere, ordnungsgem\u00e4\u00df ver\u00f6ffentlichte Bedingungen ge\u00e4ndert werden.<\/p><p><strong>ANWENDBARES RECHT UND GERICHTSBARKEIT<\/strong><\/p><p>Die Beziehung zwischen KANAKYDESIGN und dem NUTZER unterliegt der geltenden spanischen Gesetzgebung und alle Streitigkeiten werden vor den Gerichten der Stadt Sevilla ausgetragen.<\/p>\t\t\t\t\t\t\t\t<\/div>\n\t\t\t\t<\/div>\n\t\t\t\t\t<\/div>\n\t\t<\/div>\n\t\t\t\t\t<\/div>\n\t\t<\/section>\n\t\t\t\t<\/div>","protected":false},"excerpt":{"rendered":"<p>DATOS IDENTIFICATIVOS En cumplimiento con el deber de informaci\u00f3n recogido en art\u00edculo 10 de la Ley 34\/2002, de 11 de julio, de Servicios de la Sociedad de la Informaci\u00f3n y del Comercio Electr\u00f3nico, a continuaci\u00f3n, se reflejan los siguientes datos: la entidad jur\u00eddica titular de dominio web es KANAKY TERRARIA S.C. (CIF J01730506, en adelante [&hellip;]<\/p>\n","protected":false},"author":2,"featured_media":0,"parent":0,"menu_order":0,"comment_status":"closed","ping_status":"closed","template":"","meta":{"footnotes":""},"class_list":["post-37","page","type-page","status-publish","hentry"],"yoast_head":"<!-- This site is optimized with the Yoast SEO plugin v27.3 - https:\/\/yoast.com\/product\/yoast-seo-wordpress\/ -->\n<title>Aviso Legal | KanakyDesign Enclosures<\/title>\n<meta name=\"robots\" content=\"index, follow, max-snippet:-1, max-image-preview:large, max-video-preview:-1\" \/>\n<link rel=\"canonical\" href=\"https:\/\/kanakydesign.com\/de\/aviso-legal\/\" \/>\n<meta property=\"og:locale\" content=\"de_DE\" \/>\n<meta property=\"og:type\" content=\"article\" \/>\n<meta property=\"og:title\" content=\"Aviso Legal | KanakyDesign Enclosures\" \/>\n<meta property=\"og:description\" content=\"DATOS IDENTIFICATIVOS En cumplimiento con el deber de informaci\u00f3n recogido en art\u00edculo 10 de la Ley 34\/2002, de 11 de julio, de Servicios de la Sociedad de la Informaci\u00f3n y del Comercio Electr\u00f3nico, a continuaci\u00f3n, se reflejan los siguientes datos: la entidad jur\u00eddica titular de dominio web es KANAKY TERRARIA S.C. (CIF J01730506, en adelante [&hellip;]\" \/>\n<meta property=\"og:url\" content=\"https:\/\/kanakydesign.com\/de\/aviso-legal\/\" \/>\n<meta property=\"og:site_name\" content=\"KanakyDesign Enclosures\" \/>\n<meta property=\"article:modified_time\" content=\"2023-07-01T11:27:08+00:00\" \/>\n<meta property=\"og:image\" content=\"https:\/\/kanakydesign.com\/wp-content\/uploads\/2023\/06\/Logo-KanakyDesign-circular-negro-1.png\" \/>\n\t<meta property=\"og:image:width\" content=\"2000\" \/>\n\t<meta property=\"og:image:height\" content=\"2000\" \/>\n\t<meta property=\"og:image:type\" content=\"image\/png\" \/>\n<meta name=\"twitter:card\" content=\"summary_large_image\" \/>\n<meta name=\"twitter:label1\" content=\"Gesch\u00e4tzte Lesezeit\" \/>\n\t<meta name=\"twitter:data1\" content=\"7\u00a0Minuten\" \/>\n<script type=\"application\/ld+json\" class=\"yoast-schema-graph\">{\"@context\":\"https:\\\/\\\/schema.org\",\"@graph\":[{\"@type\":\"WebPage\",\"@id\":\"https:\\\/\\\/kanakydesign.com\\\/aviso-legal\\\/\",\"url\":\"https:\\\/\\\/kanakydesign.com\\\/aviso-legal\\\/\",\"name\":\"Aviso Legal | KanakyDesign Enclosures\",\"isPartOf\":{\"@id\":\"https:\\\/\\\/kanakydesign.com\\\/#website\"},\"datePublished\":\"2023-06-27T06:05:09+00:00\",\"dateModified\":\"2023-07-01T11:27:08+00:00\",\"breadcrumb\":{\"@id\":\"https:\\\/\\\/kanakydesign.com\\\/aviso-legal\\\/#breadcrumb\"},\"inLanguage\":\"de\",\"potentialAction\":[{\"@type\":\"ReadAction\",\"target\":[\"https:\\\/\\\/kanakydesign.com\\\/aviso-legal\\\/\"]}]},{\"@type\":\"BreadcrumbList\",\"@id\":\"https:\\\/\\\/kanakydesign.com\\\/aviso-legal\\\/#breadcrumb\",\"itemListElement\":[{\"@type\":\"ListItem\",\"position\":1,\"name\":\"Portada\",\"item\":\"https:\\\/\\\/kanakydesign.com\\\/\"},{\"@type\":\"ListItem\",\"position\":2,\"name\":\"Aviso Legal\"}]},{\"@type\":\"WebSite\",\"@id\":\"https:\\\/\\\/kanakydesign.com\\\/#website\",\"url\":\"https:\\\/\\\/kanakydesign.com\\\/\",\"name\":\"KanakyDesign Enclosures\",\"description\":\"Become a professional keeper\",\"publisher\":{\"@id\":\"https:\\\/\\\/kanakydesign.com\\\/#organization\"},\"alternateName\":\"KanakyDesign\",\"potentialAction\":[{\"@type\":\"SearchAction\",\"target\":{\"@type\":\"EntryPoint\",\"urlTemplate\":\"https:\\\/\\\/kanakydesign.com\\\/?s={search_term_string}\"},\"query-input\":{\"@type\":\"PropertyValueSpecification\",\"valueRequired\":true,\"valueName\":\"search_term_string\"}}],\"inLanguage\":\"de\"},{\"@type\":\"Organization\",\"@id\":\"https:\\\/\\\/kanakydesign.com\\\/#organization\",\"name\":\"KanakyDesign Enclosures\",\"alternateName\":\"KanakyDesign\",\"url\":\"https:\\\/\\\/kanakydesign.com\\\/\",\"logo\":{\"@type\":\"ImageObject\",\"inLanguage\":\"de\",\"@id\":\"https:\\\/\\\/kanakydesign.com\\\/#\\\/schema\\\/logo\\\/image\\\/\",\"url\":\"https:\\\/\\\/kanakydesign.com\\\/wp-content\\\/uploads\\\/2023\\\/06\\\/Logo-KanakyDesign-circular-negro-1.png\",\"contentUrl\":\"https:\\\/\\\/kanakydesign.com\\\/wp-content\\\/uploads\\\/2023\\\/06\\\/Logo-KanakyDesign-circular-negro-1.png\",\"width\":2000,\"height\":2000,\"caption\":\"KanakyDesign Enclosures\"},\"image\":{\"@id\":\"https:\\\/\\\/kanakydesign.com\\\/#\\\/schema\\\/logo\\\/image\\\/\"}}]}<\/script>\n<!-- \/ Yoast SEO plugin. -->","yoast_head_json":{"title":"Rechtliche Hinweise | KanakyDesign Beilagen","robots":{"index":"index","follow":"follow","max-snippet":"max-snippet:-1","max-image-preview":"max-image-preview:large","max-video-preview":"max-video-preview:-1"},"canonical":"https:\/\/kanakydesign.com\/de\/aviso-legal\/","og_locale":"de_DE","og_type":"article","og_title":"Aviso Legal | KanakyDesign Enclosures","og_description":"DATOS IDENTIFICATIVOS En cumplimiento con el deber de informaci\u00f3n recogido en art\u00edculo 10 de la Ley 34\/2002, de 11 de julio, de Servicios de la Sociedad de la Informaci\u00f3n y del Comercio Electr\u00f3nico, a continuaci\u00f3n, se reflejan los siguientes datos: la entidad jur\u00eddica titular de dominio web es KANAKY TERRARIA S.C. (CIF J01730506, en adelante [&hellip;]","og_url":"https:\/\/kanakydesign.com\/de\/aviso-legal\/","og_site_name":"KanakyDesign Enclosures","article_modified_time":"2023-07-01T11:27:08+00:00","og_image":[{"width":2000,"height":2000,"url":"https:\/\/kanakydesign.com\/wp-content\/uploads\/2023\/06\/Logo-KanakyDesign-circular-negro-1.png","type":"image\/png"}],"twitter_card":"summary_large_image","twitter_misc":{"Gesch\u00e4tzte Lesezeit":"7\u00a0Minuten"},"schema":{"@context":"https:\/\/schema.org","@graph":[{"@type":"WebPage","@id":"https:\/\/kanakydesign.com\/aviso-legal\/","url":"https:\/\/kanakydesign.com\/aviso-legal\/","name":"Rechtliche Hinweise | KanakyDesign Beilagen","isPartOf":{"@id":"https:\/\/kanakydesign.com\/#website"},"datePublished":"2023-06-27T06:05:09+00:00","dateModified":"2023-07-01T11:27:08+00:00","breadcrumb":{"@id":"https:\/\/kanakydesign.com\/aviso-legal\/#breadcrumb"},"inLanguage":"de","potentialAction":[{"@type":"ReadAction","target":["https:\/\/kanakydesign.com\/aviso-legal\/"]}]},{"@type":"BreadcrumbList","@id":"https:\/\/kanakydesign.com\/aviso-legal\/#breadcrumb","itemListElement":[{"@type":"ListItem","position":1,"name":"Portada","item":"https:\/\/kanakydesign.com\/"},{"@type":"ListItem","position":2,"name":"Aviso Legal"}]},{"@type":"WebSite","@id":"https:\/\/kanakydesign.com\/#website","url":"https:\/\/kanakydesign.com\/","name":"KanakyDesign-Geh\u00e4use","description":"Become a professional keeper","publisher":{"@id":"https:\/\/kanakydesign.com\/#organization"},"alternateName":"KanakyDesign","potentialAction":[{"@type":"SearchAction","target":{"@type":"EntryPoint","urlTemplate":"https:\/\/kanakydesign.com\/?s={search_term_string}"},"query-input":{"@type":"PropertyValueSpecification","valueRequired":true,"valueName":"search_term_string"}}],"inLanguage":"de"},{"@type":"Organization","@id":"https:\/\/kanakydesign.com\/#organization","name":"KanakyDesign-Geh\u00e4use","alternateName":"KanakyDesign","url":"https:\/\/kanakydesign.com\/","logo":{"@type":"ImageObject","inLanguage":"de","@id":"https:\/\/kanakydesign.com\/#\/schema\/logo\/image\/","url":"https:\/\/kanakydesign.com\/wp-content\/uploads\/2023\/06\/Logo-KanakyDesign-circular-negro-1.png","contentUrl":"https:\/\/kanakydesign.com\/wp-content\/uploads\/2023\/06\/Logo-KanakyDesign-circular-negro-1.png","width":2000,"height":2000,"caption":"KanakyDesign Enclosures"},"image":{"@id":"https:\/\/kanakydesign.com\/#\/schema\/logo\/image\/"}}]}},"_links":{"self":[{"href":"https:\/\/kanakydesign.com\/de\/wp-json\/wp\/v2\/pages\/37","targetHints":{"allow":["GET"]}}],"collection":[{"href":"https:\/\/kanakydesign.com\/de\/wp-json\/wp\/v2\/pages"}],"about":[{"href":"https:\/\/kanakydesign.com\/de\/wp-json\/wp\/v2\/types\/page"}],"author":[{"embeddable":true,"href":"https:\/\/kanakydesign.com\/de\/wp-json\/wp\/v2\/users\/2"}],"replies":[{"embeddable":true,"href":"https:\/\/kanakydesign.com\/de\/wp-json\/wp\/v2\/comments?post=37"}],"version-history":[{"count":13,"href":"https:\/\/kanakydesign.com\/de\/wp-json\/wp\/v2\/pages\/37\/revisions"}],"predecessor-version":[{"id":687,"href":"https:\/\/kanakydesign.com\/de\/wp-json\/wp\/v2\/pages\/37\/revisions\/687"}],"wp:attachment":[{"href":"https:\/\/kanakydesign.com\/de\/wp-json\/wp\/v2\/media?parent=37"}],"curies":[{"name":"wp","href":"https:\/\/api.w.org\/{rel}","templated":true}]}}